{"id":84706,"date":"2025-07-22T05:58:39","date_gmt":"2025-07-22T04:58:39","guid":{"rendered":"https:\/\/truusk.store\/product\/kattlada-i-rostfritt-stal-stangd-kattlada-med-spade-luktpase-ingang-utgang\/"},"modified":"2026-03-12T08:47:11","modified_gmt":"2026-03-12T07:47:11","slug":"truusk-kattlada-i-rostfritt-stal-med-spade-luktpase-ingang-utgang","status":"publish","type":"product","link":"https:\/\/truusk.store\/sv\/produkt\/truusk-kattlada-i-rostfritt-stal-med-spade-luktpase-ingang-utgang\/","title":{"rendered":"TRUUSK Kattl\u00e5da i Rostfritt St\u00e5l &#8211; Med Spade &#8211; Luktp\u00e5se &#8211; Ing\u00e5ng\/Utg\u00e5ng"},"content":{"rendered":"<p>St\u00f6rd av kattsand som sprids \u00f6verallt och envisa lukter? Rostfritt kattl\u00e5da med lock fr\u00e5n TRUUSK ger renhet och fr\u00e4schhet. Den luktd\u00e4mpande, rept\u00e5liga insatsen \u00e4r rengjord p\u00e5 sekunder. Den smarta designen med fronting\u00e5ng och topputg\u00e5ng minimerar oordning. Ett integrerat sandf\u00e5ngsomr\u00e5de f\u00e5ngar upp l\u00f6st str\u00f6, och med en luktnedtr\u00e4ngare och en skopa \u00e4r de dagliga reng\u00f6ringarna snabba och smidiga &#8211; perfekt f\u00f6r katt\u00e4lskande hush\u00e5ll.<\/p>\n<p>Beskrivning:<\/p>\n<ul>\n<li> Brickan i rostfritt st\u00e5l \u00e4r luktresistent och l\u00e4tt att reng\u00f6ra<\/li>\n<li> Rept\u00e5liga ytor p\u00e5 kattl\u00e5dan f\u00f6rblir permanent fl\u00e4ckfria<\/li>\n<li> Ing\u00e5ngen fram och utg\u00e5ngen upptill f\u00f6rb\u00e4ttrar tillg\u00e4ngligheten f\u00f6r katter<\/li>\n<li> Sandavl\u00e4ggningsomr\u00e5det p\u00e5 kattl\u00e5dan f\u00e5ngar upp str\u00f6 och h\u00e5ller golven renare<\/li>\n<li> Deodoriseringsp\u00e5sen f\u00f6r kattl\u00e5dan hj\u00e4lper till att neutralisera obehagliga lukter<\/li>\n<li> Den medf\u00f6ljande skopan underl\u00e4ttar underh\u00e5llet av kattsanden<\/li>\n<li> L\u00e4mplig f\u00f6r katter upp till 5 kg<\/li>\n<li> Montering kr\u00e4vs<\/li>\n<\/ul>\n<p> Tekniska data:<\/p>\n<ul>\n<li> F\u00e4rg: Vit<\/li>\n<li> Material: Rostfritt st\u00e5l, plast<\/li>\n<li> Totala dimensioner: 52,4L x 41,3B x 39,8H cm<\/li>\n<li> Skopa: 25,5L x 10,5B x 3,5H cm<\/li>\n<li> Kattl\u00e5da: 52L x 40B x 14H cm<\/li>\n<li> Ing\u00e5ngsstorlek fram: 22,2L x 22,5H cm<\/li>\n<li> Sandavfallszon: 20,6L x 5,1B cm<\/li>\n<li> Utg\u00e5ngsstorlek uppe: 21L x 21,2B cm<\/li>\n<li> Plats f\u00f6r luktp\u00e5se: 8,2L x 7,8B x 1,6H cm<\/li>\n<\/ul>\n<p>Leveransinneh\u00e5ll:<\/p>\n<ul>\n<li> 1 x Kattl\u00e5da<\/li>\n<li> 1 x Skopa<\/li>\n<li> 1 x P\u00e5se med luktnedtr\u00e4ngare<\/li>\n<li> 1 x Bruksanvisning<\/li>\n<\/ul>\n","protected":false},"excerpt":{"rendered":"<p>St\u00f6rd av kattsand som sprids \u00f6verallt och envisa lukter? Rostfritt kattl\u00e5da med lock fr\u00e5n TRUUSK ger renhet och fr\u00e4schhet. Den&#8230;<\/p>\n","protected":false},"featured_media":84697,"template":"","meta":[],"product_brand":[],"product_cat":[878,594,588],"product_tag":[],"class_list":{"0":"post-84706","1":"product","2":"type-product","3":"status-publish","4":"has-post-thumbnail","6":"product_cat-djurbehov","7":"product_cat-kattlador","8":"product_cat-katttillbehor","10":"first","11":"instock","12":"sale","13":"taxable","14":"shipping-taxable","15":"purchasable","16":"product-type-simple"},"yoast_head":"<!-- This site is optimized with the Yoast SEO plugin v25.4 - https:\/\/yoast.com\/wordpress\/plugins\/seo\/ -->\n<title>TRUUSK Kattl\u00e5da i Rostfritt St\u00e5l - Med Spade - Luktp\u00e5se - Ing\u00e5ng\/Utg\u00e5ng - TRUUSK - Hem, Tr\u00e4dg\u00e5rd &amp; Fritid<\/title>\n<meta name=\"robots\" content=\"index, follow, max-snippet:-1, max-image-preview:large, max-video-preview:-1\" \/>\n<link rel=\"canonical\" href=\"https:\/\/truusk.store\/sv\/produkt\/truusk-kattlada-i-rostfritt-stal-med-spade-luktpase-ingang-utgang\/\" \/>\n<meta property=\"og:locale\" content=\"sv_SE\" \/>\n<meta property=\"og:type\" content=\"article\" \/>\n<meta property=\"og:title\" content=\"TRUUSK Kattl\u00e5da i Rostfritt St\u00e5l - Med Spade - Luktp\u00e5se - Ing\u00e5ng\/Utg\u00e5ng - TRUUSK - Hem, Tr\u00e4dg\u00e5rd &amp; Fritid\" \/>\n<meta property=\"og:description\" content=\"St\u00f6rd av kattsand som sprids \u00f6verallt och envisa lukter? Rostfritt kattl\u00e5da med lock fr\u00e5n TRUUSK ger renhet och fr\u00e4schhet. Den...\" \/>\n<meta property=\"og:url\" content=\"https:\/\/truusk.store\/sv\/produkt\/truusk-kattlada-i-rostfritt-stal-med-spade-luktpase-ingang-utgang\/\" \/>\n<meta property=\"og:site_name\" content=\"TRUUSK - Hem, Tr\u00e4dg\u00e5rd &amp; Fritid\" \/>\n<meta property=\"article:modified_time\" content=\"2026-03-12T07:47:11+00:00\" \/>\n<meta property=\"og:image\" content=\"https:\/\/i0.wp.com\/truusk.se\/wp-content\/uploads\/2025\/07\/kattlada-i-rostfritt-stal-stangd-kattlada-med-spade-luktpase-ingang-utgang-1.webp?fit=2000%2C2000&ssl=1\" \/>\n\t<meta property=\"og:image:width\" content=\"2000\" \/>\n\t<meta property=\"og:image:height\" content=\"2000\" \/>\n\t<meta property=\"og:image:type\" content=\"image\/webp\" \/>\n<meta name=\"twitter:card\" content=\"summary_large_image\" \/>\n<meta name=\"twitter:label1\" content=\"Ber\u00e4knad l\u00e4stid\" \/>\n\t<meta name=\"twitter:data1\" content=\"1 minut\" \/>\n<!-- \/ Yoast SEO plugin. -->","yoast_head_json":{"title":"TRUUSK Kattl\u00e5da i Rostfritt St\u00e5l - Med Spade - Luktp\u00e5se - Ing\u00e5ng\/Utg\u00e5ng - TRUUSK - Hem, Tr\u00e4dg\u00e5rd &amp; Fritid","robots":{"index":"index","follow":"follow","max-snippet":"max-snippet:-1","max-image-preview":"max-image-preview:large","max-video-preview":"max-video-preview:-1"},"canonical":"https:\/\/truusk.store\/sv\/produkt\/truusk-kattlada-i-rostfritt-stal-med-spade-luktpase-ingang-utgang\/","og_locale":"sv_SE","og_type":"article","og_title":"TRUUSK Kattl\u00e5da i Rostfritt St\u00e5l - Med Spade - Luktp\u00e5se - Ing\u00e5ng\/Utg\u00e5ng - TRUUSK - Hem, Tr\u00e4dg\u00e5rd &amp; Fritid","og_description":"St\u00f6rd av kattsand som sprids \u00f6verallt och envisa lukter? Rostfritt kattl\u00e5da med lock fr\u00e5n TRUUSK ger renhet och fr\u00e4schhet. Den...","og_url":"https:\/\/truusk.store\/sv\/produkt\/truusk-kattlada-i-rostfritt-stal-med-spade-luktpase-ingang-utgang\/","og_site_name":"TRUUSK - Hem, Tr\u00e4dg\u00e5rd &amp; Fritid","article_modified_time":"2026-03-12T07:47:11+00:00","og_image":[{"width":2000,"height":2000,"url":"https:\/\/i0.wp.com\/truusk.se\/wp-content\/uploads\/2025\/07\/kattlada-i-rostfritt-stal-stangd-kattlada-med-spade-luktpase-ingang-utgang-1.webp?fit=2000%2C2000&ssl=1","type":"image\/webp"}],"twitter_card":"summary_large_image","twitter_misc":{"Ber\u00e4knad l\u00e4stid":"1 minut"},"schema":{"@context":"https:\/\/schema.org","@graph":[{"@type":"WebPage","@id":"https:\/\/truusk.store\/sv\/produkt\/truusk-kattlada-i-rostfritt-stal-med-spade-luktpase-ingang-utgang\/","url":"https:\/\/truusk.store\/sv\/produkt\/truusk-kattlada-i-rostfritt-stal-med-spade-luktpase-ingang-utgang\/","name":"TRUUSK Kattl\u00e5da i Rostfritt St\u00e5l - Med Spade - Luktp\u00e5se - Ing\u00e5ng\/Utg\u00e5ng - TRUUSK - Hem, Tr\u00e4dg\u00e5rd &amp; Fritid","isPartOf":{"@id":"https:\/\/truusk.store\/sv\/#website"},"primaryImageOfPage":{"@id":"https:\/\/truusk.store\/sv\/produkt\/truusk-kattlada-i-rostfritt-stal-med-spade-luktpase-ingang-utgang\/#primaryimage"},"image":{"@id":"https:\/\/truusk.store\/sv\/produkt\/truusk-kattlada-i-rostfritt-stal-med-spade-luktpase-ingang-utgang\/#primaryimage"},"thumbnailUrl":"https:\/\/i0.wp.com\/truusk.store\/wp-content\/uploads\/2025\/07\/kattlada-i-rostfritt-stal-stangd-kattlada-med-spade-luktpase-ingang-utgang-1.webp?fit=2000%2C2000&ssl=1","datePublished":"2025-07-22T04:58:39+00:00","dateModified":"2026-03-12T07:47:11+00:00","breadcrumb":{"@id":"https:\/\/truusk.store\/sv\/produkt\/truusk-kattlada-i-rostfritt-stal-med-spade-luktpase-ingang-utgang\/#breadcrumb"},"inLanguage":"sv-SE","potentialAction":[{"@type":"ReadAction","target":["https:\/\/truusk.store\/sv\/produkt\/truusk-kattlada-i-rostfritt-stal-med-spade-luktpase-ingang-utgang\/"]}]},{"@type":"ImageObject","inLanguage":"sv-SE","@id":"https:\/\/truusk.store\/sv\/produkt\/truusk-kattlada-i-rostfritt-stal-med-spade-luktpase-ingang-utgang\/#primaryimage","url":"https:\/\/i0.wp.com\/truusk.store\/wp-content\/uploads\/2025\/07\/kattlada-i-rostfritt-stal-stangd-kattlada-med-spade-luktpase-ingang-utgang-1.webp?fit=2000%2C2000&ssl=1","contentUrl":"https:\/\/i0.wp.com\/truusk.store\/wp-content\/uploads\/2025\/07\/kattlada-i-rostfritt-stal-stangd-kattlada-med-spade-luktpase-ingang-utgang-1.webp?fit=2000%2C2000&ssl=1","width":2000,"height":2000},{"@type":"BreadcrumbList","@id":"https:\/\/truusk.store\/sv\/produkt\/truusk-kattlada-i-rostfritt-stal-med-spade-luktpase-ingang-utgang\/#breadcrumb","itemListElement":[{"@type":"ListItem","position":1,"name":"Home","item":"https:\/\/truusk.store\/sv\/"},{"@type":"ListItem","position":2,"name":"Shop","item":"https:\/\/truusk.store\/shop\/"},{"@type":"ListItem","position":3,"name":"TRUUSK Kattl\u00e5da i Rostfritt St\u00e5l &#8211; Med Spade &#8211; Luktp\u00e5se &#8211; Ing\u00e5ng\/Utg\u00e5ng"}]},{"@type":"WebSite","@id":"https:\/\/truusk.store\/sv\/#website","url":"https:\/\/truusk.store\/sv\/","name":"TRUUSK - Hem, Tr\u00e4dg\u00e5rd & Fritid","description":"","publisher":{"@id":"https:\/\/truusk.store\/sv\/#organization"},"potentialAction":[{"@type":"SearchAction","target":{"@type":"EntryPoint","urlTemplate":"https:\/\/truusk.store\/sv\/?s={search_term_string}"},"query-input":{"@type":"PropertyValueSpecification","valueRequired":true,"valueName":"search_term_string"}}],"inLanguage":"sv-SE"},{"@type":"Organization","@id":"https:\/\/truusk.store\/sv\/#organization","name":"TRUUSK - Hem, Tr\u00e4dg\u00e5rd & Fritid","url":"https:\/\/truusk.store\/sv\/","logo":{"@type":"ImageObject","inLanguage":"sv-SE","@id":"https:\/\/truusk.store\/sv\/#\/schema\/logo\/image\/","url":"https:\/\/i0.wp.com\/truusk.store\/wp-content\/uploads\/2026\/03\/cropped-TRUUSK.png?fit=2032%2C917&ssl=1","contentUrl":"https:\/\/i0.wp.com\/truusk.store\/wp-content\/uploads\/2026\/03\/cropped-TRUUSK.png?fit=2032%2C917&ssl=1","width":2032,"height":917,"caption":"TRUUSK - Hem, Tr\u00e4dg\u00e5rd & Fritid"},"image":{"@id":"https:\/\/truusk.store\/sv\/#\/schema\/logo\/image\/"}}]}},"jetpack_sharing_enabled":true,"_links":{"self":[{"href":"https:\/\/truusk.store\/sv\/wp-json\/wp\/v2\/product\/84706","targetHints":{"allow":["GET"]}}],"collection":[{"href":"https:\/\/truusk.store\/sv\/wp-json\/wp\/v2\/product"}],"about":[{"href":"https:\/\/truusk.store\/sv\/wp-json\/wp\/v2\/types\/product"}],"wp:featuredmedia":[{"embeddable":true,"href":"https:\/\/truusk.store\/sv\/wp-json\/wp\/v2\/media\/84697"}],"wp:attachment":[{"href":"https:\/\/truusk.store\/sv\/wp-json\/wp\/v2\/media?parent=84706"}],"wp:term":[{"taxonomy":"product_brand","embeddable":true,"href":"https:\/\/truusk.store\/sv\/wp-json\/wp\/v2\/product_brand?post=84706"},{"taxonomy":"product_cat","embeddable":true,"href":"https:\/\/truusk.store\/sv\/wp-json\/wp\/v2\/product_cat?post=84706"},{"taxonomy":"product_tag","embeddable":true,"href":"https:\/\/truusk.store\/sv\/wp-json\/wp\/v2\/product_tag?post=84706"}],"curies":[{"name":"wp","href":"https:\/\/api.w.org\/{rel}","templated":true}]}}