{"id":84716,"date":"2025-07-22T05:59:36","date_gmt":"2025-07-22T04:59:36","guid":{"rendered":"https:\/\/truusk.store\/product\/kattlada-katttoalett-med-lock-strolada-framatgaende-ingang-och-overutgang-i-rostfritt-stal-upp-till-15-kg\/"},"modified":"2026-03-12T08:47:12","modified_gmt":"2026-03-12T07:47:12","slug":"truusk-kattlada-med-lock-strolada-rostfritt-stal-upp-till-15-kg","status":"publish","type":"product","link":"https:\/\/truusk.store\/sv\/produkt\/truusk-kattlada-med-lock-strolada-rostfritt-stal-upp-till-15-kg\/","title":{"rendered":"TRUUSK Kattl\u00e5da med Lock &#8211; Str\u00f6l\u00e5da &#8211; Rostfritt St\u00e5l &#8211; Upp till 15 kg"},"content":{"rendered":"<p>Uppt\u00e4ck magin med ett v\u00e4lorganiserat hem med TRUUSK kattl\u00e5da! Denna st\u00e4ngda kattl\u00e5da med en l\u00e4tt att reng\u00f6ra rostfri st\u00e5lfack \u00e4r luktresistent och motst\u00e5ndskraftig mot repor. Den smarta designen med ing\u00e5ng framifr\u00e5n och utg\u00e5ng upptill ser till att golven h\u00e5lls rena genom att f\u00e5nga upp flyktigt str\u00f6 i ett speciellt omr\u00e5de. Inkluderat \u00e4r ocks\u00e5 en lukneutraliserare f\u00f6r att h\u00e5lla omgivningen fr\u00e4sch. En innovativ l\u00f6sning f\u00f6r din katts behov!<\/p>\n<p> Beskrivning:<\/p>\n<ul>\n<li> Kattl\u00e5dans rostfria st\u00e5lfack \u00e4r luktresistent och l\u00e4tt att reng\u00f6ra<\/li>\n<li> Repfria ytor p\u00e5 kattl\u00e5dan beh\u00e5ller ett felfritt utseende \u00f6ver tiden<\/li>\n<li> St\u00e4ngd design ger privatliv f\u00f6r katter<\/li>\n<li> Ing\u00e5ng framifr\u00e5n och utg\u00e5ng upptill f\u00f6rb\u00e4ttrar tillg\u00e4ngligheten f\u00f6r katter<\/li>\n<li> Kattl\u00e5dans sandf\u00e5ngsomr\u00e5de f\u00e5ngar upp str\u00f6 och h\u00e5ller golven renare<\/li>\n<li> Doftneutraliseringsp\u00e5sen hj\u00e4lper till att neutralisera obehagliga lukter<\/li>\n<li> Den medf\u00f6ljande skopan underl\u00e4ttar underh\u00e5llet av kattstr\u00f6et<\/li>\n<li> Montering kr\u00e4vs<\/li>\n<\/ul>\n<p> Tekniska data:<\/p>\n<ul>\n<li> F\u00e4rg: Vit+Gr\u00e5<\/li>\n<li> Material: Rostfritt st\u00e5l, plast<\/li>\n<li> Totala dimensioner: 60,4L x 40,4B x 41,8H cm<\/li>\n<li> Skopa: 25,5L x 10,5B x 3,5H cm<\/li>\n<li> Kattl\u00e5da: 59,5L x 39,5B x 15H cm<\/li>\n<li> Storlek p\u00e5 utg\u00e5ngen upptill: 22L x 22B cm<\/li>\n<li> Storlek p\u00e5 locket upptill: 23,9L x 23B x 1,7T cm<\/li>\n<li> Storlek p\u00e5 fr\u00e4mre ing\u00e5ngen: 24,3B x 24,1H cm<\/li>\n<\/ul>\n<p>Leveransinneh\u00e5ll:<\/p>\n<ul>\n<li> 1 x Kattl\u00e5da<\/li>\n<li> 1 x Skopa<\/li>\n<li> 1 x Lukneutraliseringsp\u00e5se<\/li>\n<li> 1 x Bruksanvisning<\/li>\n<\/ul>\n","protected":false},"excerpt":{"rendered":"<p>Uppt\u00e4ck magin med ett v\u00e4lorganiserat hem med TRUUSK kattl\u00e5da! Denna st\u00e4ngda kattl\u00e5da med en l\u00e4tt att reng\u00f6ra rostfri st\u00e5lfack \u00e4r&#8230;<\/p>\n","protected":false},"featured_media":84707,"template":"","meta":[],"product_brand":[],"product_cat":[878,594,588],"product_tag":[],"class_list":{"0":"post-84716","1":"product","2":"type-product","3":"status-publish","4":"has-post-thumbnail","6":"product_cat-djurbehov","7":"product_cat-kattlador","8":"product_cat-katttillbehor","10":"first","11":"instock","12":"sale","13":"taxable","14":"shipping-taxable","15":"purchasable","16":"product-type-simple"},"yoast_head":"<!-- This site is optimized with the Yoast SEO plugin v25.4 - https:\/\/yoast.com\/wordpress\/plugins\/seo\/ -->\n<title>TRUUSK Kattl\u00e5da med Lock - Str\u00f6l\u00e5da - Rostfritt St\u00e5l - Upp till 15 kg - TRUUSK - Hem, Tr\u00e4dg\u00e5rd &amp; Fritid<\/title>\n<meta name=\"robots\" content=\"index, follow, max-snippet:-1, max-image-preview:large, max-video-preview:-1\" \/>\n<link rel=\"canonical\" href=\"https:\/\/truusk.store\/sv\/produkt\/truusk-kattlada-med-lock-strolada-rostfritt-stal-upp-till-15-kg\/\" \/>\n<meta property=\"og:locale\" content=\"sv_SE\" \/>\n<meta property=\"og:type\" content=\"article\" \/>\n<meta property=\"og:title\" content=\"TRUUSK Kattl\u00e5da med Lock - Str\u00f6l\u00e5da - Rostfritt St\u00e5l - Upp till 15 kg - TRUUSK - Hem, Tr\u00e4dg\u00e5rd &amp; Fritid\" \/>\n<meta property=\"og:description\" content=\"Uppt\u00e4ck magin med ett v\u00e4lorganiserat hem med TRUUSK kattl\u00e5da! Denna st\u00e4ngda kattl\u00e5da med en l\u00e4tt att reng\u00f6ra rostfri st\u00e5lfack \u00e4r...\" \/>\n<meta property=\"og:url\" content=\"https:\/\/truusk.store\/sv\/produkt\/truusk-kattlada-med-lock-strolada-rostfritt-stal-upp-till-15-kg\/\" \/>\n<meta property=\"og:site_name\" content=\"TRUUSK - Hem, Tr\u00e4dg\u00e5rd &amp; Fritid\" \/>\n<meta property=\"article:modified_time\" content=\"2026-03-12T07:47:12+00:00\" \/>\n<meta property=\"og:image\" content=\"https:\/\/i0.wp.com\/truusk.se\/wp-content\/uploads\/2025\/07\/kattlada-katttoalett-med-lock-strolada-framatgaende-ingang-och-overutgang-i-rostfritt-stal-upp-till-15-kg-1.webp?fit=2000%2C2000&ssl=1\" \/>\n\t<meta property=\"og:image:width\" content=\"2000\" \/>\n\t<meta property=\"og:image:height\" content=\"2000\" \/>\n\t<meta property=\"og:image:type\" content=\"image\/webp\" \/>\n<meta name=\"twitter:card\" content=\"summary_large_image\" \/>\n<meta name=\"twitter:label1\" content=\"Ber\u00e4knad l\u00e4stid\" \/>\n\t<meta name=\"twitter:data1\" content=\"1 minut\" \/>\n<!-- \/ Yoast SEO plugin. -->","yoast_head_json":{"title":"TRUUSK Kattl\u00e5da med Lock - Str\u00f6l\u00e5da - Rostfritt St\u00e5l - Upp till 15 kg - TRUUSK - Hem, Tr\u00e4dg\u00e5rd &amp; Fritid","robots":{"index":"index","follow":"follow","max-snippet":"max-snippet:-1","max-image-preview":"max-image-preview:large","max-video-preview":"max-video-preview:-1"},"canonical":"https:\/\/truusk.store\/sv\/produkt\/truusk-kattlada-med-lock-strolada-rostfritt-stal-upp-till-15-kg\/","og_locale":"sv_SE","og_type":"article","og_title":"TRUUSK Kattl\u00e5da med Lock - Str\u00f6l\u00e5da - Rostfritt St\u00e5l - Upp till 15 kg - TRUUSK - Hem, Tr\u00e4dg\u00e5rd &amp; Fritid","og_description":"Uppt\u00e4ck magin med ett v\u00e4lorganiserat hem med TRUUSK kattl\u00e5da! Denna st\u00e4ngda kattl\u00e5da med en l\u00e4tt att reng\u00f6ra rostfri st\u00e5lfack \u00e4r...","og_url":"https:\/\/truusk.store\/sv\/produkt\/truusk-kattlada-med-lock-strolada-rostfritt-stal-upp-till-15-kg\/","og_site_name":"TRUUSK - Hem, Tr\u00e4dg\u00e5rd &amp; Fritid","article_modified_time":"2026-03-12T07:47:12+00:00","og_image":[{"width":2000,"height":2000,"url":"https:\/\/i0.wp.com\/truusk.se\/wp-content\/uploads\/2025\/07\/kattlada-katttoalett-med-lock-strolada-framatgaende-ingang-och-overutgang-i-rostfritt-stal-upp-till-15-kg-1.webp?fit=2000%2C2000&ssl=1","type":"image\/webp"}],"twitter_card":"summary_large_image","twitter_misc":{"Ber\u00e4knad l\u00e4stid":"1 minut"},"schema":{"@context":"https:\/\/schema.org","@graph":[{"@type":"WebPage","@id":"https:\/\/truusk.store\/sv\/produkt\/truusk-kattlada-med-lock-strolada-rostfritt-stal-upp-till-15-kg\/","url":"https:\/\/truusk.store\/sv\/produkt\/truusk-kattlada-med-lock-strolada-rostfritt-stal-upp-till-15-kg\/","name":"TRUUSK Kattl\u00e5da med Lock - Str\u00f6l\u00e5da - Rostfritt St\u00e5l - Upp till 15 kg - TRUUSK - Hem, Tr\u00e4dg\u00e5rd &amp; Fritid","isPartOf":{"@id":"https:\/\/truusk.store\/sv\/#website"},"primaryImageOfPage":{"@id":"https:\/\/truusk.store\/sv\/produkt\/truusk-kattlada-med-lock-strolada-rostfritt-stal-upp-till-15-kg\/#primaryimage"},"image":{"@id":"https:\/\/truusk.store\/sv\/produkt\/truusk-kattlada-med-lock-strolada-rostfritt-stal-upp-till-15-kg\/#primaryimage"},"thumbnailUrl":"https:\/\/i0.wp.com\/truusk.store\/wp-content\/uploads\/2025\/07\/kattlada-katttoalett-med-lock-strolada-framatgaende-ingang-och-overutgang-i-rostfritt-stal-upp-till-15-kg-1.webp?fit=2000%2C2000&ssl=1","datePublished":"2025-07-22T04:59:36+00:00","dateModified":"2026-03-12T07:47:12+00:00","breadcrumb":{"@id":"https:\/\/truusk.store\/sv\/produkt\/truusk-kattlada-med-lock-strolada-rostfritt-stal-upp-till-15-kg\/#breadcrumb"},"inLanguage":"sv-SE","potentialAction":[{"@type":"ReadAction","target":["https:\/\/truusk.store\/sv\/produkt\/truusk-kattlada-med-lock-strolada-rostfritt-stal-upp-till-15-kg\/"]}]},{"@type":"ImageObject","inLanguage":"sv-SE","@id":"https:\/\/truusk.store\/sv\/produkt\/truusk-kattlada-med-lock-strolada-rostfritt-stal-upp-till-15-kg\/#primaryimage","url":"https:\/\/i0.wp.com\/truusk.store\/wp-content\/uploads\/2025\/07\/kattlada-katttoalett-med-lock-strolada-framatgaende-ingang-och-overutgang-i-rostfritt-stal-upp-till-15-kg-1.webp?fit=2000%2C2000&ssl=1","contentUrl":"https:\/\/i0.wp.com\/truusk.store\/wp-content\/uploads\/2025\/07\/kattlada-katttoalett-med-lock-strolada-framatgaende-ingang-och-overutgang-i-rostfritt-stal-upp-till-15-kg-1.webp?fit=2000%2C2000&ssl=1","width":2000,"height":2000},{"@type":"BreadcrumbList","@id":"https:\/\/truusk.store\/sv\/produkt\/truusk-kattlada-med-lock-strolada-rostfritt-stal-upp-till-15-kg\/#breadcrumb","itemListElement":[{"@type":"ListItem","position":1,"name":"Home","item":"https:\/\/truusk.store\/sv\/"},{"@type":"ListItem","position":2,"name":"Shop","item":"https:\/\/truusk.store\/shop\/"},{"@type":"ListItem","position":3,"name":"TRUUSK Kattl\u00e5da med Lock &#8211; Str\u00f6l\u00e5da &#8211; Rostfritt St\u00e5l &#8211; Upp till 15 kg"}]},{"@type":"WebSite","@id":"https:\/\/truusk.store\/sv\/#website","url":"https:\/\/truusk.store\/sv\/","name":"TRUUSK - Hem, Tr\u00e4dg\u00e5rd & Fritid","description":"","publisher":{"@id":"https:\/\/truusk.store\/sv\/#organization"},"potentialAction":[{"@type":"SearchAction","target":{"@type":"EntryPoint","urlTemplate":"https:\/\/truusk.store\/sv\/?s={search_term_string}"},"query-input":{"@type":"PropertyValueSpecification","valueRequired":true,"valueName":"search_term_string"}}],"inLanguage":"sv-SE"},{"@type":"Organization","@id":"https:\/\/truusk.store\/sv\/#organization","name":"TRUUSK - Hem, Tr\u00e4dg\u00e5rd & Fritid","url":"https:\/\/truusk.store\/sv\/","logo":{"@type":"ImageObject","inLanguage":"sv-SE","@id":"https:\/\/truusk.store\/sv\/#\/schema\/logo\/image\/","url":"https:\/\/i0.wp.com\/truusk.store\/wp-content\/uploads\/2026\/03\/cropped-TRUUSK.png?fit=2032%2C917&ssl=1","contentUrl":"https:\/\/i0.wp.com\/truusk.store\/wp-content\/uploads\/2026\/03\/cropped-TRUUSK.png?fit=2032%2C917&ssl=1","width":2032,"height":917,"caption":"TRUUSK - Hem, Tr\u00e4dg\u00e5rd & Fritid"},"image":{"@id":"https:\/\/truusk.store\/sv\/#\/schema\/logo\/image\/"}}]}},"jetpack_sharing_enabled":true,"_links":{"self":[{"href":"https:\/\/truusk.store\/sv\/wp-json\/wp\/v2\/product\/84716","targetHints":{"allow":["GET"]}}],"collection":[{"href":"https:\/\/truusk.store\/sv\/wp-json\/wp\/v2\/product"}],"about":[{"href":"https:\/\/truusk.store\/sv\/wp-json\/wp\/v2\/types\/product"}],"wp:featuredmedia":[{"embeddable":true,"href":"https:\/\/truusk.store\/sv\/wp-json\/wp\/v2\/media\/84707"}],"wp:attachment":[{"href":"https:\/\/truusk.store\/sv\/wp-json\/wp\/v2\/media?parent=84716"}],"wp:term":[{"taxonomy":"product_brand","embeddable":true,"href":"https:\/\/truusk.store\/sv\/wp-json\/wp\/v2\/product_brand?post=84716"},{"taxonomy":"product_cat","embeddable":true,"href":"https:\/\/truusk.store\/sv\/wp-json\/wp\/v2\/product_cat?post=84716"},{"taxonomy":"product_tag","embeddable":true,"href":"https:\/\/truusk.store\/sv\/wp-json\/wp\/v2\/product_tag?post=84716"}],"curies":[{"name":"wp","href":"https:\/\/api.w.org\/{rel}","templated":true}]}}