{"id":84760,"date":"2025-07-23T12:17:22","date_gmt":"2025-07-23T11:17:22","guid":{"rendered":"https:\/\/truusk.store\/product\/2-pack-barstolar-med-fotstod-i-retrodesign-42-cm-x-47-cm-x-105-cm-gra\/"},"modified":"2026-03-12T09:15:09","modified_gmt":"2026-03-12T08:15:09","slug":"truusk-2-pack-retrodesign-barstolar-med-fotstod-gra-42-cm-x-47-cm-x-105-cm-bekvama-och-stilrena","status":"publish","type":"product","link":"https:\/\/truusk.store\/sv\/produkt\/truusk-2-pack-retrodesign-barstolar-med-fotstod-gra-42-cm-x-47-cm-x-105-cm-bekvama-och-stilrena\/","title":{"rendered":"TRUUSK 2-pack Retrodesign Barstolar med Fotst\u00f6d &#8211; Gr\u00e5 &#8211; 42 cm x 47 cm x 105 cm &#8211; Bekv\u00e4ma och stilrena"},"content":{"rendered":"<p>Optimera ditt utrymme med de stilfulla barstolarna fr\u00e5n TRUUSK. Perfekta f\u00f6r k\u00f6ket eller matplatsen, erbjuder de optimal komfort med sin ryggst\u00f6d. Starta dagen avslappnat eller njut av en drink p\u00e5 kv\u00e4llen &#8211; dessa stolar \u00e4r idealiska f\u00f6r alla tillf\u00e4llen. Den sammetsmjuka tygkl\u00e4dseln och robusta st\u00e5lbenen, som kan b\u00e4ra upp till 120 kg, ger varje rum en elegant k\u00e4nsla. Dessutom ger den praktiska fotst\u00f6det extra sittkomfort.<\/p>\n<p>Beskrivning:<\/p>\n<ul>\n<li> I praktiskt 2-pack f\u00f6r en harmonisk atmosf\u00e4r<\/li>\n<li> Ergonomiskt utformade barstolar f\u00f6r optimal sittst\u00e4llning<\/li>\n<li> Integrerat fotst\u00f6d f\u00f6r extra sittkomfort<\/li>\n<li> H\u00e5llbar, mjuk, stoppad sits i sammetlook<\/li>\n<li> Robust st\u00e5lram garanterar optimal stabilitet<\/li>\n<li> Halkfria f\u00f6tter skyddar ditt golv fr\u00e5n repor<\/li>\n<li> Montering av produkten kr\u00e4vs<\/li>\n<\/ul>\n<p>Tekniska data:<\/p>\n<ul>\n<li> F\u00e4rg: Gr\u00e5<\/li>\n<li> Material: Polyester, skum, st\u00e5l<\/li>\n<li> Totala m\u00e5tt: 42L x 47B x 105H cm<\/li>\n<li> Sitsm\u00e5tt: 42L x 34B x 77H cm<\/li>\n<li> B\u00e4rkapacitet: 120 kg<\/li>\n<\/ul>\n<p>Leveransinneh\u00e5ll:<\/p>\n<ul>\n<li> 2 x Stolar<\/li>\n<li> 1 x Instruktioner<\/li>\n<\/ul>\n","protected":false},"excerpt":{"rendered":"<p>Optimera ditt utrymme med de stilfulla barstolarna fr\u00e5n TRUUSK. Perfekta f\u00f6r k\u00f6ket eller matplatsen, erbjuder de optimal komfort med sin&#8230;<\/p>\n","protected":false},"featured_media":84751,"template":"","meta":[],"product_brand":[],"product_cat":[643,871,889],"product_tag":[],"class_list":{"0":"post-84760","1":"product","2":"type-product","3":"status-publish","4":"has-post-thumbnail","6":"product_cat-barnstolar","7":"product_cat-hus-hem","8":"product_cat-kok-matsal","10":"first","11":"instock","12":"sale","13":"taxable","14":"shipping-taxable","15":"purchasable","16":"product-type-simple"},"yoast_head":"<!-- This site is optimized with the Yoast SEO plugin v25.4 - https:\/\/yoast.com\/wordpress\/plugins\/seo\/ -->\n<title>TRUUSK 2-pack Retrodesign Barstolar med Fotst\u00f6d - Gr\u00e5 - 42 cm x 47 cm x 105 cm - Bekv\u00e4ma och stilrena - TRUUSK - Hem, Tr\u00e4dg\u00e5rd &amp; Fritid<\/title>\n<meta name=\"robots\" content=\"index, follow, max-snippet:-1, max-image-preview:large, max-video-preview:-1\" \/>\n<link rel=\"canonical\" href=\"https:\/\/truusk.store\/sv\/produkt\/truusk-2-pack-retrodesign-barstolar-med-fotstod-gra-42-cm-x-47-cm-x-105-cm-bekvama-och-stilrena\/\" \/>\n<meta property=\"og:locale\" content=\"sv_SE\" \/>\n<meta property=\"og:type\" content=\"article\" \/>\n<meta property=\"og:title\" content=\"TRUUSK 2-pack Retrodesign Barstolar med Fotst\u00f6d - Gr\u00e5 - 42 cm x 47 cm x 105 cm - Bekv\u00e4ma och stilrena - TRUUSK - Hem, Tr\u00e4dg\u00e5rd &amp; Fritid\" \/>\n<meta property=\"og:description\" content=\"Optimera ditt utrymme med de stilfulla barstolarna fr\u00e5n TRUUSK. Perfekta f\u00f6r k\u00f6ket eller matplatsen, erbjuder de optimal komfort med sin...\" \/>\n<meta property=\"og:url\" content=\"https:\/\/truusk.store\/sv\/produkt\/truusk-2-pack-retrodesign-barstolar-med-fotstod-gra-42-cm-x-47-cm-x-105-cm-bekvama-och-stilrena\/\" \/>\n<meta property=\"og:site_name\" content=\"TRUUSK - Hem, Tr\u00e4dg\u00e5rd &amp; Fritid\" \/>\n<meta property=\"article:modified_time\" content=\"2026-03-12T08:15:09+00:00\" \/>\n<meta property=\"og:image\" content=\"https:\/\/i0.wp.com\/truusk.se\/wp-content\/uploads\/2025\/07\/2-pack-barstolar-med-fotstod-i-retrodesign-42-cm-x-47-cm-x-105-cm-gra-1.webp?fit=2000%2C2000&ssl=1\" \/>\n\t<meta property=\"og:image:width\" content=\"2000\" \/>\n\t<meta property=\"og:image:height\" content=\"2000\" \/>\n\t<meta property=\"og:image:type\" content=\"image\/webp\" \/>\n<meta name=\"twitter:card\" content=\"summary_large_image\" \/>\n<meta name=\"twitter:label1\" content=\"Ber\u00e4knad l\u00e4stid\" \/>\n\t<meta name=\"twitter:data1\" content=\"1 minut\" \/>\n<!-- \/ Yoast SEO plugin. -->","yoast_head_json":{"title":"TRUUSK 2-pack Retrodesign Barstolar med Fotst\u00f6d - Gr\u00e5 - 42 cm x 47 cm x 105 cm - Bekv\u00e4ma och stilrena - TRUUSK - Hem, Tr\u00e4dg\u00e5rd &amp; Fritid","robots":{"index":"index","follow":"follow","max-snippet":"max-snippet:-1","max-image-preview":"max-image-preview:large","max-video-preview":"max-video-preview:-1"},"canonical":"https:\/\/truusk.store\/sv\/produkt\/truusk-2-pack-retrodesign-barstolar-med-fotstod-gra-42-cm-x-47-cm-x-105-cm-bekvama-och-stilrena\/","og_locale":"sv_SE","og_type":"article","og_title":"TRUUSK 2-pack Retrodesign Barstolar med Fotst\u00f6d - Gr\u00e5 - 42 cm x 47 cm x 105 cm - Bekv\u00e4ma och stilrena - TRUUSK - Hem, Tr\u00e4dg\u00e5rd &amp; Fritid","og_description":"Optimera ditt utrymme med de stilfulla barstolarna fr\u00e5n TRUUSK. Perfekta f\u00f6r k\u00f6ket eller matplatsen, erbjuder de optimal komfort med sin...","og_url":"https:\/\/truusk.store\/sv\/produkt\/truusk-2-pack-retrodesign-barstolar-med-fotstod-gra-42-cm-x-47-cm-x-105-cm-bekvama-och-stilrena\/","og_site_name":"TRUUSK - Hem, Tr\u00e4dg\u00e5rd &amp; Fritid","article_modified_time":"2026-03-12T08:15:09+00:00","og_image":[{"width":2000,"height":2000,"url":"https:\/\/i0.wp.com\/truusk.se\/wp-content\/uploads\/2025\/07\/2-pack-barstolar-med-fotstod-i-retrodesign-42-cm-x-47-cm-x-105-cm-gra-1.webp?fit=2000%2C2000&ssl=1","type":"image\/webp"}],"twitter_card":"summary_large_image","twitter_misc":{"Ber\u00e4knad l\u00e4stid":"1 minut"},"schema":{"@context":"https:\/\/schema.org","@graph":[{"@type":"WebPage","@id":"https:\/\/truusk.store\/sv\/produkt\/truusk-2-pack-retrodesign-barstolar-med-fotstod-gra-42-cm-x-47-cm-x-105-cm-bekvama-och-stilrena\/","url":"https:\/\/truusk.store\/sv\/produkt\/truusk-2-pack-retrodesign-barstolar-med-fotstod-gra-42-cm-x-47-cm-x-105-cm-bekvama-och-stilrena\/","name":"TRUUSK 2-pack Retrodesign Barstolar med Fotst\u00f6d - Gr\u00e5 - 42 cm x 47 cm x 105 cm - Bekv\u00e4ma och stilrena - TRUUSK - Hem, Tr\u00e4dg\u00e5rd &amp; Fritid","isPartOf":{"@id":"https:\/\/truusk.store\/sv\/#website"},"primaryImageOfPage":{"@id":"https:\/\/truusk.store\/sv\/produkt\/truusk-2-pack-retrodesign-barstolar-med-fotstod-gra-42-cm-x-47-cm-x-105-cm-bekvama-och-stilrena\/#primaryimage"},"image":{"@id":"https:\/\/truusk.store\/sv\/produkt\/truusk-2-pack-retrodesign-barstolar-med-fotstod-gra-42-cm-x-47-cm-x-105-cm-bekvama-och-stilrena\/#primaryimage"},"thumbnailUrl":"https:\/\/i0.wp.com\/truusk.store\/wp-content\/uploads\/2025\/07\/2-pack-barstolar-med-fotstod-i-retrodesign-42-cm-x-47-cm-x-105-cm-gra-1.webp?fit=2000%2C2000&ssl=1","datePublished":"2025-07-23T11:17:22+00:00","dateModified":"2026-03-12T08:15:09+00:00","breadcrumb":{"@id":"https:\/\/truusk.store\/sv\/produkt\/truusk-2-pack-retrodesign-barstolar-med-fotstod-gra-42-cm-x-47-cm-x-105-cm-bekvama-och-stilrena\/#breadcrumb"},"inLanguage":"sv-SE","potentialAction":[{"@type":"ReadAction","target":["https:\/\/truusk.store\/sv\/produkt\/truusk-2-pack-retrodesign-barstolar-med-fotstod-gra-42-cm-x-47-cm-x-105-cm-bekvama-och-stilrena\/"]}]},{"@type":"ImageObject","inLanguage":"sv-SE","@id":"https:\/\/truusk.store\/sv\/produkt\/truusk-2-pack-retrodesign-barstolar-med-fotstod-gra-42-cm-x-47-cm-x-105-cm-bekvama-och-stilrena\/#primaryimage","url":"https:\/\/i0.wp.com\/truusk.store\/wp-content\/uploads\/2025\/07\/2-pack-barstolar-med-fotstod-i-retrodesign-42-cm-x-47-cm-x-105-cm-gra-1.webp?fit=2000%2C2000&ssl=1","contentUrl":"https:\/\/i0.wp.com\/truusk.store\/wp-content\/uploads\/2025\/07\/2-pack-barstolar-med-fotstod-i-retrodesign-42-cm-x-47-cm-x-105-cm-gra-1.webp?fit=2000%2C2000&ssl=1","width":2000,"height":2000},{"@type":"BreadcrumbList","@id":"https:\/\/truusk.store\/sv\/produkt\/truusk-2-pack-retrodesign-barstolar-med-fotstod-gra-42-cm-x-47-cm-x-105-cm-bekvama-och-stilrena\/#breadcrumb","itemListElement":[{"@type":"ListItem","position":1,"name":"Home","item":"https:\/\/truusk.store\/sv\/"},{"@type":"ListItem","position":2,"name":"Shop","item":"https:\/\/truusk.store\/shop\/"},{"@type":"ListItem","position":3,"name":"TRUUSK 2-pack Retrodesign Barstolar med Fotst\u00f6d &#8211; Gr\u00e5 &#8211; 42 cm x 47 cm x 105 cm &#8211; Bekv\u00e4ma och stilrena"}]},{"@type":"WebSite","@id":"https:\/\/truusk.store\/sv\/#website","url":"https:\/\/truusk.store\/sv\/","name":"TRUUSK - Hem, Tr\u00e4dg\u00e5rd & Fritid","description":"","publisher":{"@id":"https:\/\/truusk.store\/sv\/#organization"},"potentialAction":[{"@type":"SearchAction","target":{"@type":"EntryPoint","urlTemplate":"https:\/\/truusk.store\/sv\/?s={search_term_string}"},"query-input":{"@type":"PropertyValueSpecification","valueRequired":true,"valueName":"search_term_string"}}],"inLanguage":"sv-SE"},{"@type":"Organization","@id":"https:\/\/truusk.store\/sv\/#organization","name":"TRUUSK - Hem, Tr\u00e4dg\u00e5rd & Fritid","url":"https:\/\/truusk.store\/sv\/","logo":{"@type":"ImageObject","inLanguage":"sv-SE","@id":"https:\/\/truusk.store\/sv\/#\/schema\/logo\/image\/","url":"https:\/\/i0.wp.com\/truusk.store\/wp-content\/uploads\/2026\/03\/cropped-TRUUSK.png?fit=2032%2C917&ssl=1","contentUrl":"https:\/\/i0.wp.com\/truusk.store\/wp-content\/uploads\/2026\/03\/cropped-TRUUSK.png?fit=2032%2C917&ssl=1","width":2032,"height":917,"caption":"TRUUSK - Hem, Tr\u00e4dg\u00e5rd & Fritid"},"image":{"@id":"https:\/\/truusk.store\/sv\/#\/schema\/logo\/image\/"}}]}},"jetpack_sharing_enabled":true,"_links":{"self":[{"href":"https:\/\/truusk.store\/sv\/wp-json\/wp\/v2\/product\/84760","targetHints":{"allow":["GET"]}}],"collection":[{"href":"https:\/\/truusk.store\/sv\/wp-json\/wp\/v2\/product"}],"about":[{"href":"https:\/\/truusk.store\/sv\/wp-json\/wp\/v2\/types\/product"}],"wp:featuredmedia":[{"embeddable":true,"href":"https:\/\/truusk.store\/sv\/wp-json\/wp\/v2\/media\/84751"}],"wp:attachment":[{"href":"https:\/\/truusk.store\/sv\/wp-json\/wp\/v2\/media?parent=84760"}],"wp:term":[{"taxonomy":"product_brand","embeddable":true,"href":"https:\/\/truusk.store\/sv\/wp-json\/wp\/v2\/product_brand?post=84760"},{"taxonomy":"product_cat","embeddable":true,"href":"https:\/\/truusk.store\/sv\/wp-json\/wp\/v2\/product_cat?post=84760"},{"taxonomy":"product_tag","embeddable":true,"href":"https:\/\/truusk.store\/sv\/wp-json\/wp\/v2\/product_tag?post=84760"}],"curies":[{"name":"wp","href":"https:\/\/api.w.org\/{rel}","templated":true}]}}