{"id":84781,"date":"2025-07-23T12:28:21","date_gmt":"2025-07-23T11:28:21","guid":{"rendered":"https:\/\/truusk.store\/product\/utdragbart-matbord-expanderbart-bord-for-6-8-personer-koksbord-med-solida-stalben\/"},"modified":"2026-03-12T09:45:26","modified_gmt":"2026-03-12T08:45:26","slug":"truusk-utdragbart-matbord-expanderbart-for-6-8-personer-solida-stalben-koksbord","status":"publish","type":"product","link":"https:\/\/truusk.store\/sv\/produkt\/truusk-utdragbart-matbord-expanderbart-for-6-8-personer-solida-stalben-koksbord\/","title":{"rendered":"TRUUSK Utdragbart Matbord &#8211; Expanderbart &#8211; F\u00f6r 6-8 Personer &#8211; Solida St\u00e5lben &#8211; K\u00f6ksbord"},"content":{"rendered":"<p>Upplev flexibiliteten med det utdragbara matbordet fr\u00e5n TRUUSK: En smart platsbesparare som enkelt kan ut\u00f6kas fr\u00e5n 6 till 8 platser. Perfekt f\u00f6r sm\u00e5 utrymmen, erbjuder detta k\u00f6ksbord en design med rundade h\u00f6rn f\u00f6r \u00f6kad s\u00e4kerhet och stabila st\u00e5lbens med justerbara fotdynor som ger stabilitet p\u00e5 alla ytor.<\/p>\n<p>Beskrivning:<\/p>\n<ul>\n<li> Det utdragbara designen p\u00e5 matbordet erbjuder plats f\u00f6r sex till \u00e5tta personer<\/li>\n<li> Det utdragbara br\u00e4det f\u00f6rvaras under bordsskivan och fixeras med skjutreglage och l\u00e5s<\/li>\n<li> Rundade h\u00f6rn minimerar risken f\u00f6r skador<\/li>\n<li> St\u00e5lbens och justerbara fotdynor p\u00e5 k\u00f6ksbordet garanterar en stabil st\u00e5nd<\/li>\n<li> MDF med melaminbel\u00e4ggning \u00e4r fl\u00e4ck- och repbest\u00e4ndig<\/li>\n<li> Montering kr\u00e4vs<\/li>\n<\/ul>\n<p> Tekniska data:<\/p>\n<ul>\n<li> F\u00e4rg: Natur<\/li>\n<li> Material: MDF, St\u00e5l<\/li>\n<li> Ut\u00f6kade dimensioner: 160B x 75T x 77H cm<\/li>\n<li> Normala dimensioner: 120B x 75T x 77H cm<\/li>\n<li> B\u00e4rkapacitet: 30 kg<\/li>\n<\/ul>\n<p>Leveransinneh\u00e5ll:<\/p>\n<ul>\n<li> 1 x Utdragbart matbord<\/li>\n<li> 1 x Bruksanvisning<\/li>\n<\/ul>\n","protected":false},"excerpt":{"rendered":"<p>Upplev flexibiliteten med det utdragbara matbordet fr\u00e5n TRUUSK: En smart platsbesparare som enkelt kan ut\u00f6kas fr\u00e5n 6 till 8 platser&#8230;.<\/p>\n","protected":false},"featured_media":84771,"template":"","meta":[],"product_brand":[],"product_cat":[871,889,509],"product_tag":[],"class_list":{"0":"post-84781","1":"product","2":"type-product","3":"status-publish","4":"has-post-thumbnail","6":"product_cat-hus-hem","7":"product_cat-kok-matsal","8":"product_cat-matbord","10":"first","11":"instock","12":"sale","13":"taxable","14":"shipping-taxable","15":"purchasable","16":"product-type-simple"},"yoast_head":"<!-- This site is optimized with the Yoast SEO plugin v25.4 - https:\/\/yoast.com\/wordpress\/plugins\/seo\/ -->\n<title>TRUUSK Utdragbart Matbord - Expanderbart - F\u00f6r 6-8 Personer - Solida St\u00e5lben - K\u00f6ksbord - TRUUSK - Hem, Tr\u00e4dg\u00e5rd &amp; Fritid<\/title>\n<meta name=\"robots\" content=\"index, follow, max-snippet:-1, max-image-preview:large, max-video-preview:-1\" \/>\n<link rel=\"canonical\" href=\"https:\/\/truusk.store\/sv\/produkt\/truusk-utdragbart-matbord-expanderbart-for-6-8-personer-solida-stalben-koksbord\/\" \/>\n<meta property=\"og:locale\" content=\"sv_SE\" \/>\n<meta property=\"og:type\" content=\"article\" \/>\n<meta property=\"og:title\" content=\"TRUUSK Utdragbart Matbord - Expanderbart - F\u00f6r 6-8 Personer - Solida St\u00e5lben - K\u00f6ksbord - TRUUSK - Hem, Tr\u00e4dg\u00e5rd &amp; Fritid\" \/>\n<meta property=\"og:description\" content=\"Upplev flexibiliteten med det utdragbara matbordet fr\u00e5n TRUUSK: En smart platsbesparare som enkelt kan ut\u00f6kas fr\u00e5n 6 till 8 platser....\" \/>\n<meta property=\"og:url\" content=\"https:\/\/truusk.store\/sv\/produkt\/truusk-utdragbart-matbord-expanderbart-for-6-8-personer-solida-stalben-koksbord\/\" \/>\n<meta property=\"og:site_name\" content=\"TRUUSK - Hem, Tr\u00e4dg\u00e5rd &amp; Fritid\" \/>\n<meta property=\"article:modified_time\" content=\"2026-03-12T08:45:26+00:00\" \/>\n<meta property=\"og:image\" content=\"https:\/\/i0.wp.com\/truusk.se\/wp-content\/uploads\/2025\/07\/utdragbart-matbord-expanderbart-bord-for-6-8-personer-koksbord-med-solida-stalben-1.webp?fit=2000%2C2000&ssl=1\" \/>\n\t<meta property=\"og:image:width\" content=\"2000\" \/>\n\t<meta property=\"og:image:height\" content=\"2000\" \/>\n\t<meta property=\"og:image:type\" content=\"image\/webp\" \/>\n<meta name=\"twitter:card\" content=\"summary_large_image\" \/>\n<meta name=\"twitter:label1\" content=\"Ber\u00e4knad l\u00e4stid\" \/>\n\t<meta name=\"twitter:data1\" content=\"1 minut\" \/>\n<!-- \/ Yoast SEO plugin. -->","yoast_head_json":{"title":"TRUUSK Utdragbart Matbord - Expanderbart - F\u00f6r 6-8 Personer - Solida St\u00e5lben - K\u00f6ksbord - TRUUSK - Hem, Tr\u00e4dg\u00e5rd &amp; Fritid","robots":{"index":"index","follow":"follow","max-snippet":"max-snippet:-1","max-image-preview":"max-image-preview:large","max-video-preview":"max-video-preview:-1"},"canonical":"https:\/\/truusk.store\/sv\/produkt\/truusk-utdragbart-matbord-expanderbart-for-6-8-personer-solida-stalben-koksbord\/","og_locale":"sv_SE","og_type":"article","og_title":"TRUUSK Utdragbart Matbord - Expanderbart - F\u00f6r 6-8 Personer - Solida St\u00e5lben - K\u00f6ksbord - TRUUSK - Hem, Tr\u00e4dg\u00e5rd &amp; Fritid","og_description":"Upplev flexibiliteten med det utdragbara matbordet fr\u00e5n TRUUSK: En smart platsbesparare som enkelt kan ut\u00f6kas fr\u00e5n 6 till 8 platser....","og_url":"https:\/\/truusk.store\/sv\/produkt\/truusk-utdragbart-matbord-expanderbart-for-6-8-personer-solida-stalben-koksbord\/","og_site_name":"TRUUSK - Hem, Tr\u00e4dg\u00e5rd &amp; Fritid","article_modified_time":"2026-03-12T08:45:26+00:00","og_image":[{"width":2000,"height":2000,"url":"https:\/\/i0.wp.com\/truusk.se\/wp-content\/uploads\/2025\/07\/utdragbart-matbord-expanderbart-bord-for-6-8-personer-koksbord-med-solida-stalben-1.webp?fit=2000%2C2000&ssl=1","type":"image\/webp"}],"twitter_card":"summary_large_image","twitter_misc":{"Ber\u00e4knad l\u00e4stid":"1 minut"},"schema":{"@context":"https:\/\/schema.org","@graph":[{"@type":"WebPage","@id":"https:\/\/truusk.store\/sv\/produkt\/truusk-utdragbart-matbord-expanderbart-for-6-8-personer-solida-stalben-koksbord\/","url":"https:\/\/truusk.store\/sv\/produkt\/truusk-utdragbart-matbord-expanderbart-for-6-8-personer-solida-stalben-koksbord\/","name":"TRUUSK Utdragbart Matbord - Expanderbart - F\u00f6r 6-8 Personer - Solida St\u00e5lben - K\u00f6ksbord - TRUUSK - Hem, Tr\u00e4dg\u00e5rd &amp; Fritid","isPartOf":{"@id":"https:\/\/truusk.store\/sv\/#website"},"primaryImageOfPage":{"@id":"https:\/\/truusk.store\/sv\/produkt\/truusk-utdragbart-matbord-expanderbart-for-6-8-personer-solida-stalben-koksbord\/#primaryimage"},"image":{"@id":"https:\/\/truusk.store\/sv\/produkt\/truusk-utdragbart-matbord-expanderbart-for-6-8-personer-solida-stalben-koksbord\/#primaryimage"},"thumbnailUrl":"https:\/\/i0.wp.com\/truusk.store\/wp-content\/uploads\/2025\/07\/utdragbart-matbord-expanderbart-bord-for-6-8-personer-koksbord-med-solida-stalben-1.webp?fit=2000%2C2000&ssl=1","datePublished":"2025-07-23T11:28:21+00:00","dateModified":"2026-03-12T08:45:26+00:00","breadcrumb":{"@id":"https:\/\/truusk.store\/sv\/produkt\/truusk-utdragbart-matbord-expanderbart-for-6-8-personer-solida-stalben-koksbord\/#breadcrumb"},"inLanguage":"sv-SE","potentialAction":[{"@type":"ReadAction","target":["https:\/\/truusk.store\/sv\/produkt\/truusk-utdragbart-matbord-expanderbart-for-6-8-personer-solida-stalben-koksbord\/"]}]},{"@type":"ImageObject","inLanguage":"sv-SE","@id":"https:\/\/truusk.store\/sv\/produkt\/truusk-utdragbart-matbord-expanderbart-for-6-8-personer-solida-stalben-koksbord\/#primaryimage","url":"https:\/\/i0.wp.com\/truusk.store\/wp-content\/uploads\/2025\/07\/utdragbart-matbord-expanderbart-bord-for-6-8-personer-koksbord-med-solida-stalben-1.webp?fit=2000%2C2000&ssl=1","contentUrl":"https:\/\/i0.wp.com\/truusk.store\/wp-content\/uploads\/2025\/07\/utdragbart-matbord-expanderbart-bord-for-6-8-personer-koksbord-med-solida-stalben-1.webp?fit=2000%2C2000&ssl=1","width":2000,"height":2000},{"@type":"BreadcrumbList","@id":"https:\/\/truusk.store\/sv\/produkt\/truusk-utdragbart-matbord-expanderbart-for-6-8-personer-solida-stalben-koksbord\/#breadcrumb","itemListElement":[{"@type":"ListItem","position":1,"name":"Home","item":"https:\/\/truusk.store\/sv\/"},{"@type":"ListItem","position":2,"name":"Shop","item":"https:\/\/truusk.store\/shop\/"},{"@type":"ListItem","position":3,"name":"TRUUSK Utdragbart Matbord &#8211; Expanderbart &#8211; F\u00f6r 6-8 Personer &#8211; Solida St\u00e5lben &#8211; K\u00f6ksbord"}]},{"@type":"WebSite","@id":"https:\/\/truusk.store\/sv\/#website","url":"https:\/\/truusk.store\/sv\/","name":"TRUUSK - Hem, Tr\u00e4dg\u00e5rd & Fritid","description":"","publisher":{"@id":"https:\/\/truusk.store\/sv\/#organization"},"potentialAction":[{"@type":"SearchAction","target":{"@type":"EntryPoint","urlTemplate":"https:\/\/truusk.store\/sv\/?s={search_term_string}"},"query-input":{"@type":"PropertyValueSpecification","valueRequired":true,"valueName":"search_term_string"}}],"inLanguage":"sv-SE"},{"@type":"Organization","@id":"https:\/\/truusk.store\/sv\/#organization","name":"TRUUSK - Hem, Tr\u00e4dg\u00e5rd & Fritid","url":"https:\/\/truusk.store\/sv\/","logo":{"@type":"ImageObject","inLanguage":"sv-SE","@id":"https:\/\/truusk.store\/sv\/#\/schema\/logo\/image\/","url":"https:\/\/i0.wp.com\/truusk.store\/wp-content\/uploads\/2026\/03\/cropped-TRUUSK.png?fit=2032%2C917&ssl=1","contentUrl":"https:\/\/i0.wp.com\/truusk.store\/wp-content\/uploads\/2026\/03\/cropped-TRUUSK.png?fit=2032%2C917&ssl=1","width":2032,"height":917,"caption":"TRUUSK - Hem, Tr\u00e4dg\u00e5rd & Fritid"},"image":{"@id":"https:\/\/truusk.store\/sv\/#\/schema\/logo\/image\/"}}]}},"jetpack_sharing_enabled":true,"_links":{"self":[{"href":"https:\/\/truusk.store\/sv\/wp-json\/wp\/v2\/product\/84781","targetHints":{"allow":["GET"]}}],"collection":[{"href":"https:\/\/truusk.store\/sv\/wp-json\/wp\/v2\/product"}],"about":[{"href":"https:\/\/truusk.store\/sv\/wp-json\/wp\/v2\/types\/product"}],"wp:featuredmedia":[{"embeddable":true,"href":"https:\/\/truusk.store\/sv\/wp-json\/wp\/v2\/media\/84771"}],"wp:attachment":[{"href":"https:\/\/truusk.store\/sv\/wp-json\/wp\/v2\/media?parent=84781"}],"wp:term":[{"taxonomy":"product_brand","embeddable":true,"href":"https:\/\/truusk.store\/sv\/wp-json\/wp\/v2\/product_brand?post=84781"},{"taxonomy":"product_cat","embeddable":true,"href":"https:\/\/truusk.store\/sv\/wp-json\/wp\/v2\/product_cat?post=84781"},{"taxonomy":"product_tag","embeddable":true,"href":"https:\/\/truusk.store\/sv\/wp-json\/wp\/v2\/product_tag?post=84781"}],"curies":[{"name":"wp","href":"https:\/\/api.w.org\/{rel}","templated":true}]}}