{"id":84880,"date":"2025-07-28T12:21:21","date_gmt":"2025-07-28T11:21:21","guid":{"rendered":"https:\/\/truusk.store\/product\/akustikpanel-ljudabsorption-diy-lamellvagg-mdf-polyester-enkel-installation-ek\/"},"modified":"2026-03-12T09:41:06","modified_gmt":"2026-03-12T08:41:06","slug":"truusk-akustikpanel-for-ljudabsorption-diy-lamellvagg-i-mdf-polyester-enkel-installation-ek","status":"publish","type":"product","link":"https:\/\/truusk.store\/sv\/produkt\/truusk-akustikpanel-for-ljudabsorption-diy-lamellvagg-i-mdf-polyester-enkel-installation-ek\/","title":{"rendered":"TRUUSK Akustikpanel f\u00f6r Ljudabsorption &#8211; DIY Lamellv\u00e4gg i MDF &amp; Polyester &#8211; Enkel Installation &#8211; Ek"},"content":{"rendered":"<p>F\u00f6rvandla ditt utrymme med TRUUSK akustiska paneler! Dessa ljudisolerande paneler minskar inte bara bullret och f\u00f6rb\u00e4ttrar ljudklarheten vid samtal och underh\u00e5llning, utan ger ocks\u00e5 ditt rum en stilfull touch med sin naturliga tr\u00e4design. Idealisk f\u00f6r alla rum, erbjuder dessa paneler en enkel DIY-l\u00f6sning f\u00f6r att skapa en attraktiv lamellv\u00e4ggsestetik. Upplev lugn och elegans i ett &#8211; f\u00f6r ett hem som verkligen k\u00e4nns som ditt eget.<\/p>\n<p>Beskrivning:<\/p>\n<ul>\n<li> Akustiska paneler minskar buller och f\u00f6rb\u00e4ttrar ljudkvaliteten i ditt hem och kontor<\/li>\n<li> Naturligt utseende m\u00f6jligg\u00f6r kreativa DIY-projekt f\u00f6r lamellv\u00e4ggar<\/li>\n<li> Setet inneh\u00e5ller fyra paneler<\/li>\n<li> Tillverkad av MDF och h\u00f6gdensitetspolyester, utan skadliga utsl\u00e4pp<\/li>\n<li> Enkel installation av v\u00e4ggpaneler p\u00e5 v\u00e4ggar och tak, skruvar ing\u00e5r<\/li>\n<\/ul>\n<p>Tekniska data:<\/p>\n<ul>\n<li> F\u00e4rg: Ek<\/li>\n<li> Material: MDF, PET<\/li>\n<li> Totala m\u00e5tt: 60B x 60T x 2,1H cm<\/li>\n<li> Enskilda remsstorlek: 58,7B x 2,7T x 1,2H cm<\/li>\n<li> PET-tjocklek: 0,9 cm<\/li>\n<\/ul>\n<p>Leverans inneh\u00e5ller:<\/p>\n<ul>\n<li> 4 x Akustisk panel<\/li>\n<li> 1 x Skruvset<\/li>\n<li> 1 x Instruktioner<\/li>\n<\/ul>\n","protected":false},"excerpt":{"rendered":"<p>F\u00f6rvandla ditt utrymme med TRUUSK akustiska paneler! Dessa ljudisolerande paneler minskar inte bara bullret och f\u00f6rb\u00e4ttrar ljudklarheten vid samtal och&#8230;<\/p>\n","protected":false},"featured_media":84871,"template":"","meta":[],"product_brand":[],"product_cat":[962,871,683],"product_tag":[],"class_list":{"0":"post-84880","1":"product","2":"type-product","3":"status-publish","4":"has-post-thumbnail","6":"product_cat-dekoration","7":"product_cat-hus-hem","8":"product_cat-vaggdekoration","10":"first","11":"instock","12":"sale","13":"taxable","14":"shipping-taxable","15":"purchasable","16":"product-type-simple"},"yoast_head":"<!-- This site is optimized with the Yoast SEO plugin v25.4 - https:\/\/yoast.com\/wordpress\/plugins\/seo\/ -->\n<title>TRUUSK Akustikpanel f\u00f6r Ljudabsorption - DIY Lamellv\u00e4gg i MDF &amp; Polyester - Enkel Installation - Ek - TRUUSK - Hem, Tr\u00e4dg\u00e5rd &amp; Fritid<\/title>\n<meta name=\"robots\" content=\"index, follow, max-snippet:-1, max-image-preview:large, max-video-preview:-1\" \/>\n<link rel=\"canonical\" href=\"https:\/\/truusk.store\/sv\/produkt\/truusk-akustikpanel-for-ljudabsorption-diy-lamellvagg-i-mdf-polyester-enkel-installation-ek\/\" \/>\n<meta property=\"og:locale\" content=\"sv_SE\" \/>\n<meta property=\"og:type\" content=\"article\" \/>\n<meta property=\"og:title\" content=\"TRUUSK Akustikpanel f\u00f6r Ljudabsorption - DIY Lamellv\u00e4gg i MDF &amp; Polyester - Enkel Installation - Ek - TRUUSK - Hem, Tr\u00e4dg\u00e5rd &amp; Fritid\" \/>\n<meta property=\"og:description\" content=\"F\u00f6rvandla ditt utrymme med TRUUSK akustiska paneler! Dessa ljudisolerande paneler minskar inte bara bullret och f\u00f6rb\u00e4ttrar ljudklarheten vid samtal och...\" \/>\n<meta property=\"og:url\" content=\"https:\/\/truusk.store\/sv\/produkt\/truusk-akustikpanel-for-ljudabsorption-diy-lamellvagg-i-mdf-polyester-enkel-installation-ek\/\" \/>\n<meta property=\"og:site_name\" content=\"TRUUSK - Hem, Tr\u00e4dg\u00e5rd &amp; Fritid\" \/>\n<meta property=\"article:modified_time\" content=\"2026-03-12T08:41:06+00:00\" \/>\n<meta property=\"og:image\" content=\"https:\/\/i0.wp.com\/truusk.se\/wp-content\/uploads\/2025\/07\/akustikpanel-ljudabsorption-diy-lamellvagg-mdf-polyester-enkel-installation-ek-1.webp?fit=2000%2C2000&ssl=1\" \/>\n\t<meta property=\"og:image:width\" content=\"2000\" \/>\n\t<meta property=\"og:image:height\" content=\"2000\" \/>\n\t<meta property=\"og:image:type\" content=\"image\/webp\" \/>\n<meta name=\"twitter:card\" content=\"summary_large_image\" \/>\n<meta name=\"twitter:label1\" content=\"Ber\u00e4knad l\u00e4stid\" \/>\n\t<meta name=\"twitter:data1\" content=\"1 minut\" \/>\n<!-- \/ Yoast SEO plugin. -->","yoast_head_json":{"title":"TRUUSK Akustikpanel f\u00f6r Ljudabsorption - DIY Lamellv\u00e4gg i MDF &amp; Polyester - Enkel Installation - Ek - TRUUSK - Hem, Tr\u00e4dg\u00e5rd &amp; Fritid","robots":{"index":"index","follow":"follow","max-snippet":"max-snippet:-1","max-image-preview":"max-image-preview:large","max-video-preview":"max-video-preview:-1"},"canonical":"https:\/\/truusk.store\/sv\/produkt\/truusk-akustikpanel-for-ljudabsorption-diy-lamellvagg-i-mdf-polyester-enkel-installation-ek\/","og_locale":"sv_SE","og_type":"article","og_title":"TRUUSK Akustikpanel f\u00f6r Ljudabsorption - DIY Lamellv\u00e4gg i MDF &amp; Polyester - Enkel Installation - Ek - TRUUSK - Hem, Tr\u00e4dg\u00e5rd &amp; Fritid","og_description":"F\u00f6rvandla ditt utrymme med TRUUSK akustiska paneler! Dessa ljudisolerande paneler minskar inte bara bullret och f\u00f6rb\u00e4ttrar ljudklarheten vid samtal och...","og_url":"https:\/\/truusk.store\/sv\/produkt\/truusk-akustikpanel-for-ljudabsorption-diy-lamellvagg-i-mdf-polyester-enkel-installation-ek\/","og_site_name":"TRUUSK - Hem, Tr\u00e4dg\u00e5rd &amp; Fritid","article_modified_time":"2026-03-12T08:41:06+00:00","og_image":[{"width":2000,"height":2000,"url":"https:\/\/i0.wp.com\/truusk.se\/wp-content\/uploads\/2025\/07\/akustikpanel-ljudabsorption-diy-lamellvagg-mdf-polyester-enkel-installation-ek-1.webp?fit=2000%2C2000&ssl=1","type":"image\/webp"}],"twitter_card":"summary_large_image","twitter_misc":{"Ber\u00e4knad l\u00e4stid":"1 minut"},"schema":{"@context":"https:\/\/schema.org","@graph":[{"@type":"WebPage","@id":"https:\/\/truusk.store\/sv\/produkt\/truusk-akustikpanel-for-ljudabsorption-diy-lamellvagg-i-mdf-polyester-enkel-installation-ek\/","url":"https:\/\/truusk.store\/sv\/produkt\/truusk-akustikpanel-for-ljudabsorption-diy-lamellvagg-i-mdf-polyester-enkel-installation-ek\/","name":"TRUUSK Akustikpanel f\u00f6r Ljudabsorption - DIY Lamellv\u00e4gg i MDF &amp; Polyester - Enkel Installation - Ek - TRUUSK - Hem, Tr\u00e4dg\u00e5rd &amp; Fritid","isPartOf":{"@id":"https:\/\/truusk.store\/sv\/#website"},"primaryImageOfPage":{"@id":"https:\/\/truusk.store\/sv\/produkt\/truusk-akustikpanel-for-ljudabsorption-diy-lamellvagg-i-mdf-polyester-enkel-installation-ek\/#primaryimage"},"image":{"@id":"https:\/\/truusk.store\/sv\/produkt\/truusk-akustikpanel-for-ljudabsorption-diy-lamellvagg-i-mdf-polyester-enkel-installation-ek\/#primaryimage"},"thumbnailUrl":"https:\/\/i0.wp.com\/truusk.store\/wp-content\/uploads\/2025\/07\/akustikpanel-ljudabsorption-diy-lamellvagg-mdf-polyester-enkel-installation-ek-1.webp?fit=2000%2C2000&ssl=1","datePublished":"2025-07-28T11:21:21+00:00","dateModified":"2026-03-12T08:41:06+00:00","breadcrumb":{"@id":"https:\/\/truusk.store\/sv\/produkt\/truusk-akustikpanel-for-ljudabsorption-diy-lamellvagg-i-mdf-polyester-enkel-installation-ek\/#breadcrumb"},"inLanguage":"sv-SE","potentialAction":[{"@type":"ReadAction","target":["https:\/\/truusk.store\/sv\/produkt\/truusk-akustikpanel-for-ljudabsorption-diy-lamellvagg-i-mdf-polyester-enkel-installation-ek\/"]}]},{"@type":"ImageObject","inLanguage":"sv-SE","@id":"https:\/\/truusk.store\/sv\/produkt\/truusk-akustikpanel-for-ljudabsorption-diy-lamellvagg-i-mdf-polyester-enkel-installation-ek\/#primaryimage","url":"https:\/\/i0.wp.com\/truusk.store\/wp-content\/uploads\/2025\/07\/akustikpanel-ljudabsorption-diy-lamellvagg-mdf-polyester-enkel-installation-ek-1.webp?fit=2000%2C2000&ssl=1","contentUrl":"https:\/\/i0.wp.com\/truusk.store\/wp-content\/uploads\/2025\/07\/akustikpanel-ljudabsorption-diy-lamellvagg-mdf-polyester-enkel-installation-ek-1.webp?fit=2000%2C2000&ssl=1","width":2000,"height":2000},{"@type":"BreadcrumbList","@id":"https:\/\/truusk.store\/sv\/produkt\/truusk-akustikpanel-for-ljudabsorption-diy-lamellvagg-i-mdf-polyester-enkel-installation-ek\/#breadcrumb","itemListElement":[{"@type":"ListItem","position":1,"name":"Home","item":"https:\/\/truusk.store\/sv\/"},{"@type":"ListItem","position":2,"name":"Shop","item":"https:\/\/truusk.store\/shop\/"},{"@type":"ListItem","position":3,"name":"TRUUSK Akustikpanel f\u00f6r Ljudabsorption &#8211; DIY Lamellv\u00e4gg i MDF &amp; Polyester &#8211; Enkel Installation &#8211; Ek"}]},{"@type":"WebSite","@id":"https:\/\/truusk.store\/sv\/#website","url":"https:\/\/truusk.store\/sv\/","name":"TRUUSK - Hem, Tr\u00e4dg\u00e5rd & Fritid","description":"","publisher":{"@id":"https:\/\/truusk.store\/sv\/#organization"},"potentialAction":[{"@type":"SearchAction","target":{"@type":"EntryPoint","urlTemplate":"https:\/\/truusk.store\/sv\/?s={search_term_string}"},"query-input":{"@type":"PropertyValueSpecification","valueRequired":true,"valueName":"search_term_string"}}],"inLanguage":"sv-SE"},{"@type":"Organization","@id":"https:\/\/truusk.store\/sv\/#organization","name":"TRUUSK - Hem, Tr\u00e4dg\u00e5rd & Fritid","url":"https:\/\/truusk.store\/sv\/","logo":{"@type":"ImageObject","inLanguage":"sv-SE","@id":"https:\/\/truusk.store\/sv\/#\/schema\/logo\/image\/","url":"https:\/\/i0.wp.com\/truusk.store\/wp-content\/uploads\/2026\/03\/cropped-TRUUSK.png?fit=2032%2C917&ssl=1","contentUrl":"https:\/\/i0.wp.com\/truusk.store\/wp-content\/uploads\/2026\/03\/cropped-TRUUSK.png?fit=2032%2C917&ssl=1","width":2032,"height":917,"caption":"TRUUSK - Hem, Tr\u00e4dg\u00e5rd & Fritid"},"image":{"@id":"https:\/\/truusk.store\/sv\/#\/schema\/logo\/image\/"}}]}},"jetpack_sharing_enabled":true,"_links":{"self":[{"href":"https:\/\/truusk.store\/sv\/wp-json\/wp\/v2\/product\/84880","targetHints":{"allow":["GET"]}}],"collection":[{"href":"https:\/\/truusk.store\/sv\/wp-json\/wp\/v2\/product"}],"about":[{"href":"https:\/\/truusk.store\/sv\/wp-json\/wp\/v2\/types\/product"}],"wp:featuredmedia":[{"embeddable":true,"href":"https:\/\/truusk.store\/sv\/wp-json\/wp\/v2\/media\/84871"}],"wp:attachment":[{"href":"https:\/\/truusk.store\/sv\/wp-json\/wp\/v2\/media?parent=84880"}],"wp:term":[{"taxonomy":"product_brand","embeddable":true,"href":"https:\/\/truusk.store\/sv\/wp-json\/wp\/v2\/product_brand?post=84880"},{"taxonomy":"product_cat","embeddable":true,"href":"https:\/\/truusk.store\/sv\/wp-json\/wp\/v2\/product_cat?post=84880"},{"taxonomy":"product_tag","embeddable":true,"href":"https:\/\/truusk.store\/sv\/wp-json\/wp\/v2\/product_tag?post=84880"}],"curies":[{"name":"wp","href":"https:\/\/api.w.org\/{rel}","templated":true}]}}