{"id":84895,"date":"2025-07-30T19:54:12","date_gmt":"2025-07-30T18:54:12","guid":{"rendered":"https:\/\/truusk.store\/product\/koksvagn-i-lantlig-stil-kokso-kokstrolley-med-3-lador-vit\/"},"modified":"2026-03-12T09:08:15","modified_gmt":"2026-03-12T08:08:15","slug":"truusk-koksvagn-i-lantlig-stil-kokstrolley-med-3-lador-vit-praktisk-och-stilren-forvaring-hjul-klassisk-design","status":"publish","type":"product","link":"https:\/\/truusk.store\/sv\/produkt\/truusk-koksvagn-i-lantlig-stil-kokstrolley-med-3-lador-vit-praktisk-och-stilren-forvaring-hjul-klassisk-design\/","title":{"rendered":"TRUUSK K\u00f6ksvagn i Lantlig Stil &#8211; K\u00f6kstrolley med 3 L\u00e5dor &#8211; Vit &#8211; Praktisk och Stilren &#8211; F\u00f6rvaring &#8211; Hjul &#8211; Klassisk Design"},"content":{"rendered":"<p>Organisera ditt k\u00f6k med denna stiliga rullande f\u00f6rvaringsvagn fr\u00e5n TRUUSK. Ramen av MDF \u00e4r stabil och p\u00e5litlig och l\u00e4mpar sig f\u00f6r daglig anv\u00e4ndning. Den har tre utdragbara l\u00e5dor, en avtagbar bricka och tv\u00e5 \u00f6ppna hyllor. En tr\u00e4bordskiva ger dig extra utrymme f\u00f6r f\u00f6rberedelser. En kompakt och funktionell k\u00f6ksvagn som inte f\u00e5r saknas i ditt hem.<\/p>\n<p>Beskrivning:<\/p>\n<ul>\n<li> Med tre stora l\u00e5dor, tv\u00e5 gallerhyllor och en avtagbar bricka<\/li>\n<li> Fyra hjul f\u00f6r enkel f\u00f6rflyttning: tv\u00e5 av dem med bromsar, s\u00e5 att enheten inte v\u00e4lter<\/li>\n<li> Massiv MDF-ram med furubordskiva \u00e4r l\u00e4tt att reng\u00f6ra och l\u00e4mpar sig f\u00f6r daglig anv\u00e4ndning<\/li>\n<li> Idealisk f\u00f6r hush\u00e5ll med begr\u00e4nsat f\u00f6rvaringsutrymme<\/li>\n<li> Montering kr\u00e4vs<\/li>\n<\/ul>\n<p> Tekniska data:<\/p>\n<ul>\n<li> F\u00e4rg: Natur+Vit<\/li>\n<li> Material: MDF, furu<\/li>\n<li> Totala dimensioner: 67L x 37B x 87H cm<\/li>\n<li> Storlek p\u00e5 bordskiva: 67L x 37B x 1,5H cm<\/li>\n<li> Inre m\u00e5tt p\u00e5 l\u00e5da: 26L x 28,7B x 18,4H cm<\/li>\n<li> Storlek p\u00e5 bricka: 30B x 28,5T x 4,5H cm<\/li>\n<li> Storlek p\u00e5 hylla: 30B x 29,5T cm<\/li>\n<li> Viktkapacitet: 40 kg (totalt), 10 kg (ovanp\u00e5), 5 kg (hylla\/l\u00e5da)<\/li>\n<\/ul>\n<p> Leveransinneh\u00e5ll:<\/p>\n<ul>\n<li> 1 x K\u00f6ksvagn<\/li>\n<li> 1 x Instruktioner<\/li>\n<\/ul>\n","protected":false},"excerpt":{"rendered":"<p>Organisera ditt k\u00f6k med denna stiliga rullande f\u00f6rvaringsvagn fr\u00e5n TRUUSK. Ramen av MDF \u00e4r stabil och p\u00e5litlig och l\u00e4mpar sig&#8230;<\/p>\n","protected":false},"featured_media":84886,"template":"","meta":[],"product_brand":[],"product_cat":[871,889,1017],"product_tag":[],"class_list":{"0":"post-84895","1":"product","2":"type-product","3":"status-publish","4":"has-post-thumbnail","6":"product_cat-hus-hem","7":"product_cat-kok-matsal","8":"product_cat-koksoar","10":"first","11":"instock","12":"sale","13":"taxable","14":"shipping-taxable","15":"purchasable","16":"product-type-simple"},"yoast_head":"<!-- This site is optimized with the Yoast SEO plugin v25.4 - https:\/\/yoast.com\/wordpress\/plugins\/seo\/ -->\n<title>TRUUSK K\u00f6ksvagn i Lantlig Stil - K\u00f6kstrolley med 3 L\u00e5dor - Vit - Praktisk och Stilren - F\u00f6rvaring - Hjul - Klassisk Design - TRUUSK - Hem, Tr\u00e4dg\u00e5rd &amp; Fritid<\/title>\n<meta name=\"robots\" content=\"index, follow, max-snippet:-1, max-image-preview:large, max-video-preview:-1\" \/>\n<link rel=\"canonical\" href=\"https:\/\/truusk.store\/sv\/produkt\/truusk-koksvagn-i-lantlig-stil-kokstrolley-med-3-lador-vit-praktisk-och-stilren-forvaring-hjul-klassisk-design\/\" \/>\n<meta property=\"og:locale\" content=\"sv_SE\" \/>\n<meta property=\"og:type\" content=\"article\" \/>\n<meta property=\"og:title\" content=\"TRUUSK K\u00f6ksvagn i Lantlig Stil - K\u00f6kstrolley med 3 L\u00e5dor - Vit - Praktisk och Stilren - F\u00f6rvaring - Hjul - Klassisk Design - TRUUSK - Hem, Tr\u00e4dg\u00e5rd &amp; Fritid\" \/>\n<meta property=\"og:description\" content=\"Organisera ditt k\u00f6k med denna stiliga rullande f\u00f6rvaringsvagn fr\u00e5n TRUUSK. Ramen av MDF \u00e4r stabil och p\u00e5litlig och l\u00e4mpar sig...\" \/>\n<meta property=\"og:url\" content=\"https:\/\/truusk.store\/sv\/produkt\/truusk-koksvagn-i-lantlig-stil-kokstrolley-med-3-lador-vit-praktisk-och-stilren-forvaring-hjul-klassisk-design\/\" \/>\n<meta property=\"og:site_name\" content=\"TRUUSK - Hem, Tr\u00e4dg\u00e5rd &amp; Fritid\" \/>\n<meta property=\"article:modified_time\" content=\"2026-03-12T08:08:15+00:00\" \/>\n<meta property=\"og:image\" content=\"https:\/\/i0.wp.com\/truusk.se\/wp-content\/uploads\/2025\/07\/koksvagn-i-lantlig-stil-kokso-kokstrolley-med-3-lador-vit-1.webp?fit=2000%2C2000&ssl=1\" \/>\n\t<meta property=\"og:image:width\" content=\"2000\" \/>\n\t<meta property=\"og:image:height\" content=\"2000\" \/>\n\t<meta property=\"og:image:type\" content=\"image\/webp\" \/>\n<meta name=\"twitter:card\" content=\"summary_large_image\" \/>\n<meta name=\"twitter:label1\" content=\"Ber\u00e4knad l\u00e4stid\" \/>\n\t<meta name=\"twitter:data1\" content=\"1 minut\" \/>\n<!-- \/ Yoast SEO plugin. -->","yoast_head_json":{"title":"TRUUSK K\u00f6ksvagn i Lantlig Stil - K\u00f6kstrolley med 3 L\u00e5dor - Vit - Praktisk och Stilren - F\u00f6rvaring - Hjul - Klassisk Design - TRUUSK - Hem, Tr\u00e4dg\u00e5rd &amp; Fritid","robots":{"index":"index","follow":"follow","max-snippet":"max-snippet:-1","max-image-preview":"max-image-preview:large","max-video-preview":"max-video-preview:-1"},"canonical":"https:\/\/truusk.store\/sv\/produkt\/truusk-koksvagn-i-lantlig-stil-kokstrolley-med-3-lador-vit-praktisk-och-stilren-forvaring-hjul-klassisk-design\/","og_locale":"sv_SE","og_type":"article","og_title":"TRUUSK K\u00f6ksvagn i Lantlig Stil - K\u00f6kstrolley med 3 L\u00e5dor - Vit - Praktisk och Stilren - F\u00f6rvaring - Hjul - Klassisk Design - TRUUSK - Hem, Tr\u00e4dg\u00e5rd &amp; Fritid","og_description":"Organisera ditt k\u00f6k med denna stiliga rullande f\u00f6rvaringsvagn fr\u00e5n TRUUSK. Ramen av MDF \u00e4r stabil och p\u00e5litlig och l\u00e4mpar sig...","og_url":"https:\/\/truusk.store\/sv\/produkt\/truusk-koksvagn-i-lantlig-stil-kokstrolley-med-3-lador-vit-praktisk-och-stilren-forvaring-hjul-klassisk-design\/","og_site_name":"TRUUSK - Hem, Tr\u00e4dg\u00e5rd &amp; Fritid","article_modified_time":"2026-03-12T08:08:15+00:00","og_image":[{"width":2000,"height":2000,"url":"https:\/\/i0.wp.com\/truusk.se\/wp-content\/uploads\/2025\/07\/koksvagn-i-lantlig-stil-kokso-kokstrolley-med-3-lador-vit-1.webp?fit=2000%2C2000&ssl=1","type":"image\/webp"}],"twitter_card":"summary_large_image","twitter_misc":{"Ber\u00e4knad l\u00e4stid":"1 minut"},"schema":{"@context":"https:\/\/schema.org","@graph":[{"@type":"WebPage","@id":"https:\/\/truusk.store\/sv\/produkt\/truusk-koksvagn-i-lantlig-stil-kokstrolley-med-3-lador-vit-praktisk-och-stilren-forvaring-hjul-klassisk-design\/","url":"https:\/\/truusk.store\/sv\/produkt\/truusk-koksvagn-i-lantlig-stil-kokstrolley-med-3-lador-vit-praktisk-och-stilren-forvaring-hjul-klassisk-design\/","name":"TRUUSK K\u00f6ksvagn i Lantlig Stil - K\u00f6kstrolley med 3 L\u00e5dor - Vit - Praktisk och Stilren - F\u00f6rvaring - Hjul - Klassisk Design - TRUUSK - Hem, Tr\u00e4dg\u00e5rd &amp; Fritid","isPartOf":{"@id":"https:\/\/truusk.store\/sv\/#website"},"primaryImageOfPage":{"@id":"https:\/\/truusk.store\/sv\/produkt\/truusk-koksvagn-i-lantlig-stil-kokstrolley-med-3-lador-vit-praktisk-och-stilren-forvaring-hjul-klassisk-design\/#primaryimage"},"image":{"@id":"https:\/\/truusk.store\/sv\/produkt\/truusk-koksvagn-i-lantlig-stil-kokstrolley-med-3-lador-vit-praktisk-och-stilren-forvaring-hjul-klassisk-design\/#primaryimage"},"thumbnailUrl":"https:\/\/i0.wp.com\/truusk.store\/wp-content\/uploads\/2025\/07\/koksvagn-i-lantlig-stil-kokso-kokstrolley-med-3-lador-vit-1.webp?fit=2000%2C2000&ssl=1","datePublished":"2025-07-30T18:54:12+00:00","dateModified":"2026-03-12T08:08:15+00:00","breadcrumb":{"@id":"https:\/\/truusk.store\/sv\/produkt\/truusk-koksvagn-i-lantlig-stil-kokstrolley-med-3-lador-vit-praktisk-och-stilren-forvaring-hjul-klassisk-design\/#breadcrumb"},"inLanguage":"sv-SE","potentialAction":[{"@type":"ReadAction","target":["https:\/\/truusk.store\/sv\/produkt\/truusk-koksvagn-i-lantlig-stil-kokstrolley-med-3-lador-vit-praktisk-och-stilren-forvaring-hjul-klassisk-design\/"]}]},{"@type":"ImageObject","inLanguage":"sv-SE","@id":"https:\/\/truusk.store\/sv\/produkt\/truusk-koksvagn-i-lantlig-stil-kokstrolley-med-3-lador-vit-praktisk-och-stilren-forvaring-hjul-klassisk-design\/#primaryimage","url":"https:\/\/i0.wp.com\/truusk.store\/wp-content\/uploads\/2025\/07\/koksvagn-i-lantlig-stil-kokso-kokstrolley-med-3-lador-vit-1.webp?fit=2000%2C2000&ssl=1","contentUrl":"https:\/\/i0.wp.com\/truusk.store\/wp-content\/uploads\/2025\/07\/koksvagn-i-lantlig-stil-kokso-kokstrolley-med-3-lador-vit-1.webp?fit=2000%2C2000&ssl=1","width":2000,"height":2000},{"@type":"BreadcrumbList","@id":"https:\/\/truusk.store\/sv\/produkt\/truusk-koksvagn-i-lantlig-stil-kokstrolley-med-3-lador-vit-praktisk-och-stilren-forvaring-hjul-klassisk-design\/#breadcrumb","itemListElement":[{"@type":"ListItem","position":1,"name":"Home","item":"https:\/\/truusk.store\/sv\/"},{"@type":"ListItem","position":2,"name":"Shop","item":"https:\/\/truusk.store\/shop\/"},{"@type":"ListItem","position":3,"name":"TRUUSK K\u00f6ksvagn i Lantlig Stil &#8211; K\u00f6kstrolley med 3 L\u00e5dor &#8211; Vit &#8211; Praktisk och Stilren &#8211; F\u00f6rvaring &#8211; Hjul &#8211; Klassisk Design"}]},{"@type":"WebSite","@id":"https:\/\/truusk.store\/sv\/#website","url":"https:\/\/truusk.store\/sv\/","name":"TRUUSK - Hem, Tr\u00e4dg\u00e5rd & Fritid","description":"","publisher":{"@id":"https:\/\/truusk.store\/sv\/#organization"},"potentialAction":[{"@type":"SearchAction","target":{"@type":"EntryPoint","urlTemplate":"https:\/\/truusk.store\/sv\/?s={search_term_string}"},"query-input":{"@type":"PropertyValueSpecification","valueRequired":true,"valueName":"search_term_string"}}],"inLanguage":"sv-SE"},{"@type":"Organization","@id":"https:\/\/truusk.store\/sv\/#organization","name":"TRUUSK - Hem, Tr\u00e4dg\u00e5rd & Fritid","url":"https:\/\/truusk.store\/sv\/","logo":{"@type":"ImageObject","inLanguage":"sv-SE","@id":"https:\/\/truusk.store\/sv\/#\/schema\/logo\/image\/","url":"https:\/\/i0.wp.com\/truusk.store\/wp-content\/uploads\/2026\/03\/cropped-TRUUSK.png?fit=2032%2C917&ssl=1","contentUrl":"https:\/\/i0.wp.com\/truusk.store\/wp-content\/uploads\/2026\/03\/cropped-TRUUSK.png?fit=2032%2C917&ssl=1","width":2032,"height":917,"caption":"TRUUSK - Hem, Tr\u00e4dg\u00e5rd & Fritid"},"image":{"@id":"https:\/\/truusk.store\/sv\/#\/schema\/logo\/image\/"}}]}},"jetpack_sharing_enabled":true,"_links":{"self":[{"href":"https:\/\/truusk.store\/sv\/wp-json\/wp\/v2\/product\/84895","targetHints":{"allow":["GET"]}}],"collection":[{"href":"https:\/\/truusk.store\/sv\/wp-json\/wp\/v2\/product"}],"about":[{"href":"https:\/\/truusk.store\/sv\/wp-json\/wp\/v2\/types\/product"}],"wp:featuredmedia":[{"embeddable":true,"href":"https:\/\/truusk.store\/sv\/wp-json\/wp\/v2\/media\/84886"}],"wp:attachment":[{"href":"https:\/\/truusk.store\/sv\/wp-json\/wp\/v2\/media?parent=84895"}],"wp:term":[{"taxonomy":"product_brand","embeddable":true,"href":"https:\/\/truusk.store\/sv\/wp-json\/wp\/v2\/product_brand?post=84895"},{"taxonomy":"product_cat","embeddable":true,"href":"https:\/\/truusk.store\/sv\/wp-json\/wp\/v2\/product_cat?post=84895"},{"taxonomy":"product_tag","embeddable":true,"href":"https:\/\/truusk.store\/sv\/wp-json\/wp\/v2\/product_tag?post=84895"}],"curies":[{"name":"wp","href":"https:\/\/api.w.org\/{rel}","templated":true}]}}