{"id":84948,"date":"2025-08-05T04:01:44","date_gmt":"2025-08-05T03:01:44","guid":{"rendered":"https:\/\/truusk.store\/product\/sopkorgsstruktur-med-3-sopkorgar-for-avfallssortering-skensystem-inbyggbar-3-set-sopbehallare-gra\/"},"modified":"2026-03-12T08:59:39","modified_gmt":"2026-03-12T07:59:39","slug":"truusk-avfallssorteringsstruktur-med-3-sopkorgar-skensystem-inbyggbar-design-3-set-sopbehallare-gra","status":"publish","type":"product","link":"https:\/\/truusk.store\/sv\/produkt\/truusk-avfallssorteringsstruktur-med-3-sopkorgar-skensystem-inbyggbar-design-3-set-sopbehallare-gra\/","title":{"rendered":"TRUUSK Avfallssorteringsstruktur med 3 sopkorgar &#8211; Skensystem &#8211; Inbyggbar design &#8211; 3-set sopbeh\u00e5llare &#8211; Gr\u00e5"},"content":{"rendered":"<p>Optimera ditt k\u00f6ksutrymme med den utdragbara TRUUSK inbyggda soptunnan. Den har 3 fack f\u00f6r enkel sortering av avfall. Tillverkad av robusta material, t\u00e5l soptunnan dagligt slitage. Tack vare de mjukt glidande skenorna kan den enkelt flyttas. S\u00e4tt stopp f\u00f6r r\u00f6riga k\u00f6ksgolv och skapa mer ordning och effektivitet.<\/p>\n<p>Beskrivning:<\/p>\n<ul>\n<li> Passar i ett 400 mm brett sk\u00e5p, sparar d\u00e4rmed utrymme<\/li>\n<li> 3 separata beh\u00e5llare (10L+10L+20L) f\u00f6r avfallssortering<\/li>\n<li> Den inbyggda soptunnan kan dras ut, medan locket f\u00f6rblir i sk\u00e5pet<\/li>\n<li> Fyra metallplattor p\u00e5 soptunnan f\u00f6r en solid f\u00e4stning<\/li>\n<li> Enkel installation, tillbeh\u00f6r f\u00f6r skjutd\u00f6rrar ing\u00e5r inte, inte l\u00e4mplig f\u00f6r sk\u00e5p med skjutd\u00f6rrar<\/li>\n<\/ul>\n<p> Tekniska data:<\/p>\n<ul>\n<li> F\u00e4rg: Gr\u00e5<\/li>\n<li> Material: Plast, Metall<\/li>\n<li> Totala dimensioner: 48L x 34,2B x 41,8H cm<\/li>\n<li> Dimensioner stor soptunna: 30,5L x 22B x 36H cm<\/li>\n<li> Dimensioner sm\u00e5 soptunnor: 22,5L x 15B x 36H cm<\/li>\n<li> Total volym: 40 liter<\/li>\n<li> Inre volym: 2 x 10L och 1 x 20L<\/li>\n<\/ul>\n<p> Leveransinneh\u00e5ll:<\/p>\n<ul>\n<li> 1 x Stor soptunna<\/li>\n<li> 2 x Sm\u00e5 soptunnor<\/li>\n<li> 1 x Monteringsanvisning<\/li>\n<\/ul>\n","protected":false},"excerpt":{"rendered":"<p>Optimera ditt k\u00f6ksutrymme med den utdragbara TRUUSK inbyggda soptunnan. Den har 3 fack f\u00f6r enkel sortering av avfall. Tillverkad av&#8230;<\/p>\n","protected":false},"featured_media":84939,"template":"","meta":[],"product_brand":[],"product_cat":[867,869,870],"product_tag":[],"class_list":{"0":"post-84948","1":"product","2":"type-product","3":"status-publish","4":"has-post-thumbnail","6":"product_cat-byggmarknad","7":"product_cat-rengoring-ordning","8":"product_cat-sopkorgar","10":"first","11":"instock","12":"sale","13":"taxable","14":"shipping-taxable","15":"purchasable","16":"product-type-simple"},"yoast_head":"<!-- This site is optimized with the Yoast SEO plugin v25.4 - https:\/\/yoast.com\/wordpress\/plugins\/seo\/ -->\n<title>TRUUSK Avfallssorteringsstruktur med 3 sopkorgar - Skensystem - Inbyggbar design - 3-set sopbeh\u00e5llare - Gr\u00e5 - TRUUSK - Hem, Tr\u00e4dg\u00e5rd &amp; Fritid<\/title>\n<meta name=\"robots\" content=\"index, follow, max-snippet:-1, max-image-preview:large, max-video-preview:-1\" \/>\n<link rel=\"canonical\" href=\"https:\/\/truusk.store\/sv\/produkt\/truusk-avfallssorteringsstruktur-med-3-sopkorgar-skensystem-inbyggbar-design-3-set-sopbehallare-gra\/\" \/>\n<meta property=\"og:locale\" content=\"sv_SE\" \/>\n<meta property=\"og:type\" content=\"article\" \/>\n<meta property=\"og:title\" content=\"TRUUSK Avfallssorteringsstruktur med 3 sopkorgar - Skensystem - Inbyggbar design - 3-set sopbeh\u00e5llare - Gr\u00e5 - TRUUSK - Hem, Tr\u00e4dg\u00e5rd &amp; Fritid\" \/>\n<meta property=\"og:description\" content=\"Optimera ditt k\u00f6ksutrymme med den utdragbara TRUUSK inbyggda soptunnan. Den har 3 fack f\u00f6r enkel sortering av avfall. Tillverkad av...\" \/>\n<meta property=\"og:url\" content=\"https:\/\/truusk.store\/sv\/produkt\/truusk-avfallssorteringsstruktur-med-3-sopkorgar-skensystem-inbyggbar-design-3-set-sopbehallare-gra\/\" \/>\n<meta property=\"og:site_name\" content=\"TRUUSK - Hem, Tr\u00e4dg\u00e5rd &amp; Fritid\" \/>\n<meta property=\"article:modified_time\" content=\"2026-03-12T07:59:39+00:00\" \/>\n<meta property=\"og:image\" content=\"https:\/\/i0.wp.com\/truusk.se\/wp-content\/uploads\/2025\/08\/sopkorgsstruktur-med-3-sopkorgar-for-avfallssortering-skensystem-inbyggbar-3-set-sopbehallare-gra-1.webp?fit=2000%2C2000&ssl=1\" \/>\n\t<meta property=\"og:image:width\" content=\"2000\" \/>\n\t<meta property=\"og:image:height\" content=\"2000\" \/>\n\t<meta property=\"og:image:type\" content=\"image\/webp\" \/>\n<meta name=\"twitter:card\" content=\"summary_large_image\" \/>\n<meta name=\"twitter:label1\" content=\"Ber\u00e4knad l\u00e4stid\" \/>\n\t<meta name=\"twitter:data1\" content=\"1 minut\" \/>\n<!-- \/ Yoast SEO plugin. -->","yoast_head_json":{"title":"TRUUSK Avfallssorteringsstruktur med 3 sopkorgar - Skensystem - Inbyggbar design - 3-set sopbeh\u00e5llare - Gr\u00e5 - TRUUSK - Hem, Tr\u00e4dg\u00e5rd &amp; Fritid","robots":{"index":"index","follow":"follow","max-snippet":"max-snippet:-1","max-image-preview":"max-image-preview:large","max-video-preview":"max-video-preview:-1"},"canonical":"https:\/\/truusk.store\/sv\/produkt\/truusk-avfallssorteringsstruktur-med-3-sopkorgar-skensystem-inbyggbar-design-3-set-sopbehallare-gra\/","og_locale":"sv_SE","og_type":"article","og_title":"TRUUSK Avfallssorteringsstruktur med 3 sopkorgar - Skensystem - Inbyggbar design - 3-set sopbeh\u00e5llare - Gr\u00e5 - TRUUSK - Hem, Tr\u00e4dg\u00e5rd &amp; Fritid","og_description":"Optimera ditt k\u00f6ksutrymme med den utdragbara TRUUSK inbyggda soptunnan. Den har 3 fack f\u00f6r enkel sortering av avfall. Tillverkad av...","og_url":"https:\/\/truusk.store\/sv\/produkt\/truusk-avfallssorteringsstruktur-med-3-sopkorgar-skensystem-inbyggbar-design-3-set-sopbehallare-gra\/","og_site_name":"TRUUSK - Hem, Tr\u00e4dg\u00e5rd &amp; Fritid","article_modified_time":"2026-03-12T07:59:39+00:00","og_image":[{"width":2000,"height":2000,"url":"https:\/\/i0.wp.com\/truusk.se\/wp-content\/uploads\/2025\/08\/sopkorgsstruktur-med-3-sopkorgar-for-avfallssortering-skensystem-inbyggbar-3-set-sopbehallare-gra-1.webp?fit=2000%2C2000&ssl=1","type":"image\/webp"}],"twitter_card":"summary_large_image","twitter_misc":{"Ber\u00e4knad l\u00e4stid":"1 minut"},"schema":{"@context":"https:\/\/schema.org","@graph":[{"@type":"WebPage","@id":"https:\/\/truusk.store\/sv\/produkt\/truusk-avfallssorteringsstruktur-med-3-sopkorgar-skensystem-inbyggbar-design-3-set-sopbehallare-gra\/","url":"https:\/\/truusk.store\/sv\/produkt\/truusk-avfallssorteringsstruktur-med-3-sopkorgar-skensystem-inbyggbar-design-3-set-sopbehallare-gra\/","name":"TRUUSK Avfallssorteringsstruktur med 3 sopkorgar - Skensystem - Inbyggbar design - 3-set sopbeh\u00e5llare - Gr\u00e5 - TRUUSK - Hem, Tr\u00e4dg\u00e5rd &amp; Fritid","isPartOf":{"@id":"https:\/\/truusk.store\/sv\/#website"},"primaryImageOfPage":{"@id":"https:\/\/truusk.store\/sv\/produkt\/truusk-avfallssorteringsstruktur-med-3-sopkorgar-skensystem-inbyggbar-design-3-set-sopbehallare-gra\/#primaryimage"},"image":{"@id":"https:\/\/truusk.store\/sv\/produkt\/truusk-avfallssorteringsstruktur-med-3-sopkorgar-skensystem-inbyggbar-design-3-set-sopbehallare-gra\/#primaryimage"},"thumbnailUrl":"https:\/\/i0.wp.com\/truusk.store\/wp-content\/uploads\/2025\/08\/sopkorgsstruktur-med-3-sopkorgar-for-avfallssortering-skensystem-inbyggbar-3-set-sopbehallare-gra-1.webp?fit=2000%2C2000&ssl=1","datePublished":"2025-08-05T03:01:44+00:00","dateModified":"2026-03-12T07:59:39+00:00","breadcrumb":{"@id":"https:\/\/truusk.store\/sv\/produkt\/truusk-avfallssorteringsstruktur-med-3-sopkorgar-skensystem-inbyggbar-design-3-set-sopbehallare-gra\/#breadcrumb"},"inLanguage":"sv-SE","potentialAction":[{"@type":"ReadAction","target":["https:\/\/truusk.store\/sv\/produkt\/truusk-avfallssorteringsstruktur-med-3-sopkorgar-skensystem-inbyggbar-design-3-set-sopbehallare-gra\/"]}]},{"@type":"ImageObject","inLanguage":"sv-SE","@id":"https:\/\/truusk.store\/sv\/produkt\/truusk-avfallssorteringsstruktur-med-3-sopkorgar-skensystem-inbyggbar-design-3-set-sopbehallare-gra\/#primaryimage","url":"https:\/\/i0.wp.com\/truusk.store\/wp-content\/uploads\/2025\/08\/sopkorgsstruktur-med-3-sopkorgar-for-avfallssortering-skensystem-inbyggbar-3-set-sopbehallare-gra-1.webp?fit=2000%2C2000&ssl=1","contentUrl":"https:\/\/i0.wp.com\/truusk.store\/wp-content\/uploads\/2025\/08\/sopkorgsstruktur-med-3-sopkorgar-for-avfallssortering-skensystem-inbyggbar-3-set-sopbehallare-gra-1.webp?fit=2000%2C2000&ssl=1","width":2000,"height":2000},{"@type":"BreadcrumbList","@id":"https:\/\/truusk.store\/sv\/produkt\/truusk-avfallssorteringsstruktur-med-3-sopkorgar-skensystem-inbyggbar-design-3-set-sopbehallare-gra\/#breadcrumb","itemListElement":[{"@type":"ListItem","position":1,"name":"Home","item":"https:\/\/truusk.store\/sv\/"},{"@type":"ListItem","position":2,"name":"Shop","item":"https:\/\/truusk.store\/shop\/"},{"@type":"ListItem","position":3,"name":"TRUUSK Avfallssorteringsstruktur med 3 sopkorgar &#8211; Skensystem &#8211; Inbyggbar design &#8211; 3-set sopbeh\u00e5llare &#8211; Gr\u00e5"}]},{"@type":"WebSite","@id":"https:\/\/truusk.store\/sv\/#website","url":"https:\/\/truusk.store\/sv\/","name":"TRUUSK - Hem, Tr\u00e4dg\u00e5rd & Fritid","description":"","publisher":{"@id":"https:\/\/truusk.store\/sv\/#organization"},"potentialAction":[{"@type":"SearchAction","target":{"@type":"EntryPoint","urlTemplate":"https:\/\/truusk.store\/sv\/?s={search_term_string}"},"query-input":{"@type":"PropertyValueSpecification","valueRequired":true,"valueName":"search_term_string"}}],"inLanguage":"sv-SE"},{"@type":"Organization","@id":"https:\/\/truusk.store\/sv\/#organization","name":"TRUUSK - Hem, Tr\u00e4dg\u00e5rd & Fritid","url":"https:\/\/truusk.store\/sv\/","logo":{"@type":"ImageObject","inLanguage":"sv-SE","@id":"https:\/\/truusk.store\/sv\/#\/schema\/logo\/image\/","url":"https:\/\/i0.wp.com\/truusk.store\/wp-content\/uploads\/2026\/03\/cropped-TRUUSK.png?fit=2032%2C917&ssl=1","contentUrl":"https:\/\/i0.wp.com\/truusk.store\/wp-content\/uploads\/2026\/03\/cropped-TRUUSK.png?fit=2032%2C917&ssl=1","width":2032,"height":917,"caption":"TRUUSK - Hem, Tr\u00e4dg\u00e5rd & Fritid"},"image":{"@id":"https:\/\/truusk.store\/sv\/#\/schema\/logo\/image\/"}}]}},"jetpack_sharing_enabled":true,"_links":{"self":[{"href":"https:\/\/truusk.store\/sv\/wp-json\/wp\/v2\/product\/84948","targetHints":{"allow":["GET"]}}],"collection":[{"href":"https:\/\/truusk.store\/sv\/wp-json\/wp\/v2\/product"}],"about":[{"href":"https:\/\/truusk.store\/sv\/wp-json\/wp\/v2\/types\/product"}],"wp:featuredmedia":[{"embeddable":true,"href":"https:\/\/truusk.store\/sv\/wp-json\/wp\/v2\/media\/84939"}],"wp:attachment":[{"href":"https:\/\/truusk.store\/sv\/wp-json\/wp\/v2\/media?parent=84948"}],"wp:term":[{"taxonomy":"product_brand","embeddable":true,"href":"https:\/\/truusk.store\/sv\/wp-json\/wp\/v2\/product_brand?post=84948"},{"taxonomy":"product_cat","embeddable":true,"href":"https:\/\/truusk.store\/sv\/wp-json\/wp\/v2\/product_cat?post=84948"},{"taxonomy":"product_tag","embeddable":true,"href":"https:\/\/truusk.store\/sv\/wp-json\/wp\/v2\/product_tag?post=84948"}],"curies":[{"name":"wp","href":"https:\/\/api.w.org\/{rel}","templated":true}]}}