{"id":85013,"date":"2025-08-06T12:27:33","date_gmt":"2025-08-06T11:27:33","guid":{"rendered":"https:\/\/truusk.store\/product\/redskapsskjul-vaderbestandigt-tradgardshus-for-tradgardsverktyg-med-ventilationsfonster-skjutdorrar-stal-ljusgra\/"},"modified":"2026-03-12T09:09:05","modified_gmt":"2026-03-12T08:09:05","slug":"truusk-tradgardsskjul-vaderbestandigt-ventilationsfonster-skjutdorrar-stal-ljusgra","status":"publish","type":"product","link":"https:\/\/truusk.store\/sv\/produkt\/truusk-tradgardsskjul-vaderbestandigt-ventilationsfonster-skjutdorrar-stal-ljusgra\/","title":{"rendered":"TRUUSK Tr\u00e4dg\u00e5rdsskjul &#8211; V\u00e4derbest\u00e4ndigt &#8211; Ventilationsf\u00f6nster &#8211; Skjutd\u00f6rrar &#8211; St\u00e5l &#8211; Ljusgr\u00e5"},"content":{"rendered":"<p>Har du \u00e4nnu inte ett tr\u00e4dg\u00e5rdssk\u00e5p f\u00f6r dina tr\u00e4dg\u00e5rdsredskap? D\u00e5 \u00e4r denna tr\u00e4dg\u00e5rdshytta fr\u00e5n TRUUSK den idealiska l\u00f6sningen! Cykelskjulet best\u00e5r av en solid konstruktion av metall, vilket \u00e4r robust och v\u00e4derbest\u00e4ndigt. Tv\u00e5 skjutd\u00f6rrar p\u00e5 tr\u00e4dg\u00e5rdsskjulet underl\u00e4ttar tilltr\u00e4de, medan tv\u00e5 f\u00f6nster p\u00e5 framsidan och baksidan ger tillr\u00e4ckligt med ljus och en trevlig ventilation.<\/p>\n<p>Beskrivning:<\/p>\n<ul>\n<li> En solid konstruktion av metall &#8211; extremt robust, v\u00e4derbest\u00e4ndig och vattent\u00e4t<\/li>\n<li> Stort inre utrymme i tr\u00e4dg\u00e5rdsredskapshuset ger tillr\u00e4ckligt med plats f\u00f6r en m\u00e4ngd tr\u00e4dg\u00e5rdsverktyg, tr\u00e4dg\u00e5rdstillbeh\u00f6r och verktyg<\/li>\n<li> 2 smidiga skjutd\u00f6rrar p\u00e5 tr\u00e4dg\u00e5rdshuset f\u00f6r snabb och enkel tillg\u00e5ng<\/li>\n<li> 2 f\u00f6nster p\u00e5 framsidan och baksidan av tr\u00e4dg\u00e5rdshuset f\u00f6r god ventilation och tillr\u00e4ckligt med ljus<\/li>\n<\/ul>\n<p>Tekniska data:<\/p>\n<ul>\n<li> F\u00e4rg: Ljusgr\u00e5<\/li>\n<li> Material: Galvaniserat st\u00e5l<\/li>\n<li> Totala m\u00e5tt: 386L x 340B x 200H cm<\/li>\n<li> Inre m\u00e5tt: 372L x 330B cm<\/li>\n<li> Skjutd\u00f6rrstorlek: 138L x 152H cm<\/li>\n<li> Ventilationsstorlek: 22L x 10B cm<\/li>\n<li> Sn\u00f6kapacitet: 20Kg\/m\u00b2<\/li>\n<li> Obs: 1, F\u00f6r uppbyggnaden kr\u00e4vs tre personer p\u00e5 cirka fyra timmar &#8211; ALLTID b\u00e4ra handskar<\/li>\n<li>2, Bygg inte upp i bl\u00e5sigt v\u00e4der\uff1b<\/li>\n<\/ul>\n<p>Leveransinneh\u00e5ll:<\/p>\n<ul>\n<li> 1 x Redskapshus\uff1b<\/li>\n<\/ul>\n","protected":false},"excerpt":{"rendered":"<p>Har du \u00e4nnu inte ett tr\u00e4dg\u00e5rdssk\u00e5p f\u00f6r dina tr\u00e4dg\u00e5rdsredskap? D\u00e5 \u00e4r denna tr\u00e4dg\u00e5rdshytta fr\u00e5n TRUUSK den idealiska l\u00f6sningen! Cykelskjulet best\u00e5r&#8230;<\/p>\n","protected":false},"featured_media":85004,"template":"","meta":[],"product_brand":[],"product_cat":[901,902,858],"product_tag":[],"class_list":{"0":"post-85013","1":"product","2":"type-product","3":"status-publish","4":"has-post-thumbnail","6":"product_cat-ordning-i-tradgarden","7":"product_cat-redskapsskjul-och-redskapshus","8":"product_cat-tradgard-terrass","10":"first","11":"instock","12":"sale","13":"taxable","14":"shipping-taxable","15":"purchasable","16":"product-type-simple"},"yoast_head":"<!-- This site is optimized with the Yoast SEO plugin v25.4 - https:\/\/yoast.com\/wordpress\/plugins\/seo\/ -->\n<title>TRUUSK Tr\u00e4dg\u00e5rdsskjul - V\u00e4derbest\u00e4ndigt - Ventilationsf\u00f6nster - Skjutd\u00f6rrar - St\u00e5l - Ljusgr\u00e5 - TRUUSK - Hem, Tr\u00e4dg\u00e5rd &amp; Fritid<\/title>\n<meta name=\"robots\" content=\"index, follow, max-snippet:-1, max-image-preview:large, max-video-preview:-1\" \/>\n<link rel=\"canonical\" href=\"https:\/\/truusk.store\/sv\/produkt\/truusk-tradgardsskjul-vaderbestandigt-ventilationsfonster-skjutdorrar-stal-ljusgra\/\" \/>\n<meta property=\"og:locale\" content=\"sv_SE\" \/>\n<meta property=\"og:type\" content=\"article\" \/>\n<meta property=\"og:title\" content=\"TRUUSK Tr\u00e4dg\u00e5rdsskjul - V\u00e4derbest\u00e4ndigt - Ventilationsf\u00f6nster - Skjutd\u00f6rrar - St\u00e5l - Ljusgr\u00e5 - TRUUSK - Hem, Tr\u00e4dg\u00e5rd &amp; Fritid\" \/>\n<meta property=\"og:description\" content=\"Har du \u00e4nnu inte ett tr\u00e4dg\u00e5rdssk\u00e5p f\u00f6r dina tr\u00e4dg\u00e5rdsredskap? D\u00e5 \u00e4r denna tr\u00e4dg\u00e5rdshytta fr\u00e5n TRUUSK den idealiska l\u00f6sningen! Cykelskjulet best\u00e5r...\" \/>\n<meta property=\"og:url\" content=\"https:\/\/truusk.store\/sv\/produkt\/truusk-tradgardsskjul-vaderbestandigt-ventilationsfonster-skjutdorrar-stal-ljusgra\/\" \/>\n<meta property=\"og:site_name\" content=\"TRUUSK - Hem, Tr\u00e4dg\u00e5rd &amp; Fritid\" \/>\n<meta property=\"article:modified_time\" content=\"2026-03-12T08:09:05+00:00\" \/>\n<meta property=\"og:image\" content=\"https:\/\/i0.wp.com\/truusk.se\/wp-content\/uploads\/2025\/08\/redskapsskjul-vaderbestandigt-tradgardshus-for-tradgardsverktyg-med-ventilationsfonster-skjutdorrar-stal-ljusgra-1.webp?fit=2000%2C2000&ssl=1\" \/>\n\t<meta property=\"og:image:width\" content=\"2000\" \/>\n\t<meta property=\"og:image:height\" content=\"2000\" \/>\n\t<meta property=\"og:image:type\" content=\"image\/webp\" \/>\n<meta name=\"twitter:card\" content=\"summary_large_image\" \/>\n<meta name=\"twitter:label1\" content=\"Ber\u00e4knad l\u00e4stid\" \/>\n\t<meta name=\"twitter:data1\" content=\"1 minut\" \/>\n<!-- \/ Yoast SEO plugin. -->","yoast_head_json":{"title":"TRUUSK Tr\u00e4dg\u00e5rdsskjul - V\u00e4derbest\u00e4ndigt - Ventilationsf\u00f6nster - Skjutd\u00f6rrar - St\u00e5l - Ljusgr\u00e5 - TRUUSK - Hem, Tr\u00e4dg\u00e5rd &amp; Fritid","robots":{"index":"index","follow":"follow","max-snippet":"max-snippet:-1","max-image-preview":"max-image-preview:large","max-video-preview":"max-video-preview:-1"},"canonical":"https:\/\/truusk.store\/sv\/produkt\/truusk-tradgardsskjul-vaderbestandigt-ventilationsfonster-skjutdorrar-stal-ljusgra\/","og_locale":"sv_SE","og_type":"article","og_title":"TRUUSK Tr\u00e4dg\u00e5rdsskjul - V\u00e4derbest\u00e4ndigt - Ventilationsf\u00f6nster - Skjutd\u00f6rrar - St\u00e5l - Ljusgr\u00e5 - TRUUSK - Hem, Tr\u00e4dg\u00e5rd &amp; Fritid","og_description":"Har du \u00e4nnu inte ett tr\u00e4dg\u00e5rdssk\u00e5p f\u00f6r dina tr\u00e4dg\u00e5rdsredskap? D\u00e5 \u00e4r denna tr\u00e4dg\u00e5rdshytta fr\u00e5n TRUUSK den idealiska l\u00f6sningen! Cykelskjulet best\u00e5r...","og_url":"https:\/\/truusk.store\/sv\/produkt\/truusk-tradgardsskjul-vaderbestandigt-ventilationsfonster-skjutdorrar-stal-ljusgra\/","og_site_name":"TRUUSK - Hem, Tr\u00e4dg\u00e5rd &amp; Fritid","article_modified_time":"2026-03-12T08:09:05+00:00","og_image":[{"width":2000,"height":2000,"url":"https:\/\/i0.wp.com\/truusk.se\/wp-content\/uploads\/2025\/08\/redskapsskjul-vaderbestandigt-tradgardshus-for-tradgardsverktyg-med-ventilationsfonster-skjutdorrar-stal-ljusgra-1.webp?fit=2000%2C2000&ssl=1","type":"image\/webp"}],"twitter_card":"summary_large_image","twitter_misc":{"Ber\u00e4knad l\u00e4stid":"1 minut"},"schema":{"@context":"https:\/\/schema.org","@graph":[{"@type":"WebPage","@id":"https:\/\/truusk.store\/sv\/produkt\/truusk-tradgardsskjul-vaderbestandigt-ventilationsfonster-skjutdorrar-stal-ljusgra\/","url":"https:\/\/truusk.store\/sv\/produkt\/truusk-tradgardsskjul-vaderbestandigt-ventilationsfonster-skjutdorrar-stal-ljusgra\/","name":"TRUUSK Tr\u00e4dg\u00e5rdsskjul - V\u00e4derbest\u00e4ndigt - Ventilationsf\u00f6nster - Skjutd\u00f6rrar - St\u00e5l - Ljusgr\u00e5 - TRUUSK - Hem, Tr\u00e4dg\u00e5rd &amp; Fritid","isPartOf":{"@id":"https:\/\/truusk.store\/sv\/#website"},"primaryImageOfPage":{"@id":"https:\/\/truusk.store\/sv\/produkt\/truusk-tradgardsskjul-vaderbestandigt-ventilationsfonster-skjutdorrar-stal-ljusgra\/#primaryimage"},"image":{"@id":"https:\/\/truusk.store\/sv\/produkt\/truusk-tradgardsskjul-vaderbestandigt-ventilationsfonster-skjutdorrar-stal-ljusgra\/#primaryimage"},"thumbnailUrl":"https:\/\/i0.wp.com\/truusk.store\/wp-content\/uploads\/2025\/08\/redskapsskjul-vaderbestandigt-tradgardshus-for-tradgardsverktyg-med-ventilationsfonster-skjutdorrar-stal-ljusgra-1.webp?fit=2000%2C2000&ssl=1","datePublished":"2025-08-06T11:27:33+00:00","dateModified":"2026-03-12T08:09:05+00:00","breadcrumb":{"@id":"https:\/\/truusk.store\/sv\/produkt\/truusk-tradgardsskjul-vaderbestandigt-ventilationsfonster-skjutdorrar-stal-ljusgra\/#breadcrumb"},"inLanguage":"sv-SE","potentialAction":[{"@type":"ReadAction","target":["https:\/\/truusk.store\/sv\/produkt\/truusk-tradgardsskjul-vaderbestandigt-ventilationsfonster-skjutdorrar-stal-ljusgra\/"]}]},{"@type":"ImageObject","inLanguage":"sv-SE","@id":"https:\/\/truusk.store\/sv\/produkt\/truusk-tradgardsskjul-vaderbestandigt-ventilationsfonster-skjutdorrar-stal-ljusgra\/#primaryimage","url":"https:\/\/i0.wp.com\/truusk.store\/wp-content\/uploads\/2025\/08\/redskapsskjul-vaderbestandigt-tradgardshus-for-tradgardsverktyg-med-ventilationsfonster-skjutdorrar-stal-ljusgra-1.webp?fit=2000%2C2000&ssl=1","contentUrl":"https:\/\/i0.wp.com\/truusk.store\/wp-content\/uploads\/2025\/08\/redskapsskjul-vaderbestandigt-tradgardshus-for-tradgardsverktyg-med-ventilationsfonster-skjutdorrar-stal-ljusgra-1.webp?fit=2000%2C2000&ssl=1","width":2000,"height":2000},{"@type":"BreadcrumbList","@id":"https:\/\/truusk.store\/sv\/produkt\/truusk-tradgardsskjul-vaderbestandigt-ventilationsfonster-skjutdorrar-stal-ljusgra\/#breadcrumb","itemListElement":[{"@type":"ListItem","position":1,"name":"Home","item":"https:\/\/truusk.store\/sv\/"},{"@type":"ListItem","position":2,"name":"Shop","item":"https:\/\/truusk.store\/shop\/"},{"@type":"ListItem","position":3,"name":"TRUUSK Tr\u00e4dg\u00e5rdsskjul &#8211; V\u00e4derbest\u00e4ndigt &#8211; Ventilationsf\u00f6nster &#8211; Skjutd\u00f6rrar &#8211; St\u00e5l &#8211; Ljusgr\u00e5"}]},{"@type":"WebSite","@id":"https:\/\/truusk.store\/sv\/#website","url":"https:\/\/truusk.store\/sv\/","name":"TRUUSK - Hem, Tr\u00e4dg\u00e5rd & Fritid","description":"","publisher":{"@id":"https:\/\/truusk.store\/sv\/#organization"},"potentialAction":[{"@type":"SearchAction","target":{"@type":"EntryPoint","urlTemplate":"https:\/\/truusk.store\/sv\/?s={search_term_string}"},"query-input":{"@type":"PropertyValueSpecification","valueRequired":true,"valueName":"search_term_string"}}],"inLanguage":"sv-SE"},{"@type":"Organization","@id":"https:\/\/truusk.store\/sv\/#organization","name":"TRUUSK - Hem, Tr\u00e4dg\u00e5rd & Fritid","url":"https:\/\/truusk.store\/sv\/","logo":{"@type":"ImageObject","inLanguage":"sv-SE","@id":"https:\/\/truusk.store\/sv\/#\/schema\/logo\/image\/","url":"https:\/\/i0.wp.com\/truusk.store\/wp-content\/uploads\/2026\/03\/cropped-TRUUSK.png?fit=2032%2C917&ssl=1","contentUrl":"https:\/\/i0.wp.com\/truusk.store\/wp-content\/uploads\/2026\/03\/cropped-TRUUSK.png?fit=2032%2C917&ssl=1","width":2032,"height":917,"caption":"TRUUSK - Hem, Tr\u00e4dg\u00e5rd & Fritid"},"image":{"@id":"https:\/\/truusk.store\/sv\/#\/schema\/logo\/image\/"}}]}},"jetpack_sharing_enabled":true,"_links":{"self":[{"href":"https:\/\/truusk.store\/sv\/wp-json\/wp\/v2\/product\/85013","targetHints":{"allow":["GET"]}}],"collection":[{"href":"https:\/\/truusk.store\/sv\/wp-json\/wp\/v2\/product"}],"about":[{"href":"https:\/\/truusk.store\/sv\/wp-json\/wp\/v2\/types\/product"}],"wp:featuredmedia":[{"embeddable":true,"href":"https:\/\/truusk.store\/sv\/wp-json\/wp\/v2\/media\/85004"}],"wp:attachment":[{"href":"https:\/\/truusk.store\/sv\/wp-json\/wp\/v2\/media?parent=85013"}],"wp:term":[{"taxonomy":"product_brand","embeddable":true,"href":"https:\/\/truusk.store\/sv\/wp-json\/wp\/v2\/product_brand?post=85013"},{"taxonomy":"product_cat","embeddable":true,"href":"https:\/\/truusk.store\/sv\/wp-json\/wp\/v2\/product_cat?post=85013"},{"taxonomy":"product_tag","embeddable":true,"href":"https:\/\/truusk.store\/sv\/wp-json\/wp\/v2\/product_tag?post=85013"}],"curies":[{"name":"wp","href":"https:\/\/api.w.org\/{rel}","templated":true}]}}