{"id":85023,"date":"2025-08-06T12:28:42","date_gmt":"2025-08-06T11:28:42","guid":{"rendered":"https:\/\/truusk.store\/product\/gastsang-hopfallbar-sang-resesang-med-hjul-madrass-stal-vitsvart\/"},"modified":"2026-03-12T09:11:33","modified_gmt":"2026-03-12T08:11:33","slug":"truusk-gastsang-hopfallbar-resesang-med-hjul-madrass-stal-vitsvart","status":"publish","type":"product","link":"https:\/\/truusk.store\/sv\/produkt\/truusk-gastsang-hopfallbar-resesang-med-hjul-madrass-stal-vitsvart\/","title":{"rendered":"TRUUSK G\u00e4sts\u00e4ng &#8211; Hopf\u00e4llbar Reses\u00e4ng &#8211; Med Hjul &#8211; Madrass &#8211; St\u00e5l &#8211; Vit+Svart"},"content":{"rendered":"<p>\u00c4r du orolig f\u00f6r att det inte finns n\u00e5gra s\u00e4ngar tillg\u00e4ngliga f\u00f6r ov\u00e4ntade g\u00e4ster? Denna praktiska och bekv\u00e4ma hopf\u00e4llbara s\u00e4ng fr\u00e5n TRUUSK kommer att f\u00f6rbereda dig perfekt f\u00f6r \u00f6vernattningar och erbjuda dina g\u00e4ster en mycket bekv\u00e4m sovplats. S\u00e4ngen kan snabbt f\u00e4llas ut och enkelt flyttas tack vare fyra smidiga hjul. N\u00e4r den inte anv\u00e4nds kan du f\u00e4lla ihop den och spara utrymme. Den mjuka madrassen ger en bekv\u00e4m liggk\u00e4nsla och en avkopplande s\u00f6mn.<\/p>\n<p>Beskrivning:<\/p>\n<ul>\n<li> Idealisk som flexibel reses\u00e4ng<\/li>\n<li> Hopf\u00e4llbar design f\u00f6r utrymmesbesparing och enkel f\u00f6rvaring<\/li>\n<li> Tjockt stoppad madrass ger h\u00f6g sovkomfort<\/li>\n<li> St\u00e5lstommen p\u00e5 dagb\u00e4dden ger h\u00e5llbarhet och stabilitet<\/li>\n<li> 4 hjul till\u00e5ter enkel r\u00f6relse, varav 2 hjul \u00e4r utrustade med bromsar<\/li>\n<li> Montering kr\u00e4vs<\/li>\n<\/ul>\n<p> Tekniska data:<\/p>\n<ul>\n<li> F\u00e4rg: Vit+Svart<\/li>\n<li> Material: St\u00e5l, skum, tyg (100 % polyester)<\/li>\n<li> Totala m\u00e5tt: 200B x 90T x 42,5H cm<\/li>\n<li> Hopf\u00e4llbara m\u00e5tt: 90B x 30T x 115H cm<\/li>\n<li> Tjocklek p\u00e5 madrassen: 10 cm<\/li>\n<li> B\u00e4rkapacitet: 150 kg<\/li>\n<\/ul>\n<p>Leveransinneh\u00e5ll:<\/p>\n<ul>\n<li> 1 x Hopf\u00e4llbar s\u00e4ng<\/li>\n<li> 1 x Instruktioner<\/li>\n<\/ul>\n","protected":false},"excerpt":{"rendered":"<p>\u00c4r du orolig f\u00f6r att det inte finns n\u00e5gra s\u00e4ngar tillg\u00e4ngliga f\u00f6r ov\u00e4ntade g\u00e4ster? Denna praktiska och bekv\u00e4ma hopf\u00e4llbara s\u00e4ng&#8230;<\/p>\n","protected":false},"featured_media":85014,"template":"","meta":[],"product_brand":[],"product_cat":[959,871,494,897],"product_tag":[],"class_list":{"0":"post-85023","1":"product","2":"type-product","3":"status-publish","4":"has-post-thumbnail","6":"product_cat-gastebetten","7":"product_cat-hus-hem","8":"product_cat-sangar","9":"product_cat-sovrum","11":"first","12":"instock","13":"sale","14":"taxable","15":"shipping-taxable","16":"purchasable","17":"product-type-simple"},"yoast_head":"<!-- This site is optimized with the Yoast SEO plugin v25.4 - https:\/\/yoast.com\/wordpress\/plugins\/seo\/ -->\n<title>TRUUSK G\u00e4sts\u00e4ng - Hopf\u00e4llbar Reses\u00e4ng - Med Hjul - Madrass - St\u00e5l - Vit+Svart - TRUUSK - Hem, Tr\u00e4dg\u00e5rd &amp; Fritid<\/title>\n<meta name=\"robots\" content=\"index, follow, max-snippet:-1, max-image-preview:large, max-video-preview:-1\" \/>\n<link rel=\"canonical\" href=\"https:\/\/truusk.store\/sv\/produkt\/truusk-gastsang-hopfallbar-resesang-med-hjul-madrass-stal-vitsvart\/\" \/>\n<meta property=\"og:locale\" content=\"sv_SE\" \/>\n<meta property=\"og:type\" content=\"article\" \/>\n<meta property=\"og:title\" content=\"TRUUSK G\u00e4sts\u00e4ng - Hopf\u00e4llbar Reses\u00e4ng - Med Hjul - Madrass - St\u00e5l - Vit+Svart - TRUUSK - Hem, Tr\u00e4dg\u00e5rd &amp; Fritid\" \/>\n<meta property=\"og:description\" content=\"\u00c4r du orolig f\u00f6r att det inte finns n\u00e5gra s\u00e4ngar tillg\u00e4ngliga f\u00f6r ov\u00e4ntade g\u00e4ster? Denna praktiska och bekv\u00e4ma hopf\u00e4llbara s\u00e4ng...\" \/>\n<meta property=\"og:url\" content=\"https:\/\/truusk.store\/sv\/produkt\/truusk-gastsang-hopfallbar-resesang-med-hjul-madrass-stal-vitsvart\/\" \/>\n<meta property=\"og:site_name\" content=\"TRUUSK - Hem, Tr\u00e4dg\u00e5rd &amp; Fritid\" \/>\n<meta property=\"article:modified_time\" content=\"2026-03-12T08:11:33+00:00\" \/>\n<meta property=\"og:image\" content=\"https:\/\/i0.wp.com\/truusk.se\/wp-content\/uploads\/2025\/08\/gastsang-hopfallbar-sang-resesang-med-hjul-madrass-stal-vitsvart-1.webp?fit=2000%2C2000&ssl=1\" \/>\n\t<meta property=\"og:image:width\" content=\"2000\" \/>\n\t<meta property=\"og:image:height\" content=\"2000\" \/>\n\t<meta property=\"og:image:type\" content=\"image\/webp\" \/>\n<meta name=\"twitter:card\" content=\"summary_large_image\" \/>\n<meta name=\"twitter:label1\" content=\"Ber\u00e4knad l\u00e4stid\" \/>\n\t<meta name=\"twitter:data1\" content=\"1 minut\" \/>\n<!-- \/ Yoast SEO plugin. -->","yoast_head_json":{"title":"TRUUSK G\u00e4sts\u00e4ng - Hopf\u00e4llbar Reses\u00e4ng - Med Hjul - Madrass - St\u00e5l - Vit+Svart - TRUUSK - Hem, Tr\u00e4dg\u00e5rd &amp; Fritid","robots":{"index":"index","follow":"follow","max-snippet":"max-snippet:-1","max-image-preview":"max-image-preview:large","max-video-preview":"max-video-preview:-1"},"canonical":"https:\/\/truusk.store\/sv\/produkt\/truusk-gastsang-hopfallbar-resesang-med-hjul-madrass-stal-vitsvart\/","og_locale":"sv_SE","og_type":"article","og_title":"TRUUSK G\u00e4sts\u00e4ng - Hopf\u00e4llbar Reses\u00e4ng - Med Hjul - Madrass - St\u00e5l - Vit+Svart - TRUUSK - Hem, Tr\u00e4dg\u00e5rd &amp; Fritid","og_description":"\u00c4r du orolig f\u00f6r att det inte finns n\u00e5gra s\u00e4ngar tillg\u00e4ngliga f\u00f6r ov\u00e4ntade g\u00e4ster? Denna praktiska och bekv\u00e4ma hopf\u00e4llbara s\u00e4ng...","og_url":"https:\/\/truusk.store\/sv\/produkt\/truusk-gastsang-hopfallbar-resesang-med-hjul-madrass-stal-vitsvart\/","og_site_name":"TRUUSK - Hem, Tr\u00e4dg\u00e5rd &amp; Fritid","article_modified_time":"2026-03-12T08:11:33+00:00","og_image":[{"width":2000,"height":2000,"url":"https:\/\/i0.wp.com\/truusk.se\/wp-content\/uploads\/2025\/08\/gastsang-hopfallbar-sang-resesang-med-hjul-madrass-stal-vitsvart-1.webp?fit=2000%2C2000&ssl=1","type":"image\/webp"}],"twitter_card":"summary_large_image","twitter_misc":{"Ber\u00e4knad l\u00e4stid":"1 minut"},"schema":{"@context":"https:\/\/schema.org","@graph":[{"@type":"WebPage","@id":"https:\/\/truusk.store\/sv\/produkt\/truusk-gastsang-hopfallbar-resesang-med-hjul-madrass-stal-vitsvart\/","url":"https:\/\/truusk.store\/sv\/produkt\/truusk-gastsang-hopfallbar-resesang-med-hjul-madrass-stal-vitsvart\/","name":"TRUUSK G\u00e4sts\u00e4ng - Hopf\u00e4llbar Reses\u00e4ng - Med Hjul - Madrass - St\u00e5l - Vit+Svart - TRUUSK - Hem, Tr\u00e4dg\u00e5rd &amp; Fritid","isPartOf":{"@id":"https:\/\/truusk.store\/sv\/#website"},"primaryImageOfPage":{"@id":"https:\/\/truusk.store\/sv\/produkt\/truusk-gastsang-hopfallbar-resesang-med-hjul-madrass-stal-vitsvart\/#primaryimage"},"image":{"@id":"https:\/\/truusk.store\/sv\/produkt\/truusk-gastsang-hopfallbar-resesang-med-hjul-madrass-stal-vitsvart\/#primaryimage"},"thumbnailUrl":"https:\/\/i0.wp.com\/truusk.store\/wp-content\/uploads\/2025\/08\/gastsang-hopfallbar-sang-resesang-med-hjul-madrass-stal-vitsvart-1.webp?fit=2000%2C2000&ssl=1","datePublished":"2025-08-06T11:28:42+00:00","dateModified":"2026-03-12T08:11:33+00:00","breadcrumb":{"@id":"https:\/\/truusk.store\/sv\/produkt\/truusk-gastsang-hopfallbar-resesang-med-hjul-madrass-stal-vitsvart\/#breadcrumb"},"inLanguage":"sv-SE","potentialAction":[{"@type":"ReadAction","target":["https:\/\/truusk.store\/sv\/produkt\/truusk-gastsang-hopfallbar-resesang-med-hjul-madrass-stal-vitsvart\/"]}]},{"@type":"ImageObject","inLanguage":"sv-SE","@id":"https:\/\/truusk.store\/sv\/produkt\/truusk-gastsang-hopfallbar-resesang-med-hjul-madrass-stal-vitsvart\/#primaryimage","url":"https:\/\/i0.wp.com\/truusk.store\/wp-content\/uploads\/2025\/08\/gastsang-hopfallbar-sang-resesang-med-hjul-madrass-stal-vitsvart-1.webp?fit=2000%2C2000&ssl=1","contentUrl":"https:\/\/i0.wp.com\/truusk.store\/wp-content\/uploads\/2025\/08\/gastsang-hopfallbar-sang-resesang-med-hjul-madrass-stal-vitsvart-1.webp?fit=2000%2C2000&ssl=1","width":2000,"height":2000},{"@type":"BreadcrumbList","@id":"https:\/\/truusk.store\/sv\/produkt\/truusk-gastsang-hopfallbar-resesang-med-hjul-madrass-stal-vitsvart\/#breadcrumb","itemListElement":[{"@type":"ListItem","position":1,"name":"Home","item":"https:\/\/truusk.store\/sv\/"},{"@type":"ListItem","position":2,"name":"Shop","item":"https:\/\/truusk.store\/shop\/"},{"@type":"ListItem","position":3,"name":"TRUUSK G\u00e4sts\u00e4ng &#8211; Hopf\u00e4llbar Reses\u00e4ng &#8211; Med Hjul &#8211; Madrass &#8211; St\u00e5l &#8211; Vit+Svart"}]},{"@type":"WebSite","@id":"https:\/\/truusk.store\/sv\/#website","url":"https:\/\/truusk.store\/sv\/","name":"TRUUSK - Hem, Tr\u00e4dg\u00e5rd & Fritid","description":"","publisher":{"@id":"https:\/\/truusk.store\/sv\/#organization"},"potentialAction":[{"@type":"SearchAction","target":{"@type":"EntryPoint","urlTemplate":"https:\/\/truusk.store\/sv\/?s={search_term_string}"},"query-input":{"@type":"PropertyValueSpecification","valueRequired":true,"valueName":"search_term_string"}}],"inLanguage":"sv-SE"},{"@type":"Organization","@id":"https:\/\/truusk.store\/sv\/#organization","name":"TRUUSK - Hem, Tr\u00e4dg\u00e5rd & Fritid","url":"https:\/\/truusk.store\/sv\/","logo":{"@type":"ImageObject","inLanguage":"sv-SE","@id":"https:\/\/truusk.store\/sv\/#\/schema\/logo\/image\/","url":"https:\/\/i0.wp.com\/truusk.store\/wp-content\/uploads\/2026\/03\/cropped-TRUUSK.png?fit=2032%2C917&ssl=1","contentUrl":"https:\/\/i0.wp.com\/truusk.store\/wp-content\/uploads\/2026\/03\/cropped-TRUUSK.png?fit=2032%2C917&ssl=1","width":2032,"height":917,"caption":"TRUUSK - Hem, Tr\u00e4dg\u00e5rd & Fritid"},"image":{"@id":"https:\/\/truusk.store\/sv\/#\/schema\/logo\/image\/"}}]}},"jetpack_sharing_enabled":true,"_links":{"self":[{"href":"https:\/\/truusk.store\/sv\/wp-json\/wp\/v2\/product\/85023","targetHints":{"allow":["GET"]}}],"collection":[{"href":"https:\/\/truusk.store\/sv\/wp-json\/wp\/v2\/product"}],"about":[{"href":"https:\/\/truusk.store\/sv\/wp-json\/wp\/v2\/types\/product"}],"wp:featuredmedia":[{"embeddable":true,"href":"https:\/\/truusk.store\/sv\/wp-json\/wp\/v2\/media\/85014"}],"wp:attachment":[{"href":"https:\/\/truusk.store\/sv\/wp-json\/wp\/v2\/media?parent=85023"}],"wp:term":[{"taxonomy":"product_brand","embeddable":true,"href":"https:\/\/truusk.store\/sv\/wp-json\/wp\/v2\/product_brand?post=85023"},{"taxonomy":"product_cat","embeddable":true,"href":"https:\/\/truusk.store\/sv\/wp-json\/wp\/v2\/product_cat?post=85023"},{"taxonomy":"product_tag","embeddable":true,"href":"https:\/\/truusk.store\/sv\/wp-json\/wp\/v2\/product_tag?post=85023"}],"curies":[{"name":"wp","href":"https:\/\/api.w.org\/{rel}","templated":true}]}}