{"id":85043,"date":"2025-08-06T12:30:44","date_gmt":"2025-08-06T11:30:44","guid":{"rendered":"https:\/\/truusk.store\/product\/dorroverbyggnad-skydd-mot-regn-vind-och-hagel-polykarbonat-aluminium-110-x-60-x-18-cm-gra\/"},"modified":"2026-03-12T09:13:13","modified_gmt":"2026-03-12T08:13:13","slug":"truusk-dorroverbyggnad-skydd-mot-regn-vind-hagel-polykarbonat-aluminium-110-x-60-x-18-cm-gra","status":"publish","type":"product","link":"https:\/\/truusk.store\/sv\/produkt\/truusk-dorroverbyggnad-skydd-mot-regn-vind-hagel-polykarbonat-aluminium-110-x-60-x-18-cm-gra\/","title":{"rendered":"TRUUSK D\u00f6rr\u00f6verbyggnad &#8211; Skydd Mot Regn, Vind, Hagel &#8211; Polykarbonat &amp; Aluminium &#8211; 110 x 60 x 18 cm &#8211; Gr\u00e5"},"content":{"rendered":"<p>Mottag dina g\u00e4ster med stil med ett skyddande entr\u00e9tak! V\u00e5rt transparenta tak f\u00f6r entr\u00e9omr\u00e5den fr\u00e5n TRUUSK erbjuder inte bara skydd mot UV-str\u00e5lar, regn och sn\u00f6, utan ger ocks\u00e5 ditt hem en charmig touch. Njut av milda temperaturer och minska bl\u00e4ndning med denna lilla hj\u00e4lpare. Inf\u00f6rliva sk\u00f6nhet och funktionalitet i ditt hem med v\u00e5r eleganta d\u00f6rrmarkis och g\u00f6r dig redo f\u00f6r stilfulla timmar utomhus.<\/p>\n<p>Beskrivning:<\/p>\n<ul>\n<li> Skydda dina f\u00f6nster och d\u00f6rrar effektivt mot regn, sn\u00f6 och UV-str\u00e5lar<\/li>\n<li> Det ih\u00e5liga designen fr\u00e4mjar v\u00e4rmeavledning och s\u00e4nker temperaturen i varmt v\u00e4der<\/li>\n<li> Den b\u00e5gformade designen av entr\u00e9taket underl\u00e4ttar vattenavledning och minskar effektivt ljud fr\u00e5n regn eller hagel<\/li>\n<li> L\u00e5ng livsl\u00e4ngd garanteras av aluminiumst\u00e4nger och en plaststomme, v\u00e5ra f\u00e4sten motst\u00e5r v\u00e4rme och kyla och beh\u00e5ller sin form<\/li>\n<li> Flera entr\u00e9tak kan kombineras f\u00f6r att t\u00e4cka breda ing\u00e5ngar, f\u00f6nster eller g\u00e5ngv\u00e4gar<\/li>\n<li> Montering av taket b\u00f6r idealt g\u00f6ras av tv\u00e5 personer f\u00f6r att garantera en snabb uppbyggnadstid<\/li>\n<li> Vid montering p\u00e5 tr\u00e4v\u00e4ggar beh\u00f6ver du extra tr\u00e4skruvar<\/li>\n<\/ul>\n<p> Tekniska data:<\/p>\n<ul>\n<li> F\u00e4rg: Gr\u00e5+Transparent<\/li>\n<li> Material: Polykarbonat, Aluminium, Plast<\/li>\n<li> Totala dimensioner: 110L x 60B x 18H cm<\/li>\n<li> V\u00e4ggf\u00e4stets dimensioner: 60L x 20H cm<\/li>\n<li> Notera:1. Beroende p\u00e5 ljusk\u00e4llor eller inst\u00e4llningar p\u00e5 din sk\u00e4rm kan produktens f\u00e4rg variera n\u00e5got<\/li>\n<li>2. Entr\u00e9taket \u00e4r inte l\u00e4mpligt f\u00f6r omr\u00e5den med stark vind<\/li>\n<li>3. Var noga med att din d\u00f6rr eller ditt f\u00f6nster passar till markisens storlek. Montera markisen minst 30 cm h\u00f6gre f\u00f6r att inte blockera \u00f6ppningen<\/li>\n<\/ul>\n<p>Leveransinneh\u00e5ll:<\/p>\n<ul>\n<li> 1 x D\u00f6rr entr\u00e9tak<\/li>\n<li> 1 x Manual<\/li>\n<\/ul>\n","protected":false},"excerpt":{"rendered":"<p>Mottag dina g\u00e4ster med stil med ett skyddande entr\u00e9tak! V\u00e5rt transparenta tak f\u00f6r entr\u00e9omr\u00e5den fr\u00e5n TRUUSK erbjuder inte bara skydd&#8230;<\/p>\n","protected":false},"featured_media":85028,"template":"","meta":[],"product_brand":[],"product_cat":[867,868,963],"product_tag":[],"class_list":{"0":"post-85043","1":"product","2":"type-product","3":"status-publish","4":"has-post-thumbnail","6":"product_cat-byggmarknad","7":"product_cat-entretak","8":"product_cat-runt-om-huset","10":"first","11":"instock","12":"sale","13":"taxable","14":"shipping-taxable","15":"purchasable","16":"product-type-simple"},"yoast_head":"<!-- This site is optimized with the Yoast SEO plugin v25.4 - https:\/\/yoast.com\/wordpress\/plugins\/seo\/ -->\n<title>TRUUSK D\u00f6rr\u00f6verbyggnad - Skydd Mot Regn, Vind, Hagel - Polykarbonat &amp; Aluminium - 110 x 60 x 18 cm - Gr\u00e5 - TRUUSK - Hem, Tr\u00e4dg\u00e5rd &amp; Fritid<\/title>\n<meta name=\"robots\" content=\"index, follow, max-snippet:-1, max-image-preview:large, max-video-preview:-1\" \/>\n<link rel=\"canonical\" href=\"https:\/\/truusk.store\/sv\/produkt\/truusk-dorroverbyggnad-skydd-mot-regn-vind-hagel-polykarbonat-aluminium-110-x-60-x-18-cm-gra\/\" \/>\n<meta property=\"og:locale\" content=\"sv_SE\" \/>\n<meta property=\"og:type\" content=\"article\" \/>\n<meta property=\"og:title\" content=\"TRUUSK D\u00f6rr\u00f6verbyggnad - Skydd Mot Regn, Vind, Hagel - Polykarbonat &amp; Aluminium - 110 x 60 x 18 cm - Gr\u00e5 - TRUUSK - Hem, Tr\u00e4dg\u00e5rd &amp; Fritid\" \/>\n<meta property=\"og:description\" content=\"Mottag dina g\u00e4ster med stil med ett skyddande entr\u00e9tak! V\u00e5rt transparenta tak f\u00f6r entr\u00e9omr\u00e5den fr\u00e5n TRUUSK erbjuder inte bara skydd...\" \/>\n<meta property=\"og:url\" content=\"https:\/\/truusk.store\/sv\/produkt\/truusk-dorroverbyggnad-skydd-mot-regn-vind-hagel-polykarbonat-aluminium-110-x-60-x-18-cm-gra\/\" \/>\n<meta property=\"og:site_name\" content=\"TRUUSK - Hem, Tr\u00e4dg\u00e5rd &amp; Fritid\" \/>\n<meta property=\"article:modified_time\" content=\"2026-03-12T08:13:13+00:00\" \/>\n<meta property=\"og:image\" content=\"https:\/\/i0.wp.com\/truusk.se\/wp-content\/uploads\/2025\/08\/dorroverbyggnad-skydd-mot-regn-vind-och-hagel-polykarbonat-aluminium-110-x-60-x-18-cm-gra-1.webp?fit=2000%2C2000&ssl=1\" \/>\n\t<meta property=\"og:image:width\" content=\"2000\" \/>\n\t<meta property=\"og:image:height\" content=\"2000\" \/>\n\t<meta property=\"og:image:type\" content=\"image\/webp\" \/>\n<meta name=\"twitter:card\" content=\"summary_large_image\" \/>\n<meta name=\"twitter:label1\" content=\"Ber\u00e4knad l\u00e4stid\" \/>\n\t<meta name=\"twitter:data1\" content=\"1 minut\" \/>\n<!-- \/ Yoast SEO plugin. -->","yoast_head_json":{"title":"TRUUSK D\u00f6rr\u00f6verbyggnad - Skydd Mot Regn, Vind, Hagel - Polykarbonat &amp; Aluminium - 110 x 60 x 18 cm - Gr\u00e5 - TRUUSK - Hem, Tr\u00e4dg\u00e5rd &amp; Fritid","robots":{"index":"index","follow":"follow","max-snippet":"max-snippet:-1","max-image-preview":"max-image-preview:large","max-video-preview":"max-video-preview:-1"},"canonical":"https:\/\/truusk.store\/sv\/produkt\/truusk-dorroverbyggnad-skydd-mot-regn-vind-hagel-polykarbonat-aluminium-110-x-60-x-18-cm-gra\/","og_locale":"sv_SE","og_type":"article","og_title":"TRUUSK D\u00f6rr\u00f6verbyggnad - Skydd Mot Regn, Vind, Hagel - Polykarbonat &amp; Aluminium - 110 x 60 x 18 cm - Gr\u00e5 - TRUUSK - Hem, Tr\u00e4dg\u00e5rd &amp; Fritid","og_description":"Mottag dina g\u00e4ster med stil med ett skyddande entr\u00e9tak! V\u00e5rt transparenta tak f\u00f6r entr\u00e9omr\u00e5den fr\u00e5n TRUUSK erbjuder inte bara skydd...","og_url":"https:\/\/truusk.store\/sv\/produkt\/truusk-dorroverbyggnad-skydd-mot-regn-vind-hagel-polykarbonat-aluminium-110-x-60-x-18-cm-gra\/","og_site_name":"TRUUSK - Hem, Tr\u00e4dg\u00e5rd &amp; Fritid","article_modified_time":"2026-03-12T08:13:13+00:00","og_image":[{"width":2000,"height":2000,"url":"https:\/\/i0.wp.com\/truusk.se\/wp-content\/uploads\/2025\/08\/dorroverbyggnad-skydd-mot-regn-vind-och-hagel-polykarbonat-aluminium-110-x-60-x-18-cm-gra-1.webp?fit=2000%2C2000&ssl=1","type":"image\/webp"}],"twitter_card":"summary_large_image","twitter_misc":{"Ber\u00e4knad l\u00e4stid":"1 minut"},"schema":{"@context":"https:\/\/schema.org","@graph":[{"@type":"WebPage","@id":"https:\/\/truusk.store\/sv\/produkt\/truusk-dorroverbyggnad-skydd-mot-regn-vind-hagel-polykarbonat-aluminium-110-x-60-x-18-cm-gra\/","url":"https:\/\/truusk.store\/sv\/produkt\/truusk-dorroverbyggnad-skydd-mot-regn-vind-hagel-polykarbonat-aluminium-110-x-60-x-18-cm-gra\/","name":"TRUUSK D\u00f6rr\u00f6verbyggnad - Skydd Mot Regn, Vind, Hagel - Polykarbonat &amp; Aluminium - 110 x 60 x 18 cm - Gr\u00e5 - TRUUSK - Hem, Tr\u00e4dg\u00e5rd &amp; Fritid","isPartOf":{"@id":"https:\/\/truusk.store\/sv\/#website"},"primaryImageOfPage":{"@id":"https:\/\/truusk.store\/sv\/produkt\/truusk-dorroverbyggnad-skydd-mot-regn-vind-hagel-polykarbonat-aluminium-110-x-60-x-18-cm-gra\/#primaryimage"},"image":{"@id":"https:\/\/truusk.store\/sv\/produkt\/truusk-dorroverbyggnad-skydd-mot-regn-vind-hagel-polykarbonat-aluminium-110-x-60-x-18-cm-gra\/#primaryimage"},"thumbnailUrl":"https:\/\/i0.wp.com\/truusk.store\/wp-content\/uploads\/2025\/08\/dorroverbyggnad-skydd-mot-regn-vind-och-hagel-polykarbonat-aluminium-110-x-60-x-18-cm-gra-1.webp?fit=2000%2C2000&ssl=1","datePublished":"2025-08-06T11:30:44+00:00","dateModified":"2026-03-12T08:13:13+00:00","breadcrumb":{"@id":"https:\/\/truusk.store\/sv\/produkt\/truusk-dorroverbyggnad-skydd-mot-regn-vind-hagel-polykarbonat-aluminium-110-x-60-x-18-cm-gra\/#breadcrumb"},"inLanguage":"sv-SE","potentialAction":[{"@type":"ReadAction","target":["https:\/\/truusk.store\/sv\/produkt\/truusk-dorroverbyggnad-skydd-mot-regn-vind-hagel-polykarbonat-aluminium-110-x-60-x-18-cm-gra\/"]}]},{"@type":"ImageObject","inLanguage":"sv-SE","@id":"https:\/\/truusk.store\/sv\/produkt\/truusk-dorroverbyggnad-skydd-mot-regn-vind-hagel-polykarbonat-aluminium-110-x-60-x-18-cm-gra\/#primaryimage","url":"https:\/\/i0.wp.com\/truusk.store\/wp-content\/uploads\/2025\/08\/dorroverbyggnad-skydd-mot-regn-vind-och-hagel-polykarbonat-aluminium-110-x-60-x-18-cm-gra-1.webp?fit=2000%2C2000&ssl=1","contentUrl":"https:\/\/i0.wp.com\/truusk.store\/wp-content\/uploads\/2025\/08\/dorroverbyggnad-skydd-mot-regn-vind-och-hagel-polykarbonat-aluminium-110-x-60-x-18-cm-gra-1.webp?fit=2000%2C2000&ssl=1","width":2000,"height":2000},{"@type":"BreadcrumbList","@id":"https:\/\/truusk.store\/sv\/produkt\/truusk-dorroverbyggnad-skydd-mot-regn-vind-hagel-polykarbonat-aluminium-110-x-60-x-18-cm-gra\/#breadcrumb","itemListElement":[{"@type":"ListItem","position":1,"name":"Home","item":"https:\/\/truusk.store\/sv\/"},{"@type":"ListItem","position":2,"name":"Shop","item":"https:\/\/truusk.store\/shop\/"},{"@type":"ListItem","position":3,"name":"TRUUSK D\u00f6rr\u00f6verbyggnad &#8211; Skydd Mot Regn, Vind, Hagel &#8211; Polykarbonat &amp; Aluminium &#8211; 110 x 60 x 18 cm &#8211; Gr\u00e5"}]},{"@type":"WebSite","@id":"https:\/\/truusk.store\/sv\/#website","url":"https:\/\/truusk.store\/sv\/","name":"TRUUSK - Hem, Tr\u00e4dg\u00e5rd & Fritid","description":"","publisher":{"@id":"https:\/\/truusk.store\/sv\/#organization"},"potentialAction":[{"@type":"SearchAction","target":{"@type":"EntryPoint","urlTemplate":"https:\/\/truusk.store\/sv\/?s={search_term_string}"},"query-input":{"@type":"PropertyValueSpecification","valueRequired":true,"valueName":"search_term_string"}}],"inLanguage":"sv-SE"},{"@type":"Organization","@id":"https:\/\/truusk.store\/sv\/#organization","name":"TRUUSK - Hem, Tr\u00e4dg\u00e5rd & Fritid","url":"https:\/\/truusk.store\/sv\/","logo":{"@type":"ImageObject","inLanguage":"sv-SE","@id":"https:\/\/truusk.store\/sv\/#\/schema\/logo\/image\/","url":"https:\/\/i0.wp.com\/truusk.store\/wp-content\/uploads\/2026\/03\/cropped-TRUUSK.png?fit=2032%2C917&ssl=1","contentUrl":"https:\/\/i0.wp.com\/truusk.store\/wp-content\/uploads\/2026\/03\/cropped-TRUUSK.png?fit=2032%2C917&ssl=1","width":2032,"height":917,"caption":"TRUUSK - Hem, Tr\u00e4dg\u00e5rd & Fritid"},"image":{"@id":"https:\/\/truusk.store\/sv\/#\/schema\/logo\/image\/"}}]}},"jetpack_sharing_enabled":true,"_links":{"self":[{"href":"https:\/\/truusk.store\/sv\/wp-json\/wp\/v2\/product\/85043","targetHints":{"allow":["GET"]}}],"collection":[{"href":"https:\/\/truusk.store\/sv\/wp-json\/wp\/v2\/product"}],"about":[{"href":"https:\/\/truusk.store\/sv\/wp-json\/wp\/v2\/types\/product"}],"wp:featuredmedia":[{"embeddable":true,"href":"https:\/\/truusk.store\/sv\/wp-json\/wp\/v2\/media\/85028"}],"wp:attachment":[{"href":"https:\/\/truusk.store\/sv\/wp-json\/wp\/v2\/media?parent=85043"}],"wp:term":[{"taxonomy":"product_brand","embeddable":true,"href":"https:\/\/truusk.store\/sv\/wp-json\/wp\/v2\/product_brand?post=85043"},{"taxonomy":"product_cat","embeddable":true,"href":"https:\/\/truusk.store\/sv\/wp-json\/wp\/v2\/product_cat?post=85043"},{"taxonomy":"product_tag","embeddable":true,"href":"https:\/\/truusk.store\/sv\/wp-json\/wp\/v2\/product_tag?post=85043"}],"curies":[{"name":"wp","href":"https:\/\/api.w.org\/{rel}","templated":true}]}}