{"id":85093,"date":"2025-08-06T12:38:28","date_gmt":"2025-08-06T11:38:28","guid":{"rendered":"https:\/\/truusk.store\/product\/projektor-duk-projektionsduk-169-84-tum-fjarrkontroll-motor\/"},"modified":"2026-03-12T09:35:16","modified_gmt":"2026-03-12T08:35:16","slug":"truusk-projektor-duk-169-84-tum-fjarrkontroll-motor-perfekt-for-hemmabio-svart","status":"publish","type":"product","link":"https:\/\/truusk.store\/sv\/produkt\/truusk-projektor-duk-169-84-tum-fjarrkontroll-motor-perfekt-for-hemmabio-svart\/","title":{"rendered":"TRUUSK Projektor Duk 16:9 &#8211; 84 Tum &#8211; Fj\u00e4rrkontroll &#8211; Motor &#8211; Perfekt f\u00f6r Hemmabio &#8211; Svart"},"content":{"rendered":"<p>Upplev perfekta presentationer med den elektriska projektorduken fr\u00e5n TRUUSK. Enkel \u00f6ppning och st\u00e4ngning tack vare det motoriserade systemet, styrbart med fj\u00e4rrkontroll eller manuell panel. Denna 84-tums projektorduk med 160-graders kurva och svart bakgrund ger utm\u00e4rkt sikt, oavsett om det g\u00e4ller filmer eller presentationer.<\/p>\n<p>Beskrivning:<\/p>\n<ul>\n<li> Projektorduk 84&#8243; med ett bildf\u00f6rh\u00e5llande p\u00e5 16:9 och en betraktningsvinkel p\u00e5 160\u00b0<\/li>\n<li> 2 installationsl\u00e4gen: v\u00e4gg- eller takmontering<\/li>\n<li> Svart bakgrundsmaterial som f\u00f6rhindrar ljusintr\u00e5ng och garanterar optimal sikt<\/li>\n<li> Motoriserad rullgardinsduk, styrbart med fj\u00e4rrkontroll eller via kontrollpanelen<\/li>\n<li> Montering kr\u00e4vs<\/li>\n<\/ul>\n<p> Tekniska data:<\/p>\n<ul>\n<li> F\u00e4rg: Vit<\/li>\n<li> Material: Plast, Metall<\/li>\n<li> Totala dimensioner: 215L x 8B x 140H cm<\/li>\n<li> Sk\u00e4rmstorlek: 186L x 105H cm<\/li>\n<li> F\u00f6rh\u00e5llande: 16:9<\/li>\n<li> L\u00e4ngd p\u00e5 metall\u00f6verdrag: 215 cm<\/li>\n<li> \u00c5terdragningshastighet: 15R\/min<\/li>\n<li> Storlek p\u00e5 svart kant: 3 cm (h\u00f6ger och v\u00e4nster)<\/li>\n<li> Kabell\u00e4ngd: 2,1 m<\/li>\n<li> Sp\u00e4nning 230V\/50HZ<\/li>\n<li>Effekt: 25W<\/li>\n<\/ul>\n<p>Leveransinneh\u00e5ll:<\/p>\n<ul>\n<li> 1 x Projektorduk<\/li>\n<li> 1 x Manual<\/li>\n<\/ul>\n","protected":false},"excerpt":{"rendered":"<p>Upplev perfekta presentationer med den elektriska projektorduken fr\u00e5n TRUUSK. Enkel \u00f6ppning och st\u00e4ngning tack vare det motoriserade systemet, styrbart med&#8230;<\/p>\n","protected":false},"featured_media":85083,"template":"","meta":[],"product_brand":[],"product_cat":[867,963],"product_tag":[],"class_list":{"0":"post-85093","1":"product","2":"type-product","3":"status-publish","4":"has-post-thumbnail","6":"product_cat-byggmarknad","7":"product_cat-runt-om-huset","9":"first","10":"instock","11":"sale","12":"taxable","13":"shipping-taxable","14":"purchasable","15":"product-type-simple"},"yoast_head":"<!-- This site is optimized with the Yoast SEO plugin v25.4 - https:\/\/yoast.com\/wordpress\/plugins\/seo\/ -->\n<title>TRUUSK Projektor Duk 16:9 - 84 Tum - Fj\u00e4rrkontroll - Motor - Perfekt f\u00f6r Hemmabio - Svart - TRUUSK - Hem, Tr\u00e4dg\u00e5rd &amp; Fritid<\/title>\n<meta name=\"robots\" content=\"index, follow, max-snippet:-1, max-image-preview:large, max-video-preview:-1\" \/>\n<link rel=\"canonical\" href=\"https:\/\/truusk.store\/sv\/produkt\/truusk-projektor-duk-169-84-tum-fjarrkontroll-motor-perfekt-for-hemmabio-svart\/\" \/>\n<meta property=\"og:locale\" content=\"sv_SE\" \/>\n<meta property=\"og:type\" content=\"article\" \/>\n<meta property=\"og:title\" content=\"TRUUSK Projektor Duk 16:9 - 84 Tum - Fj\u00e4rrkontroll - Motor - Perfekt f\u00f6r Hemmabio - Svart - TRUUSK - Hem, Tr\u00e4dg\u00e5rd &amp; Fritid\" \/>\n<meta property=\"og:description\" content=\"Upplev perfekta presentationer med den elektriska projektorduken fr\u00e5n TRUUSK. Enkel \u00f6ppning och st\u00e4ngning tack vare det motoriserade systemet, styrbart med...\" \/>\n<meta property=\"og:url\" content=\"https:\/\/truusk.store\/sv\/produkt\/truusk-projektor-duk-169-84-tum-fjarrkontroll-motor-perfekt-for-hemmabio-svart\/\" \/>\n<meta property=\"og:site_name\" content=\"TRUUSK - Hem, Tr\u00e4dg\u00e5rd &amp; Fritid\" \/>\n<meta property=\"article:modified_time\" content=\"2026-03-12T08:35:16+00:00\" \/>\n<meta property=\"og:image\" content=\"https:\/\/i0.wp.com\/truusk.se\/wp-content\/uploads\/2025\/08\/projektor-duk-projektionsduk-169-84-tum-fjarrkontroll-motor-1.webp?fit=2000%2C2000&ssl=1\" \/>\n\t<meta property=\"og:image:width\" content=\"2000\" \/>\n\t<meta property=\"og:image:height\" content=\"2000\" \/>\n\t<meta property=\"og:image:type\" content=\"image\/webp\" \/>\n<meta name=\"twitter:card\" content=\"summary_large_image\" \/>\n<meta name=\"twitter:label1\" content=\"Ber\u00e4knad l\u00e4stid\" \/>\n\t<meta name=\"twitter:data1\" content=\"1 minut\" \/>\n<!-- \/ Yoast SEO plugin. -->","yoast_head_json":{"title":"TRUUSK Projektor Duk 16:9 - 84 Tum - Fj\u00e4rrkontroll - Motor - Perfekt f\u00f6r Hemmabio - Svart - TRUUSK - Hem, Tr\u00e4dg\u00e5rd &amp; Fritid","robots":{"index":"index","follow":"follow","max-snippet":"max-snippet:-1","max-image-preview":"max-image-preview:large","max-video-preview":"max-video-preview:-1"},"canonical":"https:\/\/truusk.store\/sv\/produkt\/truusk-projektor-duk-169-84-tum-fjarrkontroll-motor-perfekt-for-hemmabio-svart\/","og_locale":"sv_SE","og_type":"article","og_title":"TRUUSK Projektor Duk 16:9 - 84 Tum - Fj\u00e4rrkontroll - Motor - Perfekt f\u00f6r Hemmabio - Svart - TRUUSK - Hem, Tr\u00e4dg\u00e5rd &amp; Fritid","og_description":"Upplev perfekta presentationer med den elektriska projektorduken fr\u00e5n TRUUSK. Enkel \u00f6ppning och st\u00e4ngning tack vare det motoriserade systemet, styrbart med...","og_url":"https:\/\/truusk.store\/sv\/produkt\/truusk-projektor-duk-169-84-tum-fjarrkontroll-motor-perfekt-for-hemmabio-svart\/","og_site_name":"TRUUSK - Hem, Tr\u00e4dg\u00e5rd &amp; Fritid","article_modified_time":"2026-03-12T08:35:16+00:00","og_image":[{"width":2000,"height":2000,"url":"https:\/\/i0.wp.com\/truusk.se\/wp-content\/uploads\/2025\/08\/projektor-duk-projektionsduk-169-84-tum-fjarrkontroll-motor-1.webp?fit=2000%2C2000&ssl=1","type":"image\/webp"}],"twitter_card":"summary_large_image","twitter_misc":{"Ber\u00e4knad l\u00e4stid":"1 minut"},"schema":{"@context":"https:\/\/schema.org","@graph":[{"@type":"WebPage","@id":"https:\/\/truusk.store\/sv\/produkt\/truusk-projektor-duk-169-84-tum-fjarrkontroll-motor-perfekt-for-hemmabio-svart\/","url":"https:\/\/truusk.store\/sv\/produkt\/truusk-projektor-duk-169-84-tum-fjarrkontroll-motor-perfekt-for-hemmabio-svart\/","name":"TRUUSK Projektor Duk 16:9 - 84 Tum - Fj\u00e4rrkontroll - Motor - Perfekt f\u00f6r Hemmabio - Svart - TRUUSK - Hem, Tr\u00e4dg\u00e5rd &amp; Fritid","isPartOf":{"@id":"https:\/\/truusk.store\/sv\/#website"},"primaryImageOfPage":{"@id":"https:\/\/truusk.store\/sv\/produkt\/truusk-projektor-duk-169-84-tum-fjarrkontroll-motor-perfekt-for-hemmabio-svart\/#primaryimage"},"image":{"@id":"https:\/\/truusk.store\/sv\/produkt\/truusk-projektor-duk-169-84-tum-fjarrkontroll-motor-perfekt-for-hemmabio-svart\/#primaryimage"},"thumbnailUrl":"https:\/\/i0.wp.com\/truusk.store\/wp-content\/uploads\/2025\/08\/projektor-duk-projektionsduk-169-84-tum-fjarrkontroll-motor-1.webp?fit=2000%2C2000&ssl=1","datePublished":"2025-08-06T11:38:28+00:00","dateModified":"2026-03-12T08:35:16+00:00","breadcrumb":{"@id":"https:\/\/truusk.store\/sv\/produkt\/truusk-projektor-duk-169-84-tum-fjarrkontroll-motor-perfekt-for-hemmabio-svart\/#breadcrumb"},"inLanguage":"sv-SE","potentialAction":[{"@type":"ReadAction","target":["https:\/\/truusk.store\/sv\/produkt\/truusk-projektor-duk-169-84-tum-fjarrkontroll-motor-perfekt-for-hemmabio-svart\/"]}]},{"@type":"ImageObject","inLanguage":"sv-SE","@id":"https:\/\/truusk.store\/sv\/produkt\/truusk-projektor-duk-169-84-tum-fjarrkontroll-motor-perfekt-for-hemmabio-svart\/#primaryimage","url":"https:\/\/i0.wp.com\/truusk.store\/wp-content\/uploads\/2025\/08\/projektor-duk-projektionsduk-169-84-tum-fjarrkontroll-motor-1.webp?fit=2000%2C2000&ssl=1","contentUrl":"https:\/\/i0.wp.com\/truusk.store\/wp-content\/uploads\/2025\/08\/projektor-duk-projektionsduk-169-84-tum-fjarrkontroll-motor-1.webp?fit=2000%2C2000&ssl=1","width":2000,"height":2000},{"@type":"BreadcrumbList","@id":"https:\/\/truusk.store\/sv\/produkt\/truusk-projektor-duk-169-84-tum-fjarrkontroll-motor-perfekt-for-hemmabio-svart\/#breadcrumb","itemListElement":[{"@type":"ListItem","position":1,"name":"Home","item":"https:\/\/truusk.store\/sv\/"},{"@type":"ListItem","position":2,"name":"Shop","item":"https:\/\/truusk.store\/shop\/"},{"@type":"ListItem","position":3,"name":"TRUUSK Projektor Duk 16:9 &#8211; 84 Tum &#8211; Fj\u00e4rrkontroll &#8211; Motor &#8211; Perfekt f\u00f6r Hemmabio &#8211; Svart"}]},{"@type":"WebSite","@id":"https:\/\/truusk.store\/sv\/#website","url":"https:\/\/truusk.store\/sv\/","name":"TRUUSK - Hem, Tr\u00e4dg\u00e5rd & Fritid","description":"","publisher":{"@id":"https:\/\/truusk.store\/sv\/#organization"},"potentialAction":[{"@type":"SearchAction","target":{"@type":"EntryPoint","urlTemplate":"https:\/\/truusk.store\/sv\/?s={search_term_string}"},"query-input":{"@type":"PropertyValueSpecification","valueRequired":true,"valueName":"search_term_string"}}],"inLanguage":"sv-SE"},{"@type":"Organization","@id":"https:\/\/truusk.store\/sv\/#organization","name":"TRUUSK - Hem, Tr\u00e4dg\u00e5rd & Fritid","url":"https:\/\/truusk.store\/sv\/","logo":{"@type":"ImageObject","inLanguage":"sv-SE","@id":"https:\/\/truusk.store\/sv\/#\/schema\/logo\/image\/","url":"https:\/\/i0.wp.com\/truusk.store\/wp-content\/uploads\/2026\/03\/cropped-TRUUSK.png?fit=2032%2C917&ssl=1","contentUrl":"https:\/\/i0.wp.com\/truusk.store\/wp-content\/uploads\/2026\/03\/cropped-TRUUSK.png?fit=2032%2C917&ssl=1","width":2032,"height":917,"caption":"TRUUSK - Hem, Tr\u00e4dg\u00e5rd & Fritid"},"image":{"@id":"https:\/\/truusk.store\/sv\/#\/schema\/logo\/image\/"}}]}},"jetpack_sharing_enabled":true,"_links":{"self":[{"href":"https:\/\/truusk.store\/sv\/wp-json\/wp\/v2\/product\/85093","targetHints":{"allow":["GET"]}}],"collection":[{"href":"https:\/\/truusk.store\/sv\/wp-json\/wp\/v2\/product"}],"about":[{"href":"https:\/\/truusk.store\/sv\/wp-json\/wp\/v2\/types\/product"}],"wp:featuredmedia":[{"embeddable":true,"href":"https:\/\/truusk.store\/sv\/wp-json\/wp\/v2\/media\/85083"}],"wp:attachment":[{"href":"https:\/\/truusk.store\/sv\/wp-json\/wp\/v2\/media?parent=85093"}],"wp:term":[{"taxonomy":"product_brand","embeddable":true,"href":"https:\/\/truusk.store\/sv\/wp-json\/wp\/v2\/product_brand?post=85093"},{"taxonomy":"product_cat","embeddable":true,"href":"https:\/\/truusk.store\/sv\/wp-json\/wp\/v2\/product_cat?post=85093"},{"taxonomy":"product_tag","embeddable":true,"href":"https:\/\/truusk.store\/sv\/wp-json\/wp\/v2\/product_tag?post=85093"}],"curies":[{"name":"wp","href":"https:\/\/api.w.org\/{rel}","templated":true}]}}