{"id":85123,"date":"2025-08-06T12:42:30","date_gmt":"2025-08-06T11:42:30","guid":{"rendered":"https:\/\/truusk.store\/product\/skrivbordsvagn-med-hjul-skrivbordsstall-med-3-nivaer-skrivbordshallare-i-stal-50-x-50-x-525-cm\/"},"modified":"2026-03-12T09:39:33","modified_gmt":"2026-03-12T08:39:33","slug":"truusk-skrivbordsvagn-med-hjul-3-nivaer-stal-50-x-50-x-525-cm","status":"publish","type":"product","link":"https:\/\/truusk.store\/sv\/produkt\/truusk-skrivbordsvagn-med-hjul-3-nivaer-stal-50-x-50-x-525-cm\/","title":{"rendered":"TRUUSK Skrivbordsvagn med hjul &#8211; 3 niv\u00e5er &#8211; St\u00e5l &#8211; 50 x 50 x 52,5 cm"},"content":{"rendered":"<p>Optimera ditt hemmakontor med TRUUSK skrivbordsst\u00e4ll: En kompakt, trestegsdesign som samlar arbetsmaterial och enheter p\u00e5 ett \u00f6versk\u00e5dligt s\u00e4tt. Den robusta st\u00e5lramen med hjul och tv\u00e5 l\u00e5sbromsar p\u00e5 skrivbordsst\u00e4llet m\u00f6jligg\u00f6r enkel f\u00f6rflyttning och s\u00e4ker st\u00e5nd d\u00e4r det beh\u00f6vs.<\/p>\n<p>Beskrivning:<\/p>\n<ul>\n<li> Tre hyllor p\u00e5 skrivbordsvagnen erbjuder gott om lagringsutrymme f\u00f6r kontorsmaterial<\/li>\n<li> Fyra hjul p\u00e5 kontorsbeh\u00e5llaren f\u00f6r enkel r\u00f6rlighet. Tv\u00e5 av dem med bromsar<\/li>\n<li> Glider under skrivbordet f\u00f6r att spara utrymme<\/li>\n<li> St\u00e5lramen inneb\u00e4r en stark, st\u00f6djande k\u00e4rna. L\u00e4tt att torka av<\/li>\n<li> Melaminbelagt sp\u00e5nskivematerial p\u00e5 kontorsbeh\u00e5llaren \u00e4r rep- och fl\u00e4ckresistent<\/li>\n<li> Maximal belastning 18 kg, montering kr\u00e4vs<\/li>\n<\/ul>\n<p> Tekniska data:<\/p>\n<ul>\n<li> F\u00e4rg: Vit<\/li>\n<li> Material: Sp\u00e5nskiva, St\u00e5l<\/li>\n<li> Totala dimensioner: 50L x 50B x 52,5H cm<\/li>\n<li> Hyllstorlek: 44B x 40T x 20,5H cm<\/li>\n<li> Golv till golv h\u00f6jd: 6,5 cm<\/li>\n<li> Belastningskapacitet: 18 kg (totalt), 8 kg (\u00f6vre), 5 kg (hylla)<\/li>\n<li> Artikelnummer: 924-090V00WT<\/li>\n<\/ul>\n<p>Leveransinneh\u00e5ll:<\/p>\n<ul>\n<li> 1 x Skrivbordsst\u00e4ll<\/li>\n<li> 1 x Handbok<\/li>\n<\/ul>\n","protected":false},"excerpt":{"rendered":"<p>Optimera ditt hemmakontor med TRUUSK skrivbordsst\u00e4ll: En kompakt, trestegsdesign som samlar arbetsmaterial och enheter p\u00e5 ett \u00f6versk\u00e5dligt s\u00e4tt. Den robusta&#8230;<\/p>\n","protected":false},"featured_media":85114,"template":"","meta":[],"product_brand":[],"product_cat":[978,872,964],"product_tag":[],"class_list":{"0":"post-85123","1":"product","2":"type-product","3":"status-publish","4":"has-post-thumbnail","6":"product_cat-arkivskap-rullande-behallare","7":"product_cat-hemmakontor-arbetsplats","8":"product_cat-hus-boende","10":"first","11":"instock","12":"sale","13":"taxable","14":"shipping-taxable","15":"purchasable","16":"product-type-simple"},"yoast_head":"<!-- This site is optimized with the Yoast SEO plugin v25.4 - https:\/\/yoast.com\/wordpress\/plugins\/seo\/ -->\n<title>TRUUSK Skrivbordsvagn med hjul - 3 niv\u00e5er - St\u00e5l - 50 x 50 x 52,5 cm - TRUUSK - Hem, Tr\u00e4dg\u00e5rd &amp; Fritid<\/title>\n<meta name=\"robots\" content=\"index, follow, max-snippet:-1, max-image-preview:large, max-video-preview:-1\" \/>\n<link rel=\"canonical\" href=\"https:\/\/truusk.store\/sv\/produkt\/truusk-skrivbordsvagn-med-hjul-3-nivaer-stal-50-x-50-x-525-cm\/\" \/>\n<meta property=\"og:locale\" content=\"sv_SE\" \/>\n<meta property=\"og:type\" content=\"article\" \/>\n<meta property=\"og:title\" content=\"TRUUSK Skrivbordsvagn med hjul - 3 niv\u00e5er - St\u00e5l - 50 x 50 x 52,5 cm - TRUUSK - Hem, Tr\u00e4dg\u00e5rd &amp; Fritid\" \/>\n<meta property=\"og:description\" content=\"Optimera ditt hemmakontor med TRUUSK skrivbordsst\u00e4ll: En kompakt, trestegsdesign som samlar arbetsmaterial och enheter p\u00e5 ett \u00f6versk\u00e5dligt s\u00e4tt. Den robusta...\" \/>\n<meta property=\"og:url\" content=\"https:\/\/truusk.store\/sv\/produkt\/truusk-skrivbordsvagn-med-hjul-3-nivaer-stal-50-x-50-x-525-cm\/\" \/>\n<meta property=\"og:site_name\" content=\"TRUUSK - Hem, Tr\u00e4dg\u00e5rd &amp; Fritid\" \/>\n<meta property=\"article:modified_time\" content=\"2026-03-12T08:39:33+00:00\" \/>\n<meta property=\"og:image\" content=\"https:\/\/i0.wp.com\/truusk.se\/wp-content\/uploads\/2025\/08\/skrivbordsvagn-med-hjul-skrivbordsstall-med-3-nivaer-skrivbordshallare-i-stal-50-x-50-x-525-cm-1.webp?fit=2000%2C2000&ssl=1\" \/>\n\t<meta property=\"og:image:width\" content=\"2000\" \/>\n\t<meta property=\"og:image:height\" content=\"2000\" \/>\n\t<meta property=\"og:image:type\" content=\"image\/webp\" \/>\n<meta name=\"twitter:card\" content=\"summary_large_image\" \/>\n<meta name=\"twitter:label1\" content=\"Ber\u00e4knad l\u00e4stid\" \/>\n\t<meta name=\"twitter:data1\" content=\"1 minut\" \/>\n<!-- \/ Yoast SEO plugin. -->","yoast_head_json":{"title":"TRUUSK Skrivbordsvagn med hjul - 3 niv\u00e5er - St\u00e5l - 50 x 50 x 52,5 cm - TRUUSK - Hem, Tr\u00e4dg\u00e5rd &amp; Fritid","robots":{"index":"index","follow":"follow","max-snippet":"max-snippet:-1","max-image-preview":"max-image-preview:large","max-video-preview":"max-video-preview:-1"},"canonical":"https:\/\/truusk.store\/sv\/produkt\/truusk-skrivbordsvagn-med-hjul-3-nivaer-stal-50-x-50-x-525-cm\/","og_locale":"sv_SE","og_type":"article","og_title":"TRUUSK Skrivbordsvagn med hjul - 3 niv\u00e5er - St\u00e5l - 50 x 50 x 52,5 cm - TRUUSK - Hem, Tr\u00e4dg\u00e5rd &amp; Fritid","og_description":"Optimera ditt hemmakontor med TRUUSK skrivbordsst\u00e4ll: En kompakt, trestegsdesign som samlar arbetsmaterial och enheter p\u00e5 ett \u00f6versk\u00e5dligt s\u00e4tt. Den robusta...","og_url":"https:\/\/truusk.store\/sv\/produkt\/truusk-skrivbordsvagn-med-hjul-3-nivaer-stal-50-x-50-x-525-cm\/","og_site_name":"TRUUSK - Hem, Tr\u00e4dg\u00e5rd &amp; Fritid","article_modified_time":"2026-03-12T08:39:33+00:00","og_image":[{"width":2000,"height":2000,"url":"https:\/\/i0.wp.com\/truusk.se\/wp-content\/uploads\/2025\/08\/skrivbordsvagn-med-hjul-skrivbordsstall-med-3-nivaer-skrivbordshallare-i-stal-50-x-50-x-525-cm-1.webp?fit=2000%2C2000&ssl=1","type":"image\/webp"}],"twitter_card":"summary_large_image","twitter_misc":{"Ber\u00e4knad l\u00e4stid":"1 minut"},"schema":{"@context":"https:\/\/schema.org","@graph":[{"@type":"WebPage","@id":"https:\/\/truusk.store\/sv\/produkt\/truusk-skrivbordsvagn-med-hjul-3-nivaer-stal-50-x-50-x-525-cm\/","url":"https:\/\/truusk.store\/sv\/produkt\/truusk-skrivbordsvagn-med-hjul-3-nivaer-stal-50-x-50-x-525-cm\/","name":"TRUUSK Skrivbordsvagn med hjul - 3 niv\u00e5er - St\u00e5l - 50 x 50 x 52,5 cm - TRUUSK - Hem, Tr\u00e4dg\u00e5rd &amp; Fritid","isPartOf":{"@id":"https:\/\/truusk.store\/sv\/#website"},"primaryImageOfPage":{"@id":"https:\/\/truusk.store\/sv\/produkt\/truusk-skrivbordsvagn-med-hjul-3-nivaer-stal-50-x-50-x-525-cm\/#primaryimage"},"image":{"@id":"https:\/\/truusk.store\/sv\/produkt\/truusk-skrivbordsvagn-med-hjul-3-nivaer-stal-50-x-50-x-525-cm\/#primaryimage"},"thumbnailUrl":"https:\/\/i0.wp.com\/truusk.store\/wp-content\/uploads\/2025\/08\/skrivbordsvagn-med-hjul-skrivbordsstall-med-3-nivaer-skrivbordshallare-i-stal-50-x-50-x-525-cm-1.webp?fit=2000%2C2000&ssl=1","datePublished":"2025-08-06T11:42:30+00:00","dateModified":"2026-03-12T08:39:33+00:00","breadcrumb":{"@id":"https:\/\/truusk.store\/sv\/produkt\/truusk-skrivbordsvagn-med-hjul-3-nivaer-stal-50-x-50-x-525-cm\/#breadcrumb"},"inLanguage":"sv-SE","potentialAction":[{"@type":"ReadAction","target":["https:\/\/truusk.store\/sv\/produkt\/truusk-skrivbordsvagn-med-hjul-3-nivaer-stal-50-x-50-x-525-cm\/"]}]},{"@type":"ImageObject","inLanguage":"sv-SE","@id":"https:\/\/truusk.store\/sv\/produkt\/truusk-skrivbordsvagn-med-hjul-3-nivaer-stal-50-x-50-x-525-cm\/#primaryimage","url":"https:\/\/i0.wp.com\/truusk.store\/wp-content\/uploads\/2025\/08\/skrivbordsvagn-med-hjul-skrivbordsstall-med-3-nivaer-skrivbordshallare-i-stal-50-x-50-x-525-cm-1.webp?fit=2000%2C2000&ssl=1","contentUrl":"https:\/\/i0.wp.com\/truusk.store\/wp-content\/uploads\/2025\/08\/skrivbordsvagn-med-hjul-skrivbordsstall-med-3-nivaer-skrivbordshallare-i-stal-50-x-50-x-525-cm-1.webp?fit=2000%2C2000&ssl=1","width":2000,"height":2000},{"@type":"BreadcrumbList","@id":"https:\/\/truusk.store\/sv\/produkt\/truusk-skrivbordsvagn-med-hjul-3-nivaer-stal-50-x-50-x-525-cm\/#breadcrumb","itemListElement":[{"@type":"ListItem","position":1,"name":"Home","item":"https:\/\/truusk.store\/sv\/"},{"@type":"ListItem","position":2,"name":"Shop","item":"https:\/\/truusk.store\/shop\/"},{"@type":"ListItem","position":3,"name":"TRUUSK Skrivbordsvagn med hjul &#8211; 3 niv\u00e5er &#8211; St\u00e5l &#8211; 50 x 50 x 52,5 cm"}]},{"@type":"WebSite","@id":"https:\/\/truusk.store\/sv\/#website","url":"https:\/\/truusk.store\/sv\/","name":"TRUUSK - Hem, Tr\u00e4dg\u00e5rd & Fritid","description":"","publisher":{"@id":"https:\/\/truusk.store\/sv\/#organization"},"potentialAction":[{"@type":"SearchAction","target":{"@type":"EntryPoint","urlTemplate":"https:\/\/truusk.store\/sv\/?s={search_term_string}"},"query-input":{"@type":"PropertyValueSpecification","valueRequired":true,"valueName":"search_term_string"}}],"inLanguage":"sv-SE"},{"@type":"Organization","@id":"https:\/\/truusk.store\/sv\/#organization","name":"TRUUSK - Hem, Tr\u00e4dg\u00e5rd & Fritid","url":"https:\/\/truusk.store\/sv\/","logo":{"@type":"ImageObject","inLanguage":"sv-SE","@id":"https:\/\/truusk.store\/sv\/#\/schema\/logo\/image\/","url":"https:\/\/i0.wp.com\/truusk.store\/wp-content\/uploads\/2026\/03\/cropped-TRUUSK.png?fit=2032%2C917&ssl=1","contentUrl":"https:\/\/i0.wp.com\/truusk.store\/wp-content\/uploads\/2026\/03\/cropped-TRUUSK.png?fit=2032%2C917&ssl=1","width":2032,"height":917,"caption":"TRUUSK - Hem, Tr\u00e4dg\u00e5rd & Fritid"},"image":{"@id":"https:\/\/truusk.store\/sv\/#\/schema\/logo\/image\/"}}]}},"jetpack_sharing_enabled":true,"_links":{"self":[{"href":"https:\/\/truusk.store\/sv\/wp-json\/wp\/v2\/product\/85123","targetHints":{"allow":["GET"]}}],"collection":[{"href":"https:\/\/truusk.store\/sv\/wp-json\/wp\/v2\/product"}],"about":[{"href":"https:\/\/truusk.store\/sv\/wp-json\/wp\/v2\/types\/product"}],"wp:featuredmedia":[{"embeddable":true,"href":"https:\/\/truusk.store\/sv\/wp-json\/wp\/v2\/media\/85114"}],"wp:attachment":[{"href":"https:\/\/truusk.store\/sv\/wp-json\/wp\/v2\/media?parent=85123"}],"wp:term":[{"taxonomy":"product_brand","embeddable":true,"href":"https:\/\/truusk.store\/sv\/wp-json\/wp\/v2\/product_brand?post=85123"},{"taxonomy":"product_cat","embeddable":true,"href":"https:\/\/truusk.store\/sv\/wp-json\/wp\/v2\/product_cat?post=85123"},{"taxonomy":"product_tag","embeddable":true,"href":"https:\/\/truusk.store\/sv\/wp-json\/wp\/v2\/product_tag?post=85123"}],"curies":[{"name":"wp","href":"https:\/\/api.w.org\/{rel}","templated":true}]}}