{"id":85151,"date":"2025-08-06T12:44:38","date_gmt":"2025-08-06T11:44:38","guid":{"rendered":"https:\/\/truusk.store\/product\/projektor-duk-projektionsduk-100-tum-43-203x152-cm-svart\/"},"modified":"2026-03-12T09:41:18","modified_gmt":"2026-03-12T08:41:18","slug":"truusk-projektor-duk-100-tum-43-203x152-cm-svart","status":"publish","type":"product","link":"https:\/\/truusk.store\/sv\/produkt\/truusk-projektor-duk-100-tum-43-203x152-cm-svart\/","title":{"rendered":"TRUUSK Projektor Duk &#8211; 100 Tum &#8211; 4:3 &#8211; 203&#215;152 Cm &#8211; Svart"},"content":{"rendered":"<p>Upplev biograf\u00f6gonblick bekv\u00e4mt hemifr\u00e5n med v\u00e5r h\u00f6gkvalitativa projektor duk. Oavsett om det \u00e4r sp\u00e4nnande filmkv\u00e4llar med familjen eller underh\u00e5llande kv\u00e4llar med v\u00e4nner \u2013 denna motoriserade projektorduk f\u00f6rvandlar varje rum till en biograf. Den \u00e4r ocks\u00e5 idealisk f\u00f6r aff\u00e4rspresentationer eller konferenser. Tack vare sin kompakta design utnyttjar den optimalt det tillg\u00e4ngliga utrymmet. Njut av stor bio utan att l\u00e4mna huset!<\/p>\n<p>Beskrivning:<\/p>\n<ul>\n<li> Praktisk projektorduk f\u00f6r en imponerande visuell upplevelse<\/li>\n<li> Tillverkad av slitstarkt tyg f\u00f6r optimal bildkvalitet<\/li>\n<li> Stabilt metallh\u00f6lje p\u00e5 motorduken garanterar maximal livsl\u00e4ngd f\u00f6r duken<\/li>\n<li> Enkel in- och utf\u00e4llning av duken upp till ett avst\u00e5nd p\u00e5 30 meter med fj\u00e4rrkontroll<\/li>\n<li> Enkel montering med detaljerade monteringsanvisningar<\/li>\n<\/ul>\n<p> Tekniska data:<\/p>\n<ul>\n<li> F\u00e4rg: Svart<\/li>\n<li> Material: N\u00e4ttyg, plast, metall<\/li>\n<li> Storlek p\u00e5 duken: 203B x 152H cm (100 tum)<\/li>\n<li> L\u00e4ngd p\u00e5 metallh\u00f6ljet: 223 cm<\/li>\n<li> R\u00f6relsehastighet: 15 varv\/min<\/li>\n<li> Format: 4:3<\/li>\n<li> Sp\u00e4nning: 230 V<\/li>\n<li> Frekvens: 50 Hz<\/li>\n<li> Effekt: 25 W<\/li>\n<\/ul>\n<p>Leveransinneh\u00e5ll:<\/p>\n<ul>\n<li> 1 x Duk;<\/li>\n<\/ul>\n","protected":false},"excerpt":{"rendered":"<p>Upplev biograf\u00f6gonblick bekv\u00e4mt hemifr\u00e5n med v\u00e5r h\u00f6gkvalitativa projektor duk. Oavsett om det \u00e4r sp\u00e4nnande filmkv\u00e4llar med familjen eller underh\u00e5llande kv\u00e4llar&#8230;<\/p>\n","protected":false},"featured_media":85134,"template":"","meta":[],"product_brand":[],"product_cat":[867,963],"product_tag":[],"class_list":{"0":"post-85151","1":"product","2":"type-product","3":"status-publish","4":"has-post-thumbnail","6":"product_cat-byggmarknad","7":"product_cat-runt-om-huset","9":"first","10":"instock","11":"sale","12":"taxable","13":"shipping-taxable","14":"purchasable","15":"product-type-simple"},"yoast_head":"<!-- This site is optimized with the Yoast SEO plugin v25.4 - https:\/\/yoast.com\/wordpress\/plugins\/seo\/ -->\n<title>TRUUSK Projektor Duk - 100 Tum - 4:3 - 203x152 Cm - Svart - TRUUSK - Hem, Tr\u00e4dg\u00e5rd &amp; Fritid<\/title>\n<meta name=\"robots\" content=\"index, follow, max-snippet:-1, max-image-preview:large, max-video-preview:-1\" \/>\n<link rel=\"canonical\" href=\"https:\/\/truusk.store\/sv\/produkt\/truusk-projektor-duk-100-tum-43-203x152-cm-svart\/\" \/>\n<meta property=\"og:locale\" content=\"sv_SE\" \/>\n<meta property=\"og:type\" content=\"article\" \/>\n<meta property=\"og:title\" content=\"TRUUSK Projektor Duk - 100 Tum - 4:3 - 203x152 Cm - Svart - TRUUSK - Hem, Tr\u00e4dg\u00e5rd &amp; Fritid\" \/>\n<meta property=\"og:description\" content=\"Upplev biograf\u00f6gonblick bekv\u00e4mt hemifr\u00e5n med v\u00e5r h\u00f6gkvalitativa projektor duk. Oavsett om det \u00e4r sp\u00e4nnande filmkv\u00e4llar med familjen eller underh\u00e5llande kv\u00e4llar...\" \/>\n<meta property=\"og:url\" content=\"https:\/\/truusk.store\/sv\/produkt\/truusk-projektor-duk-100-tum-43-203x152-cm-svart\/\" \/>\n<meta property=\"og:site_name\" content=\"TRUUSK - Hem, Tr\u00e4dg\u00e5rd &amp; Fritid\" \/>\n<meta property=\"article:modified_time\" content=\"2026-03-12T08:41:18+00:00\" \/>\n<meta property=\"og:image\" content=\"https:\/\/i0.wp.com\/truusk.se\/wp-content\/uploads\/2025\/08\/projektor-duk-projektionsduk-100-tum-43-203x152-cm-svart-1.webp?fit=2000%2C2000&ssl=1\" \/>\n\t<meta property=\"og:image:width\" content=\"2000\" \/>\n\t<meta property=\"og:image:height\" content=\"2000\" \/>\n\t<meta property=\"og:image:type\" content=\"image\/webp\" \/>\n<meta name=\"twitter:card\" content=\"summary_large_image\" \/>\n<meta name=\"twitter:label1\" content=\"Ber\u00e4knad l\u00e4stid\" \/>\n\t<meta name=\"twitter:data1\" content=\"1 minut\" \/>\n<!-- \/ Yoast SEO plugin. -->","yoast_head_json":{"title":"TRUUSK Projektor Duk - 100 Tum - 4:3 - 203x152 Cm - Svart - TRUUSK - Hem, Tr\u00e4dg\u00e5rd &amp; Fritid","robots":{"index":"index","follow":"follow","max-snippet":"max-snippet:-1","max-image-preview":"max-image-preview:large","max-video-preview":"max-video-preview:-1"},"canonical":"https:\/\/truusk.store\/sv\/produkt\/truusk-projektor-duk-100-tum-43-203x152-cm-svart\/","og_locale":"sv_SE","og_type":"article","og_title":"TRUUSK Projektor Duk - 100 Tum - 4:3 - 203x152 Cm - Svart - TRUUSK - Hem, Tr\u00e4dg\u00e5rd &amp; Fritid","og_description":"Upplev biograf\u00f6gonblick bekv\u00e4mt hemifr\u00e5n med v\u00e5r h\u00f6gkvalitativa projektor duk. Oavsett om det \u00e4r sp\u00e4nnande filmkv\u00e4llar med familjen eller underh\u00e5llande kv\u00e4llar...","og_url":"https:\/\/truusk.store\/sv\/produkt\/truusk-projektor-duk-100-tum-43-203x152-cm-svart\/","og_site_name":"TRUUSK - Hem, Tr\u00e4dg\u00e5rd &amp; Fritid","article_modified_time":"2026-03-12T08:41:18+00:00","og_image":[{"width":2000,"height":2000,"url":"https:\/\/i0.wp.com\/truusk.se\/wp-content\/uploads\/2025\/08\/projektor-duk-projektionsduk-100-tum-43-203x152-cm-svart-1.webp?fit=2000%2C2000&ssl=1","type":"image\/webp"}],"twitter_card":"summary_large_image","twitter_misc":{"Ber\u00e4knad l\u00e4stid":"1 minut"},"schema":{"@context":"https:\/\/schema.org","@graph":[{"@type":"WebPage","@id":"https:\/\/truusk.store\/sv\/produkt\/truusk-projektor-duk-100-tum-43-203x152-cm-svart\/","url":"https:\/\/truusk.store\/sv\/produkt\/truusk-projektor-duk-100-tum-43-203x152-cm-svart\/","name":"TRUUSK Projektor Duk - 100 Tum - 4:3 - 203x152 Cm - Svart - TRUUSK - Hem, Tr\u00e4dg\u00e5rd &amp; Fritid","isPartOf":{"@id":"https:\/\/truusk.store\/sv\/#website"},"primaryImageOfPage":{"@id":"https:\/\/truusk.store\/sv\/produkt\/truusk-projektor-duk-100-tum-43-203x152-cm-svart\/#primaryimage"},"image":{"@id":"https:\/\/truusk.store\/sv\/produkt\/truusk-projektor-duk-100-tum-43-203x152-cm-svart\/#primaryimage"},"thumbnailUrl":"https:\/\/i0.wp.com\/truusk.store\/wp-content\/uploads\/2025\/08\/projektor-duk-projektionsduk-100-tum-43-203x152-cm-svart-1.webp?fit=2000%2C2000&ssl=1","datePublished":"2025-08-06T11:44:38+00:00","dateModified":"2026-03-12T08:41:18+00:00","breadcrumb":{"@id":"https:\/\/truusk.store\/sv\/produkt\/truusk-projektor-duk-100-tum-43-203x152-cm-svart\/#breadcrumb"},"inLanguage":"sv-SE","potentialAction":[{"@type":"ReadAction","target":["https:\/\/truusk.store\/sv\/produkt\/truusk-projektor-duk-100-tum-43-203x152-cm-svart\/"]}]},{"@type":"ImageObject","inLanguage":"sv-SE","@id":"https:\/\/truusk.store\/sv\/produkt\/truusk-projektor-duk-100-tum-43-203x152-cm-svart\/#primaryimage","url":"https:\/\/i0.wp.com\/truusk.store\/wp-content\/uploads\/2025\/08\/projektor-duk-projektionsduk-100-tum-43-203x152-cm-svart-1.webp?fit=2000%2C2000&ssl=1","contentUrl":"https:\/\/i0.wp.com\/truusk.store\/wp-content\/uploads\/2025\/08\/projektor-duk-projektionsduk-100-tum-43-203x152-cm-svart-1.webp?fit=2000%2C2000&ssl=1","width":2000,"height":2000},{"@type":"BreadcrumbList","@id":"https:\/\/truusk.store\/sv\/produkt\/truusk-projektor-duk-100-tum-43-203x152-cm-svart\/#breadcrumb","itemListElement":[{"@type":"ListItem","position":1,"name":"Home","item":"https:\/\/truusk.store\/sv\/"},{"@type":"ListItem","position":2,"name":"Shop","item":"https:\/\/truusk.store\/shop\/"},{"@type":"ListItem","position":3,"name":"TRUUSK Projektor Duk &#8211; 100 Tum &#8211; 4:3 &#8211; 203&#215;152 Cm &#8211; Svart"}]},{"@type":"WebSite","@id":"https:\/\/truusk.store\/sv\/#website","url":"https:\/\/truusk.store\/sv\/","name":"TRUUSK - Hem, Tr\u00e4dg\u00e5rd & Fritid","description":"","publisher":{"@id":"https:\/\/truusk.store\/sv\/#organization"},"potentialAction":[{"@type":"SearchAction","target":{"@type":"EntryPoint","urlTemplate":"https:\/\/truusk.store\/sv\/?s={search_term_string}"},"query-input":{"@type":"PropertyValueSpecification","valueRequired":true,"valueName":"search_term_string"}}],"inLanguage":"sv-SE"},{"@type":"Organization","@id":"https:\/\/truusk.store\/sv\/#organization","name":"TRUUSK - Hem, Tr\u00e4dg\u00e5rd & Fritid","url":"https:\/\/truusk.store\/sv\/","logo":{"@type":"ImageObject","inLanguage":"sv-SE","@id":"https:\/\/truusk.store\/sv\/#\/schema\/logo\/image\/","url":"https:\/\/i0.wp.com\/truusk.store\/wp-content\/uploads\/2026\/03\/cropped-TRUUSK.png?fit=2032%2C917&ssl=1","contentUrl":"https:\/\/i0.wp.com\/truusk.store\/wp-content\/uploads\/2026\/03\/cropped-TRUUSK.png?fit=2032%2C917&ssl=1","width":2032,"height":917,"caption":"TRUUSK - Hem, Tr\u00e4dg\u00e5rd & Fritid"},"image":{"@id":"https:\/\/truusk.store\/sv\/#\/schema\/logo\/image\/"}}]}},"jetpack_sharing_enabled":true,"_links":{"self":[{"href":"https:\/\/truusk.store\/sv\/wp-json\/wp\/v2\/product\/85151","targetHints":{"allow":["GET"]}}],"collection":[{"href":"https:\/\/truusk.store\/sv\/wp-json\/wp\/v2\/product"}],"about":[{"href":"https:\/\/truusk.store\/sv\/wp-json\/wp\/v2\/types\/product"}],"wp:featuredmedia":[{"embeddable":true,"href":"https:\/\/truusk.store\/sv\/wp-json\/wp\/v2\/media\/85134"}],"wp:attachment":[{"href":"https:\/\/truusk.store\/sv\/wp-json\/wp\/v2\/media?parent=85151"}],"wp:term":[{"taxonomy":"product_brand","embeddable":true,"href":"https:\/\/truusk.store\/sv\/wp-json\/wp\/v2\/product_brand?post=85151"},{"taxonomy":"product_cat","embeddable":true,"href":"https:\/\/truusk.store\/sv\/wp-json\/wp\/v2\/product_cat?post=85151"},{"taxonomy":"product_tag","embeddable":true,"href":"https:\/\/truusk.store\/sv\/wp-json\/wp\/v2\/product_tag?post=85151"}],"curies":[{"name":"wp","href":"https:\/\/api.w.org\/{rel}","templated":true}]}}