{"id":85153,"date":"2025-08-06T12:44:45","date_gmt":"2025-08-06T11:44:45","guid":{"rendered":"https:\/\/truusk.store\/product\/pall-rund-teddyfleece-upp-till-120kg-%cf%8640x45h-cm-gron\/"},"modified":"2026-03-12T09:41:19","modified_gmt":"2026-03-12T08:41:19","slug":"truusk-rund-teddyfleece-pall-upp-till-120kg-%cf%8640x45h-cm-gron","status":"publish","type":"product","link":"https:\/\/truusk.store\/sv\/produkt\/truusk-rund-teddyfleece-pall-upp-till-120kg-%cf%8640x45h-cm-gron\/","title":{"rendered":"TRUUSK Rund Teddyfleece Pall &#8211; Upp Till 120kg &#8211; \u03a640x45H Cm &#8211; Gr\u00f6n"},"content":{"rendered":"<p>Ge dina rum en touch av elegans med TRUUSK fotpall! Denna stilfulla, runda ottoman imponerar med sin enkla design med rena linjer och tr\u00e4ben. Komforten av skumvaddering och mjukt \u00f6verdrag g\u00f6r den m\u00e5ngsidigt anv\u00e4ndbar, vare sig det \u00e4r som fotst\u00f6d eller sminkpall. Tack vare den robusta ramen och skyddspadsen f\u00f6rblir dina golv oskadade. Idealisk som en bekv\u00e4m fotst\u00f6d eller extra liten ottoman.<\/p>\n<p>Beskrivning:<\/p>\n<ul>\n<li> Enkel stil med rund form och rena linjer som f\u00f6rb\u00e4ttrar interi\u00f6ren<\/li>\n<li> Tjock skumvaddering och mjukt teddyfleece-\u00f6verdrag p\u00e5 sittkudden ger komfort<\/li>\n<li> Halkfria f\u00f6tter p\u00e5 pallen f\u00f6rhindrar repor p\u00e5 golvet<\/li>\n<li> L\u00e4tt design g\u00f6r det enkelt att flytta<\/li>\n<li> Ingen montering kr\u00e4vs<\/li>\n<\/ul>\n<p> Tekniska data:<\/p>\n<ul>\n<li> F\u00e4rg: Gr\u00f6n<\/li>\n<li> Material: Polyester, skum<\/li>\n<li> Totala dimensioner: \u00d840 x 45H cm<\/li>\n<li> Sitt tjocklek: 4 cm<\/li>\n<li> Belastningskapacitet: 120 kg<\/li>\n<\/ul>\n<p>Leverans:<\/p>\n<ul>\n<li> 1 x Pall<\/li>\n<li> 1 x Manual<\/li>\n<\/ul>\n","protected":false},"excerpt":{"rendered":"<p>Ge dina rum en touch av elegans med TRUUSK fotpall! Denna stilfulla, runda ottoman imponerar med sin enkla design med&#8230;<\/p>\n","protected":false},"featured_media":85135,"template":"","meta":[],"product_brand":[],"product_cat":[871,944,910],"product_tag":[],"class_list":{"0":"post-85153","1":"product","2":"type-product","3":"status-publish","4":"has-post-thumbnail","6":"product_cat-hus-hem","7":"product_cat-pallar-fotpallar","8":"product_cat-vardagsrum","10":"first","11":"instock","12":"sale","13":"taxable","14":"shipping-taxable","15":"purchasable","16":"product-type-simple"},"yoast_head":"<!-- This site is optimized with the Yoast SEO plugin v25.4 - https:\/\/yoast.com\/wordpress\/plugins\/seo\/ -->\n<title>TRUUSK Rund Teddyfleece Pall - Upp Till 120kg - \u03a640x45H Cm - Gr\u00f6n - TRUUSK - Hem, Tr\u00e4dg\u00e5rd &amp; Fritid<\/title>\n<meta name=\"robots\" content=\"index, follow, max-snippet:-1, max-image-preview:large, max-video-preview:-1\" \/>\n<link rel=\"canonical\" href=\"https:\/\/truusk.store\/sv\/produkt\/truusk-rund-teddyfleece-pall-upp-till-120kg-%cf%8640x45h-cm-gron\/\" \/>\n<meta property=\"og:locale\" content=\"sv_SE\" \/>\n<meta property=\"og:type\" content=\"article\" \/>\n<meta property=\"og:title\" content=\"TRUUSK Rund Teddyfleece Pall - Upp Till 120kg - \u03a640x45H Cm - Gr\u00f6n - TRUUSK - Hem, Tr\u00e4dg\u00e5rd &amp; Fritid\" \/>\n<meta property=\"og:description\" content=\"Ge dina rum en touch av elegans med TRUUSK fotpall! Denna stilfulla, runda ottoman imponerar med sin enkla design med...\" \/>\n<meta property=\"og:url\" content=\"https:\/\/truusk.store\/sv\/produkt\/truusk-rund-teddyfleece-pall-upp-till-120kg-%cf%8640x45h-cm-gron\/\" \/>\n<meta property=\"og:site_name\" content=\"TRUUSK - Hem, Tr\u00e4dg\u00e5rd &amp; Fritid\" \/>\n<meta property=\"article:modified_time\" content=\"2026-03-12T08:41:19+00:00\" \/>\n<meta property=\"og:image\" content=\"https:\/\/i0.wp.com\/truusk.se\/wp-content\/uploads\/2025\/08\/pall-rund-teddyfleece-upp-till-120kg-cf8640x45h-cm-gron-1.webp?fit=2000%2C2000&ssl=1\" \/>\n\t<meta property=\"og:image:width\" content=\"2000\" \/>\n\t<meta property=\"og:image:height\" content=\"2000\" \/>\n\t<meta property=\"og:image:type\" content=\"image\/webp\" \/>\n<meta name=\"twitter:card\" content=\"summary_large_image\" \/>\n<meta name=\"twitter:label1\" content=\"Ber\u00e4knad l\u00e4stid\" \/>\n\t<meta name=\"twitter:data1\" content=\"1 minut\" \/>\n<!-- \/ Yoast SEO plugin. -->","yoast_head_json":{"title":"TRUUSK Rund Teddyfleece Pall - Upp Till 120kg - \u03a640x45H Cm - Gr\u00f6n - TRUUSK - Hem, Tr\u00e4dg\u00e5rd &amp; Fritid","robots":{"index":"index","follow":"follow","max-snippet":"max-snippet:-1","max-image-preview":"max-image-preview:large","max-video-preview":"max-video-preview:-1"},"canonical":"https:\/\/truusk.store\/sv\/produkt\/truusk-rund-teddyfleece-pall-upp-till-120kg-%cf%8640x45h-cm-gron\/","og_locale":"sv_SE","og_type":"article","og_title":"TRUUSK Rund Teddyfleece Pall - Upp Till 120kg - \u03a640x45H Cm - Gr\u00f6n - TRUUSK - Hem, Tr\u00e4dg\u00e5rd &amp; Fritid","og_description":"Ge dina rum en touch av elegans med TRUUSK fotpall! Denna stilfulla, runda ottoman imponerar med sin enkla design med...","og_url":"https:\/\/truusk.store\/sv\/produkt\/truusk-rund-teddyfleece-pall-upp-till-120kg-%cf%8640x45h-cm-gron\/","og_site_name":"TRUUSK - Hem, Tr\u00e4dg\u00e5rd &amp; Fritid","article_modified_time":"2026-03-12T08:41:19+00:00","og_image":[{"width":2000,"height":2000,"url":"https:\/\/i0.wp.com\/truusk.se\/wp-content\/uploads\/2025\/08\/pall-rund-teddyfleece-upp-till-120kg-cf8640x45h-cm-gron-1.webp?fit=2000%2C2000&ssl=1","type":"image\/webp"}],"twitter_card":"summary_large_image","twitter_misc":{"Ber\u00e4knad l\u00e4stid":"1 minut"},"schema":{"@context":"https:\/\/schema.org","@graph":[{"@type":"WebPage","@id":"https:\/\/truusk.store\/sv\/produkt\/truusk-rund-teddyfleece-pall-upp-till-120kg-%cf%8640x45h-cm-gron\/","url":"https:\/\/truusk.store\/sv\/produkt\/truusk-rund-teddyfleece-pall-upp-till-120kg-%cf%8640x45h-cm-gron\/","name":"TRUUSK Rund Teddyfleece Pall - Upp Till 120kg - \u03a640x45H Cm - Gr\u00f6n - TRUUSK - Hem, Tr\u00e4dg\u00e5rd &amp; Fritid","isPartOf":{"@id":"https:\/\/truusk.store\/sv\/#website"},"primaryImageOfPage":{"@id":"https:\/\/truusk.store\/sv\/produkt\/truusk-rund-teddyfleece-pall-upp-till-120kg-%cf%8640x45h-cm-gron\/#primaryimage"},"image":{"@id":"https:\/\/truusk.store\/sv\/produkt\/truusk-rund-teddyfleece-pall-upp-till-120kg-%cf%8640x45h-cm-gron\/#primaryimage"},"thumbnailUrl":"https:\/\/i0.wp.com\/truusk.store\/wp-content\/uploads\/2025\/08\/pall-rund-teddyfleece-upp-till-120kg-cf8640x45h-cm-gron-1.webp?fit=2000%2C2000&ssl=1","datePublished":"2025-08-06T11:44:45+00:00","dateModified":"2026-03-12T08:41:19+00:00","breadcrumb":{"@id":"https:\/\/truusk.store\/sv\/produkt\/truusk-rund-teddyfleece-pall-upp-till-120kg-%cf%8640x45h-cm-gron\/#breadcrumb"},"inLanguage":"sv-SE","potentialAction":[{"@type":"ReadAction","target":["https:\/\/truusk.store\/sv\/produkt\/truusk-rund-teddyfleece-pall-upp-till-120kg-%cf%8640x45h-cm-gron\/"]}]},{"@type":"ImageObject","inLanguage":"sv-SE","@id":"https:\/\/truusk.store\/sv\/produkt\/truusk-rund-teddyfleece-pall-upp-till-120kg-%cf%8640x45h-cm-gron\/#primaryimage","url":"https:\/\/i0.wp.com\/truusk.store\/wp-content\/uploads\/2025\/08\/pall-rund-teddyfleece-upp-till-120kg-cf8640x45h-cm-gron-1.webp?fit=2000%2C2000&ssl=1","contentUrl":"https:\/\/i0.wp.com\/truusk.store\/wp-content\/uploads\/2025\/08\/pall-rund-teddyfleece-upp-till-120kg-cf8640x45h-cm-gron-1.webp?fit=2000%2C2000&ssl=1","width":2000,"height":2000},{"@type":"BreadcrumbList","@id":"https:\/\/truusk.store\/sv\/produkt\/truusk-rund-teddyfleece-pall-upp-till-120kg-%cf%8640x45h-cm-gron\/#breadcrumb","itemListElement":[{"@type":"ListItem","position":1,"name":"Home","item":"https:\/\/truusk.store\/sv\/"},{"@type":"ListItem","position":2,"name":"Shop","item":"https:\/\/truusk.store\/shop\/"},{"@type":"ListItem","position":3,"name":"TRUUSK Rund Teddyfleece Pall &#8211; Upp Till 120kg &#8211; \u03a640x45H Cm &#8211; Gr\u00f6n"}]},{"@type":"WebSite","@id":"https:\/\/truusk.store\/sv\/#website","url":"https:\/\/truusk.store\/sv\/","name":"TRUUSK - Hem, Tr\u00e4dg\u00e5rd & Fritid","description":"","publisher":{"@id":"https:\/\/truusk.store\/sv\/#organization"},"potentialAction":[{"@type":"SearchAction","target":{"@type":"EntryPoint","urlTemplate":"https:\/\/truusk.store\/sv\/?s={search_term_string}"},"query-input":{"@type":"PropertyValueSpecification","valueRequired":true,"valueName":"search_term_string"}}],"inLanguage":"sv-SE"},{"@type":"Organization","@id":"https:\/\/truusk.store\/sv\/#organization","name":"TRUUSK - Hem, Tr\u00e4dg\u00e5rd & Fritid","url":"https:\/\/truusk.store\/sv\/","logo":{"@type":"ImageObject","inLanguage":"sv-SE","@id":"https:\/\/truusk.store\/sv\/#\/schema\/logo\/image\/","url":"https:\/\/i0.wp.com\/truusk.store\/wp-content\/uploads\/2026\/03\/cropped-TRUUSK.png?fit=2032%2C917&ssl=1","contentUrl":"https:\/\/i0.wp.com\/truusk.store\/wp-content\/uploads\/2026\/03\/cropped-TRUUSK.png?fit=2032%2C917&ssl=1","width":2032,"height":917,"caption":"TRUUSK - Hem, Tr\u00e4dg\u00e5rd & Fritid"},"image":{"@id":"https:\/\/truusk.store\/sv\/#\/schema\/logo\/image\/"}}]}},"jetpack_sharing_enabled":true,"_links":{"self":[{"href":"https:\/\/truusk.store\/sv\/wp-json\/wp\/v2\/product\/85153","targetHints":{"allow":["GET"]}}],"collection":[{"href":"https:\/\/truusk.store\/sv\/wp-json\/wp\/v2\/product"}],"about":[{"href":"https:\/\/truusk.store\/sv\/wp-json\/wp\/v2\/types\/product"}],"wp:featuredmedia":[{"embeddable":true,"href":"https:\/\/truusk.store\/sv\/wp-json\/wp\/v2\/media\/85135"}],"wp:attachment":[{"href":"https:\/\/truusk.store\/sv\/wp-json\/wp\/v2\/media?parent=85153"}],"wp:term":[{"taxonomy":"product_brand","embeddable":true,"href":"https:\/\/truusk.store\/sv\/wp-json\/wp\/v2\/product_brand?post=85153"},{"taxonomy":"product_cat","embeddable":true,"href":"https:\/\/truusk.store\/sv\/wp-json\/wp\/v2\/product_cat?post=85153"},{"taxonomy":"product_tag","embeddable":true,"href":"https:\/\/truusk.store\/sv\/wp-json\/wp\/v2\/product_tag?post=85153"}],"curies":[{"name":"wp","href":"https:\/\/api.w.org\/{rel}","templated":true}]}}