{"id":85163,"date":"2025-08-06T12:45:53","date_gmt":"2025-08-06T11:45:53","guid":{"rendered":"https:\/\/truusk.store\/product\/skoldpaddshus-2-nivaer-for-inomhus-och-utomhus-lada-grantra-gul\/"},"modified":"2026-03-12T09:41:27","modified_gmt":"2026-03-12T08:41:27","slug":"truusk-skoldpaddshus-2-nivaer-for-inomhus-och-utomhus-lada-grantra-gul","status":"publish","type":"product","link":"https:\/\/truusk.store\/sv\/produkt\/truusk-skoldpaddshus-2-nivaer-for-inomhus-och-utomhus-lada-grantra-gul\/","title":{"rendered":"TRUUSK Sk\u00f6ldpaddshus &#8211; 2 Niv\u00e5er &#8211; F\u00f6r Inomhus och Utomhus &#8211; L\u00e5da &#8211; Grantr\u00e4 &#8211; Gul"},"content":{"rendered":"<p>Unna dina husdjur TRUUSK sk\u00f6ldpaddshus &#8211; ett rymligt tillflyktsort f\u00f6r att frodas. Med tre rum och tv\u00e5 v\u00e5ningar har de mycket utrymme. Stegen kopplar samman v\u00e5ningarna, vilket underl\u00e4ttar upp- och nedstigning. Taken kan \u00f6ppnas, vilket f\u00f6renklar \u00e5tkomsten och genom utdragbara insatser blir reng\u00f6ringen en lek. Tillverkat av grantr\u00e4 och belagt med vattent\u00e4t f\u00e4rg, \u00e4r det idealiskt f\u00f6r utomhusbruk.<\/p>\n<p>Beskrivning:<\/p>\n<ul>\n<li> Ett rymligt sk\u00f6ldpaddshus som omfattar tre separata omr\u00e5den p\u00e5 tv\u00e5 niv\u00e5er<\/li>\n<li> Solljus och luft str\u00f6mmar genom gallret, vilket h\u00e5ller rummet svalt och behagligt<\/li>\n<li> L\u00e4mplig f\u00f6r inomhus- och utomhusomr\u00e5den<\/li>\n<li> \u00d6ppningsbart tak f\u00f6r enkel \u00e5tkomst<\/li>\n<li> Utdragbar bottenbricka f\u00f6r enkel reng\u00f6ring<\/li>\n<li> En stege ger husdjuren tillg\u00e5ng till den andra niv\u00e5n<\/li>\n<li> L\u00e5sbara d\u00f6rrar h\u00e5ller husdjuren s\u00e4kert inuti<\/li>\n<li> Montering kr\u00e4vs<\/li>\n<\/ul>\n<p> Tekniska data:<\/p>\n<ul>\n<li> F\u00e4rg: Gul+Svart<\/li>\n<li> Material: Grantr\u00e4, galvaniserat maskn\u00e4t<\/li>\n<li> M\u00e5tt: 112L x 65B x 60H cm<\/li>\n<li> Sovomr\u00e5de: 43L x 29B x 32H cm, yta: 0,12 m\u00b2<\/li>\n<li> Balkong: 43L x 26B x 19H cm, yta: 0,11 m\u00b2<\/li>\n<li> L\u00f6pk\u00e4rla: 108L x 61B x 21,5H cm, yta: 0,65 m\u00b2<\/li>\n<li> D\u00f6rr: 16B x 19H cm, 24B x 20H cm<\/li>\n<li> Stege: 50L x 18B cm<\/li>\n<li> Plastbricka: 112B x 65T cm<\/li>\n<\/ul>\n<p>Leveransinneh\u00e5ll:<\/p>\n<ul>\n<li> 1 x Sk\u00f6ldpaddsbox<\/li>\n<li> 1 x Bruksanvisning<\/li>\n<\/ul>\n","protected":false},"excerpt":{"rendered":"<p>Unna dina husdjur TRUUSK sk\u00f6ldpaddshus &#8211; ett rymligt tillflyktsort f\u00f6r att frodas. Med tre rum och tv\u00e5 v\u00e5ningar har de&#8230;<\/p>\n","protected":false},"featured_media":85154,"template":"","meta":[],"product_brand":[],"product_cat":[878,598,597],"product_tag":[],"class_list":{"0":"post-85163","1":"product","2":"type-product","3":"status-publish","4":"has-post-thumbnail","6":"product_cat-djurbehov","7":"product_cat-sma-djurstallar","8":"product_cat-sma-djurtillbehor","10":"first","11":"instock","12":"sale","13":"taxable","14":"shipping-taxable","15":"purchasable","16":"product-type-simple"},"yoast_head":"<!-- This site is optimized with the Yoast SEO plugin v25.4 - https:\/\/yoast.com\/wordpress\/plugins\/seo\/ -->\n<title>TRUUSK Sk\u00f6ldpaddshus - 2 Niv\u00e5er - F\u00f6r Inomhus och Utomhus - L\u00e5da - Grantr\u00e4 - Gul - TRUUSK - Hem, Tr\u00e4dg\u00e5rd &amp; Fritid<\/title>\n<meta name=\"robots\" content=\"index, follow, max-snippet:-1, max-image-preview:large, max-video-preview:-1\" \/>\n<link rel=\"canonical\" href=\"https:\/\/truusk.store\/sv\/produkt\/truusk-skoldpaddshus-2-nivaer-for-inomhus-och-utomhus-lada-grantra-gul\/\" \/>\n<meta property=\"og:locale\" content=\"sv_SE\" \/>\n<meta property=\"og:type\" content=\"article\" \/>\n<meta property=\"og:title\" content=\"TRUUSK Sk\u00f6ldpaddshus - 2 Niv\u00e5er - F\u00f6r Inomhus och Utomhus - L\u00e5da - Grantr\u00e4 - Gul - TRUUSK - Hem, Tr\u00e4dg\u00e5rd &amp; Fritid\" \/>\n<meta property=\"og:description\" content=\"Unna dina husdjur TRUUSK sk\u00f6ldpaddshus &#8211; ett rymligt tillflyktsort f\u00f6r att frodas. Med tre rum och tv\u00e5 v\u00e5ningar har de...\" \/>\n<meta property=\"og:url\" content=\"https:\/\/truusk.store\/sv\/produkt\/truusk-skoldpaddshus-2-nivaer-for-inomhus-och-utomhus-lada-grantra-gul\/\" \/>\n<meta property=\"og:site_name\" content=\"TRUUSK - Hem, Tr\u00e4dg\u00e5rd &amp; Fritid\" \/>\n<meta property=\"article:modified_time\" content=\"2026-03-12T08:41:27+00:00\" \/>\n<meta property=\"og:image\" content=\"https:\/\/i0.wp.com\/truusk.se\/wp-content\/uploads\/2025\/08\/skoldpaddshus-2-nivaer-for-inomhus-och-utomhus-lada-grantra-gul-1.webp?fit=2000%2C2000&ssl=1\" \/>\n\t<meta property=\"og:image:width\" content=\"2000\" \/>\n\t<meta property=\"og:image:height\" content=\"2000\" \/>\n\t<meta property=\"og:image:type\" content=\"image\/webp\" \/>\n<meta name=\"twitter:card\" content=\"summary_large_image\" \/>\n<meta name=\"twitter:label1\" content=\"Ber\u00e4knad l\u00e4stid\" \/>\n\t<meta name=\"twitter:data1\" content=\"1 minut\" \/>\n<!-- \/ Yoast SEO plugin. -->","yoast_head_json":{"title":"TRUUSK Sk\u00f6ldpaddshus - 2 Niv\u00e5er - F\u00f6r Inomhus och Utomhus - L\u00e5da - Grantr\u00e4 - Gul - TRUUSK - Hem, Tr\u00e4dg\u00e5rd &amp; Fritid","robots":{"index":"index","follow":"follow","max-snippet":"max-snippet:-1","max-image-preview":"max-image-preview:large","max-video-preview":"max-video-preview:-1"},"canonical":"https:\/\/truusk.store\/sv\/produkt\/truusk-skoldpaddshus-2-nivaer-for-inomhus-och-utomhus-lada-grantra-gul\/","og_locale":"sv_SE","og_type":"article","og_title":"TRUUSK Sk\u00f6ldpaddshus - 2 Niv\u00e5er - F\u00f6r Inomhus och Utomhus - L\u00e5da - Grantr\u00e4 - Gul - TRUUSK - Hem, Tr\u00e4dg\u00e5rd &amp; Fritid","og_description":"Unna dina husdjur TRUUSK sk\u00f6ldpaddshus &#8211; ett rymligt tillflyktsort f\u00f6r att frodas. Med tre rum och tv\u00e5 v\u00e5ningar har de...","og_url":"https:\/\/truusk.store\/sv\/produkt\/truusk-skoldpaddshus-2-nivaer-for-inomhus-och-utomhus-lada-grantra-gul\/","og_site_name":"TRUUSK - Hem, Tr\u00e4dg\u00e5rd &amp; Fritid","article_modified_time":"2026-03-12T08:41:27+00:00","og_image":[{"width":2000,"height":2000,"url":"https:\/\/i0.wp.com\/truusk.se\/wp-content\/uploads\/2025\/08\/skoldpaddshus-2-nivaer-for-inomhus-och-utomhus-lada-grantra-gul-1.webp?fit=2000%2C2000&ssl=1","type":"image\/webp"}],"twitter_card":"summary_large_image","twitter_misc":{"Ber\u00e4knad l\u00e4stid":"1 minut"},"schema":{"@context":"https:\/\/schema.org","@graph":[{"@type":"WebPage","@id":"https:\/\/truusk.store\/sv\/produkt\/truusk-skoldpaddshus-2-nivaer-for-inomhus-och-utomhus-lada-grantra-gul\/","url":"https:\/\/truusk.store\/sv\/produkt\/truusk-skoldpaddshus-2-nivaer-for-inomhus-och-utomhus-lada-grantra-gul\/","name":"TRUUSK Sk\u00f6ldpaddshus - 2 Niv\u00e5er - F\u00f6r Inomhus och Utomhus - L\u00e5da - Grantr\u00e4 - Gul - TRUUSK - Hem, Tr\u00e4dg\u00e5rd &amp; Fritid","isPartOf":{"@id":"https:\/\/truusk.store\/sv\/#website"},"primaryImageOfPage":{"@id":"https:\/\/truusk.store\/sv\/produkt\/truusk-skoldpaddshus-2-nivaer-for-inomhus-och-utomhus-lada-grantra-gul\/#primaryimage"},"image":{"@id":"https:\/\/truusk.store\/sv\/produkt\/truusk-skoldpaddshus-2-nivaer-for-inomhus-och-utomhus-lada-grantra-gul\/#primaryimage"},"thumbnailUrl":"https:\/\/i0.wp.com\/truusk.store\/wp-content\/uploads\/2025\/08\/skoldpaddshus-2-nivaer-for-inomhus-och-utomhus-lada-grantra-gul-1.webp?fit=2000%2C2000&ssl=1","datePublished":"2025-08-06T11:45:53+00:00","dateModified":"2026-03-12T08:41:27+00:00","breadcrumb":{"@id":"https:\/\/truusk.store\/sv\/produkt\/truusk-skoldpaddshus-2-nivaer-for-inomhus-och-utomhus-lada-grantra-gul\/#breadcrumb"},"inLanguage":"sv-SE","potentialAction":[{"@type":"ReadAction","target":["https:\/\/truusk.store\/sv\/produkt\/truusk-skoldpaddshus-2-nivaer-for-inomhus-och-utomhus-lada-grantra-gul\/"]}]},{"@type":"ImageObject","inLanguage":"sv-SE","@id":"https:\/\/truusk.store\/sv\/produkt\/truusk-skoldpaddshus-2-nivaer-for-inomhus-och-utomhus-lada-grantra-gul\/#primaryimage","url":"https:\/\/i0.wp.com\/truusk.store\/wp-content\/uploads\/2025\/08\/skoldpaddshus-2-nivaer-for-inomhus-och-utomhus-lada-grantra-gul-1.webp?fit=2000%2C2000&ssl=1","contentUrl":"https:\/\/i0.wp.com\/truusk.store\/wp-content\/uploads\/2025\/08\/skoldpaddshus-2-nivaer-for-inomhus-och-utomhus-lada-grantra-gul-1.webp?fit=2000%2C2000&ssl=1","width":2000,"height":2000},{"@type":"BreadcrumbList","@id":"https:\/\/truusk.store\/sv\/produkt\/truusk-skoldpaddshus-2-nivaer-for-inomhus-och-utomhus-lada-grantra-gul\/#breadcrumb","itemListElement":[{"@type":"ListItem","position":1,"name":"Home","item":"https:\/\/truusk.store\/sv\/"},{"@type":"ListItem","position":2,"name":"Shop","item":"https:\/\/truusk.store\/shop\/"},{"@type":"ListItem","position":3,"name":"TRUUSK Sk\u00f6ldpaddshus &#8211; 2 Niv\u00e5er &#8211; F\u00f6r Inomhus och Utomhus &#8211; L\u00e5da &#8211; Grantr\u00e4 &#8211; Gul"}]},{"@type":"WebSite","@id":"https:\/\/truusk.store\/sv\/#website","url":"https:\/\/truusk.store\/sv\/","name":"TRUUSK - Hem, Tr\u00e4dg\u00e5rd & Fritid","description":"","publisher":{"@id":"https:\/\/truusk.store\/sv\/#organization"},"potentialAction":[{"@type":"SearchAction","target":{"@type":"EntryPoint","urlTemplate":"https:\/\/truusk.store\/sv\/?s={search_term_string}"},"query-input":{"@type":"PropertyValueSpecification","valueRequired":true,"valueName":"search_term_string"}}],"inLanguage":"sv-SE"},{"@type":"Organization","@id":"https:\/\/truusk.store\/sv\/#organization","name":"TRUUSK - Hem, Tr\u00e4dg\u00e5rd & Fritid","url":"https:\/\/truusk.store\/sv\/","logo":{"@type":"ImageObject","inLanguage":"sv-SE","@id":"https:\/\/truusk.store\/sv\/#\/schema\/logo\/image\/","url":"https:\/\/i0.wp.com\/truusk.store\/wp-content\/uploads\/2026\/03\/cropped-TRUUSK.png?fit=2032%2C917&ssl=1","contentUrl":"https:\/\/i0.wp.com\/truusk.store\/wp-content\/uploads\/2026\/03\/cropped-TRUUSK.png?fit=2032%2C917&ssl=1","width":2032,"height":917,"caption":"TRUUSK - Hem, Tr\u00e4dg\u00e5rd & Fritid"},"image":{"@id":"https:\/\/truusk.store\/sv\/#\/schema\/logo\/image\/"}}]}},"jetpack_sharing_enabled":true,"_links":{"self":[{"href":"https:\/\/truusk.store\/sv\/wp-json\/wp\/v2\/product\/85163","targetHints":{"allow":["GET"]}}],"collection":[{"href":"https:\/\/truusk.store\/sv\/wp-json\/wp\/v2\/product"}],"about":[{"href":"https:\/\/truusk.store\/sv\/wp-json\/wp\/v2\/types\/product"}],"wp:featuredmedia":[{"embeddable":true,"href":"https:\/\/truusk.store\/sv\/wp-json\/wp\/v2\/media\/85154"}],"wp:attachment":[{"href":"https:\/\/truusk.store\/sv\/wp-json\/wp\/v2\/media?parent=85163"}],"wp:term":[{"taxonomy":"product_brand","embeddable":true,"href":"https:\/\/truusk.store\/sv\/wp-json\/wp\/v2\/product_brand?post=85163"},{"taxonomy":"product_cat","embeddable":true,"href":"https:\/\/truusk.store\/sv\/wp-json\/wp\/v2\/product_cat?post=85163"},{"taxonomy":"product_tag","embeddable":true,"href":"https:\/\/truusk.store\/sv\/wp-json\/wp\/v2\/product_tag?post=85163"}],"curies":[{"name":"wp","href":"https:\/\/api.w.org\/{rel}","templated":true}]}}