{"id":85207,"date":"2025-08-06T12:50:20","date_gmt":"2025-08-06T11:50:20","guid":{"rendered":"https:\/\/truusk.store\/product\/klattertrad-med-kattgrotta-lekboll-och-plattform-rorpals-sisal-upp-till-10-kg-60-x-40-x-79-cm-kramvit\/"},"modified":"2026-03-12T09:44:19","modified_gmt":"2026-03-12T08:44:19","slug":"truusk-klattertrad-med-kattgrotta-och-lekboll-rorpals-och-sisal-upp-till-10-kg-kramvit","status":"publish","type":"product","link":"https:\/\/truusk.store\/sv\/produkt\/truusk-klattertrad-med-kattgrotta-och-lekboll-rorpals-och-sisal-upp-till-10-kg-kramvit\/","title":{"rendered":"TRUUSK Kl\u00e4ttertr\u00e4d med Kattgrotta och Lekboll &#8211; R\u00f6rp\u00e4ls och Sisal &#8211; Upp till 10 kg &#8211; Kr\u00e4mvit"},"content":{"rendered":"<p>Uppt\u00e4ck TRUUSK kl\u00f6str\u00e4d &#8211; lekparadiset f\u00f6r dina katter! Med stabila kl\u00f6stammar, en mysig plattform och en sp\u00e4nnande leksaksboll, erbjuder kattr\u00e4det o\u00e4ndligt med kul och skyddar samtidigt dina m\u00f6bler. De tv\u00e5 mysiga katts\u00e4ngarna p\u00e5 kattr\u00e4det, gjorda av mjukt nicktyg, och den mysiga katth\u00e5lan \u00e4r perfekta f\u00f6r avkoppling och lek f\u00f6r 1-2 katter upp till 5 kg. Sk\u00e4m bort din \u00e4lskling med en stilfull tillflyktsort som kombinerar b\u00e5de komfort och underh\u00e5llning.<\/p>\n<p>Beskrivning:<\/p>\n<ul>\n<li> M\u00e5ngsidigt kl\u00f6str\u00e4d erbjuder kul och avkoppling f\u00f6r katter<\/li>\n<li> Inneh\u00e5ller kl\u00f6stam f\u00f6r h\u00e4lsosam klov\u00e5rd<\/li>\n<li> Plattform och leksaksboll p\u00e5 kattr\u00e4det f\u00f6r kl\u00e4ttring och lek<\/li>\n<li> Katth\u00e5la och tv\u00e5 s\u00e4ngar f\u00f6r mysiga tillflyktsorter och tupplurer<\/li>\n<li> Mjukt nicktyg p\u00e5 kattr\u00e4det ger komfort<\/li>\n<li> Tillverkad av naturligt r\u00f6r och robust sp\u00e5nskiva<\/li>\n<li> L\u00e4mplig f\u00f6r 1-2 katter med en totalvikt upp till 10 kg, montering kr\u00e4vs<\/li>\n<\/ul>\n<p> Tekniska data:<\/p>\n<ul>\n<li> F\u00e4rg: Kr\u00e4mvit<\/li>\n<li> Material: Sp\u00e5nskiva, Polyester, Plast, R\u00f6r, Sisal<\/li>\n<li> Totala dimensioner: 60L x 40B x 79H cm<\/li>\n<li> \u00d6vre kattlounge: \u00d834 x 10H cm, \u00d833 x 9H cm (Inre)<\/li>\n<li> Nedre kattlounge: \u00d835 x 9H cm, \u00d825 x 8H cm (Inre)<\/li>\n<li> Katt hus: \u00d840 x 30H cm<\/li>\n<li> D\u00f6rrh\u00e5l: \u00d820 cm<\/li>\n<li> Inre kudde: \u00d832 cm<\/li>\n<li> Plattform: 40L x 24B cm<\/li>\n<li> Kl\u00f6stam: \u00d87 cm<\/li>\n<li> Bas: 60L x 40B cm<\/li>\n<li> Maximal belastningskapacitet: 10 kg<\/li>\n<\/ul>\n<p> Leverans inneh\u00e5ller:<\/p>\n<ul>\n<li> 1 x Kl\u00f6str\u00e4d<\/li>\n<li> 1 x Instruktioner<\/li>\n<\/ul>\n","protected":false},"excerpt":{"rendered":"<p>Uppt\u00e4ck TRUUSK kl\u00f6str\u00e4d &#8211; lekparadiset f\u00f6r dina katter! Med stabila kl\u00f6stammar, en mysig plattform och en sp\u00e4nnande leksaksboll, erbjuder kattr\u00e4det&#8230;<\/p>\n","protected":false},"featured_media":85194,"template":"","meta":[],"product_brand":[],"product_cat":[878,588,879],"product_tag":[],"class_list":{"0":"post-85207","1":"product","2":"type-product","3":"status-publish","4":"has-post-thumbnail","6":"product_cat-djurbehov","7":"product_cat-katttillbehor","8":"product_cat-klostrad","10":"first","11":"instock","12":"sale","13":"taxable","14":"shipping-taxable","15":"purchasable","16":"product-type-simple"},"yoast_head":"<!-- This site is optimized with the Yoast SEO plugin v25.4 - https:\/\/yoast.com\/wordpress\/plugins\/seo\/ -->\n<title>TRUUSK Kl\u00e4ttertr\u00e4d med Kattgrotta och Lekboll - R\u00f6rp\u00e4ls och Sisal - Upp till 10 kg - Kr\u00e4mvit - TRUUSK - Hem, Tr\u00e4dg\u00e5rd &amp; Fritid<\/title>\n<meta name=\"robots\" content=\"index, follow, max-snippet:-1, max-image-preview:large, max-video-preview:-1\" \/>\n<link rel=\"canonical\" href=\"https:\/\/truusk.store\/sv\/produkt\/truusk-klattertrad-med-kattgrotta-och-lekboll-rorpals-och-sisal-upp-till-10-kg-kramvit\/\" \/>\n<meta property=\"og:locale\" content=\"sv_SE\" \/>\n<meta property=\"og:type\" content=\"article\" \/>\n<meta property=\"og:title\" content=\"TRUUSK Kl\u00e4ttertr\u00e4d med Kattgrotta och Lekboll - R\u00f6rp\u00e4ls och Sisal - Upp till 10 kg - Kr\u00e4mvit - TRUUSK - Hem, Tr\u00e4dg\u00e5rd &amp; Fritid\" \/>\n<meta property=\"og:description\" content=\"Uppt\u00e4ck TRUUSK kl\u00f6str\u00e4d &#8211; lekparadiset f\u00f6r dina katter! Med stabila kl\u00f6stammar, en mysig plattform och en sp\u00e4nnande leksaksboll, erbjuder kattr\u00e4det...\" \/>\n<meta property=\"og:url\" content=\"https:\/\/truusk.store\/sv\/produkt\/truusk-klattertrad-med-kattgrotta-och-lekboll-rorpals-och-sisal-upp-till-10-kg-kramvit\/\" \/>\n<meta property=\"og:site_name\" content=\"TRUUSK - Hem, Tr\u00e4dg\u00e5rd &amp; Fritid\" \/>\n<meta property=\"article:modified_time\" content=\"2026-03-12T08:44:19+00:00\" \/>\n<meta property=\"og:image\" content=\"https:\/\/i0.wp.com\/truusk.se\/wp-content\/uploads\/2025\/08\/klattertrad-med-kattgrotta-lekboll-och-plattform-rorpals-sisal-upp-till-10-kg-60-x-40-x-79-cm-kramvit-1.webp?fit=2000%2C2000&ssl=1\" \/>\n\t<meta property=\"og:image:width\" content=\"2000\" \/>\n\t<meta property=\"og:image:height\" content=\"2000\" \/>\n\t<meta property=\"og:image:type\" content=\"image\/webp\" \/>\n<meta name=\"twitter:card\" content=\"summary_large_image\" \/>\n<meta name=\"twitter:label1\" content=\"Ber\u00e4knad l\u00e4stid\" \/>\n\t<meta name=\"twitter:data1\" content=\"1 minut\" \/>\n<!-- \/ Yoast SEO plugin. -->","yoast_head_json":{"title":"TRUUSK Kl\u00e4ttertr\u00e4d med Kattgrotta och Lekboll - R\u00f6rp\u00e4ls och Sisal - Upp till 10 kg - Kr\u00e4mvit - TRUUSK - Hem, Tr\u00e4dg\u00e5rd &amp; Fritid","robots":{"index":"index","follow":"follow","max-snippet":"max-snippet:-1","max-image-preview":"max-image-preview:large","max-video-preview":"max-video-preview:-1"},"canonical":"https:\/\/truusk.store\/sv\/produkt\/truusk-klattertrad-med-kattgrotta-och-lekboll-rorpals-och-sisal-upp-till-10-kg-kramvit\/","og_locale":"sv_SE","og_type":"article","og_title":"TRUUSK Kl\u00e4ttertr\u00e4d med Kattgrotta och Lekboll - R\u00f6rp\u00e4ls och Sisal - Upp till 10 kg - Kr\u00e4mvit - TRUUSK - Hem, Tr\u00e4dg\u00e5rd &amp; Fritid","og_description":"Uppt\u00e4ck TRUUSK kl\u00f6str\u00e4d &#8211; lekparadiset f\u00f6r dina katter! Med stabila kl\u00f6stammar, en mysig plattform och en sp\u00e4nnande leksaksboll, erbjuder kattr\u00e4det...","og_url":"https:\/\/truusk.store\/sv\/produkt\/truusk-klattertrad-med-kattgrotta-och-lekboll-rorpals-och-sisal-upp-till-10-kg-kramvit\/","og_site_name":"TRUUSK - Hem, Tr\u00e4dg\u00e5rd &amp; Fritid","article_modified_time":"2026-03-12T08:44:19+00:00","og_image":[{"width":2000,"height":2000,"url":"https:\/\/i0.wp.com\/truusk.se\/wp-content\/uploads\/2025\/08\/klattertrad-med-kattgrotta-lekboll-och-plattform-rorpals-sisal-upp-till-10-kg-60-x-40-x-79-cm-kramvit-1.webp?fit=2000%2C2000&ssl=1","type":"image\/webp"}],"twitter_card":"summary_large_image","twitter_misc":{"Ber\u00e4knad l\u00e4stid":"1 minut"},"schema":{"@context":"https:\/\/schema.org","@graph":[{"@type":"WebPage","@id":"https:\/\/truusk.store\/sv\/produkt\/truusk-klattertrad-med-kattgrotta-och-lekboll-rorpals-och-sisal-upp-till-10-kg-kramvit\/","url":"https:\/\/truusk.store\/sv\/produkt\/truusk-klattertrad-med-kattgrotta-och-lekboll-rorpals-och-sisal-upp-till-10-kg-kramvit\/","name":"TRUUSK Kl\u00e4ttertr\u00e4d med Kattgrotta och Lekboll - R\u00f6rp\u00e4ls och Sisal - Upp till 10 kg - Kr\u00e4mvit - TRUUSK - Hem, Tr\u00e4dg\u00e5rd &amp; Fritid","isPartOf":{"@id":"https:\/\/truusk.store\/sv\/#website"},"primaryImageOfPage":{"@id":"https:\/\/truusk.store\/sv\/produkt\/truusk-klattertrad-med-kattgrotta-och-lekboll-rorpals-och-sisal-upp-till-10-kg-kramvit\/#primaryimage"},"image":{"@id":"https:\/\/truusk.store\/sv\/produkt\/truusk-klattertrad-med-kattgrotta-och-lekboll-rorpals-och-sisal-upp-till-10-kg-kramvit\/#primaryimage"},"thumbnailUrl":"https:\/\/i0.wp.com\/truusk.store\/wp-content\/uploads\/2025\/08\/klattertrad-med-kattgrotta-lekboll-och-plattform-rorpals-sisal-upp-till-10-kg-60-x-40-x-79-cm-kramvit-1.webp?fit=2000%2C2000&ssl=1","datePublished":"2025-08-06T11:50:20+00:00","dateModified":"2026-03-12T08:44:19+00:00","breadcrumb":{"@id":"https:\/\/truusk.store\/sv\/produkt\/truusk-klattertrad-med-kattgrotta-och-lekboll-rorpals-och-sisal-upp-till-10-kg-kramvit\/#breadcrumb"},"inLanguage":"sv-SE","potentialAction":[{"@type":"ReadAction","target":["https:\/\/truusk.store\/sv\/produkt\/truusk-klattertrad-med-kattgrotta-och-lekboll-rorpals-och-sisal-upp-till-10-kg-kramvit\/"]}]},{"@type":"ImageObject","inLanguage":"sv-SE","@id":"https:\/\/truusk.store\/sv\/produkt\/truusk-klattertrad-med-kattgrotta-och-lekboll-rorpals-och-sisal-upp-till-10-kg-kramvit\/#primaryimage","url":"https:\/\/i0.wp.com\/truusk.store\/wp-content\/uploads\/2025\/08\/klattertrad-med-kattgrotta-lekboll-och-plattform-rorpals-sisal-upp-till-10-kg-60-x-40-x-79-cm-kramvit-1.webp?fit=2000%2C2000&ssl=1","contentUrl":"https:\/\/i0.wp.com\/truusk.store\/wp-content\/uploads\/2025\/08\/klattertrad-med-kattgrotta-lekboll-och-plattform-rorpals-sisal-upp-till-10-kg-60-x-40-x-79-cm-kramvit-1.webp?fit=2000%2C2000&ssl=1","width":2000,"height":2000},{"@type":"BreadcrumbList","@id":"https:\/\/truusk.store\/sv\/produkt\/truusk-klattertrad-med-kattgrotta-och-lekboll-rorpals-och-sisal-upp-till-10-kg-kramvit\/#breadcrumb","itemListElement":[{"@type":"ListItem","position":1,"name":"Home","item":"https:\/\/truusk.store\/sv\/"},{"@type":"ListItem","position":2,"name":"Shop","item":"https:\/\/truusk.store\/shop\/"},{"@type":"ListItem","position":3,"name":"TRUUSK Kl\u00e4ttertr\u00e4d med Kattgrotta och Lekboll &#8211; R\u00f6rp\u00e4ls och Sisal &#8211; Upp till 10 kg &#8211; Kr\u00e4mvit"}]},{"@type":"WebSite","@id":"https:\/\/truusk.store\/sv\/#website","url":"https:\/\/truusk.store\/sv\/","name":"TRUUSK - Hem, Tr\u00e4dg\u00e5rd & Fritid","description":"","publisher":{"@id":"https:\/\/truusk.store\/sv\/#organization"},"potentialAction":[{"@type":"SearchAction","target":{"@type":"EntryPoint","urlTemplate":"https:\/\/truusk.store\/sv\/?s={search_term_string}"},"query-input":{"@type":"PropertyValueSpecification","valueRequired":true,"valueName":"search_term_string"}}],"inLanguage":"sv-SE"},{"@type":"Organization","@id":"https:\/\/truusk.store\/sv\/#organization","name":"TRUUSK - Hem, Tr\u00e4dg\u00e5rd & Fritid","url":"https:\/\/truusk.store\/sv\/","logo":{"@type":"ImageObject","inLanguage":"sv-SE","@id":"https:\/\/truusk.store\/sv\/#\/schema\/logo\/image\/","url":"https:\/\/i0.wp.com\/truusk.store\/wp-content\/uploads\/2026\/03\/cropped-TRUUSK.png?fit=2032%2C917&ssl=1","contentUrl":"https:\/\/i0.wp.com\/truusk.store\/wp-content\/uploads\/2026\/03\/cropped-TRUUSK.png?fit=2032%2C917&ssl=1","width":2032,"height":917,"caption":"TRUUSK - Hem, Tr\u00e4dg\u00e5rd & Fritid"},"image":{"@id":"https:\/\/truusk.store\/sv\/#\/schema\/logo\/image\/"}}]}},"jetpack_sharing_enabled":true,"_links":{"self":[{"href":"https:\/\/truusk.store\/sv\/wp-json\/wp\/v2\/product\/85207","targetHints":{"allow":["GET"]}}],"collection":[{"href":"https:\/\/truusk.store\/sv\/wp-json\/wp\/v2\/product"}],"about":[{"href":"https:\/\/truusk.store\/sv\/wp-json\/wp\/v2\/types\/product"}],"wp:featuredmedia":[{"embeddable":true,"href":"https:\/\/truusk.store\/sv\/wp-json\/wp\/v2\/media\/85194"}],"wp:attachment":[{"href":"https:\/\/truusk.store\/sv\/wp-json\/wp\/v2\/media?parent=85207"}],"wp:term":[{"taxonomy":"product_brand","embeddable":true,"href":"https:\/\/truusk.store\/sv\/wp-json\/wp\/v2\/product_brand?post=85207"},{"taxonomy":"product_cat","embeddable":true,"href":"https:\/\/truusk.store\/sv\/wp-json\/wp\/v2\/product_cat?post=85207"},{"taxonomy":"product_tag","embeddable":true,"href":"https:\/\/truusk.store\/sv\/wp-json\/wp\/v2\/product_tag?post=85207"}],"curies":[{"name":"wp","href":"https:\/\/api.w.org\/{rel}","templated":true}]}}