{"id":85213,"date":"2025-08-06T12:50:41","date_gmt":"2025-08-06T11:50:41","guid":{"rendered":"https:\/\/truusk.store\/product\/5-delat-kattklatterset-med-klospelare-hoppplattformar-stege-hus-vaggmontering-beige\/"},"modified":"2026-03-12T09:44:20","modified_gmt":"2026-03-12T08:44:20","slug":"truusk-kattklatterset-5-delat-klospelare-hoppplattformar-stege-hus-vaggmontering-beige","status":"publish","type":"product","link":"https:\/\/truusk.store\/sv\/produkt\/truusk-kattklatterset-5-delat-klospelare-hoppplattformar-stege-hus-vaggmontering-beige\/","title":{"rendered":"TRUUSK Kattkl\u00e4tterset &#8211; 5-delat &#8211; Kl\u00f6spelare &#8211; Hoppplattformar &#8211; Stege &#8211; Hus &#8211; V\u00e4ggmontering &#8211; Beige"},"content":{"rendered":"<p>F\u00f6rb\u00e4ttra din katts v\u00e4lbefinnande med Katt Kl\u00e4tterv\u00e4gg Set! Detta 5-delade set erbjuder kl\u00e4tterstrukturer f\u00f6r v\u00e4gg och tak, ut\u00f6kar lekomr\u00e5det och m\u00f6ter din katts behov. Det inkluderar ett kl\u00f6str\u00e4d och en plyschkl\u00e4dd struktur med stege, designad f\u00f6r att underh\u00e5lla din katt och skydda dina m\u00f6bler. Med denna utrustning \u00e4r tristess ett minne blott och omfattande kl\u00e4ttergl\u00e4dje garanteras!<\/p>\n<p>Beskrivning:<\/p>\n<ul>\n<li> V\u00e4gg- och takmontering sparar utrymme och ut\u00f6kar lekomr\u00e5det<\/li>\n<li> Inneh\u00e5ller 5 delar: kl\u00f6spelare, hus, stege och plattformar<\/li>\n<li> Sp\u00e5nskivekonstruktion av Katt Kl\u00e4tterv\u00e4gg Set inklusive n\u00f6dv\u00e4ndigt tillbeh\u00f6r f\u00f6r v\u00e4ggmontering<\/li>\n<li> Mjuk plysch och sisalomslag p\u00e5 kattkl\u00e4tterv\u00e4ggen ger komfort och kl\u00f6sm\u00f6jligheter<\/li>\n<li> Montering kr\u00e4vs<\/li>\n<\/ul>\n<p>Tekniska data:<\/p>\n<ul>\n<li> F\u00e4rg: Beige+Cremevit<\/li>\n<li> Material: Sp\u00e5nskiva, plysch, sisal<\/li>\n<li> Kl\u00f6spelare: 12,5B x 15T x 54H cm<\/li>\n<li> Plattform i molnform: 44B x 22T x 28H cm<\/li>\n<li> Takplattform: 60B x 28T x 27H cm<\/li>\n<li> Plattform med hus: 133B x 34T x 28H cm<\/li>\n<li> Stegstorlek: 43L x 16B cm<\/li>\n<li> Hus: \u00d834 x 28H cm<\/li>\n<li> Maximal belastning: 5 kg<\/li>\n<\/ul>\n<p>Leveransinneh\u00e5ll:<\/p>\n<ul>\n<li> 1 x Kattkl\u00e4tterset<\/li>\n<li> 1 x Bruksanvisning<\/li>\n<\/ul>\n","protected":false},"excerpt":{"rendered":"<p>F\u00f6rb\u00e4ttra din katts v\u00e4lbefinnande med Katt Kl\u00e4tterv\u00e4gg Set! Detta 5-delade set erbjuder kl\u00e4tterstrukturer f\u00f6r v\u00e4gg och tak, ut\u00f6kar lekomr\u00e5det och&#8230;<\/p>\n","protected":false},"featured_media":85200,"template":"","meta":[],"product_brand":[],"product_cat":[878,588,592],"product_tag":[],"class_list":{"0":"post-85213","1":"product","2":"type-product","3":"status-publish","4":"has-post-thumbnail","6":"product_cat-djurbehov","7":"product_cat-katttillbehor","8":"product_cat-katttrappa","10":"first","11":"instock","12":"sale","13":"taxable","14":"shipping-taxable","15":"purchasable","16":"product-type-simple"},"yoast_head":"<!-- This site is optimized with the Yoast SEO plugin v25.4 - https:\/\/yoast.com\/wordpress\/plugins\/seo\/ -->\n<title>TRUUSK Kattkl\u00e4tterset - 5-delat - Kl\u00f6spelare - Hoppplattformar - Stege - Hus - V\u00e4ggmontering - Beige - TRUUSK - Hem, Tr\u00e4dg\u00e5rd &amp; Fritid<\/title>\n<meta name=\"robots\" content=\"index, follow, max-snippet:-1, max-image-preview:large, max-video-preview:-1\" \/>\n<link rel=\"canonical\" href=\"https:\/\/truusk.store\/sv\/produkt\/truusk-kattklatterset-5-delat-klospelare-hoppplattformar-stege-hus-vaggmontering-beige\/\" \/>\n<meta property=\"og:locale\" content=\"sv_SE\" \/>\n<meta property=\"og:type\" content=\"article\" \/>\n<meta property=\"og:title\" content=\"TRUUSK Kattkl\u00e4tterset - 5-delat - Kl\u00f6spelare - Hoppplattformar - Stege - Hus - V\u00e4ggmontering - Beige - TRUUSK - Hem, Tr\u00e4dg\u00e5rd &amp; Fritid\" \/>\n<meta property=\"og:description\" content=\"F\u00f6rb\u00e4ttra din katts v\u00e4lbefinnande med Katt Kl\u00e4tterv\u00e4gg Set! Detta 5-delade set erbjuder kl\u00e4tterstrukturer f\u00f6r v\u00e4gg och tak, ut\u00f6kar lekomr\u00e5det och...\" \/>\n<meta property=\"og:url\" content=\"https:\/\/truusk.store\/sv\/produkt\/truusk-kattklatterset-5-delat-klospelare-hoppplattformar-stege-hus-vaggmontering-beige\/\" \/>\n<meta property=\"og:site_name\" content=\"TRUUSK - Hem, Tr\u00e4dg\u00e5rd &amp; Fritid\" \/>\n<meta property=\"article:modified_time\" content=\"2026-03-12T08:44:20+00:00\" \/>\n<meta property=\"og:image\" content=\"https:\/\/i0.wp.com\/truusk.se\/wp-content\/uploads\/2025\/08\/5-delat-kattklatterset-med-klospelare-hoppplattformar-stege-hus-vaggmontering-beige-1.webp?fit=2000%2C2000&ssl=1\" \/>\n\t<meta property=\"og:image:width\" content=\"2000\" \/>\n\t<meta property=\"og:image:height\" content=\"2000\" \/>\n\t<meta property=\"og:image:type\" content=\"image\/webp\" \/>\n<meta name=\"twitter:card\" content=\"summary_large_image\" \/>\n<meta name=\"twitter:label1\" content=\"Ber\u00e4knad l\u00e4stid\" \/>\n\t<meta name=\"twitter:data1\" content=\"1 minut\" \/>\n<!-- \/ Yoast SEO plugin. -->","yoast_head_json":{"title":"TRUUSK Kattkl\u00e4tterset - 5-delat - Kl\u00f6spelare - Hoppplattformar - Stege - Hus - V\u00e4ggmontering - Beige - TRUUSK - Hem, Tr\u00e4dg\u00e5rd &amp; Fritid","robots":{"index":"index","follow":"follow","max-snippet":"max-snippet:-1","max-image-preview":"max-image-preview:large","max-video-preview":"max-video-preview:-1"},"canonical":"https:\/\/truusk.store\/sv\/produkt\/truusk-kattklatterset-5-delat-klospelare-hoppplattformar-stege-hus-vaggmontering-beige\/","og_locale":"sv_SE","og_type":"article","og_title":"TRUUSK Kattkl\u00e4tterset - 5-delat - Kl\u00f6spelare - Hoppplattformar - Stege - Hus - V\u00e4ggmontering - Beige - TRUUSK - Hem, Tr\u00e4dg\u00e5rd &amp; Fritid","og_description":"F\u00f6rb\u00e4ttra din katts v\u00e4lbefinnande med Katt Kl\u00e4tterv\u00e4gg Set! Detta 5-delade set erbjuder kl\u00e4tterstrukturer f\u00f6r v\u00e4gg och tak, ut\u00f6kar lekomr\u00e5det och...","og_url":"https:\/\/truusk.store\/sv\/produkt\/truusk-kattklatterset-5-delat-klospelare-hoppplattformar-stege-hus-vaggmontering-beige\/","og_site_name":"TRUUSK - Hem, Tr\u00e4dg\u00e5rd &amp; Fritid","article_modified_time":"2026-03-12T08:44:20+00:00","og_image":[{"width":2000,"height":2000,"url":"https:\/\/i0.wp.com\/truusk.se\/wp-content\/uploads\/2025\/08\/5-delat-kattklatterset-med-klospelare-hoppplattformar-stege-hus-vaggmontering-beige-1.webp?fit=2000%2C2000&ssl=1","type":"image\/webp"}],"twitter_card":"summary_large_image","twitter_misc":{"Ber\u00e4knad l\u00e4stid":"1 minut"},"schema":{"@context":"https:\/\/schema.org","@graph":[{"@type":"WebPage","@id":"https:\/\/truusk.store\/sv\/produkt\/truusk-kattklatterset-5-delat-klospelare-hoppplattformar-stege-hus-vaggmontering-beige\/","url":"https:\/\/truusk.store\/sv\/produkt\/truusk-kattklatterset-5-delat-klospelare-hoppplattformar-stege-hus-vaggmontering-beige\/","name":"TRUUSK Kattkl\u00e4tterset - 5-delat - Kl\u00f6spelare - Hoppplattformar - Stege - Hus - V\u00e4ggmontering - Beige - TRUUSK - Hem, Tr\u00e4dg\u00e5rd &amp; Fritid","isPartOf":{"@id":"https:\/\/truusk.store\/sv\/#website"},"primaryImageOfPage":{"@id":"https:\/\/truusk.store\/sv\/produkt\/truusk-kattklatterset-5-delat-klospelare-hoppplattformar-stege-hus-vaggmontering-beige\/#primaryimage"},"image":{"@id":"https:\/\/truusk.store\/sv\/produkt\/truusk-kattklatterset-5-delat-klospelare-hoppplattformar-stege-hus-vaggmontering-beige\/#primaryimage"},"thumbnailUrl":"https:\/\/i0.wp.com\/truusk.store\/wp-content\/uploads\/2025\/08\/5-delat-kattklatterset-med-klospelare-hoppplattformar-stege-hus-vaggmontering-beige-1.webp?fit=2000%2C2000&ssl=1","datePublished":"2025-08-06T11:50:41+00:00","dateModified":"2026-03-12T08:44:20+00:00","breadcrumb":{"@id":"https:\/\/truusk.store\/sv\/produkt\/truusk-kattklatterset-5-delat-klospelare-hoppplattformar-stege-hus-vaggmontering-beige\/#breadcrumb"},"inLanguage":"sv-SE","potentialAction":[{"@type":"ReadAction","target":["https:\/\/truusk.store\/sv\/produkt\/truusk-kattklatterset-5-delat-klospelare-hoppplattformar-stege-hus-vaggmontering-beige\/"]}]},{"@type":"ImageObject","inLanguage":"sv-SE","@id":"https:\/\/truusk.store\/sv\/produkt\/truusk-kattklatterset-5-delat-klospelare-hoppplattformar-stege-hus-vaggmontering-beige\/#primaryimage","url":"https:\/\/i0.wp.com\/truusk.store\/wp-content\/uploads\/2025\/08\/5-delat-kattklatterset-med-klospelare-hoppplattformar-stege-hus-vaggmontering-beige-1.webp?fit=2000%2C2000&ssl=1","contentUrl":"https:\/\/i0.wp.com\/truusk.store\/wp-content\/uploads\/2025\/08\/5-delat-kattklatterset-med-klospelare-hoppplattformar-stege-hus-vaggmontering-beige-1.webp?fit=2000%2C2000&ssl=1","width":2000,"height":2000},{"@type":"BreadcrumbList","@id":"https:\/\/truusk.store\/sv\/produkt\/truusk-kattklatterset-5-delat-klospelare-hoppplattformar-stege-hus-vaggmontering-beige\/#breadcrumb","itemListElement":[{"@type":"ListItem","position":1,"name":"Home","item":"https:\/\/truusk.store\/sv\/"},{"@type":"ListItem","position":2,"name":"Shop","item":"https:\/\/truusk.store\/shop\/"},{"@type":"ListItem","position":3,"name":"TRUUSK Kattkl\u00e4tterset &#8211; 5-delat &#8211; Kl\u00f6spelare &#8211; Hoppplattformar &#8211; Stege &#8211; Hus &#8211; V\u00e4ggmontering &#8211; Beige"}]},{"@type":"WebSite","@id":"https:\/\/truusk.store\/sv\/#website","url":"https:\/\/truusk.store\/sv\/","name":"TRUUSK - Hem, Tr\u00e4dg\u00e5rd & Fritid","description":"","publisher":{"@id":"https:\/\/truusk.store\/sv\/#organization"},"potentialAction":[{"@type":"SearchAction","target":{"@type":"EntryPoint","urlTemplate":"https:\/\/truusk.store\/sv\/?s={search_term_string}"},"query-input":{"@type":"PropertyValueSpecification","valueRequired":true,"valueName":"search_term_string"}}],"inLanguage":"sv-SE"},{"@type":"Organization","@id":"https:\/\/truusk.store\/sv\/#organization","name":"TRUUSK - Hem, Tr\u00e4dg\u00e5rd & Fritid","url":"https:\/\/truusk.store\/sv\/","logo":{"@type":"ImageObject","inLanguage":"sv-SE","@id":"https:\/\/truusk.store\/sv\/#\/schema\/logo\/image\/","url":"https:\/\/i0.wp.com\/truusk.store\/wp-content\/uploads\/2026\/03\/cropped-TRUUSK.png?fit=2032%2C917&ssl=1","contentUrl":"https:\/\/i0.wp.com\/truusk.store\/wp-content\/uploads\/2026\/03\/cropped-TRUUSK.png?fit=2032%2C917&ssl=1","width":2032,"height":917,"caption":"TRUUSK - Hem, Tr\u00e4dg\u00e5rd & Fritid"},"image":{"@id":"https:\/\/truusk.store\/sv\/#\/schema\/logo\/image\/"}}]}},"jetpack_sharing_enabled":true,"_links":{"self":[{"href":"https:\/\/truusk.store\/sv\/wp-json\/wp\/v2\/product\/85213","targetHints":{"allow":["GET"]}}],"collection":[{"href":"https:\/\/truusk.store\/sv\/wp-json\/wp\/v2\/product"}],"about":[{"href":"https:\/\/truusk.store\/sv\/wp-json\/wp\/v2\/types\/product"}],"wp:featuredmedia":[{"embeddable":true,"href":"https:\/\/truusk.store\/sv\/wp-json\/wp\/v2\/media\/85200"}],"wp:attachment":[{"href":"https:\/\/truusk.store\/sv\/wp-json\/wp\/v2\/media?parent=85213"}],"wp:term":[{"taxonomy":"product_brand","embeddable":true,"href":"https:\/\/truusk.store\/sv\/wp-json\/wp\/v2\/product_brand?post=85213"},{"taxonomy":"product_cat","embeddable":true,"href":"https:\/\/truusk.store\/sv\/wp-json\/wp\/v2\/product_cat?post=85213"},{"taxonomy":"product_tag","embeddable":true,"href":"https:\/\/truusk.store\/sv\/wp-json\/wp\/v2\/product_tag?post=85213"}],"curies":[{"name":"wp","href":"https:\/\/api.w.org\/{rel}","templated":true}]}}