{"id":85223,"date":"2025-08-06T12:51:58","date_gmt":"2025-08-06T11:51:58","guid":{"rendered":"https:\/\/truusk.store\/product\/konstgjord-trad-konstgjord-vaxt-i-cementkruka-konstvaxt\/"},"modified":"2026-03-12T09:44:44","modified_gmt":"2026-03-12T08:44:44","slug":"truusk-konstgjord-vaxt-i-cementkruka-realistiskt-utseende-latt-att-underhalla-perfekt-for-inomhusbruk-gron","status":"publish","type":"product","link":"https:\/\/truusk.store\/sv\/produkt\/truusk-konstgjord-vaxt-i-cementkruka-realistiskt-utseende-latt-att-underhalla-perfekt-for-inomhusbruk-gron\/","title":{"rendered":"TRUUSK Konstgjord V\u00e4xt i Cementkruka &#8211; Realistiskt Utseende &#8211; L\u00e4tt att Underh\u00e5lla &#8211; Perfekt f\u00f6r Inomhusbruk &#8211; Gr\u00f6n"},"content":{"rendered":"<p>\u00c5teruppliva dina inomhus- och utomhusomr\u00e5den med ljusa, vackra f\u00e4rger, helt utan underh\u00e5ll. Dessa konstgjorda v\u00e4xter fr\u00e5n TRUUSK ger din omgivning en fr\u00e4sch, naturlig touch p\u00e5 l\u00e5ng sikt. Den bedr\u00e4gligt \u00e4kta utseendet och k\u00e4nslan av konstv\u00e4xten f\u00e5r den att verka som en naturlig v\u00e4xt. I krukan, fylld med en gr\u00e4sliknande cementbotten, st\u00e5r krukv\u00e4xten stabilt dygnet runt.<\/p>\n<p>Beskrivning:<\/p>\n<ul>\n<li> Vackert rosplantdesign av krukv\u00e4xten<\/li>\n<li> L\u00e4mplig f\u00f6r olika omr\u00e5den<\/li>\n<li> Helt konstgjord, denna v\u00e4xt kr\u00e4ver ingen st\u00f6rre underh\u00e5ll<\/li>\n<li> Levereras med en cementfylld kruka, f\u00f6r en uppr\u00e4tt st\u00e5ende<\/li>\n<li> Plasten av konstv\u00e4xten \u00e4r tillverkad i en naturlig textur och fylld med cementbotten och konstgjord mossa, f\u00f6r ett realistiskt utseende<\/li>\n<\/ul>\n<p> Tekniska data:<\/p>\n<ul>\n<li> F\u00e4rg: Vit<\/li>\n<li> Material: Plast, Tyg<\/li>\n<li> Totala dimensioner: \u00d818 x 90H cm<\/li>\n<li> Krukstorlek: \u00d818 x 14H cm<\/li>\n<\/ul>\n<p>Leveransinneh\u00e5ll:<\/p>\n<ul>\n<li> 1 x Konstgjord tr\u00e4d;<\/li>\n<\/ul>\n","protected":false},"excerpt":{"rendered":"<p>\u00c5teruppliva dina inomhus- och utomhusomr\u00e5den med ljusa, vackra f\u00e4rger, helt utan underh\u00e5ll. Dessa konstgjorda v\u00e4xter fr\u00e5n TRUUSK ger din omgivning&#8230;<\/p>\n","protected":false},"featured_media":85214,"template":"","meta":[],"product_brand":[],"product_cat":[962,871,681],"product_tag":[],"class_list":{"0":"post-85223","1":"product","2":"type-product","3":"status-publish","4":"has-post-thumbnail","6":"product_cat-dekoration","7":"product_cat-hus-hem","8":"product_cat-konstgjorda-vaxter","10":"first","11":"instock","12":"sale","13":"taxable","14":"shipping-taxable","15":"purchasable","16":"product-type-simple"},"yoast_head":"<!-- This site is optimized with the Yoast SEO plugin v25.4 - https:\/\/yoast.com\/wordpress\/plugins\/seo\/ -->\n<title>TRUUSK Konstgjord V\u00e4xt i Cementkruka - Realistiskt Utseende - L\u00e4tt att Underh\u00e5lla - Perfekt f\u00f6r Inomhusbruk - Gr\u00f6n - TRUUSK - Hem, Tr\u00e4dg\u00e5rd &amp; Fritid<\/title>\n<meta name=\"robots\" content=\"index, follow, max-snippet:-1, max-image-preview:large, max-video-preview:-1\" \/>\n<link rel=\"canonical\" href=\"https:\/\/truusk.store\/sv\/produkt\/truusk-konstgjord-vaxt-i-cementkruka-realistiskt-utseende-latt-att-underhalla-perfekt-for-inomhusbruk-gron\/\" \/>\n<meta property=\"og:locale\" content=\"sv_SE\" \/>\n<meta property=\"og:type\" content=\"article\" \/>\n<meta property=\"og:title\" content=\"TRUUSK Konstgjord V\u00e4xt i Cementkruka - Realistiskt Utseende - L\u00e4tt att Underh\u00e5lla - Perfekt f\u00f6r Inomhusbruk - Gr\u00f6n - TRUUSK - Hem, Tr\u00e4dg\u00e5rd &amp; Fritid\" \/>\n<meta property=\"og:description\" content=\"\u00c5teruppliva dina inomhus- och utomhusomr\u00e5den med ljusa, vackra f\u00e4rger, helt utan underh\u00e5ll. Dessa konstgjorda v\u00e4xter fr\u00e5n TRUUSK ger din omgivning...\" \/>\n<meta property=\"og:url\" content=\"https:\/\/truusk.store\/sv\/produkt\/truusk-konstgjord-vaxt-i-cementkruka-realistiskt-utseende-latt-att-underhalla-perfekt-for-inomhusbruk-gron\/\" \/>\n<meta property=\"og:site_name\" content=\"TRUUSK - Hem, Tr\u00e4dg\u00e5rd &amp; Fritid\" \/>\n<meta property=\"article:modified_time\" content=\"2026-03-12T08:44:44+00:00\" \/>\n<meta property=\"og:image\" content=\"https:\/\/i0.wp.com\/truusk.se\/wp-content\/uploads\/2025\/08\/konstgjord-trad-konstgjord-vaxt-i-cementkruka-konstvaxt-1.webp?fit=2000%2C2000&ssl=1\" \/>\n\t<meta property=\"og:image:width\" content=\"2000\" \/>\n\t<meta property=\"og:image:height\" content=\"2000\" \/>\n\t<meta property=\"og:image:type\" content=\"image\/webp\" \/>\n<meta name=\"twitter:card\" content=\"summary_large_image\" \/>\n<meta name=\"twitter:label1\" content=\"Ber\u00e4knad l\u00e4stid\" \/>\n\t<meta name=\"twitter:data1\" content=\"1 minut\" \/>\n<!-- \/ Yoast SEO plugin. -->","yoast_head_json":{"title":"TRUUSK Konstgjord V\u00e4xt i Cementkruka - Realistiskt Utseende - L\u00e4tt att Underh\u00e5lla - Perfekt f\u00f6r Inomhusbruk - Gr\u00f6n - TRUUSK - Hem, Tr\u00e4dg\u00e5rd &amp; Fritid","robots":{"index":"index","follow":"follow","max-snippet":"max-snippet:-1","max-image-preview":"max-image-preview:large","max-video-preview":"max-video-preview:-1"},"canonical":"https:\/\/truusk.store\/sv\/produkt\/truusk-konstgjord-vaxt-i-cementkruka-realistiskt-utseende-latt-att-underhalla-perfekt-for-inomhusbruk-gron\/","og_locale":"sv_SE","og_type":"article","og_title":"TRUUSK Konstgjord V\u00e4xt i Cementkruka - Realistiskt Utseende - L\u00e4tt att Underh\u00e5lla - Perfekt f\u00f6r Inomhusbruk - Gr\u00f6n - TRUUSK - Hem, Tr\u00e4dg\u00e5rd &amp; Fritid","og_description":"\u00c5teruppliva dina inomhus- och utomhusomr\u00e5den med ljusa, vackra f\u00e4rger, helt utan underh\u00e5ll. Dessa konstgjorda v\u00e4xter fr\u00e5n TRUUSK ger din omgivning...","og_url":"https:\/\/truusk.store\/sv\/produkt\/truusk-konstgjord-vaxt-i-cementkruka-realistiskt-utseende-latt-att-underhalla-perfekt-for-inomhusbruk-gron\/","og_site_name":"TRUUSK - Hem, Tr\u00e4dg\u00e5rd &amp; Fritid","article_modified_time":"2026-03-12T08:44:44+00:00","og_image":[{"width":2000,"height":2000,"url":"https:\/\/i0.wp.com\/truusk.se\/wp-content\/uploads\/2025\/08\/konstgjord-trad-konstgjord-vaxt-i-cementkruka-konstvaxt-1.webp?fit=2000%2C2000&ssl=1","type":"image\/webp"}],"twitter_card":"summary_large_image","twitter_misc":{"Ber\u00e4knad l\u00e4stid":"1 minut"},"schema":{"@context":"https:\/\/schema.org","@graph":[{"@type":"WebPage","@id":"https:\/\/truusk.store\/sv\/produkt\/truusk-konstgjord-vaxt-i-cementkruka-realistiskt-utseende-latt-att-underhalla-perfekt-for-inomhusbruk-gron\/","url":"https:\/\/truusk.store\/sv\/produkt\/truusk-konstgjord-vaxt-i-cementkruka-realistiskt-utseende-latt-att-underhalla-perfekt-for-inomhusbruk-gron\/","name":"TRUUSK Konstgjord V\u00e4xt i Cementkruka - Realistiskt Utseende - L\u00e4tt att Underh\u00e5lla - Perfekt f\u00f6r Inomhusbruk - Gr\u00f6n - TRUUSK - Hem, Tr\u00e4dg\u00e5rd &amp; Fritid","isPartOf":{"@id":"https:\/\/truusk.store\/sv\/#website"},"primaryImageOfPage":{"@id":"https:\/\/truusk.store\/sv\/produkt\/truusk-konstgjord-vaxt-i-cementkruka-realistiskt-utseende-latt-att-underhalla-perfekt-for-inomhusbruk-gron\/#primaryimage"},"image":{"@id":"https:\/\/truusk.store\/sv\/produkt\/truusk-konstgjord-vaxt-i-cementkruka-realistiskt-utseende-latt-att-underhalla-perfekt-for-inomhusbruk-gron\/#primaryimage"},"thumbnailUrl":"https:\/\/i0.wp.com\/truusk.store\/wp-content\/uploads\/2025\/08\/konstgjord-trad-konstgjord-vaxt-i-cementkruka-konstvaxt-1.webp?fit=2000%2C2000&ssl=1","datePublished":"2025-08-06T11:51:58+00:00","dateModified":"2026-03-12T08:44:44+00:00","breadcrumb":{"@id":"https:\/\/truusk.store\/sv\/produkt\/truusk-konstgjord-vaxt-i-cementkruka-realistiskt-utseende-latt-att-underhalla-perfekt-for-inomhusbruk-gron\/#breadcrumb"},"inLanguage":"sv-SE","potentialAction":[{"@type":"ReadAction","target":["https:\/\/truusk.store\/sv\/produkt\/truusk-konstgjord-vaxt-i-cementkruka-realistiskt-utseende-latt-att-underhalla-perfekt-for-inomhusbruk-gron\/"]}]},{"@type":"ImageObject","inLanguage":"sv-SE","@id":"https:\/\/truusk.store\/sv\/produkt\/truusk-konstgjord-vaxt-i-cementkruka-realistiskt-utseende-latt-att-underhalla-perfekt-for-inomhusbruk-gron\/#primaryimage","url":"https:\/\/i0.wp.com\/truusk.store\/wp-content\/uploads\/2025\/08\/konstgjord-trad-konstgjord-vaxt-i-cementkruka-konstvaxt-1.webp?fit=2000%2C2000&ssl=1","contentUrl":"https:\/\/i0.wp.com\/truusk.store\/wp-content\/uploads\/2025\/08\/konstgjord-trad-konstgjord-vaxt-i-cementkruka-konstvaxt-1.webp?fit=2000%2C2000&ssl=1","width":2000,"height":2000},{"@type":"BreadcrumbList","@id":"https:\/\/truusk.store\/sv\/produkt\/truusk-konstgjord-vaxt-i-cementkruka-realistiskt-utseende-latt-att-underhalla-perfekt-for-inomhusbruk-gron\/#breadcrumb","itemListElement":[{"@type":"ListItem","position":1,"name":"Home","item":"https:\/\/truusk.store\/sv\/"},{"@type":"ListItem","position":2,"name":"Shop","item":"https:\/\/truusk.store\/shop\/"},{"@type":"ListItem","position":3,"name":"TRUUSK Konstgjord V\u00e4xt i Cementkruka &#8211; Realistiskt Utseende &#8211; L\u00e4tt att Underh\u00e5lla &#8211; Perfekt f\u00f6r Inomhusbruk &#8211; Gr\u00f6n"}]},{"@type":"WebSite","@id":"https:\/\/truusk.store\/sv\/#website","url":"https:\/\/truusk.store\/sv\/","name":"TRUUSK - Hem, Tr\u00e4dg\u00e5rd & Fritid","description":"","publisher":{"@id":"https:\/\/truusk.store\/sv\/#organization"},"potentialAction":[{"@type":"SearchAction","target":{"@type":"EntryPoint","urlTemplate":"https:\/\/truusk.store\/sv\/?s={search_term_string}"},"query-input":{"@type":"PropertyValueSpecification","valueRequired":true,"valueName":"search_term_string"}}],"inLanguage":"sv-SE"},{"@type":"Organization","@id":"https:\/\/truusk.store\/sv\/#organization","name":"TRUUSK - Hem, Tr\u00e4dg\u00e5rd & Fritid","url":"https:\/\/truusk.store\/sv\/","logo":{"@type":"ImageObject","inLanguage":"sv-SE","@id":"https:\/\/truusk.store\/sv\/#\/schema\/logo\/image\/","url":"https:\/\/i0.wp.com\/truusk.store\/wp-content\/uploads\/2026\/03\/cropped-TRUUSK.png?fit=2032%2C917&ssl=1","contentUrl":"https:\/\/i0.wp.com\/truusk.store\/wp-content\/uploads\/2026\/03\/cropped-TRUUSK.png?fit=2032%2C917&ssl=1","width":2032,"height":917,"caption":"TRUUSK - Hem, Tr\u00e4dg\u00e5rd & Fritid"},"image":{"@id":"https:\/\/truusk.store\/sv\/#\/schema\/logo\/image\/"}}]}},"jetpack_sharing_enabled":true,"_links":{"self":[{"href":"https:\/\/truusk.store\/sv\/wp-json\/wp\/v2\/product\/85223","targetHints":{"allow":["GET"]}}],"collection":[{"href":"https:\/\/truusk.store\/sv\/wp-json\/wp\/v2\/product"}],"about":[{"href":"https:\/\/truusk.store\/sv\/wp-json\/wp\/v2\/types\/product"}],"wp:featuredmedia":[{"embeddable":true,"href":"https:\/\/truusk.store\/sv\/wp-json\/wp\/v2\/media\/85214"}],"wp:attachment":[{"href":"https:\/\/truusk.store\/sv\/wp-json\/wp\/v2\/media?parent=85223"}],"wp:term":[{"taxonomy":"product_brand","embeddable":true,"href":"https:\/\/truusk.store\/sv\/wp-json\/wp\/v2\/product_brand?post=85223"},{"taxonomy":"product_cat","embeddable":true,"href":"https:\/\/truusk.store\/sv\/wp-json\/wp\/v2\/product_cat?post=85223"},{"taxonomy":"product_tag","embeddable":true,"href":"https:\/\/truusk.store\/sv\/wp-json\/wp\/v2\/product_tag?post=85223"}],"curies":[{"name":"wp","href":"https:\/\/api.w.org\/{rel}","templated":true}]}}