{"id":85277,"date":"2025-08-06T12:59:20","date_gmt":"2025-08-06T11:59:20","guid":{"rendered":"https:\/\/truusk.store\/product\/3-stegs-bambuhylla-skohylla-forvaringshylla-lackerad-yta-vit\/"},"modified":"2026-03-12T08:44:30","modified_gmt":"2026-03-12T07:44:30","slug":"truusk-bambuhylla-3-stegs-forvaringshylla-skohylla-lackerad-yta-vit","status":"publish","type":"product","link":"https:\/\/truusk.store\/sv\/produkt\/truusk-bambuhylla-3-stegs-forvaringshylla-skohylla-lackerad-yta-vit\/","title":{"rendered":"TRUUSK Bambuhylla 3-stegs &#8211; F\u00f6rvaringshylla &#8211; Skohylla &#8211; Lackerad Yta &#8211; Vit"},"content":{"rendered":"<p>F\u00f6rvandla din \u00f6verfulla entr\u00e9 till en fridfull oas med TRUUSK skohylla. Tillverkad av naturligt bambu, ger det en h\u00e4lsosam och luktfri atmosf\u00e4r. Den moderna vita designen passar perfekt in i alla inredningar. Skohyllan erbjuder inte bara plats f\u00f6r skor, utan ocks\u00e5 f\u00f6r b\u00f6cker och vardagliga f\u00f6rem\u00e5l, vilket berikar ditt boende. Njut av den perfekta kombinationen av stil och funktionalitet som enkelt uppgraderar ditt hem.<\/p>\n<p>Beskrivning:<\/p>\n<ul>\n<li> Tillverkad av naturligt bambu med lackerad finish<\/li>\n<li> Solid konstruktion b\u00e4r upp till 30 kg, stabil och h\u00e5llbar<\/li>\n<li> Trestegsdesign rymmer upp till nio par skor<\/li>\n<li> Kompakt storlek passar i entr\u00e9er, korridorer eller andra sm\u00e5 utrymmen<\/li>\n<li> M\u00e5ngsidig skohylla som ocks\u00e5 fungerar som f\u00f6rvaringshylla f\u00f6r alla rum<\/li>\n<li> Modern vit finish som l\u00e4tt passar in i olika inredningsstilar<\/li>\n<li> Enkel montering<\/li>\n<li>Montering kr\u00e4vs.<\/li>\n<\/ul>\n<p> Tekniska data:<\/p>\n<ul>\n<li> F\u00e4rg: Vit<\/li>\n<li> Material: Bambu<\/li>\n<li> Totala dimensioner: 70L x 26B x 55H cm<\/li>\n<li> Lagerh\u00f6jd: 21 cm<\/li>\n<li> B\u00e4rkapacitet: 30 kg<\/li>\n<\/ul>\n<p>Leveransinneh\u00e5ll:<\/p>\n<ul>\n<li> 1 x Skohylla<\/li>\n<li> 1 x Bruksanvisning<\/li>\n<\/ul>\n","protected":false},"excerpt":{"rendered":"<p>F\u00f6rvandla din \u00f6verfulla entr\u00e9 till en fridfull oas med TRUUSK skohylla. Tillverkad av naturligt bambu, ger det en h\u00e4lsosam och&#8230;<\/p>\n","protected":false},"featured_media":85264,"template":"","meta":[],"product_brand":[],"product_cat":[893,871,940],"product_tag":[],"class_list":{"0":"post-85277","1":"product","2":"type-product","3":"status-publish","4":"has-post-thumbnail","6":"product_cat-garderob-hall","7":"product_cat-hus-hem","8":"product_cat-skohyllor","10":"first","11":"instock","12":"sale","13":"taxable","14":"shipping-taxable","15":"purchasable","16":"product-type-simple"},"yoast_head":"<!-- This site is optimized with the Yoast SEO plugin v25.4 - https:\/\/yoast.com\/wordpress\/plugins\/seo\/ -->\n<title>TRUUSK Bambuhylla 3-stegs - F\u00f6rvaringshylla - Skohylla - Lackerad Yta - Vit - TRUUSK - Hem, Tr\u00e4dg\u00e5rd &amp; Fritid<\/title>\n<meta name=\"robots\" content=\"index, follow, max-snippet:-1, max-image-preview:large, max-video-preview:-1\" \/>\n<link rel=\"canonical\" href=\"https:\/\/truusk.store\/sv\/produkt\/truusk-bambuhylla-3-stegs-forvaringshylla-skohylla-lackerad-yta-vit\/\" \/>\n<meta property=\"og:locale\" content=\"sv_SE\" \/>\n<meta property=\"og:type\" content=\"article\" \/>\n<meta property=\"og:title\" content=\"TRUUSK Bambuhylla 3-stegs - F\u00f6rvaringshylla - Skohylla - Lackerad Yta - Vit - TRUUSK - Hem, Tr\u00e4dg\u00e5rd &amp; Fritid\" \/>\n<meta property=\"og:description\" content=\"F\u00f6rvandla din \u00f6verfulla entr\u00e9 till en fridfull oas med TRUUSK skohylla. Tillverkad av naturligt bambu, ger det en h\u00e4lsosam och...\" \/>\n<meta property=\"og:url\" content=\"https:\/\/truusk.store\/sv\/produkt\/truusk-bambuhylla-3-stegs-forvaringshylla-skohylla-lackerad-yta-vit\/\" \/>\n<meta property=\"og:site_name\" content=\"TRUUSK - Hem, Tr\u00e4dg\u00e5rd &amp; Fritid\" \/>\n<meta property=\"article:modified_time\" content=\"2026-03-12T07:44:30+00:00\" \/>\n<meta property=\"og:image\" content=\"https:\/\/i0.wp.com\/truusk.se\/wp-content\/uploads\/2025\/08\/3-stegs-bambuhylla-skohylla-forvaringshylla-lackerad-yta-vit-1.webp?fit=2000%2C2000&ssl=1\" \/>\n\t<meta property=\"og:image:width\" content=\"2000\" \/>\n\t<meta property=\"og:image:height\" content=\"2000\" \/>\n\t<meta property=\"og:image:type\" content=\"image\/webp\" \/>\n<meta name=\"twitter:card\" content=\"summary_large_image\" \/>\n<meta name=\"twitter:label1\" content=\"Ber\u00e4knad l\u00e4stid\" \/>\n\t<meta name=\"twitter:data1\" content=\"1 minut\" \/>\n<!-- \/ Yoast SEO plugin. -->","yoast_head_json":{"title":"TRUUSK Bambuhylla 3-stegs - F\u00f6rvaringshylla - Skohylla - Lackerad Yta - Vit - TRUUSK - Hem, Tr\u00e4dg\u00e5rd &amp; Fritid","robots":{"index":"index","follow":"follow","max-snippet":"max-snippet:-1","max-image-preview":"max-image-preview:large","max-video-preview":"max-video-preview:-1"},"canonical":"https:\/\/truusk.store\/sv\/produkt\/truusk-bambuhylla-3-stegs-forvaringshylla-skohylla-lackerad-yta-vit\/","og_locale":"sv_SE","og_type":"article","og_title":"TRUUSK Bambuhylla 3-stegs - F\u00f6rvaringshylla - Skohylla - Lackerad Yta - Vit - TRUUSK - Hem, Tr\u00e4dg\u00e5rd &amp; Fritid","og_description":"F\u00f6rvandla din \u00f6verfulla entr\u00e9 till en fridfull oas med TRUUSK skohylla. Tillverkad av naturligt bambu, ger det en h\u00e4lsosam och...","og_url":"https:\/\/truusk.store\/sv\/produkt\/truusk-bambuhylla-3-stegs-forvaringshylla-skohylla-lackerad-yta-vit\/","og_site_name":"TRUUSK - Hem, Tr\u00e4dg\u00e5rd &amp; Fritid","article_modified_time":"2026-03-12T07:44:30+00:00","og_image":[{"width":2000,"height":2000,"url":"https:\/\/i0.wp.com\/truusk.se\/wp-content\/uploads\/2025\/08\/3-stegs-bambuhylla-skohylla-forvaringshylla-lackerad-yta-vit-1.webp?fit=2000%2C2000&ssl=1","type":"image\/webp"}],"twitter_card":"summary_large_image","twitter_misc":{"Ber\u00e4knad l\u00e4stid":"1 minut"},"schema":{"@context":"https:\/\/schema.org","@graph":[{"@type":"WebPage","@id":"https:\/\/truusk.store\/sv\/produkt\/truusk-bambuhylla-3-stegs-forvaringshylla-skohylla-lackerad-yta-vit\/","url":"https:\/\/truusk.store\/sv\/produkt\/truusk-bambuhylla-3-stegs-forvaringshylla-skohylla-lackerad-yta-vit\/","name":"TRUUSK Bambuhylla 3-stegs - F\u00f6rvaringshylla - Skohylla - Lackerad Yta - Vit - TRUUSK - Hem, Tr\u00e4dg\u00e5rd &amp; Fritid","isPartOf":{"@id":"https:\/\/truusk.store\/sv\/#website"},"primaryImageOfPage":{"@id":"https:\/\/truusk.store\/sv\/produkt\/truusk-bambuhylla-3-stegs-forvaringshylla-skohylla-lackerad-yta-vit\/#primaryimage"},"image":{"@id":"https:\/\/truusk.store\/sv\/produkt\/truusk-bambuhylla-3-stegs-forvaringshylla-skohylla-lackerad-yta-vit\/#primaryimage"},"thumbnailUrl":"https:\/\/i0.wp.com\/truusk.store\/wp-content\/uploads\/2025\/08\/3-stegs-bambuhylla-skohylla-forvaringshylla-lackerad-yta-vit-1.webp?fit=2000%2C2000&ssl=1","datePublished":"2025-08-06T11:59:20+00:00","dateModified":"2026-03-12T07:44:30+00:00","breadcrumb":{"@id":"https:\/\/truusk.store\/sv\/produkt\/truusk-bambuhylla-3-stegs-forvaringshylla-skohylla-lackerad-yta-vit\/#breadcrumb"},"inLanguage":"sv-SE","potentialAction":[{"@type":"ReadAction","target":["https:\/\/truusk.store\/sv\/produkt\/truusk-bambuhylla-3-stegs-forvaringshylla-skohylla-lackerad-yta-vit\/"]}]},{"@type":"ImageObject","inLanguage":"sv-SE","@id":"https:\/\/truusk.store\/sv\/produkt\/truusk-bambuhylla-3-stegs-forvaringshylla-skohylla-lackerad-yta-vit\/#primaryimage","url":"https:\/\/i0.wp.com\/truusk.store\/wp-content\/uploads\/2025\/08\/3-stegs-bambuhylla-skohylla-forvaringshylla-lackerad-yta-vit-1.webp?fit=2000%2C2000&ssl=1","contentUrl":"https:\/\/i0.wp.com\/truusk.store\/wp-content\/uploads\/2025\/08\/3-stegs-bambuhylla-skohylla-forvaringshylla-lackerad-yta-vit-1.webp?fit=2000%2C2000&ssl=1","width":2000,"height":2000},{"@type":"BreadcrumbList","@id":"https:\/\/truusk.store\/sv\/produkt\/truusk-bambuhylla-3-stegs-forvaringshylla-skohylla-lackerad-yta-vit\/#breadcrumb","itemListElement":[{"@type":"ListItem","position":1,"name":"Home","item":"https:\/\/truusk.store\/sv\/"},{"@type":"ListItem","position":2,"name":"Shop","item":"https:\/\/truusk.store\/shop\/"},{"@type":"ListItem","position":3,"name":"TRUUSK Bambuhylla 3-stegs &#8211; F\u00f6rvaringshylla &#8211; Skohylla &#8211; Lackerad Yta &#8211; Vit"}]},{"@type":"WebSite","@id":"https:\/\/truusk.store\/sv\/#website","url":"https:\/\/truusk.store\/sv\/","name":"TRUUSK - Hem, Tr\u00e4dg\u00e5rd & Fritid","description":"","publisher":{"@id":"https:\/\/truusk.store\/sv\/#organization"},"potentialAction":[{"@type":"SearchAction","target":{"@type":"EntryPoint","urlTemplate":"https:\/\/truusk.store\/sv\/?s={search_term_string}"},"query-input":{"@type":"PropertyValueSpecification","valueRequired":true,"valueName":"search_term_string"}}],"inLanguage":"sv-SE"},{"@type":"Organization","@id":"https:\/\/truusk.store\/sv\/#organization","name":"TRUUSK - Hem, Tr\u00e4dg\u00e5rd & Fritid","url":"https:\/\/truusk.store\/sv\/","logo":{"@type":"ImageObject","inLanguage":"sv-SE","@id":"https:\/\/truusk.store\/sv\/#\/schema\/logo\/image\/","url":"https:\/\/i0.wp.com\/truusk.store\/wp-content\/uploads\/2026\/03\/cropped-TRUUSK.png?fit=2032%2C917&ssl=1","contentUrl":"https:\/\/i0.wp.com\/truusk.store\/wp-content\/uploads\/2026\/03\/cropped-TRUUSK.png?fit=2032%2C917&ssl=1","width":2032,"height":917,"caption":"TRUUSK - Hem, Tr\u00e4dg\u00e5rd & Fritid"},"image":{"@id":"https:\/\/truusk.store\/sv\/#\/schema\/logo\/image\/"}}]}},"jetpack_sharing_enabled":true,"_links":{"self":[{"href":"https:\/\/truusk.store\/sv\/wp-json\/wp\/v2\/product\/85277","targetHints":{"allow":["GET"]}}],"collection":[{"href":"https:\/\/truusk.store\/sv\/wp-json\/wp\/v2\/product"}],"about":[{"href":"https:\/\/truusk.store\/sv\/wp-json\/wp\/v2\/types\/product"}],"wp:featuredmedia":[{"embeddable":true,"href":"https:\/\/truusk.store\/sv\/wp-json\/wp\/v2\/media\/85264"}],"wp:attachment":[{"href":"https:\/\/truusk.store\/sv\/wp-json\/wp\/v2\/media?parent=85277"}],"wp:term":[{"taxonomy":"product_brand","embeddable":true,"href":"https:\/\/truusk.store\/sv\/wp-json\/wp\/v2\/product_brand?post=85277"},{"taxonomy":"product_cat","embeddable":true,"href":"https:\/\/truusk.store\/sv\/wp-json\/wp\/v2\/product_cat?post=85277"},{"taxonomy":"product_tag","embeddable":true,"href":"https:\/\/truusk.store\/sv\/wp-json\/wp\/v2\/product_tag?post=85277"}],"curies":[{"name":"wp","href":"https:\/\/api.w.org\/{rel}","templated":true}]}}