{"id":8536,"date":"2024-02-13T09:20:57","date_gmt":"2024-02-13T08:20:57","guid":{"rendered":"https:\/\/truusk.store\/product\/2-x-hopfallbara-stolar-tradgardsstol-solstol-armstod-fallbart-5-positioner-kudde-bla-60-x-75-x-102-cm\/"},"modified":"2026-03-12T08:55:48","modified_gmt":"2026-03-12T07:55:48","slug":"truusk-hopfallbara-tradgardsstolar-solstolar-med-armstod-5-positioner-mjuk-kudde-bla-60-x-75-x-102-cm","status":"publish","type":"product","link":"https:\/\/truusk.store\/sv\/produkt\/truusk-hopfallbara-tradgardsstolar-solstolar-med-armstod-5-positioner-mjuk-kudde-bla-60-x-75-x-102-cm\/","title":{"rendered":"TRUUSK Hopf\u00e4llbara Tr\u00e4dg\u00e5rdsstolar &#8211; Solstolar med Armst\u00f6d &#8211; 5 Positioner &#8211; Mjuk Kudde &#8211; Bl\u00e5 &#8211; 60 x 75 x 102 cm"},"content":{"rendered":"<p>I dessa tv\u00e5 bekv\u00e4ma tr\u00e4dg\u00e5rdsstolar kan du tillbringa avkopplande timmar med att \u00e4ta eller koppla av inomhus och utomhus. Den 5-stegs justerbara sitsvinkeln, den mjuka sittdynan och det bekv\u00e4ma armst\u00f6det s\u00e4kerst\u00e4ller optimal sitt- och liggkomfort. De tv\u00e5 praktiska stolarna \u00e4r hopf\u00e4llbara och kan enkelt f\u00f6rvaras var som helst. S\u00e4tt upp f\u00f6tterna och avsluta dagen bekv\u00e4mt!<\/p>\n<h3>Beskrivning:<\/h3>\n<ul>\n<li>Tv\u00e5 h\u00f6gkvalitativa hopf\u00e4llbara stolar i vacker bl\u00e5vit design<\/li>\n<li>5-niv\u00e5 justerbart ryggst\u00f6d<\/li>\n<li>L\u00e4mplig f\u00f6r balkong, terrass, lounge, tr\u00e4dg\u00e5rd, camping eller strand<\/li>\n<li>Platsbesparande, hopf\u00e4llbar och l\u00e4tt att b\u00e4ra<\/li>\n<li>Stabil ram av pulverlackerat st\u00e5l<\/li>\n<li>Mjuk sitsstoppning garanterar optimal sittkomfort<\/li>\n<li>F\u00e4rg\u00e4kta och flamskyddade kl\u00e4dselmaterial<\/li>\n<li>Kl\u00e4dda kuddar f\u00e4sts p\u00e5 solstolarna med remmar<\/li>\n<\/ul>\n<h3>Teknisk data:<\/h3>\n<ul>\n<li>Material: Ram: pulverlackerat st\u00e5l, armst\u00f6d: plast, kuddfodral: polyester<\/li>\n<li>\u00d6vergripande m\u00e5tt: B60 x D75 x H102 cm<\/li>\n<li>Sitth\u00f6jd: 42 cm<\/li>\n<li>H\u00f6jd p\u00e5 ryggst\u00f6d: 50-102 cm justerbar Tjocklek p\u00e5 stoppning: 6 cm<\/li>\n<li>Vikm\u00e5tt: L92 x B61,5 x H12 cm<\/li>\n<li>Vikt: 11,36 kg<\/li>\n<li>Armst\u00f6dsm\u00e5tt: L40 x B11 cm<\/li>\n<li>Max lastkapacitet: 120 kg<\/li>\n<li>F\u00e4rg: Bl\u00e5+Vit<\/li>\n<\/ul>\n<h3>Leveransens omfattning:<\/h3>\n<ul>\n<li>2 x hopf\u00e4llbara stolar<\/li>\n<li>2 x upplaga<\/li>\n<\/ul>\n","protected":false},"excerpt":{"rendered":"<p>I dessa tv\u00e5 bekv\u00e4ma tr\u00e4dg\u00e5rdsstolar kan du tillbringa avkopplande timmar med att \u00e4ta eller koppla av inomhus och utomhus. Den&#8230;<\/p>\n","protected":false},"featured_media":8537,"template":"","meta":[],"product_brand":[],"product_cat":[451,435,450],"product_tag":[],"class_list":{"0":"post-8536","1":"product","2":"type-product","3":"status-publish","4":"has-post-thumbnail","6":"product_cat-solstolar","7":"product_cat-tradgard-och-terrass","8":"product_cat-tradgardsmobler","10":"first","11":"instock","12":"sale","13":"taxable","14":"shipping-taxable","15":"purchasable","16":"product-type-simple"},"yoast_head":"<!-- This site is optimized with the Yoast SEO plugin v25.4 - https:\/\/yoast.com\/wordpress\/plugins\/seo\/ -->\n<title>TRUUSK Hopf\u00e4llbara Tr\u00e4dg\u00e5rdsstolar - Solstolar med Armst\u00f6d - 5 Positioner - Mjuk Kudde - Bl\u00e5 - 60 x 75 x 102 cm - TRUUSK - Hem, Tr\u00e4dg\u00e5rd &amp; Fritid<\/title>\n<meta name=\"robots\" content=\"index, follow, max-snippet:-1, max-image-preview:large, max-video-preview:-1\" \/>\n<link rel=\"canonical\" href=\"https:\/\/truusk.store\/sv\/produkt\/truusk-hopfallbara-tradgardsstolar-solstolar-med-armstod-5-positioner-mjuk-kudde-bla-60-x-75-x-102-cm\/\" \/>\n<meta property=\"og:locale\" content=\"sv_SE\" \/>\n<meta property=\"og:type\" content=\"article\" \/>\n<meta property=\"og:title\" content=\"TRUUSK Hopf\u00e4llbara Tr\u00e4dg\u00e5rdsstolar - Solstolar med Armst\u00f6d - 5 Positioner - Mjuk Kudde - Bl\u00e5 - 60 x 75 x 102 cm - TRUUSK - Hem, Tr\u00e4dg\u00e5rd &amp; Fritid\" \/>\n<meta property=\"og:description\" content=\"I dessa tv\u00e5 bekv\u00e4ma tr\u00e4dg\u00e5rdsstolar kan du tillbringa avkopplande timmar med att \u00e4ta eller koppla av inomhus och utomhus. Den...\" \/>\n<meta property=\"og:url\" content=\"https:\/\/truusk.store\/sv\/produkt\/truusk-hopfallbara-tradgardsstolar-solstolar-med-armstod-5-positioner-mjuk-kudde-bla-60-x-75-x-102-cm\/\" \/>\n<meta property=\"og:site_name\" content=\"TRUUSK - Hem, Tr\u00e4dg\u00e5rd &amp; Fritid\" \/>\n<meta property=\"article:modified_time\" content=\"2026-03-12T07:55:48+00:00\" \/>\n<meta property=\"og:image\" content=\"https:\/\/i0.wp.com\/truusk.se\/wp-content\/uploads\/2024\/02\/2-x-hopfallbara-stolar-tradgardsstol-solstol-armstod-fallbart-5-positioner-kudde-bla-60-x-75-x-102-cm.webp?fit=800%2C800&ssl=1\" \/>\n\t<meta property=\"og:image:width\" content=\"800\" \/>\n\t<meta property=\"og:image:height\" content=\"800\" \/>\n\t<meta property=\"og:image:type\" content=\"image\/webp\" \/>\n<meta name=\"twitter:card\" content=\"summary_large_image\" \/>\n<meta name=\"twitter:label1\" content=\"Ber\u00e4knad l\u00e4stid\" \/>\n\t<meta name=\"twitter:data1\" content=\"1 minut\" \/>\n<!-- \/ Yoast SEO plugin. -->","yoast_head_json":{"title":"TRUUSK Hopf\u00e4llbara Tr\u00e4dg\u00e5rdsstolar - Solstolar med Armst\u00f6d - 5 Positioner - Mjuk Kudde - Bl\u00e5 - 60 x 75 x 102 cm - TRUUSK - Hem, Tr\u00e4dg\u00e5rd &amp; Fritid","robots":{"index":"index","follow":"follow","max-snippet":"max-snippet:-1","max-image-preview":"max-image-preview:large","max-video-preview":"max-video-preview:-1"},"canonical":"https:\/\/truusk.store\/sv\/produkt\/truusk-hopfallbara-tradgardsstolar-solstolar-med-armstod-5-positioner-mjuk-kudde-bla-60-x-75-x-102-cm\/","og_locale":"sv_SE","og_type":"article","og_title":"TRUUSK Hopf\u00e4llbara Tr\u00e4dg\u00e5rdsstolar - Solstolar med Armst\u00f6d - 5 Positioner - Mjuk Kudde - Bl\u00e5 - 60 x 75 x 102 cm - TRUUSK - Hem, Tr\u00e4dg\u00e5rd &amp; Fritid","og_description":"I dessa tv\u00e5 bekv\u00e4ma tr\u00e4dg\u00e5rdsstolar kan du tillbringa avkopplande timmar med att \u00e4ta eller koppla av inomhus och utomhus. Den...","og_url":"https:\/\/truusk.store\/sv\/produkt\/truusk-hopfallbara-tradgardsstolar-solstolar-med-armstod-5-positioner-mjuk-kudde-bla-60-x-75-x-102-cm\/","og_site_name":"TRUUSK - Hem, Tr\u00e4dg\u00e5rd &amp; Fritid","article_modified_time":"2026-03-12T07:55:48+00:00","og_image":[{"width":800,"height":800,"url":"https:\/\/i0.wp.com\/truusk.se\/wp-content\/uploads\/2024\/02\/2-x-hopfallbara-stolar-tradgardsstol-solstol-armstod-fallbart-5-positioner-kudde-bla-60-x-75-x-102-cm.webp?fit=800%2C800&ssl=1","type":"image\/webp"}],"twitter_card":"summary_large_image","twitter_misc":{"Ber\u00e4knad l\u00e4stid":"1 minut"},"schema":{"@context":"https:\/\/schema.org","@graph":[{"@type":"WebPage","@id":"https:\/\/truusk.store\/sv\/produkt\/truusk-hopfallbara-tradgardsstolar-solstolar-med-armstod-5-positioner-mjuk-kudde-bla-60-x-75-x-102-cm\/","url":"https:\/\/truusk.store\/sv\/produkt\/truusk-hopfallbara-tradgardsstolar-solstolar-med-armstod-5-positioner-mjuk-kudde-bla-60-x-75-x-102-cm\/","name":"TRUUSK Hopf\u00e4llbara Tr\u00e4dg\u00e5rdsstolar - Solstolar med Armst\u00f6d - 5 Positioner - Mjuk Kudde - Bl\u00e5 - 60 x 75 x 102 cm - TRUUSK - Hem, Tr\u00e4dg\u00e5rd &amp; Fritid","isPartOf":{"@id":"https:\/\/truusk.store\/sv\/#website"},"primaryImageOfPage":{"@id":"https:\/\/truusk.store\/sv\/produkt\/truusk-hopfallbara-tradgardsstolar-solstolar-med-armstod-5-positioner-mjuk-kudde-bla-60-x-75-x-102-cm\/#primaryimage"},"image":{"@id":"https:\/\/truusk.store\/sv\/produkt\/truusk-hopfallbara-tradgardsstolar-solstolar-med-armstod-5-positioner-mjuk-kudde-bla-60-x-75-x-102-cm\/#primaryimage"},"thumbnailUrl":"https:\/\/i0.wp.com\/truusk.store\/wp-content\/uploads\/2024\/02\/2-x-hopfallbara-stolar-tradgardsstol-solstol-armstod-fallbart-5-positioner-kudde-bla-60-x-75-x-102-cm.webp?fit=800%2C800&ssl=1","datePublished":"2024-02-13T08:20:57+00:00","dateModified":"2026-03-12T07:55:48+00:00","breadcrumb":{"@id":"https:\/\/truusk.store\/sv\/produkt\/truusk-hopfallbara-tradgardsstolar-solstolar-med-armstod-5-positioner-mjuk-kudde-bla-60-x-75-x-102-cm\/#breadcrumb"},"inLanguage":"sv-SE","potentialAction":[{"@type":"ReadAction","target":["https:\/\/truusk.store\/sv\/produkt\/truusk-hopfallbara-tradgardsstolar-solstolar-med-armstod-5-positioner-mjuk-kudde-bla-60-x-75-x-102-cm\/"]}]},{"@type":"ImageObject","inLanguage":"sv-SE","@id":"https:\/\/truusk.store\/sv\/produkt\/truusk-hopfallbara-tradgardsstolar-solstolar-med-armstod-5-positioner-mjuk-kudde-bla-60-x-75-x-102-cm\/#primaryimage","url":"https:\/\/i0.wp.com\/truusk.store\/wp-content\/uploads\/2024\/02\/2-x-hopfallbara-stolar-tradgardsstol-solstol-armstod-fallbart-5-positioner-kudde-bla-60-x-75-x-102-cm.webp?fit=800%2C800&ssl=1","contentUrl":"https:\/\/i0.wp.com\/truusk.store\/wp-content\/uploads\/2024\/02\/2-x-hopfallbara-stolar-tradgardsstol-solstol-armstod-fallbart-5-positioner-kudde-bla-60-x-75-x-102-cm.webp?fit=800%2C800&ssl=1","width":800,"height":800,"caption":"2 X Hopf\u00e4llbara Stolar Tr\u00e4dg\u00e5rdsstol Solstol Armst\u00f6d F\u00e4llbart 5 Positioner Kudde Bl\u00e5 60 X 75 X 102 Cm 1"},{"@type":"BreadcrumbList","@id":"https:\/\/truusk.store\/sv\/produkt\/truusk-hopfallbara-tradgardsstolar-solstolar-med-armstod-5-positioner-mjuk-kudde-bla-60-x-75-x-102-cm\/#breadcrumb","itemListElement":[{"@type":"ListItem","position":1,"name":"Home","item":"https:\/\/truusk.store\/sv\/"},{"@type":"ListItem","position":2,"name":"Shop","item":"https:\/\/truusk.store\/shop\/"},{"@type":"ListItem","position":3,"name":"TRUUSK Hopf\u00e4llbara Tr\u00e4dg\u00e5rdsstolar &#8211; Solstolar med Armst\u00f6d &#8211; 5 Positioner &#8211; Mjuk Kudde &#8211; Bl\u00e5 &#8211; 60 x 75 x 102 cm"}]},{"@type":"WebSite","@id":"https:\/\/truusk.store\/sv\/#website","url":"https:\/\/truusk.store\/sv\/","name":"TRUUSK - Hem, Tr\u00e4dg\u00e5rd & Fritid","description":"","publisher":{"@id":"https:\/\/truusk.store\/sv\/#organization"},"potentialAction":[{"@type":"SearchAction","target":{"@type":"EntryPoint","urlTemplate":"https:\/\/truusk.store\/sv\/?s={search_term_string}"},"query-input":{"@type":"PropertyValueSpecification","valueRequired":true,"valueName":"search_term_string"}}],"inLanguage":"sv-SE"},{"@type":"Organization","@id":"https:\/\/truusk.store\/sv\/#organization","name":"TRUUSK - Hem, Tr\u00e4dg\u00e5rd & Fritid","url":"https:\/\/truusk.store\/sv\/","logo":{"@type":"ImageObject","inLanguage":"sv-SE","@id":"https:\/\/truusk.store\/sv\/#\/schema\/logo\/image\/","url":"https:\/\/i0.wp.com\/truusk.store\/wp-content\/uploads\/2026\/03\/cropped-TRUUSK.png?fit=2032%2C917&ssl=1","contentUrl":"https:\/\/i0.wp.com\/truusk.store\/wp-content\/uploads\/2026\/03\/cropped-TRUUSK.png?fit=2032%2C917&ssl=1","width":2032,"height":917,"caption":"TRUUSK - Hem, Tr\u00e4dg\u00e5rd & Fritid"},"image":{"@id":"https:\/\/truusk.store\/sv\/#\/schema\/logo\/image\/"}}]}},"jetpack_sharing_enabled":true,"_links":{"self":[{"href":"https:\/\/truusk.store\/sv\/wp-json\/wp\/v2\/product\/8536","targetHints":{"allow":["GET"]}}],"collection":[{"href":"https:\/\/truusk.store\/sv\/wp-json\/wp\/v2\/product"}],"about":[{"href":"https:\/\/truusk.store\/sv\/wp-json\/wp\/v2\/types\/product"}],"wp:featuredmedia":[{"embeddable":true,"href":"https:\/\/truusk.store\/sv\/wp-json\/wp\/v2\/media\/8537"}],"wp:attachment":[{"href":"https:\/\/truusk.store\/sv\/wp-json\/wp\/v2\/media?parent=8536"}],"wp:term":[{"taxonomy":"product_brand","embeddable":true,"href":"https:\/\/truusk.store\/sv\/wp-json\/wp\/v2\/product_brand?post=8536"},{"taxonomy":"product_cat","embeddable":true,"href":"https:\/\/truusk.store\/sv\/wp-json\/wp\/v2\/product_cat?post=8536"},{"taxonomy":"product_tag","embeddable":true,"href":"https:\/\/truusk.store\/sv\/wp-json\/wp\/v2\/product_tag?post=8536"}],"curies":[{"name":"wp","href":"https:\/\/api.w.org\/{rel}","templated":true}]}}