{"id":85372,"date":"2025-08-06T13:08:37","date_gmt":"2025-08-06T12:08:37","guid":{"rendered":"https:\/\/truusk.store\/product\/gungstol-med-massagefunktion-landvarme-3-lagen-tygoverdrag-gra\/"},"modified":"2026-03-12T08:45:23","modified_gmt":"2026-03-12T07:45:23","slug":"truusk-massagegungstol-varme-3-lagen-tygoverdrag-gra","status":"publish","type":"product","link":"https:\/\/truusk.store\/sv\/produkt\/truusk-massagegungstol-varme-3-lagen-tygoverdrag-gra\/","title":{"rendered":"TRUUSK Massagegungstol &#8211; V\u00e4rme &#8211; 3 L\u00e4gen &#8211; Tyg\u00f6verdrag &#8211; Gr\u00e5"},"content":{"rendered":"<p>Njut av ren avkoppling med TRUUSK massagegungstolen. Den har en \u00e5tta-punktsmassage och lugnande l\u00e4ndv\u00e4rme. Gungstolen \u00e4r kl\u00e4dd i mjukt, luftgenomsl\u00e4ppligt sammet och vadderad med tjock skum, vilket garanterar maximal komfort. Den justerbara fotst\u00f6det m\u00f6jligg\u00f6r individuell anpassning av vinkeln mellan 0\u00b0 och 90\u00b0. Tack vare den stabila ramen av bj\u00f6rkplywood och st\u00e5l \u00e4r varje gungning s\u00e4ker och behaglig.<\/p>\n<p>Beskrivning:<\/p>\n<ul>\n<li> \u00c5tta-punktsmassagefunktionen i gungstolen riktar sig mot ryggen, l\u00e4ndryggen, l\u00e5ren och benen<\/li>\n<li> L\u00e4ndv\u00e4rmare med tre l\u00e4gen f\u00f6r lugnande v\u00e4rme<\/li>\n<li> Femstegs justerbar fotst\u00f6dsvinkel fr\u00e5n 0\u00b0 till 90\u00b0<\/li>\n<li> Andningsbart sammettyg och tjock skumvaddering av amningsstolen f\u00f6r komfort<\/li>\n<li> H\u00f6g ryggst\u00f6d, b\u00f6jda armar och huvudst\u00f6d st\u00f6der korrekt h\u00e5llning<\/li>\n<li> Bj\u00f6rkplywood och st\u00e5lram f\u00f6r s\u00e4ker gungning<\/li>\n<li> En sidoficka \u00e4r praktisk f\u00f6r att ha fj\u00e4rrkontrollen till hands<\/li>\n<li> Maximal belastning 120 kg, montering kr\u00e4vs<\/li>\n<\/ul>\n<p> Tekniska data:<\/p>\n<ul>\n<li> F\u00e4rg: Gr\u00e5+Naturtr\u00e4<\/li>\n<li> Material: Sammetimitation(100% Polyester), Bj\u00f6rkplywood, Skum, St\u00e5l<\/li>\n<li> Totala dimensioner: 67B x 106D x 92H cm<\/li>\n<li> Sittm\u00e5tt: 56B x 47D x 30-43H cm<\/li>\n<li> Ryggm\u00e5tt: 54B x 72L cm<\/li>\n<li> Fotst\u00f6dsm\u00e5tt: 56L x 32B cm<\/li>\n<li> Armh\u00f6jd fr\u00e5n golvet: 59 cm<\/li>\n<li> Kuddtjocklek: 8,5 cm<\/li>\n<li> L\u00e4ngd p\u00e5 str\u00f6mkabel: 180 cm<\/li>\n<li> Ing\u00e5ng: 100-240 V, 50\/60 Hz<\/li>\n<li> Utg\u00e5ng: 12 V \/ 1 A<\/li>\n<li> Belastningskapacitet: 120 kg<\/li>\n<\/ul>\n<p>Leveransinneh\u00e5ll:<\/p>\n<ul>\n<li> 1 x Gungstol<\/li>\n<li> 1 x Fj\u00e4rrkontroll<\/li>\n<li> 1 x Bruksanvisning<\/li>\n<\/ul>\n","protected":false},"excerpt":{"rendered":"<p>Njut av ren avkoppling med TRUUSK massagegungstolen. Den har en \u00e5tta-punktsmassage och lugnande l\u00e4ndv\u00e4rme. Gungstolen \u00e4r kl\u00e4dd i mjukt, luftgenomsl\u00e4ppligt&#8230;<\/p>\n","protected":false},"featured_media":85363,"template":"","meta":[],"product_brand":[],"product_cat":[520,871,910],"product_tag":[],"class_list":{"0":"post-85372","1":"product","2":"type-product","3":"status-publish","4":"has-post-thumbnail","6":"product_cat-gungstolar","7":"product_cat-hus-hem","8":"product_cat-vardagsrum","10":"first","11":"instock","12":"sale","13":"taxable","14":"shipping-taxable","15":"purchasable","16":"product-type-simple"},"yoast_head":"<!-- This site is optimized with the Yoast SEO plugin v25.4 - https:\/\/yoast.com\/wordpress\/plugins\/seo\/ -->\n<title>TRUUSK Massagegungstol - V\u00e4rme - 3 L\u00e4gen - Tyg\u00f6verdrag - Gr\u00e5 - TRUUSK - Hem, Tr\u00e4dg\u00e5rd &amp; Fritid<\/title>\n<meta name=\"robots\" content=\"index, follow, max-snippet:-1, max-image-preview:large, max-video-preview:-1\" \/>\n<link rel=\"canonical\" href=\"https:\/\/truusk.store\/sv\/produkt\/truusk-massagegungstol-varme-3-lagen-tygoverdrag-gra\/\" \/>\n<meta property=\"og:locale\" content=\"sv_SE\" \/>\n<meta property=\"og:type\" content=\"article\" \/>\n<meta property=\"og:title\" content=\"TRUUSK Massagegungstol - V\u00e4rme - 3 L\u00e4gen - Tyg\u00f6verdrag - Gr\u00e5 - TRUUSK - Hem, Tr\u00e4dg\u00e5rd &amp; Fritid\" \/>\n<meta property=\"og:description\" content=\"Njut av ren avkoppling med TRUUSK massagegungstolen. Den har en \u00e5tta-punktsmassage och lugnande l\u00e4ndv\u00e4rme. Gungstolen \u00e4r kl\u00e4dd i mjukt, luftgenomsl\u00e4ppligt...\" \/>\n<meta property=\"og:url\" content=\"https:\/\/truusk.store\/sv\/produkt\/truusk-massagegungstol-varme-3-lagen-tygoverdrag-gra\/\" \/>\n<meta property=\"og:site_name\" content=\"TRUUSK - Hem, Tr\u00e4dg\u00e5rd &amp; Fritid\" \/>\n<meta property=\"article:modified_time\" content=\"2026-03-12T07:45:23+00:00\" \/>\n<meta property=\"og:image\" content=\"https:\/\/i0.wp.com\/truusk.se\/wp-content\/uploads\/2025\/08\/gungstol-med-massagefunktion-landvarme-3-lagen-tygoverdrag-gra-1.webp?fit=2000%2C2000&ssl=1\" \/>\n\t<meta property=\"og:image:width\" content=\"2000\" \/>\n\t<meta property=\"og:image:height\" content=\"2000\" \/>\n\t<meta property=\"og:image:type\" content=\"image\/webp\" \/>\n<meta name=\"twitter:card\" content=\"summary_large_image\" \/>\n<meta name=\"twitter:label1\" content=\"Ber\u00e4knad l\u00e4stid\" \/>\n\t<meta name=\"twitter:data1\" content=\"1 minut\" \/>\n<!-- \/ Yoast SEO plugin. -->","yoast_head_json":{"title":"TRUUSK Massagegungstol - V\u00e4rme - 3 L\u00e4gen - Tyg\u00f6verdrag - Gr\u00e5 - TRUUSK - Hem, Tr\u00e4dg\u00e5rd &amp; Fritid","robots":{"index":"index","follow":"follow","max-snippet":"max-snippet:-1","max-image-preview":"max-image-preview:large","max-video-preview":"max-video-preview:-1"},"canonical":"https:\/\/truusk.store\/sv\/produkt\/truusk-massagegungstol-varme-3-lagen-tygoverdrag-gra\/","og_locale":"sv_SE","og_type":"article","og_title":"TRUUSK Massagegungstol - V\u00e4rme - 3 L\u00e4gen - Tyg\u00f6verdrag - Gr\u00e5 - TRUUSK - Hem, Tr\u00e4dg\u00e5rd &amp; Fritid","og_description":"Njut av ren avkoppling med TRUUSK massagegungstolen. Den har en \u00e5tta-punktsmassage och lugnande l\u00e4ndv\u00e4rme. Gungstolen \u00e4r kl\u00e4dd i mjukt, luftgenomsl\u00e4ppligt...","og_url":"https:\/\/truusk.store\/sv\/produkt\/truusk-massagegungstol-varme-3-lagen-tygoverdrag-gra\/","og_site_name":"TRUUSK - Hem, Tr\u00e4dg\u00e5rd &amp; Fritid","article_modified_time":"2026-03-12T07:45:23+00:00","og_image":[{"width":2000,"height":2000,"url":"https:\/\/i0.wp.com\/truusk.se\/wp-content\/uploads\/2025\/08\/gungstol-med-massagefunktion-landvarme-3-lagen-tygoverdrag-gra-1.webp?fit=2000%2C2000&ssl=1","type":"image\/webp"}],"twitter_card":"summary_large_image","twitter_misc":{"Ber\u00e4knad l\u00e4stid":"1 minut"},"schema":{"@context":"https:\/\/schema.org","@graph":[{"@type":"WebPage","@id":"https:\/\/truusk.store\/sv\/produkt\/truusk-massagegungstol-varme-3-lagen-tygoverdrag-gra\/","url":"https:\/\/truusk.store\/sv\/produkt\/truusk-massagegungstol-varme-3-lagen-tygoverdrag-gra\/","name":"TRUUSK Massagegungstol - V\u00e4rme - 3 L\u00e4gen - Tyg\u00f6verdrag - Gr\u00e5 - TRUUSK - Hem, Tr\u00e4dg\u00e5rd &amp; Fritid","isPartOf":{"@id":"https:\/\/truusk.store\/sv\/#website"},"primaryImageOfPage":{"@id":"https:\/\/truusk.store\/sv\/produkt\/truusk-massagegungstol-varme-3-lagen-tygoverdrag-gra\/#primaryimage"},"image":{"@id":"https:\/\/truusk.store\/sv\/produkt\/truusk-massagegungstol-varme-3-lagen-tygoverdrag-gra\/#primaryimage"},"thumbnailUrl":"https:\/\/i0.wp.com\/truusk.store\/wp-content\/uploads\/2025\/08\/gungstol-med-massagefunktion-landvarme-3-lagen-tygoverdrag-gra-1.webp?fit=2000%2C2000&ssl=1","datePublished":"2025-08-06T12:08:37+00:00","dateModified":"2026-03-12T07:45:23+00:00","breadcrumb":{"@id":"https:\/\/truusk.store\/sv\/produkt\/truusk-massagegungstol-varme-3-lagen-tygoverdrag-gra\/#breadcrumb"},"inLanguage":"sv-SE","potentialAction":[{"@type":"ReadAction","target":["https:\/\/truusk.store\/sv\/produkt\/truusk-massagegungstol-varme-3-lagen-tygoverdrag-gra\/"]}]},{"@type":"ImageObject","inLanguage":"sv-SE","@id":"https:\/\/truusk.store\/sv\/produkt\/truusk-massagegungstol-varme-3-lagen-tygoverdrag-gra\/#primaryimage","url":"https:\/\/i0.wp.com\/truusk.store\/wp-content\/uploads\/2025\/08\/gungstol-med-massagefunktion-landvarme-3-lagen-tygoverdrag-gra-1.webp?fit=2000%2C2000&ssl=1","contentUrl":"https:\/\/i0.wp.com\/truusk.store\/wp-content\/uploads\/2025\/08\/gungstol-med-massagefunktion-landvarme-3-lagen-tygoverdrag-gra-1.webp?fit=2000%2C2000&ssl=1","width":2000,"height":2000},{"@type":"BreadcrumbList","@id":"https:\/\/truusk.store\/sv\/produkt\/truusk-massagegungstol-varme-3-lagen-tygoverdrag-gra\/#breadcrumb","itemListElement":[{"@type":"ListItem","position":1,"name":"Home","item":"https:\/\/truusk.store\/sv\/"},{"@type":"ListItem","position":2,"name":"Shop","item":"https:\/\/truusk.store\/shop\/"},{"@type":"ListItem","position":3,"name":"TRUUSK Massagegungstol &#8211; V\u00e4rme &#8211; 3 L\u00e4gen &#8211; Tyg\u00f6verdrag &#8211; Gr\u00e5"}]},{"@type":"WebSite","@id":"https:\/\/truusk.store\/sv\/#website","url":"https:\/\/truusk.store\/sv\/","name":"TRUUSK - Hem, Tr\u00e4dg\u00e5rd & Fritid","description":"","publisher":{"@id":"https:\/\/truusk.store\/sv\/#organization"},"potentialAction":[{"@type":"SearchAction","target":{"@type":"EntryPoint","urlTemplate":"https:\/\/truusk.store\/sv\/?s={search_term_string}"},"query-input":{"@type":"PropertyValueSpecification","valueRequired":true,"valueName":"search_term_string"}}],"inLanguage":"sv-SE"},{"@type":"Organization","@id":"https:\/\/truusk.store\/sv\/#organization","name":"TRUUSK - Hem, Tr\u00e4dg\u00e5rd & Fritid","url":"https:\/\/truusk.store\/sv\/","logo":{"@type":"ImageObject","inLanguage":"sv-SE","@id":"https:\/\/truusk.store\/sv\/#\/schema\/logo\/image\/","url":"https:\/\/i0.wp.com\/truusk.store\/wp-content\/uploads\/2026\/03\/cropped-TRUUSK.png?fit=2032%2C917&ssl=1","contentUrl":"https:\/\/i0.wp.com\/truusk.store\/wp-content\/uploads\/2026\/03\/cropped-TRUUSK.png?fit=2032%2C917&ssl=1","width":2032,"height":917,"caption":"TRUUSK - Hem, Tr\u00e4dg\u00e5rd & Fritid"},"image":{"@id":"https:\/\/truusk.store\/sv\/#\/schema\/logo\/image\/"}}]}},"jetpack_sharing_enabled":true,"_links":{"self":[{"href":"https:\/\/truusk.store\/sv\/wp-json\/wp\/v2\/product\/85372","targetHints":{"allow":["GET"]}}],"collection":[{"href":"https:\/\/truusk.store\/sv\/wp-json\/wp\/v2\/product"}],"about":[{"href":"https:\/\/truusk.store\/sv\/wp-json\/wp\/v2\/types\/product"}],"wp:featuredmedia":[{"embeddable":true,"href":"https:\/\/truusk.store\/sv\/wp-json\/wp\/v2\/media\/85363"}],"wp:attachment":[{"href":"https:\/\/truusk.store\/sv\/wp-json\/wp\/v2\/media?parent=85372"}],"wp:term":[{"taxonomy":"product_brand","embeddable":true,"href":"https:\/\/truusk.store\/sv\/wp-json\/wp\/v2\/product_brand?post=85372"},{"taxonomy":"product_cat","embeddable":true,"href":"https:\/\/truusk.store\/sv\/wp-json\/wp\/v2\/product_cat?post=85372"},{"taxonomy":"product_tag","embeddable":true,"href":"https:\/\/truusk.store\/sv\/wp-json\/wp\/v2\/product_tag?post=85372"}],"curies":[{"name":"wp","href":"https:\/\/api.w.org\/{rel}","templated":true}]}}