{"id":85382,"date":"2025-08-06T13:09:33","date_gmt":"2025-08-06T12:09:33","guid":{"rendered":"https:\/\/truusk.store\/product\/utdragbart-matbord-utbyggbart-fran-180-till-260-cm-for-6-10-personer-tra\/"},"modified":"2026-03-12T08:45:24","modified_gmt":"2026-03-12T07:45:24","slug":"truusk-utdragbart-matbord-utbyggbart-fran-180-till-260-cm-for-6-10-personer-tra","status":"publish","type":"product","link":"https:\/\/truusk.store\/sv\/produkt\/truusk-utdragbart-matbord-utbyggbart-fran-180-till-260-cm-for-6-10-personer-tra\/","title":{"rendered":"TRUUSK Utdragbart Matbord &#8211; Utbyggbart fr\u00e5n 180 till 260 cm &#8211; F\u00f6r 6-10 Personer &#8211; Tr\u00e4"},"content":{"rendered":"<p>St\u00e5r du ov\u00e4ntat inf\u00f6r uppgiften att organisera en sk\u00f6rdefest? Det utdragbara matbordet TRUUSK Space Master \u00e4r den perfekta l\u00f6sningen! Det kan utvidgas fr\u00e5n 180 cm till 260 cm med hj\u00e4lp av en smart fj\u00e4rils mekanism f\u00f6r upp till 10 personer, perfekt f\u00f6r familjefester eller andra festligheter. Det l\u00e4ttsk\u00f6tta och robusta melaminbordet p\u00e5 matbordet skapar ordning, medan dolda expansionsplattor h\u00e5ller rummet rent.<\/p>\n<p>Beskrivning:<\/p>\n<ul>\n<li> Skjut bara sidopanelerna och vik centrum f\u00f6r att utvidga fr\u00e5n 180 cm till 260 cm<\/li>\n<li> Rymmer bekv\u00e4mt 6 till 10 personer<\/li>\n<li> Multifunktionell design av matbordet, l\u00e4mpligt som k\u00f6ksbord, datorbord eller konferensbord<\/li>\n<li> Skyddande fotdynor p\u00e5 matbordet skyddar dina golv fr\u00e5n repor<\/li>\n<li> Sp\u00e5nskiva med melaminbel\u00e4ggning \u00e4r fl\u00e4ck- och repbest\u00e4ndig<\/li>\n<li> Tillverkad i EU<\/li>\n<li> Montering kr\u00e4vs<\/li>\n<\/ul>\n<p> Tekniska data:<\/p>\n<ul>\n<li> F\u00e4rg: Ek<\/li>\n<li> Material: Sp\u00e5nskiva<\/li>\n<li> Utvikt storlek: 260L x 90B x 76,6H cm<\/li>\n<li> Enskilt vikt storlek: 220L x 90B x 76,6H cm<\/li>\n<li> Vikt storlek: 180L x 90B x 76,6H cm<\/li>\n<li> B\u00e4rkapacitet: 20 kg<\/li>\n<\/ul>\n<p>Leverans inneh\u00e5ller:<\/p>\n<ul>\n<li> 1 x Utdragbart matbord<\/li>\n<li> 1 x Bruksanvisning<\/li>\n<\/ul>\n","protected":false},"excerpt":{"rendered":"<p>St\u00e5r du ov\u00e4ntat inf\u00f6r uppgiften att organisera en sk\u00f6rdefest? Det utdragbara matbordet TRUUSK Space Master \u00e4r den perfekta l\u00f6sningen! Det&#8230;<\/p>\n","protected":false},"featured_media":85373,"template":"","meta":[],"product_brand":[],"product_cat":[871,889,509],"product_tag":[],"class_list":{"0":"post-85382","1":"product","2":"type-product","3":"status-publish","4":"has-post-thumbnail","6":"product_cat-hus-hem","7":"product_cat-kok-matsal","8":"product_cat-matbord","10":"first","11":"instock","12":"sale","13":"taxable","14":"shipping-taxable","15":"purchasable","16":"product-type-simple"},"yoast_head":"<!-- This site is optimized with the Yoast SEO plugin v25.4 - https:\/\/yoast.com\/wordpress\/plugins\/seo\/ -->\n<title>TRUUSK Utdragbart Matbord - Utbyggbart fr\u00e5n 180 till 260 cm - F\u00f6r 6-10 Personer - Tr\u00e4 - TRUUSK - Hem, Tr\u00e4dg\u00e5rd &amp; Fritid<\/title>\n<meta name=\"robots\" content=\"index, follow, max-snippet:-1, max-image-preview:large, max-video-preview:-1\" \/>\n<link rel=\"canonical\" href=\"https:\/\/truusk.store\/sv\/produkt\/truusk-utdragbart-matbord-utbyggbart-fran-180-till-260-cm-for-6-10-personer-tra\/\" \/>\n<meta property=\"og:locale\" content=\"sv_SE\" \/>\n<meta property=\"og:type\" content=\"article\" \/>\n<meta property=\"og:title\" content=\"TRUUSK Utdragbart Matbord - Utbyggbart fr\u00e5n 180 till 260 cm - F\u00f6r 6-10 Personer - Tr\u00e4 - TRUUSK - Hem, Tr\u00e4dg\u00e5rd &amp; Fritid\" \/>\n<meta property=\"og:description\" content=\"St\u00e5r du ov\u00e4ntat inf\u00f6r uppgiften att organisera en sk\u00f6rdefest? Det utdragbara matbordet TRUUSK Space Master \u00e4r den perfekta l\u00f6sningen! Det...\" \/>\n<meta property=\"og:url\" content=\"https:\/\/truusk.store\/sv\/produkt\/truusk-utdragbart-matbord-utbyggbart-fran-180-till-260-cm-for-6-10-personer-tra\/\" \/>\n<meta property=\"og:site_name\" content=\"TRUUSK - Hem, Tr\u00e4dg\u00e5rd &amp; Fritid\" \/>\n<meta property=\"article:modified_time\" content=\"2026-03-12T07:45:24+00:00\" \/>\n<meta property=\"og:image\" content=\"https:\/\/i0.wp.com\/truusk.se\/wp-content\/uploads\/2025\/08\/utdragbart-matbord-utbyggbart-fran-180-till-260-cm-for-6-10-personer-tra-1.webp?fit=2000%2C2000&ssl=1\" \/>\n\t<meta property=\"og:image:width\" content=\"2000\" \/>\n\t<meta property=\"og:image:height\" content=\"2000\" \/>\n\t<meta property=\"og:image:type\" content=\"image\/webp\" \/>\n<meta name=\"twitter:card\" content=\"summary_large_image\" \/>\n<meta name=\"twitter:label1\" content=\"Ber\u00e4knad l\u00e4stid\" \/>\n\t<meta name=\"twitter:data1\" content=\"1 minut\" \/>\n<!-- \/ Yoast SEO plugin. -->","yoast_head_json":{"title":"TRUUSK Utdragbart Matbord - Utbyggbart fr\u00e5n 180 till 260 cm - F\u00f6r 6-10 Personer - Tr\u00e4 - TRUUSK - Hem, Tr\u00e4dg\u00e5rd &amp; Fritid","robots":{"index":"index","follow":"follow","max-snippet":"max-snippet:-1","max-image-preview":"max-image-preview:large","max-video-preview":"max-video-preview:-1"},"canonical":"https:\/\/truusk.store\/sv\/produkt\/truusk-utdragbart-matbord-utbyggbart-fran-180-till-260-cm-for-6-10-personer-tra\/","og_locale":"sv_SE","og_type":"article","og_title":"TRUUSK Utdragbart Matbord - Utbyggbart fr\u00e5n 180 till 260 cm - F\u00f6r 6-10 Personer - Tr\u00e4 - TRUUSK - Hem, Tr\u00e4dg\u00e5rd &amp; Fritid","og_description":"St\u00e5r du ov\u00e4ntat inf\u00f6r uppgiften att organisera en sk\u00f6rdefest? Det utdragbara matbordet TRUUSK Space Master \u00e4r den perfekta l\u00f6sningen! Det...","og_url":"https:\/\/truusk.store\/sv\/produkt\/truusk-utdragbart-matbord-utbyggbart-fran-180-till-260-cm-for-6-10-personer-tra\/","og_site_name":"TRUUSK - Hem, Tr\u00e4dg\u00e5rd &amp; Fritid","article_modified_time":"2026-03-12T07:45:24+00:00","og_image":[{"width":2000,"height":2000,"url":"https:\/\/i0.wp.com\/truusk.se\/wp-content\/uploads\/2025\/08\/utdragbart-matbord-utbyggbart-fran-180-till-260-cm-for-6-10-personer-tra-1.webp?fit=2000%2C2000&ssl=1","type":"image\/webp"}],"twitter_card":"summary_large_image","twitter_misc":{"Ber\u00e4knad l\u00e4stid":"1 minut"},"schema":{"@context":"https:\/\/schema.org","@graph":[{"@type":"WebPage","@id":"https:\/\/truusk.store\/sv\/produkt\/truusk-utdragbart-matbord-utbyggbart-fran-180-till-260-cm-for-6-10-personer-tra\/","url":"https:\/\/truusk.store\/sv\/produkt\/truusk-utdragbart-matbord-utbyggbart-fran-180-till-260-cm-for-6-10-personer-tra\/","name":"TRUUSK Utdragbart Matbord - Utbyggbart fr\u00e5n 180 till 260 cm - F\u00f6r 6-10 Personer - Tr\u00e4 - TRUUSK - Hem, Tr\u00e4dg\u00e5rd &amp; Fritid","isPartOf":{"@id":"https:\/\/truusk.store\/sv\/#website"},"primaryImageOfPage":{"@id":"https:\/\/truusk.store\/sv\/produkt\/truusk-utdragbart-matbord-utbyggbart-fran-180-till-260-cm-for-6-10-personer-tra\/#primaryimage"},"image":{"@id":"https:\/\/truusk.store\/sv\/produkt\/truusk-utdragbart-matbord-utbyggbart-fran-180-till-260-cm-for-6-10-personer-tra\/#primaryimage"},"thumbnailUrl":"https:\/\/i0.wp.com\/truusk.store\/wp-content\/uploads\/2025\/08\/utdragbart-matbord-utbyggbart-fran-180-till-260-cm-for-6-10-personer-tra-1.webp?fit=2000%2C2000&ssl=1","datePublished":"2025-08-06T12:09:33+00:00","dateModified":"2026-03-12T07:45:24+00:00","breadcrumb":{"@id":"https:\/\/truusk.store\/sv\/produkt\/truusk-utdragbart-matbord-utbyggbart-fran-180-till-260-cm-for-6-10-personer-tra\/#breadcrumb"},"inLanguage":"sv-SE","potentialAction":[{"@type":"ReadAction","target":["https:\/\/truusk.store\/sv\/produkt\/truusk-utdragbart-matbord-utbyggbart-fran-180-till-260-cm-for-6-10-personer-tra\/"]}]},{"@type":"ImageObject","inLanguage":"sv-SE","@id":"https:\/\/truusk.store\/sv\/produkt\/truusk-utdragbart-matbord-utbyggbart-fran-180-till-260-cm-for-6-10-personer-tra\/#primaryimage","url":"https:\/\/i0.wp.com\/truusk.store\/wp-content\/uploads\/2025\/08\/utdragbart-matbord-utbyggbart-fran-180-till-260-cm-for-6-10-personer-tra-1.webp?fit=2000%2C2000&ssl=1","contentUrl":"https:\/\/i0.wp.com\/truusk.store\/wp-content\/uploads\/2025\/08\/utdragbart-matbord-utbyggbart-fran-180-till-260-cm-for-6-10-personer-tra-1.webp?fit=2000%2C2000&ssl=1","width":2000,"height":2000},{"@type":"BreadcrumbList","@id":"https:\/\/truusk.store\/sv\/produkt\/truusk-utdragbart-matbord-utbyggbart-fran-180-till-260-cm-for-6-10-personer-tra\/#breadcrumb","itemListElement":[{"@type":"ListItem","position":1,"name":"Home","item":"https:\/\/truusk.store\/sv\/"},{"@type":"ListItem","position":2,"name":"Shop","item":"https:\/\/truusk.store\/shop\/"},{"@type":"ListItem","position":3,"name":"TRUUSK Utdragbart Matbord &#8211; Utbyggbart fr\u00e5n 180 till 260 cm &#8211; F\u00f6r 6-10 Personer &#8211; Tr\u00e4"}]},{"@type":"WebSite","@id":"https:\/\/truusk.store\/sv\/#website","url":"https:\/\/truusk.store\/sv\/","name":"TRUUSK - Hem, Tr\u00e4dg\u00e5rd & Fritid","description":"","publisher":{"@id":"https:\/\/truusk.store\/sv\/#organization"},"potentialAction":[{"@type":"SearchAction","target":{"@type":"EntryPoint","urlTemplate":"https:\/\/truusk.store\/sv\/?s={search_term_string}"},"query-input":{"@type":"PropertyValueSpecification","valueRequired":true,"valueName":"search_term_string"}}],"inLanguage":"sv-SE"},{"@type":"Organization","@id":"https:\/\/truusk.store\/sv\/#organization","name":"TRUUSK - Hem, Tr\u00e4dg\u00e5rd & Fritid","url":"https:\/\/truusk.store\/sv\/","logo":{"@type":"ImageObject","inLanguage":"sv-SE","@id":"https:\/\/truusk.store\/sv\/#\/schema\/logo\/image\/","url":"https:\/\/i0.wp.com\/truusk.store\/wp-content\/uploads\/2026\/03\/cropped-TRUUSK.png?fit=2032%2C917&ssl=1","contentUrl":"https:\/\/i0.wp.com\/truusk.store\/wp-content\/uploads\/2026\/03\/cropped-TRUUSK.png?fit=2032%2C917&ssl=1","width":2032,"height":917,"caption":"TRUUSK - Hem, Tr\u00e4dg\u00e5rd & Fritid"},"image":{"@id":"https:\/\/truusk.store\/sv\/#\/schema\/logo\/image\/"}}]}},"jetpack_sharing_enabled":true,"_links":{"self":[{"href":"https:\/\/truusk.store\/sv\/wp-json\/wp\/v2\/product\/85382","targetHints":{"allow":["GET"]}}],"collection":[{"href":"https:\/\/truusk.store\/sv\/wp-json\/wp\/v2\/product"}],"about":[{"href":"https:\/\/truusk.store\/sv\/wp-json\/wp\/v2\/types\/product"}],"wp:featuredmedia":[{"embeddable":true,"href":"https:\/\/truusk.store\/sv\/wp-json\/wp\/v2\/media\/85373"}],"wp:attachment":[{"href":"https:\/\/truusk.store\/sv\/wp-json\/wp\/v2\/media?parent=85382"}],"wp:term":[{"taxonomy":"product_brand","embeddable":true,"href":"https:\/\/truusk.store\/sv\/wp-json\/wp\/v2\/product_brand?post=85382"},{"taxonomy":"product_cat","embeddable":true,"href":"https:\/\/truusk.store\/sv\/wp-json\/wp\/v2\/product_cat?post=85382"},{"taxonomy":"product_tag","embeddable":true,"href":"https:\/\/truusk.store\/sv\/wp-json\/wp\/v2\/product_tag?post=85382"}],"curies":[{"name":"wp","href":"https:\/\/api.w.org\/{rel}","templated":true}]}}