{"id":85392,"date":"2025-08-06T13:10:33","date_gmt":"2025-08-06T12:10:33","guid":{"rendered":"https:\/\/truusk.store\/product\/flexibel-skrivbord-2-niva-skap-lada-oppna-fack-tra-vit\/"},"modified":"2026-03-12T08:45:24","modified_gmt":"2026-03-12T07:45:24","slug":"truusk-flexibelt-skrivbord-2-niva-skap-lada-oppna-fack-tra-vit","status":"publish","type":"product","link":"https:\/\/truusk.store\/sv\/produkt\/truusk-flexibelt-skrivbord-2-niva-skap-lada-oppna-fack-tra-vit\/","title":{"rendered":"TRUUSK Flexibelt Skrivbord &#8211; 2-niv\u00e5 Sk\u00e5p &#8211; L\u00e5da &#8211; \u00f6ppna Fack &#8211; Tr\u00e4 &#8211; Vit"},"content":{"rendered":"<p>Den m\u00e5ngsidiga TRUUSK skrivbordet f\u00f6r hemmakontoret kan enkelt omvandlas fr\u00e5n en L-form till ett l\u00e5ngt skrivbord och anpassar sig s\u00e5 till dina behov. Den har \u00f6ppna fack, ett sk\u00e5p och en stor l\u00e5da som hj\u00e4lper till att h\u00e5lla ordning. Med sin moderna, minimalistiska design berikar kontorsbordet din arbetsplats b\u00e5de som en elegant arbetsstation och som en funktionell f\u00f6rvaringsenhet.<\/p>\n<p>Beskrivning:<\/p>\n<ul>\n<li> \u00d6ppna fack och ett tv\u00e5stegssk\u00e5p p\u00e5 datorbordet f\u00f6r organiserade b\u00f6cker eller dekoration<\/li>\n<li> En l\u00e5da p\u00e5 skrivbordet f\u00f6r A4-h\u00e4ngmappar f\u00f6r enkel organisering.<\/li>\n<li> Stor skrivbordsyta som enkelt rymmer tv\u00e5 sk\u00e4rmar<\/li>\n<li> Flexibel design m\u00f6jligg\u00f6r placering som en L-formad eller rak enhet<\/li>\n<li> Melamin-yta \u00e4r fl\u00e4ckresistent och l\u00e4tt att underh\u00e5lla<\/li>\n<li> Tillverkad i EU<\/li>\n<li> Montering kr\u00e4vs<\/li>\n<\/ul>\n<p> Tekniska data:<\/p>\n<ul>\n<li> F\u00e4rg: Vit<\/li>\n<li> Material: Sp\u00e5nskiva<\/li>\n<li> Totala dimensioner: 120B x 96D x 75H cm<\/li>\n<li> L skrivbordsstorlek: 120L x 59B x 75H cm<\/li>\n<li> Sittplatsstorlek: 85B x 59H cm<\/li>\n<li> \u00d6ppen fackstorlek: 58B x 30D x 30\/35,5H cm<\/li>\n<li> Inre l\u00e5dstorlek: 28B x 30D x 15H cm<\/li>\n<li> Maximal belastning: 78 kg (totalt). 30 kg (skrivbordsyta\/st\u00e4ngt fack), 5 kg (varje fack), 3 kg (l\u00e5da)<\/li>\n<\/ul>\n<p>Leveransinneh\u00e5ll:<\/p>\n<ul>\n<li> 1 x L-format skrivbord<\/li>\n<li> 1 x Handbok<\/li>\n<\/ul>\n","protected":false},"excerpt":{"rendered":"<p>Den m\u00e5ngsidiga TRUUSK skrivbordet f\u00f6r hemmakontoret kan enkelt omvandlas fr\u00e5n en L-form till ett l\u00e5ngt skrivbord och anpassar sig s\u00e5&#8230;<\/p>\n","protected":false},"featured_media":85383,"template":"","meta":[],"product_brand":[],"product_cat":[872,507,871],"product_tag":[],"class_list":{"0":"post-85392","1":"product","2":"type-product","3":"status-publish","4":"has-post-thumbnail","6":"product_cat-hemmakontor-arbetsplats","7":"product_cat-horn-skrivbord","8":"product_cat-hus-hem","10":"first","11":"instock","12":"sale","13":"taxable","14":"shipping-taxable","15":"purchasable","16":"product-type-simple"},"yoast_head":"<!-- This site is optimized with the Yoast SEO plugin v25.4 - https:\/\/yoast.com\/wordpress\/plugins\/seo\/ -->\n<title>TRUUSK Flexibelt Skrivbord - 2-niv\u00e5 Sk\u00e5p - L\u00e5da - \u00f6ppna Fack - Tr\u00e4 - Vit - TRUUSK - Hem, Tr\u00e4dg\u00e5rd &amp; Fritid<\/title>\n<meta name=\"robots\" content=\"index, follow, max-snippet:-1, max-image-preview:large, max-video-preview:-1\" \/>\n<link rel=\"canonical\" href=\"https:\/\/truusk.store\/sv\/produkt\/truusk-flexibelt-skrivbord-2-niva-skap-lada-oppna-fack-tra-vit\/\" \/>\n<meta property=\"og:locale\" content=\"sv_SE\" \/>\n<meta property=\"og:type\" content=\"article\" \/>\n<meta property=\"og:title\" content=\"TRUUSK Flexibelt Skrivbord - 2-niv\u00e5 Sk\u00e5p - L\u00e5da - \u00f6ppna Fack - Tr\u00e4 - Vit - TRUUSK - Hem, Tr\u00e4dg\u00e5rd &amp; Fritid\" \/>\n<meta property=\"og:description\" content=\"Den m\u00e5ngsidiga TRUUSK skrivbordet f\u00f6r hemmakontoret kan enkelt omvandlas fr\u00e5n en L-form till ett l\u00e5ngt skrivbord och anpassar sig s\u00e5...\" \/>\n<meta property=\"og:url\" content=\"https:\/\/truusk.store\/sv\/produkt\/truusk-flexibelt-skrivbord-2-niva-skap-lada-oppna-fack-tra-vit\/\" \/>\n<meta property=\"og:site_name\" content=\"TRUUSK - Hem, Tr\u00e4dg\u00e5rd &amp; Fritid\" \/>\n<meta property=\"article:modified_time\" content=\"2026-03-12T07:45:24+00:00\" \/>\n<meta property=\"og:image\" content=\"https:\/\/i0.wp.com\/truusk.se\/wp-content\/uploads\/2025\/08\/flexibel-skrivbord-2-niva-skap-lada-oppna-fack-tra-vit-1.webp?fit=2000%2C2000&ssl=1\" \/>\n\t<meta property=\"og:image:width\" content=\"2000\" \/>\n\t<meta property=\"og:image:height\" content=\"2000\" \/>\n\t<meta property=\"og:image:type\" content=\"image\/webp\" \/>\n<meta name=\"twitter:card\" content=\"summary_large_image\" \/>\n<meta name=\"twitter:label1\" content=\"Ber\u00e4knad l\u00e4stid\" \/>\n\t<meta name=\"twitter:data1\" content=\"1 minut\" \/>\n<!-- \/ Yoast SEO plugin. -->","yoast_head_json":{"title":"TRUUSK Flexibelt Skrivbord - 2-niv\u00e5 Sk\u00e5p - L\u00e5da - \u00f6ppna Fack - Tr\u00e4 - Vit - TRUUSK - Hem, Tr\u00e4dg\u00e5rd &amp; Fritid","robots":{"index":"index","follow":"follow","max-snippet":"max-snippet:-1","max-image-preview":"max-image-preview:large","max-video-preview":"max-video-preview:-1"},"canonical":"https:\/\/truusk.store\/sv\/produkt\/truusk-flexibelt-skrivbord-2-niva-skap-lada-oppna-fack-tra-vit\/","og_locale":"sv_SE","og_type":"article","og_title":"TRUUSK Flexibelt Skrivbord - 2-niv\u00e5 Sk\u00e5p - L\u00e5da - \u00f6ppna Fack - Tr\u00e4 - Vit - TRUUSK - Hem, Tr\u00e4dg\u00e5rd &amp; Fritid","og_description":"Den m\u00e5ngsidiga TRUUSK skrivbordet f\u00f6r hemmakontoret kan enkelt omvandlas fr\u00e5n en L-form till ett l\u00e5ngt skrivbord och anpassar sig s\u00e5...","og_url":"https:\/\/truusk.store\/sv\/produkt\/truusk-flexibelt-skrivbord-2-niva-skap-lada-oppna-fack-tra-vit\/","og_site_name":"TRUUSK - Hem, Tr\u00e4dg\u00e5rd &amp; Fritid","article_modified_time":"2026-03-12T07:45:24+00:00","og_image":[{"width":2000,"height":2000,"url":"https:\/\/i0.wp.com\/truusk.se\/wp-content\/uploads\/2025\/08\/flexibel-skrivbord-2-niva-skap-lada-oppna-fack-tra-vit-1.webp?fit=2000%2C2000&ssl=1","type":"image\/webp"}],"twitter_card":"summary_large_image","twitter_misc":{"Ber\u00e4knad l\u00e4stid":"1 minut"},"schema":{"@context":"https:\/\/schema.org","@graph":[{"@type":"WebPage","@id":"https:\/\/truusk.store\/sv\/produkt\/truusk-flexibelt-skrivbord-2-niva-skap-lada-oppna-fack-tra-vit\/","url":"https:\/\/truusk.store\/sv\/produkt\/truusk-flexibelt-skrivbord-2-niva-skap-lada-oppna-fack-tra-vit\/","name":"TRUUSK Flexibelt Skrivbord - 2-niv\u00e5 Sk\u00e5p - L\u00e5da - \u00f6ppna Fack - Tr\u00e4 - Vit - TRUUSK - Hem, Tr\u00e4dg\u00e5rd &amp; Fritid","isPartOf":{"@id":"https:\/\/truusk.store\/sv\/#website"},"primaryImageOfPage":{"@id":"https:\/\/truusk.store\/sv\/produkt\/truusk-flexibelt-skrivbord-2-niva-skap-lada-oppna-fack-tra-vit\/#primaryimage"},"image":{"@id":"https:\/\/truusk.store\/sv\/produkt\/truusk-flexibelt-skrivbord-2-niva-skap-lada-oppna-fack-tra-vit\/#primaryimage"},"thumbnailUrl":"https:\/\/i0.wp.com\/truusk.store\/wp-content\/uploads\/2025\/08\/flexibel-skrivbord-2-niva-skap-lada-oppna-fack-tra-vit-1.webp?fit=2000%2C2000&ssl=1","datePublished":"2025-08-06T12:10:33+00:00","dateModified":"2026-03-12T07:45:24+00:00","breadcrumb":{"@id":"https:\/\/truusk.store\/sv\/produkt\/truusk-flexibelt-skrivbord-2-niva-skap-lada-oppna-fack-tra-vit\/#breadcrumb"},"inLanguage":"sv-SE","potentialAction":[{"@type":"ReadAction","target":["https:\/\/truusk.store\/sv\/produkt\/truusk-flexibelt-skrivbord-2-niva-skap-lada-oppna-fack-tra-vit\/"]}]},{"@type":"ImageObject","inLanguage":"sv-SE","@id":"https:\/\/truusk.store\/sv\/produkt\/truusk-flexibelt-skrivbord-2-niva-skap-lada-oppna-fack-tra-vit\/#primaryimage","url":"https:\/\/i0.wp.com\/truusk.store\/wp-content\/uploads\/2025\/08\/flexibel-skrivbord-2-niva-skap-lada-oppna-fack-tra-vit-1.webp?fit=2000%2C2000&ssl=1","contentUrl":"https:\/\/i0.wp.com\/truusk.store\/wp-content\/uploads\/2025\/08\/flexibel-skrivbord-2-niva-skap-lada-oppna-fack-tra-vit-1.webp?fit=2000%2C2000&ssl=1","width":2000,"height":2000},{"@type":"BreadcrumbList","@id":"https:\/\/truusk.store\/sv\/produkt\/truusk-flexibelt-skrivbord-2-niva-skap-lada-oppna-fack-tra-vit\/#breadcrumb","itemListElement":[{"@type":"ListItem","position":1,"name":"Home","item":"https:\/\/truusk.store\/sv\/"},{"@type":"ListItem","position":2,"name":"Shop","item":"https:\/\/truusk.store\/shop\/"},{"@type":"ListItem","position":3,"name":"TRUUSK Flexibelt Skrivbord &#8211; 2-niv\u00e5 Sk\u00e5p &#8211; L\u00e5da &#8211; \u00f6ppna Fack &#8211; Tr\u00e4 &#8211; Vit"}]},{"@type":"WebSite","@id":"https:\/\/truusk.store\/sv\/#website","url":"https:\/\/truusk.store\/sv\/","name":"TRUUSK - Hem, Tr\u00e4dg\u00e5rd & Fritid","description":"","publisher":{"@id":"https:\/\/truusk.store\/sv\/#organization"},"potentialAction":[{"@type":"SearchAction","target":{"@type":"EntryPoint","urlTemplate":"https:\/\/truusk.store\/sv\/?s={search_term_string}"},"query-input":{"@type":"PropertyValueSpecification","valueRequired":true,"valueName":"search_term_string"}}],"inLanguage":"sv-SE"},{"@type":"Organization","@id":"https:\/\/truusk.store\/sv\/#organization","name":"TRUUSK - Hem, Tr\u00e4dg\u00e5rd & Fritid","url":"https:\/\/truusk.store\/sv\/","logo":{"@type":"ImageObject","inLanguage":"sv-SE","@id":"https:\/\/truusk.store\/sv\/#\/schema\/logo\/image\/","url":"https:\/\/i0.wp.com\/truusk.store\/wp-content\/uploads\/2026\/03\/cropped-TRUUSK.png?fit=2032%2C917&ssl=1","contentUrl":"https:\/\/i0.wp.com\/truusk.store\/wp-content\/uploads\/2026\/03\/cropped-TRUUSK.png?fit=2032%2C917&ssl=1","width":2032,"height":917,"caption":"TRUUSK - Hem, Tr\u00e4dg\u00e5rd & Fritid"},"image":{"@id":"https:\/\/truusk.store\/sv\/#\/schema\/logo\/image\/"}}]}},"jetpack_sharing_enabled":true,"_links":{"self":[{"href":"https:\/\/truusk.store\/sv\/wp-json\/wp\/v2\/product\/85392","targetHints":{"allow":["GET"]}}],"collection":[{"href":"https:\/\/truusk.store\/sv\/wp-json\/wp\/v2\/product"}],"about":[{"href":"https:\/\/truusk.store\/sv\/wp-json\/wp\/v2\/types\/product"}],"wp:featuredmedia":[{"embeddable":true,"href":"https:\/\/truusk.store\/sv\/wp-json\/wp\/v2\/media\/85383"}],"wp:attachment":[{"href":"https:\/\/truusk.store\/sv\/wp-json\/wp\/v2\/media?parent=85392"}],"wp:term":[{"taxonomy":"product_brand","embeddable":true,"href":"https:\/\/truusk.store\/sv\/wp-json\/wp\/v2\/product_brand?post=85392"},{"taxonomy":"product_cat","embeddable":true,"href":"https:\/\/truusk.store\/sv\/wp-json\/wp\/v2\/product_cat?post=85392"},{"taxonomy":"product_tag","embeddable":true,"href":"https:\/\/truusk.store\/sv\/wp-json\/wp\/v2\/product_tag?post=85392"}],"curies":[{"name":"wp","href":"https:\/\/api.w.org\/{rel}","templated":true}]}}