{"id":85412,"date":"2025-08-06T13:12:43","date_gmt":"2025-08-06T12:12:43","guid":{"rendered":"https:\/\/truusk.store\/product\/hylla-med-6-fack-och-3-tyglador-forvaringshylla-mangsidig-gra\/"},"modified":"2026-03-12T08:46:10","modified_gmt":"2026-03-12T07:46:10","slug":"truusk-forvaringshylla-med-6-fack-och-3-tyglador-mangsidig-och-praktisk-gra","status":"publish","type":"product","link":"https:\/\/truusk.store\/sv\/produkt\/truusk-forvaringshylla-med-6-fack-och-3-tyglador-mangsidig-och-praktisk-gra\/","title":{"rendered":"TRUUSK F\u00f6rvaringshylla med 6 Fack och 3 Tygl\u00e5dor &#8211; M\u00e5ngsidig och Praktisk &#8211; Gr\u00e5"},"content":{"rendered":"<p>F\u00f6rvandla ditt st\u00f6kiga rum till en oas av ordning med TRUUSK Cube Storage. F\u00f6rest\u00e4ll dig ett vardagsrum d\u00e4r b\u00f6cker, v\u00e4xter och kl\u00e4der \u00e4r ordnade i 6 rymliga kuber och 3 tygl\u00e5dor. Tillverkad av melaminbelagd sp\u00e5nskiva, \u00e4r denna hylla repfast och l\u00e4tt att reng\u00f6ra. Den m\u00e5ngsidiga designen passar harmoniskt in i alla rum, horisontellt eller vertikalt.<\/p>\n<p>Beskrivning:<\/p>\n<ul>\n<li> Kan placeras fritt horisontellt eller vertikalt och anpassar sig enkelt till alla rumslayouter<\/li>\n<li> 6 rymliga fack och 3 tygl\u00e5dor, organiserar f\u00f6rem\u00e5l f\u00f6r ett ordnat liv<\/li>\n<li> Fungerar som bokhylla, f\u00f6rvaringshylla eller utst\u00e4llningsst\u00e4ll<\/li>\n<li> Melamin-sp\u00e5nskiva \u00e4r repfast och l\u00e4tt att underh\u00e5lla<\/li>\n<li> Inkluderar ett set f\u00f6r att f\u00f6rhindra v\u00e4lta, s\u00e4krar m\u00f6beln mot v\u00e4ggen f\u00f6r \u00f6kad familjes\u00e4kerhet<\/li>\n<li> Tygl\u00e5dor med ringhandtag, l\u00e4tta att dra ut och flytta vid behov<\/li>\n<li> Montering kr\u00e4vs<\/li>\n<\/ul>\n<p> Tekniska data:<\/p>\n<ul>\n<li> F\u00e4rg: Vit+Gr\u00e5<\/li>\n<li> Material: Sp\u00e5nskiva, non-woven tyg (100% polyester)<\/li>\n<li> Totala dimensioner: 53,7B x 30T x 79,8H cm<\/li>\n<li> Storlek p\u00e5 f\u00f6rvaringsfack: (varje) 24,6B x 28,2T x 24,6H cm<\/li>\n<li> Inre storlek p\u00e5 tygl\u00e5da: (varje) 24B x 28T x 21,5H cm<\/li>\n<li> Maximal belastning: 20 kg (ovanp\u00e5), 10 kg (hylla), 5 kg (tygl\u00e5da), 60 kg (totalt)<\/li>\n<\/ul>\n<p>Leveransinneh\u00e5ll:<\/p>\n<ul>\n<li> 1 x Kubhylla<\/li>\n<li> 3 x Tygl\u00e5dor<\/li>\n<li> 1 x Handbok<\/li>\n<\/ul>\n","protected":false},"excerpt":{"rendered":"<p>F\u00f6rvandla ditt st\u00f6kiga rum till en oas av ordning med TRUUSK Cube Storage. F\u00f6rest\u00e4ll dig ett vardagsrum d\u00e4r b\u00f6cker, v\u00e4xter&#8230;<\/p>\n","protected":false},"featured_media":85403,"template":"","meta":[],"product_brand":[],"product_cat":[956,871,910],"product_tag":[],"class_list":{"0":"post-85412","1":"product","2":"type-product","3":"status-publish","4":"has-post-thumbnail","6":"product_cat-byraer-sideboards","7":"product_cat-hus-hem","8":"product_cat-vardagsrum","10":"first","11":"instock","12":"sale","13":"taxable","14":"shipping-taxable","15":"purchasable","16":"product-type-simple"},"yoast_head":"<!-- This site is optimized with the Yoast SEO plugin v25.4 - https:\/\/yoast.com\/wordpress\/plugins\/seo\/ -->\n<title>TRUUSK F\u00f6rvaringshylla med 6 Fack och 3 Tygl\u00e5dor - M\u00e5ngsidig och Praktisk - Gr\u00e5 - TRUUSK - Hem, Tr\u00e4dg\u00e5rd &amp; Fritid<\/title>\n<meta name=\"robots\" content=\"index, follow, max-snippet:-1, max-image-preview:large, max-video-preview:-1\" \/>\n<link rel=\"canonical\" href=\"https:\/\/truusk.store\/sv\/produkt\/truusk-forvaringshylla-med-6-fack-och-3-tyglador-mangsidig-och-praktisk-gra\/\" \/>\n<meta property=\"og:locale\" content=\"sv_SE\" \/>\n<meta property=\"og:type\" content=\"article\" \/>\n<meta property=\"og:title\" content=\"TRUUSK F\u00f6rvaringshylla med 6 Fack och 3 Tygl\u00e5dor - M\u00e5ngsidig och Praktisk - Gr\u00e5 - TRUUSK - Hem, Tr\u00e4dg\u00e5rd &amp; Fritid\" \/>\n<meta property=\"og:description\" content=\"F\u00f6rvandla ditt st\u00f6kiga rum till en oas av ordning med TRUUSK Cube Storage. F\u00f6rest\u00e4ll dig ett vardagsrum d\u00e4r b\u00f6cker, v\u00e4xter...\" \/>\n<meta property=\"og:url\" content=\"https:\/\/truusk.store\/sv\/produkt\/truusk-forvaringshylla-med-6-fack-och-3-tyglador-mangsidig-och-praktisk-gra\/\" \/>\n<meta property=\"og:site_name\" content=\"TRUUSK - Hem, Tr\u00e4dg\u00e5rd &amp; Fritid\" \/>\n<meta property=\"article:modified_time\" content=\"2026-03-12T07:46:10+00:00\" \/>\n<meta property=\"og:image\" content=\"https:\/\/i0.wp.com\/truusk.se\/wp-content\/uploads\/2025\/08\/hylla-med-6-fack-och-3-tyglador-forvaringshylla-mangsidig-gra-1.webp?fit=2000%2C2000&ssl=1\" \/>\n\t<meta property=\"og:image:width\" content=\"2000\" \/>\n\t<meta property=\"og:image:height\" content=\"2000\" \/>\n\t<meta property=\"og:image:type\" content=\"image\/webp\" \/>\n<meta name=\"twitter:card\" content=\"summary_large_image\" \/>\n<meta name=\"twitter:label1\" content=\"Ber\u00e4knad l\u00e4stid\" \/>\n\t<meta name=\"twitter:data1\" content=\"1 minut\" \/>\n<!-- \/ Yoast SEO plugin. -->","yoast_head_json":{"title":"TRUUSK F\u00f6rvaringshylla med 6 Fack och 3 Tygl\u00e5dor - M\u00e5ngsidig och Praktisk - Gr\u00e5 - TRUUSK - Hem, Tr\u00e4dg\u00e5rd &amp; Fritid","robots":{"index":"index","follow":"follow","max-snippet":"max-snippet:-1","max-image-preview":"max-image-preview:large","max-video-preview":"max-video-preview:-1"},"canonical":"https:\/\/truusk.store\/sv\/produkt\/truusk-forvaringshylla-med-6-fack-och-3-tyglador-mangsidig-och-praktisk-gra\/","og_locale":"sv_SE","og_type":"article","og_title":"TRUUSK F\u00f6rvaringshylla med 6 Fack och 3 Tygl\u00e5dor - M\u00e5ngsidig och Praktisk - Gr\u00e5 - TRUUSK - Hem, Tr\u00e4dg\u00e5rd &amp; Fritid","og_description":"F\u00f6rvandla ditt st\u00f6kiga rum till en oas av ordning med TRUUSK Cube Storage. F\u00f6rest\u00e4ll dig ett vardagsrum d\u00e4r b\u00f6cker, v\u00e4xter...","og_url":"https:\/\/truusk.store\/sv\/produkt\/truusk-forvaringshylla-med-6-fack-och-3-tyglador-mangsidig-och-praktisk-gra\/","og_site_name":"TRUUSK - Hem, Tr\u00e4dg\u00e5rd &amp; Fritid","article_modified_time":"2026-03-12T07:46:10+00:00","og_image":[{"width":2000,"height":2000,"url":"https:\/\/i0.wp.com\/truusk.se\/wp-content\/uploads\/2025\/08\/hylla-med-6-fack-och-3-tyglador-forvaringshylla-mangsidig-gra-1.webp?fit=2000%2C2000&ssl=1","type":"image\/webp"}],"twitter_card":"summary_large_image","twitter_misc":{"Ber\u00e4knad l\u00e4stid":"1 minut"},"schema":{"@context":"https:\/\/schema.org","@graph":[{"@type":"WebPage","@id":"https:\/\/truusk.store\/sv\/produkt\/truusk-forvaringshylla-med-6-fack-och-3-tyglador-mangsidig-och-praktisk-gra\/","url":"https:\/\/truusk.store\/sv\/produkt\/truusk-forvaringshylla-med-6-fack-och-3-tyglador-mangsidig-och-praktisk-gra\/","name":"TRUUSK F\u00f6rvaringshylla med 6 Fack och 3 Tygl\u00e5dor - M\u00e5ngsidig och Praktisk - Gr\u00e5 - TRUUSK - Hem, Tr\u00e4dg\u00e5rd &amp; Fritid","isPartOf":{"@id":"https:\/\/truusk.store\/sv\/#website"},"primaryImageOfPage":{"@id":"https:\/\/truusk.store\/sv\/produkt\/truusk-forvaringshylla-med-6-fack-och-3-tyglador-mangsidig-och-praktisk-gra\/#primaryimage"},"image":{"@id":"https:\/\/truusk.store\/sv\/produkt\/truusk-forvaringshylla-med-6-fack-och-3-tyglador-mangsidig-och-praktisk-gra\/#primaryimage"},"thumbnailUrl":"https:\/\/i0.wp.com\/truusk.store\/wp-content\/uploads\/2025\/08\/hylla-med-6-fack-och-3-tyglador-forvaringshylla-mangsidig-gra-1.webp?fit=2000%2C2000&ssl=1","datePublished":"2025-08-06T12:12:43+00:00","dateModified":"2026-03-12T07:46:10+00:00","breadcrumb":{"@id":"https:\/\/truusk.store\/sv\/produkt\/truusk-forvaringshylla-med-6-fack-och-3-tyglador-mangsidig-och-praktisk-gra\/#breadcrumb"},"inLanguage":"sv-SE","potentialAction":[{"@type":"ReadAction","target":["https:\/\/truusk.store\/sv\/produkt\/truusk-forvaringshylla-med-6-fack-och-3-tyglador-mangsidig-och-praktisk-gra\/"]}]},{"@type":"ImageObject","inLanguage":"sv-SE","@id":"https:\/\/truusk.store\/sv\/produkt\/truusk-forvaringshylla-med-6-fack-och-3-tyglador-mangsidig-och-praktisk-gra\/#primaryimage","url":"https:\/\/i0.wp.com\/truusk.store\/wp-content\/uploads\/2025\/08\/hylla-med-6-fack-och-3-tyglador-forvaringshylla-mangsidig-gra-1.webp?fit=2000%2C2000&ssl=1","contentUrl":"https:\/\/i0.wp.com\/truusk.store\/wp-content\/uploads\/2025\/08\/hylla-med-6-fack-och-3-tyglador-forvaringshylla-mangsidig-gra-1.webp?fit=2000%2C2000&ssl=1","width":2000,"height":2000},{"@type":"BreadcrumbList","@id":"https:\/\/truusk.store\/sv\/produkt\/truusk-forvaringshylla-med-6-fack-och-3-tyglador-mangsidig-och-praktisk-gra\/#breadcrumb","itemListElement":[{"@type":"ListItem","position":1,"name":"Home","item":"https:\/\/truusk.store\/sv\/"},{"@type":"ListItem","position":2,"name":"Shop","item":"https:\/\/truusk.store\/shop\/"},{"@type":"ListItem","position":3,"name":"TRUUSK F\u00f6rvaringshylla med 6 Fack och 3 Tygl\u00e5dor &#8211; M\u00e5ngsidig och Praktisk &#8211; Gr\u00e5"}]},{"@type":"WebSite","@id":"https:\/\/truusk.store\/sv\/#website","url":"https:\/\/truusk.store\/sv\/","name":"TRUUSK - Hem, Tr\u00e4dg\u00e5rd & Fritid","description":"","publisher":{"@id":"https:\/\/truusk.store\/sv\/#organization"},"potentialAction":[{"@type":"SearchAction","target":{"@type":"EntryPoint","urlTemplate":"https:\/\/truusk.store\/sv\/?s={search_term_string}"},"query-input":{"@type":"PropertyValueSpecification","valueRequired":true,"valueName":"search_term_string"}}],"inLanguage":"sv-SE"},{"@type":"Organization","@id":"https:\/\/truusk.store\/sv\/#organization","name":"TRUUSK - Hem, Tr\u00e4dg\u00e5rd & Fritid","url":"https:\/\/truusk.store\/sv\/","logo":{"@type":"ImageObject","inLanguage":"sv-SE","@id":"https:\/\/truusk.store\/sv\/#\/schema\/logo\/image\/","url":"https:\/\/i0.wp.com\/truusk.store\/wp-content\/uploads\/2026\/03\/cropped-TRUUSK.png?fit=2032%2C917&ssl=1","contentUrl":"https:\/\/i0.wp.com\/truusk.store\/wp-content\/uploads\/2026\/03\/cropped-TRUUSK.png?fit=2032%2C917&ssl=1","width":2032,"height":917,"caption":"TRUUSK - Hem, Tr\u00e4dg\u00e5rd & Fritid"},"image":{"@id":"https:\/\/truusk.store\/sv\/#\/schema\/logo\/image\/"}}]}},"jetpack_sharing_enabled":true,"_links":{"self":[{"href":"https:\/\/truusk.store\/sv\/wp-json\/wp\/v2\/product\/85412","targetHints":{"allow":["GET"]}}],"collection":[{"href":"https:\/\/truusk.store\/sv\/wp-json\/wp\/v2\/product"}],"about":[{"href":"https:\/\/truusk.store\/sv\/wp-json\/wp\/v2\/types\/product"}],"wp:featuredmedia":[{"embeddable":true,"href":"https:\/\/truusk.store\/sv\/wp-json\/wp\/v2\/media\/85403"}],"wp:attachment":[{"href":"https:\/\/truusk.store\/sv\/wp-json\/wp\/v2\/media?parent=85412"}],"wp:term":[{"taxonomy":"product_brand","embeddable":true,"href":"https:\/\/truusk.store\/sv\/wp-json\/wp\/v2\/product_brand?post=85412"},{"taxonomy":"product_cat","embeddable":true,"href":"https:\/\/truusk.store\/sv\/wp-json\/wp\/v2\/product_cat?post=85412"},{"taxonomy":"product_tag","embeddable":true,"href":"https:\/\/truusk.store\/sv\/wp-json\/wp\/v2\/product_tag?post=85412"}],"curies":[{"name":"wp","href":"https:\/\/api.w.org\/{rel}","templated":true}]}}