{"id":85422,"date":"2025-08-06T13:13:35","date_gmt":"2025-08-06T12:13:35","guid":{"rendered":"https:\/\/truusk.store\/product\/landskapsmatta-mangsidig-polyester-latt-att-skota-halkfri-fargglad\/"},"modified":"2026-03-12T08:46:12","modified_gmt":"2026-03-12T07:46:12","slug":"truusk-landskapsmatta-mangsidig-och-halkfri-latt-att-skota-fargglad-polyester-for-inomhus-och-utomhusbruk","status":"publish","type":"product","link":"https:\/\/truusk.store\/sv\/produkt\/truusk-landskapsmatta-mangsidig-och-halkfri-latt-att-skota-fargglad-polyester-for-inomhus-och-utomhusbruk\/","title":{"rendered":"TRUUSK Landskapsmatta &#8211; M\u00e5ngsidig och Halkfri &#8211; L\u00e4tt Att Sk\u00f6ta &#8211; F\u00e4rgglad &#8211; Polyester &#8211; F\u00f6r Inomhus och Utomhusbruk"},"content":{"rendered":"<p>Ge varje rum nytt liv med den rustika TRUUSK-landsmattan, dekorerad med livfulla f\u00e5glar och blomm\u00f6nster p\u00e5 en kr\u00e4mf\u00e4rgad bakgrund. Perfekt f\u00f6r vardagsrum och sovrum, kombinerar den charm med funktionalitet. Det mjuka polyestret g\u00f6r den extra mysig, och tack vare enkel sk\u00f6tsel med maskintv\u00e4tt eller avtorkning h\u00e5ller den sig alltid fr\u00e4sch. Den halkfria TPR-baksidan p\u00e5 vardagsrumsmattan garanterar ett s\u00e4kert grepp.<\/p>\n<p>Beskrivning:<\/p>\n<ul>\n<li> Ger varje rum en glad, naturinspirerad touch<\/li>\n<li> M\u00e5ngsidig anv\u00e4ndning f\u00f6r vardagsrum, sovrum och mer<\/li>\n<li> Ultra-mjuk polyester yta p\u00e5 vardagsrumsmattan, som sk\u00e4mmer bort f\u00f6tterna<\/li>\n<li> Enkel sk\u00f6tsel genom maskintv\u00e4tt eller avtorkning<\/li>\n<li> Halkfri TPR-baksida p\u00e5 mattan f\u00f6r s\u00e4kert grepp<\/li>\n<\/ul>\n<p> Tekniska data:<\/p>\n<ul>\n<li> F\u00e4rg: Kr\u00e4m vit+Rosa<\/li>\n<li> Material: 100% Polyester<\/li>\n<li> Totala dimensioner: 200L x 140B x 0,7H cm<\/li>\n<\/ul>\n<p>Leveransinneh\u00e5ll:<\/p>\n<ul>\n<li> 1 x Matta;<\/li>\n<\/ul>\n","protected":false},"excerpt":{"rendered":"<p>Ge varje rum nytt liv med den rustika TRUUSK-landsmattan, dekorerad med livfulla f\u00e5glar och blomm\u00f6nster p\u00e5 en kr\u00e4mf\u00e4rgad bakgrund. Perfekt&#8230;<\/p>\n","protected":false},"featured_media":85413,"template":"","meta":[],"product_brand":[],"product_cat":[871,567,566],"product_tag":[],"class_list":{"0":"post-85422","1":"product","2":"type-product","3":"status-publish","4":"has-post-thumbnail","6":"product_cat-hus-hem","7":"product_cat-kort-lugg-mattor","8":"product_cat-mattor","10":"first","11":"instock","12":"sale","13":"taxable","14":"shipping-taxable","15":"purchasable","16":"product-type-simple"},"yoast_head":"<!-- This site is optimized with the Yoast SEO plugin v25.4 - https:\/\/yoast.com\/wordpress\/plugins\/seo\/ -->\n<title>TRUUSK Landskapsmatta - M\u00e5ngsidig och Halkfri - L\u00e4tt Att Sk\u00f6ta - F\u00e4rgglad - Polyester - F\u00f6r Inomhus och Utomhusbruk - TRUUSK - Hem, Tr\u00e4dg\u00e5rd &amp; Fritid<\/title>\n<meta name=\"robots\" content=\"index, follow, max-snippet:-1, max-image-preview:large, max-video-preview:-1\" \/>\n<link rel=\"canonical\" href=\"https:\/\/truusk.store\/sv\/produkt\/truusk-landskapsmatta-mangsidig-och-halkfri-latt-att-skota-fargglad-polyester-for-inomhus-och-utomhusbruk\/\" \/>\n<meta property=\"og:locale\" content=\"sv_SE\" \/>\n<meta property=\"og:type\" content=\"article\" \/>\n<meta property=\"og:title\" content=\"TRUUSK Landskapsmatta - M\u00e5ngsidig och Halkfri - L\u00e4tt Att Sk\u00f6ta - F\u00e4rgglad - Polyester - F\u00f6r Inomhus och Utomhusbruk - TRUUSK - Hem, Tr\u00e4dg\u00e5rd &amp; Fritid\" \/>\n<meta property=\"og:description\" content=\"Ge varje rum nytt liv med den rustika TRUUSK-landsmattan, dekorerad med livfulla f\u00e5glar och blomm\u00f6nster p\u00e5 en kr\u00e4mf\u00e4rgad bakgrund. Perfekt...\" \/>\n<meta property=\"og:url\" content=\"https:\/\/truusk.store\/sv\/produkt\/truusk-landskapsmatta-mangsidig-och-halkfri-latt-att-skota-fargglad-polyester-for-inomhus-och-utomhusbruk\/\" \/>\n<meta property=\"og:site_name\" content=\"TRUUSK - Hem, Tr\u00e4dg\u00e5rd &amp; Fritid\" \/>\n<meta property=\"article:modified_time\" content=\"2026-03-12T07:46:12+00:00\" \/>\n<meta property=\"og:image\" content=\"https:\/\/i0.wp.com\/truusk.se\/wp-content\/uploads\/2025\/08\/landskapsmatta-mangsidig-polyester-latt-att-skota-halkfri-fargglad-1.webp?fit=2000%2C2000&ssl=1\" \/>\n\t<meta property=\"og:image:width\" content=\"2000\" \/>\n\t<meta property=\"og:image:height\" content=\"2000\" \/>\n\t<meta property=\"og:image:type\" content=\"image\/webp\" \/>\n<meta name=\"twitter:card\" content=\"summary_large_image\" \/>\n<meta name=\"twitter:label1\" content=\"Ber\u00e4knad l\u00e4stid\" \/>\n\t<meta name=\"twitter:data1\" content=\"1 minut\" \/>\n<!-- \/ Yoast SEO plugin. -->","yoast_head_json":{"title":"TRUUSK Landskapsmatta - M\u00e5ngsidig och Halkfri - L\u00e4tt Att Sk\u00f6ta - F\u00e4rgglad - Polyester - F\u00f6r Inomhus och Utomhusbruk - TRUUSK - Hem, Tr\u00e4dg\u00e5rd &amp; Fritid","robots":{"index":"index","follow":"follow","max-snippet":"max-snippet:-1","max-image-preview":"max-image-preview:large","max-video-preview":"max-video-preview:-1"},"canonical":"https:\/\/truusk.store\/sv\/produkt\/truusk-landskapsmatta-mangsidig-och-halkfri-latt-att-skota-fargglad-polyester-for-inomhus-och-utomhusbruk\/","og_locale":"sv_SE","og_type":"article","og_title":"TRUUSK Landskapsmatta - M\u00e5ngsidig och Halkfri - L\u00e4tt Att Sk\u00f6ta - F\u00e4rgglad - Polyester - F\u00f6r Inomhus och Utomhusbruk - TRUUSK - Hem, Tr\u00e4dg\u00e5rd &amp; Fritid","og_description":"Ge varje rum nytt liv med den rustika TRUUSK-landsmattan, dekorerad med livfulla f\u00e5glar och blomm\u00f6nster p\u00e5 en kr\u00e4mf\u00e4rgad bakgrund. Perfekt...","og_url":"https:\/\/truusk.store\/sv\/produkt\/truusk-landskapsmatta-mangsidig-och-halkfri-latt-att-skota-fargglad-polyester-for-inomhus-och-utomhusbruk\/","og_site_name":"TRUUSK - Hem, Tr\u00e4dg\u00e5rd &amp; Fritid","article_modified_time":"2026-03-12T07:46:12+00:00","og_image":[{"width":2000,"height":2000,"url":"https:\/\/i0.wp.com\/truusk.se\/wp-content\/uploads\/2025\/08\/landskapsmatta-mangsidig-polyester-latt-att-skota-halkfri-fargglad-1.webp?fit=2000%2C2000&ssl=1","type":"image\/webp"}],"twitter_card":"summary_large_image","twitter_misc":{"Ber\u00e4knad l\u00e4stid":"1 minut"},"schema":{"@context":"https:\/\/schema.org","@graph":[{"@type":"WebPage","@id":"https:\/\/truusk.store\/sv\/produkt\/truusk-landskapsmatta-mangsidig-och-halkfri-latt-att-skota-fargglad-polyester-for-inomhus-och-utomhusbruk\/","url":"https:\/\/truusk.store\/sv\/produkt\/truusk-landskapsmatta-mangsidig-och-halkfri-latt-att-skota-fargglad-polyester-for-inomhus-och-utomhusbruk\/","name":"TRUUSK Landskapsmatta - M\u00e5ngsidig och Halkfri - L\u00e4tt Att Sk\u00f6ta - F\u00e4rgglad - Polyester - F\u00f6r Inomhus och Utomhusbruk - TRUUSK - Hem, Tr\u00e4dg\u00e5rd &amp; Fritid","isPartOf":{"@id":"https:\/\/truusk.store\/sv\/#website"},"primaryImageOfPage":{"@id":"https:\/\/truusk.store\/sv\/produkt\/truusk-landskapsmatta-mangsidig-och-halkfri-latt-att-skota-fargglad-polyester-for-inomhus-och-utomhusbruk\/#primaryimage"},"image":{"@id":"https:\/\/truusk.store\/sv\/produkt\/truusk-landskapsmatta-mangsidig-och-halkfri-latt-att-skota-fargglad-polyester-for-inomhus-och-utomhusbruk\/#primaryimage"},"thumbnailUrl":"https:\/\/i0.wp.com\/truusk.store\/wp-content\/uploads\/2025\/08\/landskapsmatta-mangsidig-polyester-latt-att-skota-halkfri-fargglad-1.webp?fit=2000%2C2000&ssl=1","datePublished":"2025-08-06T12:13:35+00:00","dateModified":"2026-03-12T07:46:12+00:00","breadcrumb":{"@id":"https:\/\/truusk.store\/sv\/produkt\/truusk-landskapsmatta-mangsidig-och-halkfri-latt-att-skota-fargglad-polyester-for-inomhus-och-utomhusbruk\/#breadcrumb"},"inLanguage":"sv-SE","potentialAction":[{"@type":"ReadAction","target":["https:\/\/truusk.store\/sv\/produkt\/truusk-landskapsmatta-mangsidig-och-halkfri-latt-att-skota-fargglad-polyester-for-inomhus-och-utomhusbruk\/"]}]},{"@type":"ImageObject","inLanguage":"sv-SE","@id":"https:\/\/truusk.store\/sv\/produkt\/truusk-landskapsmatta-mangsidig-och-halkfri-latt-att-skota-fargglad-polyester-for-inomhus-och-utomhusbruk\/#primaryimage","url":"https:\/\/i0.wp.com\/truusk.store\/wp-content\/uploads\/2025\/08\/landskapsmatta-mangsidig-polyester-latt-att-skota-halkfri-fargglad-1.webp?fit=2000%2C2000&ssl=1","contentUrl":"https:\/\/i0.wp.com\/truusk.store\/wp-content\/uploads\/2025\/08\/landskapsmatta-mangsidig-polyester-latt-att-skota-halkfri-fargglad-1.webp?fit=2000%2C2000&ssl=1","width":2000,"height":2000},{"@type":"BreadcrumbList","@id":"https:\/\/truusk.store\/sv\/produkt\/truusk-landskapsmatta-mangsidig-och-halkfri-latt-att-skota-fargglad-polyester-for-inomhus-och-utomhusbruk\/#breadcrumb","itemListElement":[{"@type":"ListItem","position":1,"name":"Home","item":"https:\/\/truusk.store\/sv\/"},{"@type":"ListItem","position":2,"name":"Shop","item":"https:\/\/truusk.store\/shop\/"},{"@type":"ListItem","position":3,"name":"TRUUSK Landskapsmatta &#8211; M\u00e5ngsidig och Halkfri &#8211; L\u00e4tt Att Sk\u00f6ta &#8211; F\u00e4rgglad &#8211; Polyester &#8211; F\u00f6r Inomhus och Utomhusbruk"}]},{"@type":"WebSite","@id":"https:\/\/truusk.store\/sv\/#website","url":"https:\/\/truusk.store\/sv\/","name":"TRUUSK - Hem, Tr\u00e4dg\u00e5rd & Fritid","description":"","publisher":{"@id":"https:\/\/truusk.store\/sv\/#organization"},"potentialAction":[{"@type":"SearchAction","target":{"@type":"EntryPoint","urlTemplate":"https:\/\/truusk.store\/sv\/?s={search_term_string}"},"query-input":{"@type":"PropertyValueSpecification","valueRequired":true,"valueName":"search_term_string"}}],"inLanguage":"sv-SE"},{"@type":"Organization","@id":"https:\/\/truusk.store\/sv\/#organization","name":"TRUUSK - Hem, Tr\u00e4dg\u00e5rd & Fritid","url":"https:\/\/truusk.store\/sv\/","logo":{"@type":"ImageObject","inLanguage":"sv-SE","@id":"https:\/\/truusk.store\/sv\/#\/schema\/logo\/image\/","url":"https:\/\/i0.wp.com\/truusk.store\/wp-content\/uploads\/2026\/03\/cropped-TRUUSK.png?fit=2032%2C917&ssl=1","contentUrl":"https:\/\/i0.wp.com\/truusk.store\/wp-content\/uploads\/2026\/03\/cropped-TRUUSK.png?fit=2032%2C917&ssl=1","width":2032,"height":917,"caption":"TRUUSK - Hem, Tr\u00e4dg\u00e5rd & Fritid"},"image":{"@id":"https:\/\/truusk.store\/sv\/#\/schema\/logo\/image\/"}}]}},"jetpack_sharing_enabled":true,"_links":{"self":[{"href":"https:\/\/truusk.store\/sv\/wp-json\/wp\/v2\/product\/85422","targetHints":{"allow":["GET"]}}],"collection":[{"href":"https:\/\/truusk.store\/sv\/wp-json\/wp\/v2\/product"}],"about":[{"href":"https:\/\/truusk.store\/sv\/wp-json\/wp\/v2\/types\/product"}],"wp:featuredmedia":[{"embeddable":true,"href":"https:\/\/truusk.store\/sv\/wp-json\/wp\/v2\/media\/85413"}],"wp:attachment":[{"href":"https:\/\/truusk.store\/sv\/wp-json\/wp\/v2\/media?parent=85422"}],"wp:term":[{"taxonomy":"product_brand","embeddable":true,"href":"https:\/\/truusk.store\/sv\/wp-json\/wp\/v2\/product_brand?post=85422"},{"taxonomy":"product_cat","embeddable":true,"href":"https:\/\/truusk.store\/sv\/wp-json\/wp\/v2\/product_cat?post=85422"},{"taxonomy":"product_tag","embeddable":true,"href":"https:\/\/truusk.store\/sv\/wp-json\/wp\/v2\/product_tag?post=85422"}],"curies":[{"name":"wp","href":"https:\/\/api.w.org\/{rel}","templated":true}]}}