{"id":85432,"date":"2025-08-06T13:14:36","date_gmt":"2025-08-06T12:14:36","guid":{"rendered":"https:\/\/truusk.store\/product\/hopfallbart-bord-rullskap-tva-hopfallbara-bordsidor-skapfack-4-hjul-ljusgramorkbrun-70-x-83-x-75cm\/"},"modified":"2026-03-12T08:46:13","modified_gmt":"2026-03-12T07:46:13","slug":"truusk-hopfallbart-bord-rullskap-tva-sidor-skapfack-4-hjul-ljusgramorkbrun-70-x-83-x-75cm","status":"publish","type":"product","link":"https:\/\/truusk.store\/sv\/produkt\/truusk-hopfallbart-bord-rullskap-tva-sidor-skapfack-4-hjul-ljusgramorkbrun-70-x-83-x-75cm\/","title":{"rendered":"TRUUSK Hopf\u00e4llbart Bord Rullsk\u00e5p &#8211; Tv\u00e5 Sidor &#8211; Sk\u00e5pfack &#8211; 4 Hjul &#8211; Ljusgr\u00e5+m\u00f6rkbrun &#8211; 70 X 83 X 75cm"},"content":{"rendered":"<p>Modern och m\u00e5ngsidig, erbjuder detta karakt\u00e4rsfulla hopf\u00e4llbara matbord fr\u00e5n TRUUSK en m\u00e4ngd olika anv\u00e4ndningsm\u00f6jligheter. Med hj\u00e4lp av tv\u00e5 separat utf\u00e4llbara sidodelar f\u00f6rvandlar du bordet p\u00e5 nolltid till ett sidobord, ett k\u00f6ksbord eller ett matbord f\u00f6r hela familjen. Tack vare de fyra hjulen kan matbordet enkelt flyttas, s\u00e5 att den lilla hj\u00e4lparen kan st\u00f6dja dig b\u00e4st i k\u00f6ket, i vardagsrummet eller i hemmakontoret.<\/p>\n<p>Beskrivning:<\/p>\n<ul>\n<li> Tv\u00e5 sidodelar av bordsskivan kan separat f\u00e4llas in och ut<\/li>\n<li> Med tv\u00e5 utf\u00e4llda sidodelar erbjuder matbordet plats f\u00f6r upp till fyra personer<\/li>\n<li> Kan l\u00e4tt minskas till ett sideboard som ocks\u00e5 passar i sm\u00e5 rum och erbjuder mycket f\u00f6rvaringsutrymme<\/li>\n<li> Multifunktionell som serveringsbord, matbord, skrivbord, sidobord och datorbord<\/li>\n<li> Fyra 360\u00b0 roterande hjul med tv\u00e5 bromsar ger mobilitet och stabilitet<\/li>\n<li> Rundade h\u00f6rn p\u00e5 k\u00f6ksbordet ger mer s\u00e4kerhet f\u00f6r din familj<\/li>\n<li> Praktiska handtag hj\u00e4lper till att \u00f6ppna sk\u00e5pet bekv\u00e4mt<\/li>\n<li> Montering kr\u00e4vs<\/li>\n<\/ul>\n<p> Tekniska data:<\/p>\n<ul>\n<li> F\u00e4rg: Ljusgr\u00e5+M\u00f6rkbrun<\/li>\n<li> Material: Sp\u00e5nskiva, st\u00e5l, plast<\/li>\n<li> Totala m\u00e5tt: 70L x 83B x 75H cm (b\u00e5da sidorna utf\u00e4llda), 70L x 60B x 75H cm (en sida utf\u00e4lld), 70L x 37B x 75H cm (b\u00e5da sidorna inf\u00e4llda)<\/li>\n<li> M\u00e5tt p\u00e5 bordsskivan: 70L x 34B cm (b\u00e5da sidorna inf\u00e4llda), 70L x 58,5B cm (en sida utf\u00e4lld), 70L x 83B cm (b\u00e5da sidorna utf\u00e4llda)<\/li>\n<li> M\u00e5tt p\u00e5 litet sk\u00e5pfack: 33B x 34T x 19H cm (v\u00e4nster, varje)<\/li>\n<li> M\u00e5tt p\u00e5 stort sk\u00e5pfack: 33B x 34T x 40H cm (h\u00f6ger)<\/li>\n<li> B\u00e4rf\u00f6rm\u00e5ga: 30 kg (per fack)<\/li>\n<\/ul>\n<p>Leveransinneh\u00e5ll:<\/p>\n<ul>\n<li> 1 x Hopf\u00e4llbart bord<\/li>\n<li> 1 x Handbok<\/li>\n<\/ul>\n","protected":false},"excerpt":{"rendered":"<p>Modern och m\u00e5ngsidig, erbjuder detta karakt\u00e4rsfulla hopf\u00e4llbara matbord fr\u00e5n TRUUSK en m\u00e4ngd olika anv\u00e4ndningsm\u00f6jligheter. Med hj\u00e4lp av tv\u00e5 separat utf\u00e4llbara&#8230;<\/p>\n","protected":false},"featured_media":85423,"template":"","meta":[],"product_brand":[],"product_cat":[871,889,509],"product_tag":[],"class_list":{"0":"post-85432","1":"product","2":"type-product","3":"status-publish","4":"has-post-thumbnail","6":"product_cat-hus-hem","7":"product_cat-kok-matsal","8":"product_cat-matbord","10":"first","11":"instock","12":"sale","13":"taxable","14":"shipping-taxable","15":"purchasable","16":"product-type-simple"},"yoast_head":"<!-- This site is optimized with the Yoast SEO plugin v25.4 - https:\/\/yoast.com\/wordpress\/plugins\/seo\/ -->\n<title>TRUUSK Hopf\u00e4llbart Bord Rullsk\u00e5p - Tv\u00e5 Sidor - Sk\u00e5pfack - 4 Hjul - Ljusgr\u00e5+m\u00f6rkbrun - 70 X 83 X 75cm - TRUUSK - Hem, Tr\u00e4dg\u00e5rd &amp; Fritid<\/title>\n<meta name=\"robots\" content=\"index, follow, max-snippet:-1, max-image-preview:large, max-video-preview:-1\" \/>\n<link rel=\"canonical\" href=\"https:\/\/truusk.store\/sv\/produkt\/truusk-hopfallbart-bord-rullskap-tva-sidor-skapfack-4-hjul-ljusgramorkbrun-70-x-83-x-75cm\/\" \/>\n<meta property=\"og:locale\" content=\"sv_SE\" \/>\n<meta property=\"og:type\" content=\"article\" \/>\n<meta property=\"og:title\" content=\"TRUUSK Hopf\u00e4llbart Bord Rullsk\u00e5p - Tv\u00e5 Sidor - Sk\u00e5pfack - 4 Hjul - Ljusgr\u00e5+m\u00f6rkbrun - 70 X 83 X 75cm - TRUUSK - Hem, Tr\u00e4dg\u00e5rd &amp; Fritid\" \/>\n<meta property=\"og:description\" content=\"Modern och m\u00e5ngsidig, erbjuder detta karakt\u00e4rsfulla hopf\u00e4llbara matbord fr\u00e5n TRUUSK en m\u00e4ngd olika anv\u00e4ndningsm\u00f6jligheter. Med hj\u00e4lp av tv\u00e5 separat utf\u00e4llbara...\" \/>\n<meta property=\"og:url\" content=\"https:\/\/truusk.store\/sv\/produkt\/truusk-hopfallbart-bord-rullskap-tva-sidor-skapfack-4-hjul-ljusgramorkbrun-70-x-83-x-75cm\/\" \/>\n<meta property=\"og:site_name\" content=\"TRUUSK - Hem, Tr\u00e4dg\u00e5rd &amp; Fritid\" \/>\n<meta property=\"article:modified_time\" content=\"2026-03-12T07:46:13+00:00\" \/>\n<meta property=\"og:image\" content=\"https:\/\/i0.wp.com\/truusk.se\/wp-content\/uploads\/2025\/08\/hopfallbart-bord-rullskap-tva-hopfallbara-bordsidor-skapfack-4-hjul-ljusgramorkbrun-70-x-83-x-75cm-1.webp?fit=2000%2C2000&ssl=1\" \/>\n\t<meta property=\"og:image:width\" content=\"2000\" \/>\n\t<meta property=\"og:image:height\" content=\"2000\" \/>\n\t<meta property=\"og:image:type\" content=\"image\/webp\" \/>\n<meta name=\"twitter:card\" content=\"summary_large_image\" \/>\n<meta name=\"twitter:label1\" content=\"Ber\u00e4knad l\u00e4stid\" \/>\n\t<meta name=\"twitter:data1\" content=\"1 minut\" \/>\n<!-- \/ Yoast SEO plugin. -->","yoast_head_json":{"title":"TRUUSK Hopf\u00e4llbart Bord Rullsk\u00e5p - Tv\u00e5 Sidor - Sk\u00e5pfack - 4 Hjul - Ljusgr\u00e5+m\u00f6rkbrun - 70 X 83 X 75cm - TRUUSK - Hem, Tr\u00e4dg\u00e5rd &amp; Fritid","robots":{"index":"index","follow":"follow","max-snippet":"max-snippet:-1","max-image-preview":"max-image-preview:large","max-video-preview":"max-video-preview:-1"},"canonical":"https:\/\/truusk.store\/sv\/produkt\/truusk-hopfallbart-bord-rullskap-tva-sidor-skapfack-4-hjul-ljusgramorkbrun-70-x-83-x-75cm\/","og_locale":"sv_SE","og_type":"article","og_title":"TRUUSK Hopf\u00e4llbart Bord Rullsk\u00e5p - Tv\u00e5 Sidor - Sk\u00e5pfack - 4 Hjul - Ljusgr\u00e5+m\u00f6rkbrun - 70 X 83 X 75cm - TRUUSK - Hem, Tr\u00e4dg\u00e5rd &amp; Fritid","og_description":"Modern och m\u00e5ngsidig, erbjuder detta karakt\u00e4rsfulla hopf\u00e4llbara matbord fr\u00e5n TRUUSK en m\u00e4ngd olika anv\u00e4ndningsm\u00f6jligheter. Med hj\u00e4lp av tv\u00e5 separat utf\u00e4llbara...","og_url":"https:\/\/truusk.store\/sv\/produkt\/truusk-hopfallbart-bord-rullskap-tva-sidor-skapfack-4-hjul-ljusgramorkbrun-70-x-83-x-75cm\/","og_site_name":"TRUUSK - Hem, Tr\u00e4dg\u00e5rd &amp; Fritid","article_modified_time":"2026-03-12T07:46:13+00:00","og_image":[{"width":2000,"height":2000,"url":"https:\/\/i0.wp.com\/truusk.se\/wp-content\/uploads\/2025\/08\/hopfallbart-bord-rullskap-tva-hopfallbara-bordsidor-skapfack-4-hjul-ljusgramorkbrun-70-x-83-x-75cm-1.webp?fit=2000%2C2000&ssl=1","type":"image\/webp"}],"twitter_card":"summary_large_image","twitter_misc":{"Ber\u00e4knad l\u00e4stid":"1 minut"},"schema":{"@context":"https:\/\/schema.org","@graph":[{"@type":"WebPage","@id":"https:\/\/truusk.store\/sv\/produkt\/truusk-hopfallbart-bord-rullskap-tva-sidor-skapfack-4-hjul-ljusgramorkbrun-70-x-83-x-75cm\/","url":"https:\/\/truusk.store\/sv\/produkt\/truusk-hopfallbart-bord-rullskap-tva-sidor-skapfack-4-hjul-ljusgramorkbrun-70-x-83-x-75cm\/","name":"TRUUSK Hopf\u00e4llbart Bord Rullsk\u00e5p - Tv\u00e5 Sidor - Sk\u00e5pfack - 4 Hjul - Ljusgr\u00e5+m\u00f6rkbrun - 70 X 83 X 75cm - TRUUSK - Hem, Tr\u00e4dg\u00e5rd &amp; Fritid","isPartOf":{"@id":"https:\/\/truusk.store\/sv\/#website"},"primaryImageOfPage":{"@id":"https:\/\/truusk.store\/sv\/produkt\/truusk-hopfallbart-bord-rullskap-tva-sidor-skapfack-4-hjul-ljusgramorkbrun-70-x-83-x-75cm\/#primaryimage"},"image":{"@id":"https:\/\/truusk.store\/sv\/produkt\/truusk-hopfallbart-bord-rullskap-tva-sidor-skapfack-4-hjul-ljusgramorkbrun-70-x-83-x-75cm\/#primaryimage"},"thumbnailUrl":"https:\/\/i0.wp.com\/truusk.store\/wp-content\/uploads\/2025\/08\/hopfallbart-bord-rullskap-tva-hopfallbara-bordsidor-skapfack-4-hjul-ljusgramorkbrun-70-x-83-x-75cm-1.webp?fit=2000%2C2000&ssl=1","datePublished":"2025-08-06T12:14:36+00:00","dateModified":"2026-03-12T07:46:13+00:00","breadcrumb":{"@id":"https:\/\/truusk.store\/sv\/produkt\/truusk-hopfallbart-bord-rullskap-tva-sidor-skapfack-4-hjul-ljusgramorkbrun-70-x-83-x-75cm\/#breadcrumb"},"inLanguage":"sv-SE","potentialAction":[{"@type":"ReadAction","target":["https:\/\/truusk.store\/sv\/produkt\/truusk-hopfallbart-bord-rullskap-tva-sidor-skapfack-4-hjul-ljusgramorkbrun-70-x-83-x-75cm\/"]}]},{"@type":"ImageObject","inLanguage":"sv-SE","@id":"https:\/\/truusk.store\/sv\/produkt\/truusk-hopfallbart-bord-rullskap-tva-sidor-skapfack-4-hjul-ljusgramorkbrun-70-x-83-x-75cm\/#primaryimage","url":"https:\/\/i0.wp.com\/truusk.store\/wp-content\/uploads\/2025\/08\/hopfallbart-bord-rullskap-tva-hopfallbara-bordsidor-skapfack-4-hjul-ljusgramorkbrun-70-x-83-x-75cm-1.webp?fit=2000%2C2000&ssl=1","contentUrl":"https:\/\/i0.wp.com\/truusk.store\/wp-content\/uploads\/2025\/08\/hopfallbart-bord-rullskap-tva-hopfallbara-bordsidor-skapfack-4-hjul-ljusgramorkbrun-70-x-83-x-75cm-1.webp?fit=2000%2C2000&ssl=1","width":2000,"height":2000},{"@type":"BreadcrumbList","@id":"https:\/\/truusk.store\/sv\/produkt\/truusk-hopfallbart-bord-rullskap-tva-sidor-skapfack-4-hjul-ljusgramorkbrun-70-x-83-x-75cm\/#breadcrumb","itemListElement":[{"@type":"ListItem","position":1,"name":"Home","item":"https:\/\/truusk.store\/sv\/"},{"@type":"ListItem","position":2,"name":"Shop","item":"https:\/\/truusk.store\/shop\/"},{"@type":"ListItem","position":3,"name":"TRUUSK Hopf\u00e4llbart Bord Rullsk\u00e5p &#8211; Tv\u00e5 Sidor &#8211; Sk\u00e5pfack &#8211; 4 Hjul &#8211; Ljusgr\u00e5+m\u00f6rkbrun &#8211; 70 X 83 X 75cm"}]},{"@type":"WebSite","@id":"https:\/\/truusk.store\/sv\/#website","url":"https:\/\/truusk.store\/sv\/","name":"TRUUSK - Hem, Tr\u00e4dg\u00e5rd & Fritid","description":"","publisher":{"@id":"https:\/\/truusk.store\/sv\/#organization"},"potentialAction":[{"@type":"SearchAction","target":{"@type":"EntryPoint","urlTemplate":"https:\/\/truusk.store\/sv\/?s={search_term_string}"},"query-input":{"@type":"PropertyValueSpecification","valueRequired":true,"valueName":"search_term_string"}}],"inLanguage":"sv-SE"},{"@type":"Organization","@id":"https:\/\/truusk.store\/sv\/#organization","name":"TRUUSK - Hem, Tr\u00e4dg\u00e5rd & Fritid","url":"https:\/\/truusk.store\/sv\/","logo":{"@type":"ImageObject","inLanguage":"sv-SE","@id":"https:\/\/truusk.store\/sv\/#\/schema\/logo\/image\/","url":"https:\/\/i0.wp.com\/truusk.store\/wp-content\/uploads\/2026\/03\/cropped-TRUUSK.png?fit=2032%2C917&ssl=1","contentUrl":"https:\/\/i0.wp.com\/truusk.store\/wp-content\/uploads\/2026\/03\/cropped-TRUUSK.png?fit=2032%2C917&ssl=1","width":2032,"height":917,"caption":"TRUUSK - Hem, Tr\u00e4dg\u00e5rd & Fritid"},"image":{"@id":"https:\/\/truusk.store\/sv\/#\/schema\/logo\/image\/"}}]}},"jetpack_sharing_enabled":true,"_links":{"self":[{"href":"https:\/\/truusk.store\/sv\/wp-json\/wp\/v2\/product\/85432","targetHints":{"allow":["GET"]}}],"collection":[{"href":"https:\/\/truusk.store\/sv\/wp-json\/wp\/v2\/product"}],"about":[{"href":"https:\/\/truusk.store\/sv\/wp-json\/wp\/v2\/types\/product"}],"wp:featuredmedia":[{"embeddable":true,"href":"https:\/\/truusk.store\/sv\/wp-json\/wp\/v2\/media\/85423"}],"wp:attachment":[{"href":"https:\/\/truusk.store\/sv\/wp-json\/wp\/v2\/media?parent=85432"}],"wp:term":[{"taxonomy":"product_brand","embeddable":true,"href":"https:\/\/truusk.store\/sv\/wp-json\/wp\/v2\/product_brand?post=85432"},{"taxonomy":"product_cat","embeddable":true,"href":"https:\/\/truusk.store\/sv\/wp-json\/wp\/v2\/product_cat?post=85432"},{"taxonomy":"product_tag","embeddable":true,"href":"https:\/\/truusk.store\/sv\/wp-json\/wp\/v2\/product_tag?post=85432"}],"curies":[{"name":"wp","href":"https:\/\/api.w.org\/{rel}","templated":true}]}}