{"id":85452,"date":"2025-08-06T13:16:50","date_gmt":"2025-08-06T12:16:50","guid":{"rendered":"https:\/\/truusk.store\/product\/aiyaplay-barns-elektriska-bil-12v-batteridrift-fjarrkontroll-musikfunktion-tuta-led-ljus-orange\/"},"modified":"2026-03-12T08:46:20","modified_gmt":"2026-03-12T07:46:20","slug":"truusk-barns-elektriska-bil-12v-batteridrift-fjarrkontroll-musikfunktion-tuta-led-ljus-orange","status":"publish","type":"product","link":"https:\/\/truusk.store\/sv\/produkt\/truusk-barns-elektriska-bil-12v-batteridrift-fjarrkontroll-musikfunktion-tuta-led-ljus-orange\/","title":{"rendered":"TRUUSK Barns Elektriska Bil &#8211; 12V Batteridrift &#8211; Fj\u00e4rrkontroll &#8211; Musikfunktion &#8211; Tuta &#8211; LED-ljus &#8211; Orange"},"content":{"rendered":"<p>Den mjuka start-stopp-tekniken och den oberoende fj\u00e4dringen p\u00e5 denna barn-elektriska bil i officiellt licensierad Land Rover-design garanterar en s\u00e4ker, lugn \u00e5ktur. Styr den elektriska bilen med 2,4G fj\u00e4rrkontrollen och njut av gemensamma roliga stunder vid \u00e4ventyr i tr\u00e4dg\u00e5rden eller parken.<\/p>\n<p>Beskrivning:<\/p>\n<ul>\n<li> Officiell Land Rover Defender 110 SVX licens, realistiskt utseende<\/li>\n<li> Dubbeld\u00f6rrar, horn och musikknappar, realistisk k\u00f6rupplevelse f\u00f6r barn<\/li>\n<li> 12V 7Ah batteri f\u00f6r den elektriska barnbilen ger ungef\u00e4r en timmes anv\u00e4ndningstid<\/li>\n<li> Mjuk start och stopp, fj\u00e4dring p\u00e5 alla fyra hjul f\u00f6r s\u00e4krare, stabilare \u00e5kturer<\/li>\n<li> 2,4G fj\u00e4rrkontroll f\u00f6r den elektriska barnbilen, gemensamt roligt med barnen p\u00e5 upp till 25 meters avst\u00e5nd<\/li>\n<li> Inbyggt multimediacenter, USB och MP3-st\u00f6d f\u00f6r musik och ljud<\/li>\n<li> Tre hastighetsinst\u00e4llningar, starka dubbelmotorer, batteridrift<\/li>\n<li> Coola LED-str\u00e5lkastare, f\u00f6rb\u00e4ttrad natts\u00e4kerhet och i\u00f6gonfallande design<\/li>\n<\/ul>\n<p> Tekniska data:<\/p>\n<ul>\n<li> F\u00e4rg: Orange<\/li>\n<li> Material: Plast, st\u00e5l<\/li>\n<li> Totala dimensioner: 115L x 61B x 61H cm<\/li>\n<li> Sitsstorlek: 36B x 19T cm<\/li>\n<li> Sitth\u00f6jd fr\u00e5n marken: 28 cm<\/li>\n<li> Hjuldiameter: \u00d825 x 8,5B cm<\/li>\n<li> Laddningstid: 8-10 timmar<\/li>\n<li> Batteri: 12V 7Ah<\/li>\n<li> Hastighet: 3-5 km\/h<\/li>\n<li> Motor: 12V 390#<\/li>\n<li> Belastningskapacitet: 30 kg<\/li>\n<li> Godk\u00e4nd \u00e5lder: 37\u201395 m\u00e5nader<\/li>\n<li> Rekommenderad \u00e5lder: 37-60 m\u00e5nader<\/li>\n<\/ul>\n<p>Leveransinneh\u00e5ll:<\/p>\n<ul>\n<li> 1 x Elektrisk barnbil<\/li>\n<li> 1 x Bruksanvisning<\/li>\n<\/ul>\n","protected":false},"excerpt":{"rendered":"<p>Den mjuka start-stopp-tekniken och den oberoende fj\u00e4dringen p\u00e5 denna barn-elektriska bil i officiellt licensierad Land Rover-design garanterar en s\u00e4ker, lugn&#8230;<\/p>\n","protected":false},"featured_media":85443,"template":"","meta":[],"product_brand":[],"product_cat":[880,610,1066],"product_tag":[],"class_list":{"0":"post-85452","1":"product","2":"type-product","3":"status-publish","4":"has-post-thumbnail","6":"product_cat-baby-barn-2","7":"product_cat-barnfordon","8":"product_cat-barns-elbilar","10":"first","11":"instock","12":"sale","13":"taxable","14":"shipping-taxable","15":"purchasable","16":"product-type-simple"},"yoast_head":"<!-- This site is optimized with the Yoast SEO plugin v25.4 - https:\/\/yoast.com\/wordpress\/plugins\/seo\/ -->\n<title>TRUUSK Barns Elektriska Bil - 12V Batteridrift - Fj\u00e4rrkontroll - Musikfunktion - Tuta - LED-ljus - Orange - TRUUSK - Hem, Tr\u00e4dg\u00e5rd &amp; Fritid<\/title>\n<meta name=\"robots\" content=\"index, follow, max-snippet:-1, max-image-preview:large, max-video-preview:-1\" \/>\n<link rel=\"canonical\" href=\"https:\/\/truusk.store\/sv\/produkt\/truusk-barns-elektriska-bil-12v-batteridrift-fjarrkontroll-musikfunktion-tuta-led-ljus-orange\/\" \/>\n<meta property=\"og:locale\" content=\"sv_SE\" \/>\n<meta property=\"og:type\" content=\"article\" \/>\n<meta property=\"og:title\" content=\"TRUUSK Barns Elektriska Bil - 12V Batteridrift - Fj\u00e4rrkontroll - Musikfunktion - Tuta - LED-ljus - Orange - TRUUSK - Hem, Tr\u00e4dg\u00e5rd &amp; Fritid\" \/>\n<meta property=\"og:description\" content=\"Den mjuka start-stopp-tekniken och den oberoende fj\u00e4dringen p\u00e5 denna barn-elektriska bil i officiellt licensierad Land Rover-design garanterar en s\u00e4ker, lugn...\" \/>\n<meta property=\"og:url\" content=\"https:\/\/truusk.store\/sv\/produkt\/truusk-barns-elektriska-bil-12v-batteridrift-fjarrkontroll-musikfunktion-tuta-led-ljus-orange\/\" \/>\n<meta property=\"og:site_name\" content=\"TRUUSK - Hem, Tr\u00e4dg\u00e5rd &amp; Fritid\" \/>\n<meta property=\"article:modified_time\" content=\"2026-03-12T07:46:20+00:00\" \/>\n<meta property=\"og:image\" content=\"https:\/\/i0.wp.com\/truusk.se\/wp-content\/uploads\/2025\/08\/aiyaplay-barns-elektriska-bil-12v-batteridrift-fjarrkontroll-musikfunktion-tuta-led-ljus-orange-1.webp?fit=2000%2C2000&ssl=1\" \/>\n\t<meta property=\"og:image:width\" content=\"2000\" \/>\n\t<meta property=\"og:image:height\" content=\"2000\" \/>\n\t<meta property=\"og:image:type\" content=\"image\/webp\" \/>\n<meta name=\"twitter:card\" content=\"summary_large_image\" \/>\n<meta name=\"twitter:label1\" content=\"Ber\u00e4knad l\u00e4stid\" \/>\n\t<meta name=\"twitter:data1\" content=\"1 minut\" \/>\n<!-- \/ Yoast SEO plugin. -->","yoast_head_json":{"title":"TRUUSK Barns Elektriska Bil - 12V Batteridrift - Fj\u00e4rrkontroll - Musikfunktion - Tuta - LED-ljus - Orange - TRUUSK - Hem, Tr\u00e4dg\u00e5rd &amp; Fritid","robots":{"index":"index","follow":"follow","max-snippet":"max-snippet:-1","max-image-preview":"max-image-preview:large","max-video-preview":"max-video-preview:-1"},"canonical":"https:\/\/truusk.store\/sv\/produkt\/truusk-barns-elektriska-bil-12v-batteridrift-fjarrkontroll-musikfunktion-tuta-led-ljus-orange\/","og_locale":"sv_SE","og_type":"article","og_title":"TRUUSK Barns Elektriska Bil - 12V Batteridrift - Fj\u00e4rrkontroll - Musikfunktion - Tuta - LED-ljus - Orange - TRUUSK - Hem, Tr\u00e4dg\u00e5rd &amp; Fritid","og_description":"Den mjuka start-stopp-tekniken och den oberoende fj\u00e4dringen p\u00e5 denna barn-elektriska bil i officiellt licensierad Land Rover-design garanterar en s\u00e4ker, lugn...","og_url":"https:\/\/truusk.store\/sv\/produkt\/truusk-barns-elektriska-bil-12v-batteridrift-fjarrkontroll-musikfunktion-tuta-led-ljus-orange\/","og_site_name":"TRUUSK - Hem, Tr\u00e4dg\u00e5rd &amp; Fritid","article_modified_time":"2026-03-12T07:46:20+00:00","og_image":[{"width":2000,"height":2000,"url":"https:\/\/i0.wp.com\/truusk.se\/wp-content\/uploads\/2025\/08\/aiyaplay-barns-elektriska-bil-12v-batteridrift-fjarrkontroll-musikfunktion-tuta-led-ljus-orange-1.webp?fit=2000%2C2000&ssl=1","type":"image\/webp"}],"twitter_card":"summary_large_image","twitter_misc":{"Ber\u00e4knad l\u00e4stid":"1 minut"},"schema":{"@context":"https:\/\/schema.org","@graph":[{"@type":"WebPage","@id":"https:\/\/truusk.store\/sv\/produkt\/truusk-barns-elektriska-bil-12v-batteridrift-fjarrkontroll-musikfunktion-tuta-led-ljus-orange\/","url":"https:\/\/truusk.store\/sv\/produkt\/truusk-barns-elektriska-bil-12v-batteridrift-fjarrkontroll-musikfunktion-tuta-led-ljus-orange\/","name":"TRUUSK Barns Elektriska Bil - 12V Batteridrift - Fj\u00e4rrkontroll - Musikfunktion - Tuta - LED-ljus - Orange - TRUUSK - Hem, Tr\u00e4dg\u00e5rd &amp; Fritid","isPartOf":{"@id":"https:\/\/truusk.store\/sv\/#website"},"primaryImageOfPage":{"@id":"https:\/\/truusk.store\/sv\/produkt\/truusk-barns-elektriska-bil-12v-batteridrift-fjarrkontroll-musikfunktion-tuta-led-ljus-orange\/#primaryimage"},"image":{"@id":"https:\/\/truusk.store\/sv\/produkt\/truusk-barns-elektriska-bil-12v-batteridrift-fjarrkontroll-musikfunktion-tuta-led-ljus-orange\/#primaryimage"},"thumbnailUrl":"https:\/\/i0.wp.com\/truusk.store\/wp-content\/uploads\/2025\/08\/aiyaplay-barns-elektriska-bil-12v-batteridrift-fjarrkontroll-musikfunktion-tuta-led-ljus-orange-1.webp?fit=2000%2C2000&ssl=1","datePublished":"2025-08-06T12:16:50+00:00","dateModified":"2026-03-12T07:46:20+00:00","breadcrumb":{"@id":"https:\/\/truusk.store\/sv\/produkt\/truusk-barns-elektriska-bil-12v-batteridrift-fjarrkontroll-musikfunktion-tuta-led-ljus-orange\/#breadcrumb"},"inLanguage":"sv-SE","potentialAction":[{"@type":"ReadAction","target":["https:\/\/truusk.store\/sv\/produkt\/truusk-barns-elektriska-bil-12v-batteridrift-fjarrkontroll-musikfunktion-tuta-led-ljus-orange\/"]}]},{"@type":"ImageObject","inLanguage":"sv-SE","@id":"https:\/\/truusk.store\/sv\/produkt\/truusk-barns-elektriska-bil-12v-batteridrift-fjarrkontroll-musikfunktion-tuta-led-ljus-orange\/#primaryimage","url":"https:\/\/i0.wp.com\/truusk.store\/wp-content\/uploads\/2025\/08\/aiyaplay-barns-elektriska-bil-12v-batteridrift-fjarrkontroll-musikfunktion-tuta-led-ljus-orange-1.webp?fit=2000%2C2000&ssl=1","contentUrl":"https:\/\/i0.wp.com\/truusk.store\/wp-content\/uploads\/2025\/08\/aiyaplay-barns-elektriska-bil-12v-batteridrift-fjarrkontroll-musikfunktion-tuta-led-ljus-orange-1.webp?fit=2000%2C2000&ssl=1","width":2000,"height":2000},{"@type":"BreadcrumbList","@id":"https:\/\/truusk.store\/sv\/produkt\/truusk-barns-elektriska-bil-12v-batteridrift-fjarrkontroll-musikfunktion-tuta-led-ljus-orange\/#breadcrumb","itemListElement":[{"@type":"ListItem","position":1,"name":"Home","item":"https:\/\/truusk.store\/sv\/"},{"@type":"ListItem","position":2,"name":"Shop","item":"https:\/\/truusk.store\/shop\/"},{"@type":"ListItem","position":3,"name":"TRUUSK Barns Elektriska Bil &#8211; 12V Batteridrift &#8211; Fj\u00e4rrkontroll &#8211; Musikfunktion &#8211; Tuta &#8211; LED-ljus &#8211; Orange"}]},{"@type":"WebSite","@id":"https:\/\/truusk.store\/sv\/#website","url":"https:\/\/truusk.store\/sv\/","name":"TRUUSK - Hem, Tr\u00e4dg\u00e5rd & Fritid","description":"","publisher":{"@id":"https:\/\/truusk.store\/sv\/#organization"},"potentialAction":[{"@type":"SearchAction","target":{"@type":"EntryPoint","urlTemplate":"https:\/\/truusk.store\/sv\/?s={search_term_string}"},"query-input":{"@type":"PropertyValueSpecification","valueRequired":true,"valueName":"search_term_string"}}],"inLanguage":"sv-SE"},{"@type":"Organization","@id":"https:\/\/truusk.store\/sv\/#organization","name":"TRUUSK - Hem, Tr\u00e4dg\u00e5rd & Fritid","url":"https:\/\/truusk.store\/sv\/","logo":{"@type":"ImageObject","inLanguage":"sv-SE","@id":"https:\/\/truusk.store\/sv\/#\/schema\/logo\/image\/","url":"https:\/\/i0.wp.com\/truusk.store\/wp-content\/uploads\/2026\/03\/cropped-TRUUSK.png?fit=2032%2C917&ssl=1","contentUrl":"https:\/\/i0.wp.com\/truusk.store\/wp-content\/uploads\/2026\/03\/cropped-TRUUSK.png?fit=2032%2C917&ssl=1","width":2032,"height":917,"caption":"TRUUSK - Hem, Tr\u00e4dg\u00e5rd & Fritid"},"image":{"@id":"https:\/\/truusk.store\/sv\/#\/schema\/logo\/image\/"}}]}},"jetpack_sharing_enabled":true,"_links":{"self":[{"href":"https:\/\/truusk.store\/sv\/wp-json\/wp\/v2\/product\/85452","targetHints":{"allow":["GET"]}}],"collection":[{"href":"https:\/\/truusk.store\/sv\/wp-json\/wp\/v2\/product"}],"about":[{"href":"https:\/\/truusk.store\/sv\/wp-json\/wp\/v2\/types\/product"}],"wp:featuredmedia":[{"embeddable":true,"href":"https:\/\/truusk.store\/sv\/wp-json\/wp\/v2\/media\/85443"}],"wp:attachment":[{"href":"https:\/\/truusk.store\/sv\/wp-json\/wp\/v2\/media?parent=85452"}],"wp:term":[{"taxonomy":"product_brand","embeddable":true,"href":"https:\/\/truusk.store\/sv\/wp-json\/wp\/v2\/product_brand?post=85452"},{"taxonomy":"product_cat","embeddable":true,"href":"https:\/\/truusk.store\/sv\/wp-json\/wp\/v2\/product_cat?post=85452"},{"taxonomy":"product_tag","embeddable":true,"href":"https:\/\/truusk.store\/sv\/wp-json\/wp\/v2\/product_tag?post=85452"}],"curies":[{"name":"wp","href":"https:\/\/api.w.org\/{rel}","templated":true}]}}