{"id":85482,"date":"2025-08-06T13:19:42","date_gmt":"2025-08-06T12:19:42","guid":{"rendered":"https:\/\/truusk.store\/product\/aiyaplay-barns-elektriska-bil-12v-med-24-ghz-fjarrkontroll-2-motorer-tuta-led-musik-vit\/"},"modified":"2026-03-12T08:46:21","modified_gmt":"2026-03-12T07:46:21","slug":"truusk-elektrisk-bil-for-barn-12v-fjarrkontroll-24-ghz-2-motorer-tuta-led-musik-vit","status":"publish","type":"product","link":"https:\/\/truusk.store\/sv\/produkt\/truusk-elektrisk-bil-for-barn-12v-fjarrkontroll-24-ghz-2-motorer-tuta-led-musik-vit\/","title":{"rendered":"TRUUSK Elektrisk Bil f\u00f6r Barn 12V &#8211; Fj\u00e4rrkontroll 2,4 GHz &#8211; 2 Motorer &#8211; Tuta &#8211; LED &#8211; Musik &#8211; Vit"},"content":{"rendered":"<p>Detta batteridrivna elektriska barnbil med tv\u00e5 k\u00f6rl\u00e4gen m\u00f6jligg\u00f6r b\u00e5de sj\u00e4lvst\u00e4ndiga uppt\u00e4cktsf\u00e4rder och gemensam k\u00f6rning, vilket st\u00e4rker bandet mellan f\u00f6r\u00e4ldrar och barn. Med s\u00e4ker l\u00e5ngsam start och justerbara hastigheter p\u00e5 barnbilen blir varje resa mjuk och s\u00e4ker, varje infart till ett sp\u00e4nnande \u00e4ventyr och fr\u00e4mjar bilentusiasm.<\/p>\n<p>Beskrivning:<\/p>\n<ul>\n<li> Officiellt licensierad Ford Shelby GT 350 design, klassiska bildetaljer v\u00e4cker barnens passion<\/li>\n<li> Coola LED-lampor och realistiska ljud fr\u00e5n barnbilen f\u00f6r en uppslukande k\u00f6rupplevelse<\/li>\n<li> Tv\u00e5 k\u00f6rl\u00e4gen, fj\u00e4rrkontroll av elbilen m\u00f6jligg\u00f6r s\u00e4ker f\u00f6r\u00e4lder-barn-interaktion n\u00e4r som helst<\/li>\n<li> Mjuk start och tre justerbara hastigheter, s\u00e4kert f\u00f6r alla f\u00e4rdighetsniv\u00e5er<\/li>\n<li> USB, TF-kort, MP3 och FM-radio, musiknjutning under k\u00f6rning<\/li>\n<li> Bekv\u00e4m sits med st\u00f6td\u00e4mpande bakhjul, b\u00e4r upp till 30 kg<\/li>\n<li> 12V batteridriven elbil, upp till 45 minuter oavbrutet spel<\/li>\n<li> Montering kr\u00e4vs<\/li>\n<\/ul>\n<p> Tekniska data:<\/p>\n<ul>\n<li> F\u00e4rg: Vit<\/li>\n<li> Material: Plast, Metall<\/li>\n<li> Totala dimensioner: 97L x 51,5B x 46,5H cm<\/li>\n<li> Sitsstorlek: 37B x 19T cm<\/li>\n<li> Sitth\u00f6jd: 24 cm<\/li>\n<li> Hjulstorlek: \u00d820 x 7B cm<\/li>\n<li> Maximal belastning: 30 kg<\/li>\n<li> Godk\u00e4nd \u00e5lder: 3+ \u00e5r<\/li>\n<li> Rekommenderad \u00e5lder: 3-6 \u00e5r<\/li>\n<li> Batteri: 12V 4,5A<\/li>\n<li> Fj\u00e4rrkontrollavst\u00e5nd: 20 m<\/li>\n<\/ul>\n<p>Leveransinneh\u00e5ll:<\/p>\n<ul>\n<li> 1 x Elektrisk barnbil<\/li>\n<li> 1 x Fj\u00e4rrkontroll<\/li>\n<li> 1 x Bruksanvisning<\/li>\n<\/ul>\n","protected":false},"excerpt":{"rendered":"<p>Detta batteridrivna elektriska barnbil med tv\u00e5 k\u00f6rl\u00e4gen m\u00f6jligg\u00f6r b\u00e5de sj\u00e4lvst\u00e4ndiga uppt\u00e4cktsf\u00e4rder och gemensam k\u00f6rning, vilket st\u00e4rker bandet mellan f\u00f6r\u00e4ldrar och&#8230;<\/p>\n","protected":false},"featured_media":85473,"template":"","meta":[],"product_brand":[],"product_cat":[880,610,1066],"product_tag":[],"class_list":{"0":"post-85482","1":"product","2":"type-product","3":"status-publish","4":"has-post-thumbnail","6":"product_cat-baby-barn-2","7":"product_cat-barnfordon","8":"product_cat-barns-elbilar","10":"first","11":"instock","12":"sale","13":"taxable","14":"shipping-taxable","15":"purchasable","16":"product-type-simple"},"yoast_head":"<!-- This site is optimized with the Yoast SEO plugin v25.4 - https:\/\/yoast.com\/wordpress\/plugins\/seo\/ -->\n<title>TRUUSK Elektrisk Bil f\u00f6r Barn 12V - Fj\u00e4rrkontroll 2,4 GHz - 2 Motorer - Tuta - LED - Musik - Vit - TRUUSK - Hem, Tr\u00e4dg\u00e5rd &amp; Fritid<\/title>\n<meta name=\"robots\" content=\"index, follow, max-snippet:-1, max-image-preview:large, max-video-preview:-1\" \/>\n<link rel=\"canonical\" href=\"https:\/\/truusk.store\/sv\/produkt\/truusk-elektrisk-bil-for-barn-12v-fjarrkontroll-24-ghz-2-motorer-tuta-led-musik-vit\/\" \/>\n<meta property=\"og:locale\" content=\"sv_SE\" \/>\n<meta property=\"og:type\" content=\"article\" \/>\n<meta property=\"og:title\" content=\"TRUUSK Elektrisk Bil f\u00f6r Barn 12V - Fj\u00e4rrkontroll 2,4 GHz - 2 Motorer - Tuta - LED - Musik - Vit - TRUUSK - Hem, Tr\u00e4dg\u00e5rd &amp; Fritid\" \/>\n<meta property=\"og:description\" content=\"Detta batteridrivna elektriska barnbil med tv\u00e5 k\u00f6rl\u00e4gen m\u00f6jligg\u00f6r b\u00e5de sj\u00e4lvst\u00e4ndiga uppt\u00e4cktsf\u00e4rder och gemensam k\u00f6rning, vilket st\u00e4rker bandet mellan f\u00f6r\u00e4ldrar och...\" \/>\n<meta property=\"og:url\" content=\"https:\/\/truusk.store\/sv\/produkt\/truusk-elektrisk-bil-for-barn-12v-fjarrkontroll-24-ghz-2-motorer-tuta-led-musik-vit\/\" \/>\n<meta property=\"og:site_name\" content=\"TRUUSK - Hem, Tr\u00e4dg\u00e5rd &amp; Fritid\" \/>\n<meta property=\"article:modified_time\" content=\"2026-03-12T07:46:21+00:00\" \/>\n<meta property=\"og:image\" content=\"https:\/\/i0.wp.com\/truusk.se\/wp-content\/uploads\/2025\/08\/aiyaplay-barns-elektriska-bil-12v-med-24-ghz-fjarrkontroll-2-motorer-tuta-led-musik-vit-1.webp?fit=2000%2C2000&ssl=1\" \/>\n\t<meta property=\"og:image:width\" content=\"2000\" \/>\n\t<meta property=\"og:image:height\" content=\"2000\" \/>\n\t<meta property=\"og:image:type\" content=\"image\/webp\" \/>\n<meta name=\"twitter:card\" content=\"summary_large_image\" \/>\n<meta name=\"twitter:label1\" content=\"Ber\u00e4knad l\u00e4stid\" \/>\n\t<meta name=\"twitter:data1\" content=\"1 minut\" \/>\n<!-- \/ Yoast SEO plugin. -->","yoast_head_json":{"title":"TRUUSK Elektrisk Bil f\u00f6r Barn 12V - Fj\u00e4rrkontroll 2,4 GHz - 2 Motorer - Tuta - LED - Musik - Vit - TRUUSK - Hem, Tr\u00e4dg\u00e5rd &amp; Fritid","robots":{"index":"index","follow":"follow","max-snippet":"max-snippet:-1","max-image-preview":"max-image-preview:large","max-video-preview":"max-video-preview:-1"},"canonical":"https:\/\/truusk.store\/sv\/produkt\/truusk-elektrisk-bil-for-barn-12v-fjarrkontroll-24-ghz-2-motorer-tuta-led-musik-vit\/","og_locale":"sv_SE","og_type":"article","og_title":"TRUUSK Elektrisk Bil f\u00f6r Barn 12V - Fj\u00e4rrkontroll 2,4 GHz - 2 Motorer - Tuta - LED - Musik - Vit - TRUUSK - Hem, Tr\u00e4dg\u00e5rd &amp; Fritid","og_description":"Detta batteridrivna elektriska barnbil med tv\u00e5 k\u00f6rl\u00e4gen m\u00f6jligg\u00f6r b\u00e5de sj\u00e4lvst\u00e4ndiga uppt\u00e4cktsf\u00e4rder och gemensam k\u00f6rning, vilket st\u00e4rker bandet mellan f\u00f6r\u00e4ldrar och...","og_url":"https:\/\/truusk.store\/sv\/produkt\/truusk-elektrisk-bil-for-barn-12v-fjarrkontroll-24-ghz-2-motorer-tuta-led-musik-vit\/","og_site_name":"TRUUSK - Hem, Tr\u00e4dg\u00e5rd &amp; Fritid","article_modified_time":"2026-03-12T07:46:21+00:00","og_image":[{"width":2000,"height":2000,"url":"https:\/\/i0.wp.com\/truusk.se\/wp-content\/uploads\/2025\/08\/aiyaplay-barns-elektriska-bil-12v-med-24-ghz-fjarrkontroll-2-motorer-tuta-led-musik-vit-1.webp?fit=2000%2C2000&ssl=1","type":"image\/webp"}],"twitter_card":"summary_large_image","twitter_misc":{"Ber\u00e4knad l\u00e4stid":"1 minut"},"schema":{"@context":"https:\/\/schema.org","@graph":[{"@type":"WebPage","@id":"https:\/\/truusk.store\/sv\/produkt\/truusk-elektrisk-bil-for-barn-12v-fjarrkontroll-24-ghz-2-motorer-tuta-led-musik-vit\/","url":"https:\/\/truusk.store\/sv\/produkt\/truusk-elektrisk-bil-for-barn-12v-fjarrkontroll-24-ghz-2-motorer-tuta-led-musik-vit\/","name":"TRUUSK Elektrisk Bil f\u00f6r Barn 12V - Fj\u00e4rrkontroll 2,4 GHz - 2 Motorer - Tuta - LED - Musik - Vit - TRUUSK - Hem, Tr\u00e4dg\u00e5rd &amp; Fritid","isPartOf":{"@id":"https:\/\/truusk.store\/sv\/#website"},"primaryImageOfPage":{"@id":"https:\/\/truusk.store\/sv\/produkt\/truusk-elektrisk-bil-for-barn-12v-fjarrkontroll-24-ghz-2-motorer-tuta-led-musik-vit\/#primaryimage"},"image":{"@id":"https:\/\/truusk.store\/sv\/produkt\/truusk-elektrisk-bil-for-barn-12v-fjarrkontroll-24-ghz-2-motorer-tuta-led-musik-vit\/#primaryimage"},"thumbnailUrl":"https:\/\/i0.wp.com\/truusk.store\/wp-content\/uploads\/2025\/08\/aiyaplay-barns-elektriska-bil-12v-med-24-ghz-fjarrkontroll-2-motorer-tuta-led-musik-vit-1.webp?fit=2000%2C2000&ssl=1","datePublished":"2025-08-06T12:19:42+00:00","dateModified":"2026-03-12T07:46:21+00:00","breadcrumb":{"@id":"https:\/\/truusk.store\/sv\/produkt\/truusk-elektrisk-bil-for-barn-12v-fjarrkontroll-24-ghz-2-motorer-tuta-led-musik-vit\/#breadcrumb"},"inLanguage":"sv-SE","potentialAction":[{"@type":"ReadAction","target":["https:\/\/truusk.store\/sv\/produkt\/truusk-elektrisk-bil-for-barn-12v-fjarrkontroll-24-ghz-2-motorer-tuta-led-musik-vit\/"]}]},{"@type":"ImageObject","inLanguage":"sv-SE","@id":"https:\/\/truusk.store\/sv\/produkt\/truusk-elektrisk-bil-for-barn-12v-fjarrkontroll-24-ghz-2-motorer-tuta-led-musik-vit\/#primaryimage","url":"https:\/\/i0.wp.com\/truusk.store\/wp-content\/uploads\/2025\/08\/aiyaplay-barns-elektriska-bil-12v-med-24-ghz-fjarrkontroll-2-motorer-tuta-led-musik-vit-1.webp?fit=2000%2C2000&ssl=1","contentUrl":"https:\/\/i0.wp.com\/truusk.store\/wp-content\/uploads\/2025\/08\/aiyaplay-barns-elektriska-bil-12v-med-24-ghz-fjarrkontroll-2-motorer-tuta-led-musik-vit-1.webp?fit=2000%2C2000&ssl=1","width":2000,"height":2000},{"@type":"BreadcrumbList","@id":"https:\/\/truusk.store\/sv\/produkt\/truusk-elektrisk-bil-for-barn-12v-fjarrkontroll-24-ghz-2-motorer-tuta-led-musik-vit\/#breadcrumb","itemListElement":[{"@type":"ListItem","position":1,"name":"Home","item":"https:\/\/truusk.store\/sv\/"},{"@type":"ListItem","position":2,"name":"Shop","item":"https:\/\/truusk.store\/shop\/"},{"@type":"ListItem","position":3,"name":"TRUUSK Elektrisk Bil f\u00f6r Barn 12V &#8211; Fj\u00e4rrkontroll 2,4 GHz &#8211; 2 Motorer &#8211; Tuta &#8211; LED &#8211; Musik &#8211; Vit"}]},{"@type":"WebSite","@id":"https:\/\/truusk.store\/sv\/#website","url":"https:\/\/truusk.store\/sv\/","name":"TRUUSK - Hem, Tr\u00e4dg\u00e5rd & Fritid","description":"","publisher":{"@id":"https:\/\/truusk.store\/sv\/#organization"},"potentialAction":[{"@type":"SearchAction","target":{"@type":"EntryPoint","urlTemplate":"https:\/\/truusk.store\/sv\/?s={search_term_string}"},"query-input":{"@type":"PropertyValueSpecification","valueRequired":true,"valueName":"search_term_string"}}],"inLanguage":"sv-SE"},{"@type":"Organization","@id":"https:\/\/truusk.store\/sv\/#organization","name":"TRUUSK - Hem, Tr\u00e4dg\u00e5rd & Fritid","url":"https:\/\/truusk.store\/sv\/","logo":{"@type":"ImageObject","inLanguage":"sv-SE","@id":"https:\/\/truusk.store\/sv\/#\/schema\/logo\/image\/","url":"https:\/\/i0.wp.com\/truusk.store\/wp-content\/uploads\/2026\/03\/cropped-TRUUSK.png?fit=2032%2C917&ssl=1","contentUrl":"https:\/\/i0.wp.com\/truusk.store\/wp-content\/uploads\/2026\/03\/cropped-TRUUSK.png?fit=2032%2C917&ssl=1","width":2032,"height":917,"caption":"TRUUSK - Hem, Tr\u00e4dg\u00e5rd & Fritid"},"image":{"@id":"https:\/\/truusk.store\/sv\/#\/schema\/logo\/image\/"}}]}},"jetpack_sharing_enabled":true,"_links":{"self":[{"href":"https:\/\/truusk.store\/sv\/wp-json\/wp\/v2\/product\/85482","targetHints":{"allow":["GET"]}}],"collection":[{"href":"https:\/\/truusk.store\/sv\/wp-json\/wp\/v2\/product"}],"about":[{"href":"https:\/\/truusk.store\/sv\/wp-json\/wp\/v2\/types\/product"}],"wp:featuredmedia":[{"embeddable":true,"href":"https:\/\/truusk.store\/sv\/wp-json\/wp\/v2\/media\/85473"}],"wp:attachment":[{"href":"https:\/\/truusk.store\/sv\/wp-json\/wp\/v2\/media?parent=85482"}],"wp:term":[{"taxonomy":"product_brand","embeddable":true,"href":"https:\/\/truusk.store\/sv\/wp-json\/wp\/v2\/product_brand?post=85482"},{"taxonomy":"product_cat","embeddable":true,"href":"https:\/\/truusk.store\/sv\/wp-json\/wp\/v2\/product_cat?post=85482"},{"taxonomy":"product_tag","embeddable":true,"href":"https:\/\/truusk.store\/sv\/wp-json\/wp\/v2\/product_tag?post=85482"}],"curies":[{"name":"wp","href":"https:\/\/api.w.org\/{rel}","templated":true}]}}