{"id":85512,"date":"2025-08-06T13:22:34","date_gmt":"2025-08-06T12:22:34","guid":{"rendered":"https:\/\/truusk.store\/product\/fleecefilt-med-djungelmonster-lattskott-kramvitfargglad\/"},"modified":"2026-03-12T08:46:28","modified_gmt":"2026-03-12T07:46:28","slug":"truusk-filt-med-djungelmonster-latt-att-skota-kramvitfargglad","status":"publish","type":"product","link":"https:\/\/truusk.store\/sv\/produkt\/truusk-filt-med-djungelmonster-latt-att-skota-kramvitfargglad\/","title":{"rendered":"TRUUSK Filt med Djungelm\u00f6nster &#8211; L\u00e4tt att sk\u00f6ta &#8211; Kr\u00e4mvit+f\u00e4rgglad"},"content":{"rendered":"<p>Med mattan &#8221;harme des tropischen Regenwaldes&#8221; fr\u00e5n TRUUSK kan du ge ditt hem stil. Levande f\u00e4rger str\u00e5lar p\u00e5 en mjuk kr\u00e4mf\u00e4rgad bakgrund och ger varje rum v\u00e4rme och energi. K\u00e4nn det ultramjuka Sherpa-fleece under dina f\u00f6tter, vilket garanterar komfort vid varje steg. Tack vare dess halkfria baksida \u00e4r det ett s\u00e4kert till\u00e4gg f\u00f6r hush\u00e5ll med barn och \u00e4ldre m\u00e4nniskor.<\/p>\n<p>Beskrivning:<\/p>\n<ul>\n<li> Kr\u00e4mf\u00e4rgad bakgrund sm\u00e4lter samman med levande f\u00e4rger f\u00f6r en lantlig look<\/li>\n<li> Fleece-utseende k\u00e4nns ultramjukt och \u00f6kar komforten barfota<\/li>\n<li> Halkfri botten \u00f6kar s\u00e4kerheten f\u00f6r alla familjemedlemmar<\/li>\n<li> Enkel v\u00e5rd genom att torka av med en fuktig trasa<\/li>\n<li> L\u00e4mplig f\u00f6r vardagsrum, sovrum och h\u00f6gtrafikerade omr\u00e5den<\/li>\n<\/ul>\n<p> Tekniska data:<\/p>\n<ul>\n<li> F\u00e4rg: Flerf\u00e4rgad<\/li>\n<li> Material: Polyester<\/li>\n<li> Totala dimensioner: 150L x 80B x 0,7H cm<\/li>\n<li> Florh\u00f6jd: 5 mm<\/li>\n<\/ul>\n<p>Leveransinneh\u00e5ll:<\/p>\n<ul>\n<li> 1 x matta;<\/li>\n<\/ul>\n","protected":false},"excerpt":{"rendered":"<p>Med mattan &#8221;harme des tropischen Regenwaldes&#8221; fr\u00e5n TRUUSK kan du ge ditt hem stil. Levande f\u00e4rger str\u00e5lar p\u00e5 en mjuk&#8230;<\/p>\n","protected":false},"featured_media":85503,"template":"","meta":[],"product_brand":[],"product_cat":[871,567,566],"product_tag":[],"class_list":{"0":"post-85512","1":"product","2":"type-product","3":"status-publish","4":"has-post-thumbnail","6":"product_cat-hus-hem","7":"product_cat-kort-lugg-mattor","8":"product_cat-mattor","10":"first","11":"instock","12":"sale","13":"taxable","14":"shipping-taxable","15":"purchasable","16":"product-type-simple"},"yoast_head":"<!-- This site is optimized with the Yoast SEO plugin v25.4 - https:\/\/yoast.com\/wordpress\/plugins\/seo\/ -->\n<title>TRUUSK Filt med Djungelm\u00f6nster - L\u00e4tt att sk\u00f6ta - Kr\u00e4mvit+f\u00e4rgglad - TRUUSK - Hem, Tr\u00e4dg\u00e5rd &amp; Fritid<\/title>\n<meta name=\"robots\" content=\"index, follow, max-snippet:-1, max-image-preview:large, max-video-preview:-1\" \/>\n<link rel=\"canonical\" href=\"https:\/\/truusk.store\/sv\/produkt\/truusk-filt-med-djungelmonster-latt-att-skota-kramvitfargglad\/\" \/>\n<meta property=\"og:locale\" content=\"sv_SE\" \/>\n<meta property=\"og:type\" content=\"article\" \/>\n<meta property=\"og:title\" content=\"TRUUSK Filt med Djungelm\u00f6nster - L\u00e4tt att sk\u00f6ta - Kr\u00e4mvit+f\u00e4rgglad - TRUUSK - Hem, Tr\u00e4dg\u00e5rd &amp; Fritid\" \/>\n<meta property=\"og:description\" content=\"Med mattan &#8221;harme des tropischen Regenwaldes&#8221; fr\u00e5n TRUUSK kan du ge ditt hem stil. Levande f\u00e4rger str\u00e5lar p\u00e5 en mjuk...\" \/>\n<meta property=\"og:url\" content=\"https:\/\/truusk.store\/sv\/produkt\/truusk-filt-med-djungelmonster-latt-att-skota-kramvitfargglad\/\" \/>\n<meta property=\"og:site_name\" content=\"TRUUSK - Hem, Tr\u00e4dg\u00e5rd &amp; Fritid\" \/>\n<meta property=\"article:modified_time\" content=\"2026-03-12T07:46:28+00:00\" \/>\n<meta property=\"og:image\" content=\"https:\/\/i0.wp.com\/truusk.se\/wp-content\/uploads\/2025\/08\/fleecefilt-med-djungelmonster-lattskott-kramvitfargglad-1.webp?fit=2000%2C2000&ssl=1\" \/>\n\t<meta property=\"og:image:width\" content=\"2000\" \/>\n\t<meta property=\"og:image:height\" content=\"2000\" \/>\n\t<meta property=\"og:image:type\" content=\"image\/webp\" \/>\n<meta name=\"twitter:card\" content=\"summary_large_image\" \/>\n<meta name=\"twitter:label1\" content=\"Ber\u00e4knad l\u00e4stid\" \/>\n\t<meta name=\"twitter:data1\" content=\"1 minut\" \/>\n<!-- \/ Yoast SEO plugin. -->","yoast_head_json":{"title":"TRUUSK Filt med Djungelm\u00f6nster - L\u00e4tt att sk\u00f6ta - Kr\u00e4mvit+f\u00e4rgglad - TRUUSK - Hem, Tr\u00e4dg\u00e5rd &amp; Fritid","robots":{"index":"index","follow":"follow","max-snippet":"max-snippet:-1","max-image-preview":"max-image-preview:large","max-video-preview":"max-video-preview:-1"},"canonical":"https:\/\/truusk.store\/sv\/produkt\/truusk-filt-med-djungelmonster-latt-att-skota-kramvitfargglad\/","og_locale":"sv_SE","og_type":"article","og_title":"TRUUSK Filt med Djungelm\u00f6nster - L\u00e4tt att sk\u00f6ta - Kr\u00e4mvit+f\u00e4rgglad - TRUUSK - Hem, Tr\u00e4dg\u00e5rd &amp; Fritid","og_description":"Med mattan &#8221;harme des tropischen Regenwaldes&#8221; fr\u00e5n TRUUSK kan du ge ditt hem stil. Levande f\u00e4rger str\u00e5lar p\u00e5 en mjuk...","og_url":"https:\/\/truusk.store\/sv\/produkt\/truusk-filt-med-djungelmonster-latt-att-skota-kramvitfargglad\/","og_site_name":"TRUUSK - Hem, Tr\u00e4dg\u00e5rd &amp; Fritid","article_modified_time":"2026-03-12T07:46:28+00:00","og_image":[{"width":2000,"height":2000,"url":"https:\/\/i0.wp.com\/truusk.se\/wp-content\/uploads\/2025\/08\/fleecefilt-med-djungelmonster-lattskott-kramvitfargglad-1.webp?fit=2000%2C2000&ssl=1","type":"image\/webp"}],"twitter_card":"summary_large_image","twitter_misc":{"Ber\u00e4knad l\u00e4stid":"1 minut"},"schema":{"@context":"https:\/\/schema.org","@graph":[{"@type":"WebPage","@id":"https:\/\/truusk.store\/sv\/produkt\/truusk-filt-med-djungelmonster-latt-att-skota-kramvitfargglad\/","url":"https:\/\/truusk.store\/sv\/produkt\/truusk-filt-med-djungelmonster-latt-att-skota-kramvitfargglad\/","name":"TRUUSK Filt med Djungelm\u00f6nster - L\u00e4tt att sk\u00f6ta - Kr\u00e4mvit+f\u00e4rgglad - TRUUSK - Hem, Tr\u00e4dg\u00e5rd &amp; Fritid","isPartOf":{"@id":"https:\/\/truusk.store\/sv\/#website"},"primaryImageOfPage":{"@id":"https:\/\/truusk.store\/sv\/produkt\/truusk-filt-med-djungelmonster-latt-att-skota-kramvitfargglad\/#primaryimage"},"image":{"@id":"https:\/\/truusk.store\/sv\/produkt\/truusk-filt-med-djungelmonster-latt-att-skota-kramvitfargglad\/#primaryimage"},"thumbnailUrl":"https:\/\/i0.wp.com\/truusk.store\/wp-content\/uploads\/2025\/08\/fleecefilt-med-djungelmonster-lattskott-kramvitfargglad-1.webp?fit=2000%2C2000&ssl=1","datePublished":"2025-08-06T12:22:34+00:00","dateModified":"2026-03-12T07:46:28+00:00","breadcrumb":{"@id":"https:\/\/truusk.store\/sv\/produkt\/truusk-filt-med-djungelmonster-latt-att-skota-kramvitfargglad\/#breadcrumb"},"inLanguage":"sv-SE","potentialAction":[{"@type":"ReadAction","target":["https:\/\/truusk.store\/sv\/produkt\/truusk-filt-med-djungelmonster-latt-att-skota-kramvitfargglad\/"]}]},{"@type":"ImageObject","inLanguage":"sv-SE","@id":"https:\/\/truusk.store\/sv\/produkt\/truusk-filt-med-djungelmonster-latt-att-skota-kramvitfargglad\/#primaryimage","url":"https:\/\/i0.wp.com\/truusk.store\/wp-content\/uploads\/2025\/08\/fleecefilt-med-djungelmonster-lattskott-kramvitfargglad-1.webp?fit=2000%2C2000&ssl=1","contentUrl":"https:\/\/i0.wp.com\/truusk.store\/wp-content\/uploads\/2025\/08\/fleecefilt-med-djungelmonster-lattskott-kramvitfargglad-1.webp?fit=2000%2C2000&ssl=1","width":2000,"height":2000},{"@type":"BreadcrumbList","@id":"https:\/\/truusk.store\/sv\/produkt\/truusk-filt-med-djungelmonster-latt-att-skota-kramvitfargglad\/#breadcrumb","itemListElement":[{"@type":"ListItem","position":1,"name":"Home","item":"https:\/\/truusk.store\/sv\/"},{"@type":"ListItem","position":2,"name":"Shop","item":"https:\/\/truusk.store\/shop\/"},{"@type":"ListItem","position":3,"name":"TRUUSK Filt med Djungelm\u00f6nster &#8211; L\u00e4tt att sk\u00f6ta &#8211; Kr\u00e4mvit+f\u00e4rgglad"}]},{"@type":"WebSite","@id":"https:\/\/truusk.store\/sv\/#website","url":"https:\/\/truusk.store\/sv\/","name":"TRUUSK - Hem, Tr\u00e4dg\u00e5rd & Fritid","description":"","publisher":{"@id":"https:\/\/truusk.store\/sv\/#organization"},"potentialAction":[{"@type":"SearchAction","target":{"@type":"EntryPoint","urlTemplate":"https:\/\/truusk.store\/sv\/?s={search_term_string}"},"query-input":{"@type":"PropertyValueSpecification","valueRequired":true,"valueName":"search_term_string"}}],"inLanguage":"sv-SE"},{"@type":"Organization","@id":"https:\/\/truusk.store\/sv\/#organization","name":"TRUUSK - Hem, Tr\u00e4dg\u00e5rd & Fritid","url":"https:\/\/truusk.store\/sv\/","logo":{"@type":"ImageObject","inLanguage":"sv-SE","@id":"https:\/\/truusk.store\/sv\/#\/schema\/logo\/image\/","url":"https:\/\/i0.wp.com\/truusk.store\/wp-content\/uploads\/2026\/03\/cropped-TRUUSK.png?fit=2032%2C917&ssl=1","contentUrl":"https:\/\/i0.wp.com\/truusk.store\/wp-content\/uploads\/2026\/03\/cropped-TRUUSK.png?fit=2032%2C917&ssl=1","width":2032,"height":917,"caption":"TRUUSK - Hem, Tr\u00e4dg\u00e5rd & Fritid"},"image":{"@id":"https:\/\/truusk.store\/sv\/#\/schema\/logo\/image\/"}}]}},"jetpack_sharing_enabled":true,"_links":{"self":[{"href":"https:\/\/truusk.store\/sv\/wp-json\/wp\/v2\/product\/85512","targetHints":{"allow":["GET"]}}],"collection":[{"href":"https:\/\/truusk.store\/sv\/wp-json\/wp\/v2\/product"}],"about":[{"href":"https:\/\/truusk.store\/sv\/wp-json\/wp\/v2\/types\/product"}],"wp:featuredmedia":[{"embeddable":true,"href":"https:\/\/truusk.store\/sv\/wp-json\/wp\/v2\/media\/85503"}],"wp:attachment":[{"href":"https:\/\/truusk.store\/sv\/wp-json\/wp\/v2\/media?parent=85512"}],"wp:term":[{"taxonomy":"product_brand","embeddable":true,"href":"https:\/\/truusk.store\/sv\/wp-json\/wp\/v2\/product_brand?post=85512"},{"taxonomy":"product_cat","embeddable":true,"href":"https:\/\/truusk.store\/sv\/wp-json\/wp\/v2\/product_cat?post=85512"},{"taxonomy":"product_tag","embeddable":true,"href":"https:\/\/truusk.store\/sv\/wp-json\/wp\/v2\/product_tag?post=85512"}],"curies":[{"name":"wp","href":"https:\/\/api.w.org\/{rel}","templated":true}]}}