{"id":85562,"date":"2025-08-06T13:27:37","date_gmt":"2025-08-06T12:27:37","guid":{"rendered":"https:\/\/truusk.store\/product\/torktumlare-6-program-40-60%e2%84%83-4-kg-kapacitet-kompakt-touch-kontroll-vit\/"},"modified":"2026-03-12T08:46:36","modified_gmt":"2026-03-12T07:46:36","slug":"truusk-torktumlare-6-program-40-60%e2%84%83-4-kg-kapacitet-kompakt-touch-kontroll-vit","status":"publish","type":"product","link":"https:\/\/truusk.store\/sv\/produkt\/truusk-torktumlare-6-program-40-60%e2%84%83-4-kg-kapacitet-kompakt-touch-kontroll-vit\/","title":{"rendered":"TRUUSK Torktumlare &#8211; 6 Program &#8211; 40-60\u2103 &#8211; 4 Kg Kapacitet &#8211; Kompakt &#8211; Touch-kontroll &#8211; Vit"},"content":{"rendered":"<p>Den h\u00e4r kompakta TRUUSK-torktumlaren med en 1000W motor \u00e4r idealisk f\u00f6r sm\u00e5 utrymmen. Den torkar upp till 4 kg v\u00e5t tv\u00e4tt och kan justeras mellan 40-60\u2103 f\u00f6r att skonsamt torka dina kl\u00e4der. Med funktioner som extra torkning och intelligent automatisk justering garanterar den optimala resultat. Kan anv\u00e4ndas frist\u00e5ende eller monterad p\u00e5 v\u00e4ggen.<\/p>\n<p>Beskrivning:<\/p>\n<ul>\n<li> Tv\u00e5 torkl\u00e4gen: extra torrt och intelligent. Justerar sig automatiskt<\/li>\n<li> Justerbar mellan 40-60\u2103 f\u00f6r en v\u00e4rme som passar dig. 60\u2103-inst\u00e4llningen kan sterilisera dina kl\u00e4der f\u00f6r hygien<\/li>\n<li> Stor kapacitet upp till 4 kg v\u00e5ta kl\u00e4der, passar f\u00f6r 10 T-shirts eller 1x s\u00e4ngkl\u00e4der<\/li>\n<li> Reversibel trumr\u00f6relse av torkmaskinen minskar veck i kl\u00e4derna<\/li>\n<li> Touch-Control-digitaldisplay p\u00e5 torktumlaren med genomskinlig d\u00f6rr, enkel att se och \u00e4ndra inst\u00e4llningar<\/li>\n<li> Barnl\u00e5s f\u00f6r s\u00e4kerhet i alla hush\u00e5ll<\/li>\n<li> Kompakt design: kan anv\u00e4ndas frist\u00e5ende eller staplad med f\u00e4ste (f\u00e4ste ing\u00e5r inte)<\/li>\n<\/ul>\n<p> Tekniska data:<\/p>\n<ul>\n<li> F\u00e4rg: Vit<\/li>\n<li> Material: Rostfritt st\u00e5l, kallvalsad pl\u00e5t, ABS<\/li>\n<li> Totala dimensioner: 49B x 43D x 61H cm<\/li>\n<li> Trumstorlek: \u00d845,7 x 24H cm<\/li>\n<li> Ber\u00e4knad energif\u00f6rbrukning: (\u00e5rligen) 289 kWh<\/li>\n<li> Ljud: \u226458 db<\/li>\n<li> Sp\u00e4nning: 220-240V, 50\/60Hz<\/li>\n<li> Effekt: 1000 W<\/li>\n<li> Kabell\u00e4ngd: 1,5 m<\/li>\n<li> Obs: F\u00f6r att p\u00e5skynda torkningen, ladda inte mer \u00e4n 4 kg torra kl\u00e4der samtidigt<\/li>\n<\/ul>\n<p>Leveransinneh\u00e5ll:<\/p>\n<ul>\n<li> 1 x Avfuktningstumlare<\/li>\n<li> 1 x Avgassystem<\/li>\n<li> 1 x Bruksanvisning<\/li>\n<\/ul>\n","protected":false},"excerpt":{"rendered":"<p>Den h\u00e4r kompakta TRUUSK-torktumlaren med en 1000W motor \u00e4r idealisk f\u00f6r sm\u00e5 utrymmen. Den torkar upp till 4 kg v\u00e5t&#8230;<\/p>\n","protected":false},"featured_media":85553,"template":"","meta":[],"product_brand":[],"product_cat":[871,498,500],"product_tag":[],"class_list":{"0":"post-85562","1":"product","2":"type-product","3":"status-publish","4":"has-post-thumbnail","6":"product_cat-hus-hem","7":"product_cat-hushallsapparater","8":"product_cat-tvattvard","10":"first","11":"instock","12":"sale","13":"taxable","14":"shipping-taxable","15":"purchasable","16":"product-type-simple"},"yoast_head":"<!-- This site is optimized with the Yoast SEO plugin v25.4 - https:\/\/yoast.com\/wordpress\/plugins\/seo\/ -->\n<title>TRUUSK Torktumlare - 6 Program - 40-60\u2103 - 4 Kg Kapacitet - Kompakt - Touch-kontroll - Vit - TRUUSK - Hem, Tr\u00e4dg\u00e5rd &amp; Fritid<\/title>\n<meta name=\"robots\" content=\"index, follow, max-snippet:-1, max-image-preview:large, max-video-preview:-1\" \/>\n<link rel=\"canonical\" href=\"https:\/\/truusk.store\/sv\/produkt\/truusk-torktumlare-6-program-40-60%e2%84%83-4-kg-kapacitet-kompakt-touch-kontroll-vit\/\" \/>\n<meta property=\"og:locale\" content=\"sv_SE\" \/>\n<meta property=\"og:type\" content=\"article\" \/>\n<meta property=\"og:title\" content=\"TRUUSK Torktumlare - 6 Program - 40-60\u2103 - 4 Kg Kapacitet - Kompakt - Touch-kontroll - Vit - TRUUSK - Hem, Tr\u00e4dg\u00e5rd &amp; Fritid\" \/>\n<meta property=\"og:description\" content=\"Den h\u00e4r kompakta TRUUSK-torktumlaren med en 1000W motor \u00e4r idealisk f\u00f6r sm\u00e5 utrymmen. Den torkar upp till 4 kg v\u00e5t...\" \/>\n<meta property=\"og:url\" content=\"https:\/\/truusk.store\/sv\/produkt\/truusk-torktumlare-6-program-40-60%e2%84%83-4-kg-kapacitet-kompakt-touch-kontroll-vit\/\" \/>\n<meta property=\"og:site_name\" content=\"TRUUSK - Hem, Tr\u00e4dg\u00e5rd &amp; Fritid\" \/>\n<meta property=\"article:modified_time\" content=\"2026-03-12T07:46:36+00:00\" \/>\n<meta property=\"og:image\" content=\"https:\/\/i0.wp.com\/truusk.se\/wp-content\/uploads\/2025\/08\/torktumlare-6-program-40-60e28483-4-kg-kapacitet-kompakt-touch-kontroll-vit-1.webp?fit=2000%2C2000&ssl=1\" \/>\n\t<meta property=\"og:image:width\" content=\"2000\" \/>\n\t<meta property=\"og:image:height\" content=\"2000\" \/>\n\t<meta property=\"og:image:type\" content=\"image\/webp\" \/>\n<meta name=\"twitter:card\" content=\"summary_large_image\" \/>\n<meta name=\"twitter:label1\" content=\"Ber\u00e4knad l\u00e4stid\" \/>\n\t<meta name=\"twitter:data1\" content=\"1 minut\" \/>\n<!-- \/ Yoast SEO plugin. -->","yoast_head_json":{"title":"TRUUSK Torktumlare - 6 Program - 40-60\u2103 - 4 Kg Kapacitet - Kompakt - Touch-kontroll - Vit - TRUUSK - Hem, Tr\u00e4dg\u00e5rd &amp; Fritid","robots":{"index":"index","follow":"follow","max-snippet":"max-snippet:-1","max-image-preview":"max-image-preview:large","max-video-preview":"max-video-preview:-1"},"canonical":"https:\/\/truusk.store\/sv\/produkt\/truusk-torktumlare-6-program-40-60%e2%84%83-4-kg-kapacitet-kompakt-touch-kontroll-vit\/","og_locale":"sv_SE","og_type":"article","og_title":"TRUUSK Torktumlare - 6 Program - 40-60\u2103 - 4 Kg Kapacitet - Kompakt - Touch-kontroll - Vit - TRUUSK - Hem, Tr\u00e4dg\u00e5rd &amp; Fritid","og_description":"Den h\u00e4r kompakta TRUUSK-torktumlaren med en 1000W motor \u00e4r idealisk f\u00f6r sm\u00e5 utrymmen. Den torkar upp till 4 kg v\u00e5t...","og_url":"https:\/\/truusk.store\/sv\/produkt\/truusk-torktumlare-6-program-40-60%e2%84%83-4-kg-kapacitet-kompakt-touch-kontroll-vit\/","og_site_name":"TRUUSK - Hem, Tr\u00e4dg\u00e5rd &amp; Fritid","article_modified_time":"2026-03-12T07:46:36+00:00","og_image":[{"width":2000,"height":2000,"url":"https:\/\/i0.wp.com\/truusk.se\/wp-content\/uploads\/2025\/08\/torktumlare-6-program-40-60e28483-4-kg-kapacitet-kompakt-touch-kontroll-vit-1.webp?fit=2000%2C2000&ssl=1","type":"image\/webp"}],"twitter_card":"summary_large_image","twitter_misc":{"Ber\u00e4knad l\u00e4stid":"1 minut"},"schema":{"@context":"https:\/\/schema.org","@graph":[{"@type":"WebPage","@id":"https:\/\/truusk.store\/sv\/produkt\/truusk-torktumlare-6-program-40-60%e2%84%83-4-kg-kapacitet-kompakt-touch-kontroll-vit\/","url":"https:\/\/truusk.store\/sv\/produkt\/truusk-torktumlare-6-program-40-60%e2%84%83-4-kg-kapacitet-kompakt-touch-kontroll-vit\/","name":"TRUUSK Torktumlare - 6 Program - 40-60\u2103 - 4 Kg Kapacitet - Kompakt - Touch-kontroll - Vit - TRUUSK - Hem, Tr\u00e4dg\u00e5rd &amp; Fritid","isPartOf":{"@id":"https:\/\/truusk.store\/sv\/#website"},"primaryImageOfPage":{"@id":"https:\/\/truusk.store\/sv\/produkt\/truusk-torktumlare-6-program-40-60%e2%84%83-4-kg-kapacitet-kompakt-touch-kontroll-vit\/#primaryimage"},"image":{"@id":"https:\/\/truusk.store\/sv\/produkt\/truusk-torktumlare-6-program-40-60%e2%84%83-4-kg-kapacitet-kompakt-touch-kontroll-vit\/#primaryimage"},"thumbnailUrl":"https:\/\/i0.wp.com\/truusk.store\/wp-content\/uploads\/2025\/08\/torktumlare-6-program-40-60e28483-4-kg-kapacitet-kompakt-touch-kontroll-vit-1.webp?fit=2000%2C2000&ssl=1","datePublished":"2025-08-06T12:27:37+00:00","dateModified":"2026-03-12T07:46:36+00:00","breadcrumb":{"@id":"https:\/\/truusk.store\/sv\/produkt\/truusk-torktumlare-6-program-40-60%e2%84%83-4-kg-kapacitet-kompakt-touch-kontroll-vit\/#breadcrumb"},"inLanguage":"sv-SE","potentialAction":[{"@type":"ReadAction","target":["https:\/\/truusk.store\/sv\/produkt\/truusk-torktumlare-6-program-40-60%e2%84%83-4-kg-kapacitet-kompakt-touch-kontroll-vit\/"]}]},{"@type":"ImageObject","inLanguage":"sv-SE","@id":"https:\/\/truusk.store\/sv\/produkt\/truusk-torktumlare-6-program-40-60%e2%84%83-4-kg-kapacitet-kompakt-touch-kontroll-vit\/#primaryimage","url":"https:\/\/i0.wp.com\/truusk.store\/wp-content\/uploads\/2025\/08\/torktumlare-6-program-40-60e28483-4-kg-kapacitet-kompakt-touch-kontroll-vit-1.webp?fit=2000%2C2000&ssl=1","contentUrl":"https:\/\/i0.wp.com\/truusk.store\/wp-content\/uploads\/2025\/08\/torktumlare-6-program-40-60e28483-4-kg-kapacitet-kompakt-touch-kontroll-vit-1.webp?fit=2000%2C2000&ssl=1","width":2000,"height":2000},{"@type":"BreadcrumbList","@id":"https:\/\/truusk.store\/sv\/produkt\/truusk-torktumlare-6-program-40-60%e2%84%83-4-kg-kapacitet-kompakt-touch-kontroll-vit\/#breadcrumb","itemListElement":[{"@type":"ListItem","position":1,"name":"Home","item":"https:\/\/truusk.store\/sv\/"},{"@type":"ListItem","position":2,"name":"Shop","item":"https:\/\/truusk.store\/shop\/"},{"@type":"ListItem","position":3,"name":"TRUUSK Torktumlare &#8211; 6 Program &#8211; 40-60\u2103 &#8211; 4 Kg Kapacitet &#8211; Kompakt &#8211; Touch-kontroll &#8211; Vit"}]},{"@type":"WebSite","@id":"https:\/\/truusk.store\/sv\/#website","url":"https:\/\/truusk.store\/sv\/","name":"TRUUSK - Hem, Tr\u00e4dg\u00e5rd & Fritid","description":"","publisher":{"@id":"https:\/\/truusk.store\/sv\/#organization"},"potentialAction":[{"@type":"SearchAction","target":{"@type":"EntryPoint","urlTemplate":"https:\/\/truusk.store\/sv\/?s={search_term_string}"},"query-input":{"@type":"PropertyValueSpecification","valueRequired":true,"valueName":"search_term_string"}}],"inLanguage":"sv-SE"},{"@type":"Organization","@id":"https:\/\/truusk.store\/sv\/#organization","name":"TRUUSK - Hem, Tr\u00e4dg\u00e5rd & Fritid","url":"https:\/\/truusk.store\/sv\/","logo":{"@type":"ImageObject","inLanguage":"sv-SE","@id":"https:\/\/truusk.store\/sv\/#\/schema\/logo\/image\/","url":"https:\/\/i0.wp.com\/truusk.store\/wp-content\/uploads\/2026\/03\/cropped-TRUUSK.png?fit=2032%2C917&ssl=1","contentUrl":"https:\/\/i0.wp.com\/truusk.store\/wp-content\/uploads\/2026\/03\/cropped-TRUUSK.png?fit=2032%2C917&ssl=1","width":2032,"height":917,"caption":"TRUUSK - Hem, Tr\u00e4dg\u00e5rd & Fritid"},"image":{"@id":"https:\/\/truusk.store\/sv\/#\/schema\/logo\/image\/"}}]}},"jetpack_sharing_enabled":true,"_links":{"self":[{"href":"https:\/\/truusk.store\/sv\/wp-json\/wp\/v2\/product\/85562","targetHints":{"allow":["GET"]}}],"collection":[{"href":"https:\/\/truusk.store\/sv\/wp-json\/wp\/v2\/product"}],"about":[{"href":"https:\/\/truusk.store\/sv\/wp-json\/wp\/v2\/types\/product"}],"wp:featuredmedia":[{"embeddable":true,"href":"https:\/\/truusk.store\/sv\/wp-json\/wp\/v2\/media\/85553"}],"wp:attachment":[{"href":"https:\/\/truusk.store\/sv\/wp-json\/wp\/v2\/media?parent=85562"}],"wp:term":[{"taxonomy":"product_brand","embeddable":true,"href":"https:\/\/truusk.store\/sv\/wp-json\/wp\/v2\/product_brand?post=85562"},{"taxonomy":"product_cat","embeddable":true,"href":"https:\/\/truusk.store\/sv\/wp-json\/wp\/v2\/product_cat?post=85562"},{"taxonomy":"product_tag","embeddable":true,"href":"https:\/\/truusk.store\/sv\/wp-json\/wp\/v2\/product_tag?post=85562"}],"curies":[{"name":"wp","href":"https:\/\/api.w.org\/{rel}","templated":true}]}}