{"id":85632,"date":"2025-08-06T13:34:28","date_gmt":"2025-08-06T12:34:28","guid":{"rendered":"https:\/\/truusk.store\/product\/aiyaplay-lekmatta-for-baby-196-x-176-x-15-cm-vikbar-dubbelsidig-krappmatta-flerfargad\/"},"modified":"2026-03-12T08:46:44","modified_gmt":"2026-03-12T07:46:44","slug":"truusk-hundvagn-och-kattvagn-2-i-1-design-hopfallbar-regnskydd-natventiler-kudde-for-husdjur-upp-till-10-kg-khaki","status":"publish","type":"product","link":"https:\/\/truusk.store\/sv\/produkt\/truusk-hundvagn-och-kattvagn-2-i-1-design-hopfallbar-regnskydd-natventiler-kudde-for-husdjur-upp-till-10-kg-khaki\/","title":{"rendered":"TRUUSK Hundvagn och Kattvagn &#8211; 2-i-1 Design &#8211; Hopf\u00e4llbar &#8211; Regnskydd &#8211; N\u00e4tventiler &#8211; Kudde &#8211; F\u00f6r Husdjur upp till 10 kg &#8211; Khaki"},"content":{"rendered":"<p>I en v\u00e4rld d\u00e4r s\u00e4kerhet och uppt\u00e4ckt m\u00f6ts, \u00f6ppnar AIYAPLAY baby lekmatta d\u00f6rrarna till nya \u00e4ventyr f\u00f6r ditt barn. Dess dubbelsidiga dinosauriedesign uppmuntrar till nyfikenhet, och det h\u00f6gdensitiva XPE-materialet skapar en s\u00e4ker milj\u00f6. Den 1,5 cm tjocka stoppningen p\u00e5 krypmattan skyddar mjukt mot fall, s\u00e5 att ditt barn kan leka och l\u00e4ra sig s\u00e4kert, medan du kan vara lugn.<\/p>\n<p>Beskrivning:<\/p>\n<ul>\n<li> Dubbelsidig lekmatta med dinosauriemotiv v\u00e4cker nyfikenhet och fr\u00e4mjar l\u00e4rande<\/li>\n<li> Tillverkad av XPE, s\u00e4ker f\u00f6r krypning och lektid<\/li>\n<li> 1,5 cm tjock skum stoppar fall och skyddar ditt barns s\u00e4kerhet<\/li>\n<li> Vattent\u00e4t yta \u00e4r l\u00e4tt att reng\u00f6ra och h\u00e5ller lekomr\u00e5det hygieniskt<\/li>\n<li> Stor krypmatta med 3,45 m\u00b2 ger gott om utrymme f\u00f6r r\u00f6relse<\/li>\n<li> Halkfri textur p\u00e5 krypmattan f\u00f6rhindrar halkning och st\u00f6djer de f\u00f6rsta s\u00e4kra stegen<\/li>\n<li> Kan vikas kompakt f\u00f6r f\u00f6rvaring eller resor, njut av lek \u00f6verallt<\/li>\n<\/ul>\n<p> Tekniska data:<\/p>\n<ul>\n<li> F\u00e4rg: Flerf\u00e4rgad<\/li>\n<li> Material: XPE<\/li>\n<li> Totala dimensioner: 196L x 176B x 1,5T cm<\/li>\n<li> T\u00e4ckningsomr\u00e5de: 3,45 m\u00b2<\/li>\n<li> Rekommenderad \u00e5lder: 0,5-6 \u00e5r<\/li>\n<li> Godk\u00e4nd \u00e5lder: 0+<\/li>\n<\/ul>\n<p>Leveransinneh\u00e5ll:<\/p>\n<ul>\n<li> 1 x Baby lekmatta<\/li>\n<li> 1 x Bruksanvisning<\/li>\n<\/ul>\n","protected":false},"excerpt":{"rendered":"<p>I en v\u00e4rld d\u00e4r s\u00e4kerhet och uppt\u00e4ckt m\u00f6ts, \u00f6ppnar AIYAPLAY baby lekmatta d\u00f6rrarna till nya \u00e4ventyr f\u00f6r ditt barn. Dess&#8230;<\/p>\n","protected":false},"featured_media":85623,"template":"","meta":[],"product_brand":[],"product_cat":[880,918,627],"product_tag":[],"class_list":{"0":"post-85632","1":"product","2":"type-product","3":"status-publish","4":"has-post-thumbnail","6":"product_cat-baby-barn-2","7":"product_cat-leksaker","8":"product_cat-pusselmattor","10":"first","11":"instock","12":"sale","13":"taxable","14":"shipping-taxable","15":"purchasable","16":"product-type-simple"},"yoast_head":"<!-- This site is optimized with the Yoast SEO plugin v25.4 - https:\/\/yoast.com\/wordpress\/plugins\/seo\/ -->\n<title>TRUUSK Hundvagn och Kattvagn - 2-i-1 Design - Hopf\u00e4llbar - Regnskydd - N\u00e4tventiler - Kudde - F\u00f6r Husdjur upp till 10 kg - Khaki - TRUUSK - Hem, Tr\u00e4dg\u00e5rd &amp; Fritid<\/title>\n<meta name=\"robots\" content=\"index, follow, max-snippet:-1, max-image-preview:large, max-video-preview:-1\" \/>\n<link rel=\"canonical\" href=\"https:\/\/truusk.store\/sv\/produkt\/truusk-hundvagn-och-kattvagn-2-i-1-design-hopfallbar-regnskydd-natventiler-kudde-for-husdjur-upp-till-10-kg-khaki\/\" \/>\n<meta property=\"og:locale\" content=\"sv_SE\" \/>\n<meta property=\"og:type\" content=\"article\" \/>\n<meta property=\"og:title\" content=\"TRUUSK Hundvagn och Kattvagn - 2-i-1 Design - Hopf\u00e4llbar - Regnskydd - N\u00e4tventiler - Kudde - F\u00f6r Husdjur upp till 10 kg - Khaki - TRUUSK - Hem, Tr\u00e4dg\u00e5rd &amp; Fritid\" \/>\n<meta property=\"og:description\" content=\"I en v\u00e4rld d\u00e4r s\u00e4kerhet och uppt\u00e4ckt m\u00f6ts, \u00f6ppnar AIYAPLAY baby lekmatta d\u00f6rrarna till nya \u00e4ventyr f\u00f6r ditt barn. Dess...\" \/>\n<meta property=\"og:url\" content=\"https:\/\/truusk.store\/sv\/produkt\/truusk-hundvagn-och-kattvagn-2-i-1-design-hopfallbar-regnskydd-natventiler-kudde-for-husdjur-upp-till-10-kg-khaki\/\" \/>\n<meta property=\"og:site_name\" content=\"TRUUSK - Hem, Tr\u00e4dg\u00e5rd &amp; Fritid\" \/>\n<meta property=\"article:modified_time\" content=\"2026-03-12T07:46:44+00:00\" \/>\n<meta property=\"og:image\" content=\"https:\/\/i0.wp.com\/truusk.se\/wp-content\/uploads\/2025\/08\/aiyaplay-lekmatta-for-baby-196-x-176-x-15-cm-vikbar-dubbelsidig-krappmatta-flerfargad-1.webp?fit=2000%2C2000&ssl=1\" \/>\n\t<meta property=\"og:image:width\" content=\"2000\" \/>\n\t<meta property=\"og:image:height\" content=\"2000\" \/>\n\t<meta property=\"og:image:type\" content=\"image\/webp\" \/>\n<meta name=\"twitter:card\" content=\"summary_large_image\" \/>\n<meta name=\"twitter:label1\" content=\"Ber\u00e4knad l\u00e4stid\" \/>\n\t<meta name=\"twitter:data1\" content=\"1 minut\" \/>\n<!-- \/ Yoast SEO plugin. -->","yoast_head_json":{"title":"TRUUSK Hundvagn och Kattvagn - 2-i-1 Design - Hopf\u00e4llbar - Regnskydd - N\u00e4tventiler - Kudde - F\u00f6r Husdjur upp till 10 kg - Khaki - TRUUSK - Hem, Tr\u00e4dg\u00e5rd &amp; Fritid","robots":{"index":"index","follow":"follow","max-snippet":"max-snippet:-1","max-image-preview":"max-image-preview:large","max-video-preview":"max-video-preview:-1"},"canonical":"https:\/\/truusk.store\/sv\/produkt\/truusk-hundvagn-och-kattvagn-2-i-1-design-hopfallbar-regnskydd-natventiler-kudde-for-husdjur-upp-till-10-kg-khaki\/","og_locale":"sv_SE","og_type":"article","og_title":"TRUUSK Hundvagn och Kattvagn - 2-i-1 Design - Hopf\u00e4llbar - Regnskydd - N\u00e4tventiler - Kudde - F\u00f6r Husdjur upp till 10 kg - Khaki - TRUUSK - Hem, Tr\u00e4dg\u00e5rd &amp; Fritid","og_description":"I en v\u00e4rld d\u00e4r s\u00e4kerhet och uppt\u00e4ckt m\u00f6ts, \u00f6ppnar AIYAPLAY baby lekmatta d\u00f6rrarna till nya \u00e4ventyr f\u00f6r ditt barn. Dess...","og_url":"https:\/\/truusk.store\/sv\/produkt\/truusk-hundvagn-och-kattvagn-2-i-1-design-hopfallbar-regnskydd-natventiler-kudde-for-husdjur-upp-till-10-kg-khaki\/","og_site_name":"TRUUSK - Hem, Tr\u00e4dg\u00e5rd &amp; Fritid","article_modified_time":"2026-03-12T07:46:44+00:00","og_image":[{"width":2000,"height":2000,"url":"https:\/\/i0.wp.com\/truusk.se\/wp-content\/uploads\/2025\/08\/aiyaplay-lekmatta-for-baby-196-x-176-x-15-cm-vikbar-dubbelsidig-krappmatta-flerfargad-1.webp?fit=2000%2C2000&ssl=1","type":"image\/webp"}],"twitter_card":"summary_large_image","twitter_misc":{"Ber\u00e4knad l\u00e4stid":"1 minut"},"schema":{"@context":"https:\/\/schema.org","@graph":[{"@type":"WebPage","@id":"https:\/\/truusk.store\/sv\/produkt\/truusk-hundvagn-och-kattvagn-2-i-1-design-hopfallbar-regnskydd-natventiler-kudde-for-husdjur-upp-till-10-kg-khaki\/","url":"https:\/\/truusk.store\/sv\/produkt\/truusk-hundvagn-och-kattvagn-2-i-1-design-hopfallbar-regnskydd-natventiler-kudde-for-husdjur-upp-till-10-kg-khaki\/","name":"TRUUSK Hundvagn och Kattvagn - 2-i-1 Design - Hopf\u00e4llbar - Regnskydd - N\u00e4tventiler - Kudde - F\u00f6r Husdjur upp till 10 kg - Khaki - TRUUSK - Hem, Tr\u00e4dg\u00e5rd &amp; Fritid","isPartOf":{"@id":"https:\/\/truusk.store\/sv\/#website"},"primaryImageOfPage":{"@id":"https:\/\/truusk.store\/sv\/produkt\/truusk-hundvagn-och-kattvagn-2-i-1-design-hopfallbar-regnskydd-natventiler-kudde-for-husdjur-upp-till-10-kg-khaki\/#primaryimage"},"image":{"@id":"https:\/\/truusk.store\/sv\/produkt\/truusk-hundvagn-och-kattvagn-2-i-1-design-hopfallbar-regnskydd-natventiler-kudde-for-husdjur-upp-till-10-kg-khaki\/#primaryimage"},"thumbnailUrl":"https:\/\/i0.wp.com\/truusk.store\/wp-content\/uploads\/2025\/08\/aiyaplay-lekmatta-for-baby-196-x-176-x-15-cm-vikbar-dubbelsidig-krappmatta-flerfargad-1.webp?fit=2000%2C2000&ssl=1","datePublished":"2025-08-06T12:34:28+00:00","dateModified":"2026-03-12T07:46:44+00:00","breadcrumb":{"@id":"https:\/\/truusk.store\/sv\/produkt\/truusk-hundvagn-och-kattvagn-2-i-1-design-hopfallbar-regnskydd-natventiler-kudde-for-husdjur-upp-till-10-kg-khaki\/#breadcrumb"},"inLanguage":"sv-SE","potentialAction":[{"@type":"ReadAction","target":["https:\/\/truusk.store\/sv\/produkt\/truusk-hundvagn-och-kattvagn-2-i-1-design-hopfallbar-regnskydd-natventiler-kudde-for-husdjur-upp-till-10-kg-khaki\/"]}]},{"@type":"ImageObject","inLanguage":"sv-SE","@id":"https:\/\/truusk.store\/sv\/produkt\/truusk-hundvagn-och-kattvagn-2-i-1-design-hopfallbar-regnskydd-natventiler-kudde-for-husdjur-upp-till-10-kg-khaki\/#primaryimage","url":"https:\/\/i0.wp.com\/truusk.store\/wp-content\/uploads\/2025\/08\/aiyaplay-lekmatta-for-baby-196-x-176-x-15-cm-vikbar-dubbelsidig-krappmatta-flerfargad-1.webp?fit=2000%2C2000&ssl=1","contentUrl":"https:\/\/i0.wp.com\/truusk.store\/wp-content\/uploads\/2025\/08\/aiyaplay-lekmatta-for-baby-196-x-176-x-15-cm-vikbar-dubbelsidig-krappmatta-flerfargad-1.webp?fit=2000%2C2000&ssl=1","width":2000,"height":2000},{"@type":"BreadcrumbList","@id":"https:\/\/truusk.store\/sv\/produkt\/truusk-hundvagn-och-kattvagn-2-i-1-design-hopfallbar-regnskydd-natventiler-kudde-for-husdjur-upp-till-10-kg-khaki\/#breadcrumb","itemListElement":[{"@type":"ListItem","position":1,"name":"Home","item":"https:\/\/truusk.store\/sv\/"},{"@type":"ListItem","position":2,"name":"Shop","item":"https:\/\/truusk.store\/shop\/"},{"@type":"ListItem","position":3,"name":"TRUUSK Hundvagn och Kattvagn &#8211; 2-i-1 Design &#8211; Hopf\u00e4llbar &#8211; Regnskydd &#8211; N\u00e4tventiler &#8211; Kudde &#8211; F\u00f6r Husdjur upp till 10 kg &#8211; Khaki"}]},{"@type":"WebSite","@id":"https:\/\/truusk.store\/sv\/#website","url":"https:\/\/truusk.store\/sv\/","name":"TRUUSK - Hem, Tr\u00e4dg\u00e5rd & Fritid","description":"","publisher":{"@id":"https:\/\/truusk.store\/sv\/#organization"},"potentialAction":[{"@type":"SearchAction","target":{"@type":"EntryPoint","urlTemplate":"https:\/\/truusk.store\/sv\/?s={search_term_string}"},"query-input":{"@type":"PropertyValueSpecification","valueRequired":true,"valueName":"search_term_string"}}],"inLanguage":"sv-SE"},{"@type":"Organization","@id":"https:\/\/truusk.store\/sv\/#organization","name":"TRUUSK - Hem, Tr\u00e4dg\u00e5rd & Fritid","url":"https:\/\/truusk.store\/sv\/","logo":{"@type":"ImageObject","inLanguage":"sv-SE","@id":"https:\/\/truusk.store\/sv\/#\/schema\/logo\/image\/","url":"https:\/\/i0.wp.com\/truusk.store\/wp-content\/uploads\/2026\/03\/cropped-TRUUSK.png?fit=2032%2C917&ssl=1","contentUrl":"https:\/\/i0.wp.com\/truusk.store\/wp-content\/uploads\/2026\/03\/cropped-TRUUSK.png?fit=2032%2C917&ssl=1","width":2032,"height":917,"caption":"TRUUSK - Hem, Tr\u00e4dg\u00e5rd & Fritid"},"image":{"@id":"https:\/\/truusk.store\/sv\/#\/schema\/logo\/image\/"}}]}},"jetpack_sharing_enabled":true,"_links":{"self":[{"href":"https:\/\/truusk.store\/sv\/wp-json\/wp\/v2\/product\/85632","targetHints":{"allow":["GET"]}}],"collection":[{"href":"https:\/\/truusk.store\/sv\/wp-json\/wp\/v2\/product"}],"about":[{"href":"https:\/\/truusk.store\/sv\/wp-json\/wp\/v2\/types\/product"}],"wp:featuredmedia":[{"embeddable":true,"href":"https:\/\/truusk.store\/sv\/wp-json\/wp\/v2\/media\/85623"}],"wp:attachment":[{"href":"https:\/\/truusk.store\/sv\/wp-json\/wp\/v2\/media?parent=85632"}],"wp:term":[{"taxonomy":"product_brand","embeddable":true,"href":"https:\/\/truusk.store\/sv\/wp-json\/wp\/v2\/product_brand?post=85632"},{"taxonomy":"product_cat","embeddable":true,"href":"https:\/\/truusk.store\/sv\/wp-json\/wp\/v2\/product_cat?post=85632"},{"taxonomy":"product_tag","embeddable":true,"href":"https:\/\/truusk.store\/sv\/wp-json\/wp\/v2\/product_tag?post=85632"}],"curies":[{"name":"wp","href":"https:\/\/api.w.org\/{rel}","templated":true}]}}