{"id":85652,"date":"2025-08-06T13:36:30","date_gmt":"2025-08-06T12:36:30","guid":{"rendered":"https:\/\/truusk.store\/product\/byra-med-4-lador-for-klader-sangklader-vardagsrum-sovrum-hall-spanskiva-vit\/"},"modified":"2026-03-12T08:46:53","modified_gmt":"2026-03-12T07:46:53","slug":"truusk-forvaringsskap-med-4-lador-for-klader-och-sangklader-vardagsrum-sovrum-hall-spanskiva-vit","status":"publish","type":"product","link":"https:\/\/truusk.store\/sv\/produkt\/truusk-forvaringsskap-med-4-lador-for-klader-och-sangklader-vardagsrum-sovrum-hall-spanskiva-vit\/","title":{"rendered":"TRUUSK F\u00f6rvaringssk\u00e5p med 4 l\u00e5dor &#8211; F\u00f6r kl\u00e4der och s\u00e4ngkl\u00e4der &#8211; Vardagsrum, sovrum, hall &#8211; Sp\u00e5nskiva &#8211; Vit"},"content":{"rendered":"<p>Med l\u00e5dorna i denna byr\u00e5 &#8211; tv\u00e5 sm\u00e5 och tv\u00e5 stora &#8211; h\u00e5lls kl\u00e4der, s\u00e4ngkl\u00e4der och vardagsf\u00f6rem\u00e5l sorterade och f\u00f6rvarade. Dess rena vita design med svarta, runda handtag ger en modern charm och passar s\u00f6ml\u00f6st in i varje sovrum eller hall. TRUUSK 4-l\u00e5dors byr\u00e5 ger fr\u00e4schhet och ordning till ditt hem.<\/p>\n<p>Beskrivning:<\/p>\n<ul>\n<li> Fyra l\u00e5dor i tv\u00e5 storlekar p\u00e5 sideboardet erbjuder mycket f\u00f6rvaringsutrymme f\u00f6r kl\u00e4der, s\u00e4ngkl\u00e4der och mer<\/li>\n<li> Kullagerl\u00e5dor \u00e4r tystare och glider mjukare<\/li>\n<li> Modern design passar s\u00f6ml\u00f6st in i ditt hem och f\u00f6rb\u00e4ttrar varje rumsdekoration<\/li>\n<li> Melaminbelagd sp\u00e5nskiva p\u00e5 hallbyr\u00e5n \u00e4r rept\u00e5lig och l\u00e4tt att reng\u00f6ra<\/li>\n<li> Anti-tip remmar garanterar s\u00e4kerhet i daglig anv\u00e4ndning<\/li>\n<li> Halkfria fotdynor skyddar ditt golv mot repor<\/li>\n<li> En golvavst\u00e5nd p\u00e5 11,7 cm underl\u00e4ttar sopning eller dammsugning<\/li>\n<li> Montering kr\u00e4vs<\/li>\n<\/ul>\n<p> Tekniska data:<\/p>\n<ul>\n<li> F\u00e4rg: Vit<\/li>\n<li> Material: Sp\u00e5nskiva<\/li>\n<li> Totala dimensioner: 74B x 35T x 97H cm<\/li>\n<li> Inre dimensioner p\u00e5 l\u00e5dan: 28,8B x 23,5T x 10H cm(liten), 63,3B x 23,6T x 10H cm(stor)<\/li>\n<li> Golvavst\u00e5nd: 11,7 cm<\/li>\n<li> Maximal belastning: 30 kg (totalt), 10 kg (ovanp\u00e5), 5 kg (l\u00e5da)<\/li>\n<\/ul>\n<p>Leverans inneh\u00e5ller:<\/p>\n<ul>\n<li> 1 x Byr\u00e5<\/li>\n<li> 1 x Bruksanvisning<\/li>\n<\/ul>\n","protected":false},"excerpt":{"rendered":"<p>Med l\u00e5dorna i denna byr\u00e5 &#8211; tv\u00e5 sm\u00e5 och tv\u00e5 stora &#8211; h\u00e5lls kl\u00e4der, s\u00e4ngkl\u00e4der och vardagsf\u00f6rem\u00e5l sorterade och f\u00f6rvarade&#8230;.<\/p>\n","protected":false},"featured_media":85643,"template":"","meta":[],"product_brand":[],"product_cat":[956,871,910],"product_tag":[],"class_list":{"0":"post-85652","1":"product","2":"type-product","3":"status-publish","4":"has-post-thumbnail","6":"product_cat-byraer-sideboards","7":"product_cat-hus-hem","8":"product_cat-vardagsrum","10":"first","11":"instock","12":"sale","13":"taxable","14":"shipping-taxable","15":"purchasable","16":"product-type-simple"},"yoast_head":"<!-- This site is optimized with the Yoast SEO plugin v25.4 - https:\/\/yoast.com\/wordpress\/plugins\/seo\/ -->\n<title>TRUUSK F\u00f6rvaringssk\u00e5p med 4 l\u00e5dor - F\u00f6r kl\u00e4der och s\u00e4ngkl\u00e4der - Vardagsrum, sovrum, hall - Sp\u00e5nskiva - Vit - TRUUSK - Hem, Tr\u00e4dg\u00e5rd &amp; Fritid<\/title>\n<meta name=\"robots\" content=\"index, follow, max-snippet:-1, max-image-preview:large, max-video-preview:-1\" \/>\n<link rel=\"canonical\" href=\"https:\/\/truusk.store\/sv\/produkt\/truusk-forvaringsskap-med-4-lador-for-klader-och-sangklader-vardagsrum-sovrum-hall-spanskiva-vit\/\" \/>\n<meta property=\"og:locale\" content=\"sv_SE\" \/>\n<meta property=\"og:type\" content=\"article\" \/>\n<meta property=\"og:title\" content=\"TRUUSK F\u00f6rvaringssk\u00e5p med 4 l\u00e5dor - F\u00f6r kl\u00e4der och s\u00e4ngkl\u00e4der - Vardagsrum, sovrum, hall - Sp\u00e5nskiva - Vit - TRUUSK - Hem, Tr\u00e4dg\u00e5rd &amp; Fritid\" \/>\n<meta property=\"og:description\" content=\"Med l\u00e5dorna i denna byr\u00e5 &#8211; tv\u00e5 sm\u00e5 och tv\u00e5 stora &#8211; h\u00e5lls kl\u00e4der, s\u00e4ngkl\u00e4der och vardagsf\u00f6rem\u00e5l sorterade och f\u00f6rvarade....\" \/>\n<meta property=\"og:url\" content=\"https:\/\/truusk.store\/sv\/produkt\/truusk-forvaringsskap-med-4-lador-for-klader-och-sangklader-vardagsrum-sovrum-hall-spanskiva-vit\/\" \/>\n<meta property=\"og:site_name\" content=\"TRUUSK - Hem, Tr\u00e4dg\u00e5rd &amp; Fritid\" \/>\n<meta property=\"article:modified_time\" content=\"2026-03-12T07:46:53+00:00\" \/>\n<meta property=\"og:image\" content=\"https:\/\/i0.wp.com\/truusk.se\/wp-content\/uploads\/2025\/08\/byra-med-4-lador-for-klader-sangklader-vardagsrum-sovrum-hall-spanskiva-vit-1.webp?fit=2000%2C2000&ssl=1\" \/>\n\t<meta property=\"og:image:width\" content=\"2000\" \/>\n\t<meta property=\"og:image:height\" content=\"2000\" \/>\n\t<meta property=\"og:image:type\" content=\"image\/webp\" \/>\n<meta name=\"twitter:card\" content=\"summary_large_image\" \/>\n<meta name=\"twitter:label1\" content=\"Ber\u00e4knad l\u00e4stid\" \/>\n\t<meta name=\"twitter:data1\" content=\"1 minut\" \/>\n<!-- \/ Yoast SEO plugin. -->","yoast_head_json":{"title":"TRUUSK F\u00f6rvaringssk\u00e5p med 4 l\u00e5dor - F\u00f6r kl\u00e4der och s\u00e4ngkl\u00e4der - Vardagsrum, sovrum, hall - Sp\u00e5nskiva - Vit - TRUUSK - Hem, Tr\u00e4dg\u00e5rd &amp; Fritid","robots":{"index":"index","follow":"follow","max-snippet":"max-snippet:-1","max-image-preview":"max-image-preview:large","max-video-preview":"max-video-preview:-1"},"canonical":"https:\/\/truusk.store\/sv\/produkt\/truusk-forvaringsskap-med-4-lador-for-klader-och-sangklader-vardagsrum-sovrum-hall-spanskiva-vit\/","og_locale":"sv_SE","og_type":"article","og_title":"TRUUSK F\u00f6rvaringssk\u00e5p med 4 l\u00e5dor - F\u00f6r kl\u00e4der och s\u00e4ngkl\u00e4der - Vardagsrum, sovrum, hall - Sp\u00e5nskiva - Vit - TRUUSK - Hem, Tr\u00e4dg\u00e5rd &amp; Fritid","og_description":"Med l\u00e5dorna i denna byr\u00e5 &#8211; tv\u00e5 sm\u00e5 och tv\u00e5 stora &#8211; h\u00e5lls kl\u00e4der, s\u00e4ngkl\u00e4der och vardagsf\u00f6rem\u00e5l sorterade och f\u00f6rvarade....","og_url":"https:\/\/truusk.store\/sv\/produkt\/truusk-forvaringsskap-med-4-lador-for-klader-och-sangklader-vardagsrum-sovrum-hall-spanskiva-vit\/","og_site_name":"TRUUSK - Hem, Tr\u00e4dg\u00e5rd &amp; Fritid","article_modified_time":"2026-03-12T07:46:53+00:00","og_image":[{"width":2000,"height":2000,"url":"https:\/\/i0.wp.com\/truusk.se\/wp-content\/uploads\/2025\/08\/byra-med-4-lador-for-klader-sangklader-vardagsrum-sovrum-hall-spanskiva-vit-1.webp?fit=2000%2C2000&ssl=1","type":"image\/webp"}],"twitter_card":"summary_large_image","twitter_misc":{"Ber\u00e4knad l\u00e4stid":"1 minut"},"schema":{"@context":"https:\/\/schema.org","@graph":[{"@type":"WebPage","@id":"https:\/\/truusk.store\/sv\/produkt\/truusk-forvaringsskap-med-4-lador-for-klader-och-sangklader-vardagsrum-sovrum-hall-spanskiva-vit\/","url":"https:\/\/truusk.store\/sv\/produkt\/truusk-forvaringsskap-med-4-lador-for-klader-och-sangklader-vardagsrum-sovrum-hall-spanskiva-vit\/","name":"TRUUSK F\u00f6rvaringssk\u00e5p med 4 l\u00e5dor - F\u00f6r kl\u00e4der och s\u00e4ngkl\u00e4der - Vardagsrum, sovrum, hall - Sp\u00e5nskiva - Vit - TRUUSK - Hem, Tr\u00e4dg\u00e5rd &amp; Fritid","isPartOf":{"@id":"https:\/\/truusk.store\/sv\/#website"},"primaryImageOfPage":{"@id":"https:\/\/truusk.store\/sv\/produkt\/truusk-forvaringsskap-med-4-lador-for-klader-och-sangklader-vardagsrum-sovrum-hall-spanskiva-vit\/#primaryimage"},"image":{"@id":"https:\/\/truusk.store\/sv\/produkt\/truusk-forvaringsskap-med-4-lador-for-klader-och-sangklader-vardagsrum-sovrum-hall-spanskiva-vit\/#primaryimage"},"thumbnailUrl":"https:\/\/i0.wp.com\/truusk.store\/wp-content\/uploads\/2025\/08\/byra-med-4-lador-for-klader-sangklader-vardagsrum-sovrum-hall-spanskiva-vit-1.webp?fit=2000%2C2000&ssl=1","datePublished":"2025-08-06T12:36:30+00:00","dateModified":"2026-03-12T07:46:53+00:00","breadcrumb":{"@id":"https:\/\/truusk.store\/sv\/produkt\/truusk-forvaringsskap-med-4-lador-for-klader-och-sangklader-vardagsrum-sovrum-hall-spanskiva-vit\/#breadcrumb"},"inLanguage":"sv-SE","potentialAction":[{"@type":"ReadAction","target":["https:\/\/truusk.store\/sv\/produkt\/truusk-forvaringsskap-med-4-lador-for-klader-och-sangklader-vardagsrum-sovrum-hall-spanskiva-vit\/"]}]},{"@type":"ImageObject","inLanguage":"sv-SE","@id":"https:\/\/truusk.store\/sv\/produkt\/truusk-forvaringsskap-med-4-lador-for-klader-och-sangklader-vardagsrum-sovrum-hall-spanskiva-vit\/#primaryimage","url":"https:\/\/i0.wp.com\/truusk.store\/wp-content\/uploads\/2025\/08\/byra-med-4-lador-for-klader-sangklader-vardagsrum-sovrum-hall-spanskiva-vit-1.webp?fit=2000%2C2000&ssl=1","contentUrl":"https:\/\/i0.wp.com\/truusk.store\/wp-content\/uploads\/2025\/08\/byra-med-4-lador-for-klader-sangklader-vardagsrum-sovrum-hall-spanskiva-vit-1.webp?fit=2000%2C2000&ssl=1","width":2000,"height":2000},{"@type":"BreadcrumbList","@id":"https:\/\/truusk.store\/sv\/produkt\/truusk-forvaringsskap-med-4-lador-for-klader-och-sangklader-vardagsrum-sovrum-hall-spanskiva-vit\/#breadcrumb","itemListElement":[{"@type":"ListItem","position":1,"name":"Home","item":"https:\/\/truusk.store\/sv\/"},{"@type":"ListItem","position":2,"name":"Shop","item":"https:\/\/truusk.store\/shop\/"},{"@type":"ListItem","position":3,"name":"TRUUSK F\u00f6rvaringssk\u00e5p med 4 l\u00e5dor &#8211; F\u00f6r kl\u00e4der och s\u00e4ngkl\u00e4der &#8211; Vardagsrum, sovrum, hall &#8211; Sp\u00e5nskiva &#8211; Vit"}]},{"@type":"WebSite","@id":"https:\/\/truusk.store\/sv\/#website","url":"https:\/\/truusk.store\/sv\/","name":"TRUUSK - Hem, Tr\u00e4dg\u00e5rd & Fritid","description":"","publisher":{"@id":"https:\/\/truusk.store\/sv\/#organization"},"potentialAction":[{"@type":"SearchAction","target":{"@type":"EntryPoint","urlTemplate":"https:\/\/truusk.store\/sv\/?s={search_term_string}"},"query-input":{"@type":"PropertyValueSpecification","valueRequired":true,"valueName":"search_term_string"}}],"inLanguage":"sv-SE"},{"@type":"Organization","@id":"https:\/\/truusk.store\/sv\/#organization","name":"TRUUSK - Hem, Tr\u00e4dg\u00e5rd & Fritid","url":"https:\/\/truusk.store\/sv\/","logo":{"@type":"ImageObject","inLanguage":"sv-SE","@id":"https:\/\/truusk.store\/sv\/#\/schema\/logo\/image\/","url":"https:\/\/i0.wp.com\/truusk.store\/wp-content\/uploads\/2026\/03\/cropped-TRUUSK.png?fit=2032%2C917&ssl=1","contentUrl":"https:\/\/i0.wp.com\/truusk.store\/wp-content\/uploads\/2026\/03\/cropped-TRUUSK.png?fit=2032%2C917&ssl=1","width":2032,"height":917,"caption":"TRUUSK - Hem, Tr\u00e4dg\u00e5rd & Fritid"},"image":{"@id":"https:\/\/truusk.store\/sv\/#\/schema\/logo\/image\/"}}]}},"jetpack_sharing_enabled":true,"_links":{"self":[{"href":"https:\/\/truusk.store\/sv\/wp-json\/wp\/v2\/product\/85652","targetHints":{"allow":["GET"]}}],"collection":[{"href":"https:\/\/truusk.store\/sv\/wp-json\/wp\/v2\/product"}],"about":[{"href":"https:\/\/truusk.store\/sv\/wp-json\/wp\/v2\/types\/product"}],"wp:featuredmedia":[{"embeddable":true,"href":"https:\/\/truusk.store\/sv\/wp-json\/wp\/v2\/media\/85643"}],"wp:attachment":[{"href":"https:\/\/truusk.store\/sv\/wp-json\/wp\/v2\/media?parent=85652"}],"wp:term":[{"taxonomy":"product_brand","embeddable":true,"href":"https:\/\/truusk.store\/sv\/wp-json\/wp\/v2\/product_brand?post=85652"},{"taxonomy":"product_cat","embeddable":true,"href":"https:\/\/truusk.store\/sv\/wp-json\/wp\/v2\/product_cat?post=85652"},{"taxonomy":"product_tag","embeddable":true,"href":"https:\/\/truusk.store\/sv\/wp-json\/wp\/v2\/product_tag?post=85652"}],"curies":[{"name":"wp","href":"https:\/\/api.w.org\/{rel}","templated":true}]}}