{"id":85662,"date":"2025-08-06T13:37:37","date_gmt":"2025-08-06T12:37:37","guid":{"rendered":"https:\/\/truusk.store\/product\/skohylla-med-sittbank-hallhylla-for-skor-skoskap-med-3-stegs-design-for-hall-entre-vardagsrum-sovrum-gra\/"},"modified":"2026-03-12T08:46:54","modified_gmt":"2026-03-12T07:46:54","slug":"truusk-skohylla-med-sittbank-hallhylla-for-skor-skoskap-med-3-stegs-design-gra-for-hall-entre-vardagsrum-sovrum","status":"publish","type":"product","link":"https:\/\/truusk.store\/sv\/produkt\/truusk-skohylla-med-sittbank-hallhylla-for-skor-skoskap-med-3-stegs-design-gra-for-hall-entre-vardagsrum-sovrum\/","title":{"rendered":"TRUUSK Skohylla Med Sittb\u00e4nk &#8211; Hallhylla F\u00f6r Skor &#8211; Skosk\u00e5p Med 3-stegs Design &#8211; Gr\u00e5 &#8211; F\u00f6r Hall, Entr\u00e9, Vardagsrum, Sovrum"},"content":{"rendered":"<p>Lider du av en kaotisk entr\u00e9 och sv\u00e5ra skobyten? TRUUSK skob\u00e4nken med sittdyna erbjuder med sin mjuka 5 cm stoppning och en trestegsdesign en elegant l\u00f6sning som rymmer allt fr\u00e5n vardagsskor till h\u00f6ga st\u00f6vlar. Tack vare den stabila ramen med en b\u00e4rkapacitet p\u00e5 upp till 129 kg st\u00f6djer denna garderobsb\u00e4nkskonstruktion dig varje dag, oavsett om du vill g\u00e5 ut eller komma tillbaka.<\/p>\n<p>Beskrivning:<\/p>\n<ul>\n<li> Tjockt stoppade skumdynor erbjuder komfort f\u00f6r avslappnade skobyten<\/li>\n<li> \u00d6ppen, flerskiktad f\u00f6rvaring h\u00e5ller skor snyggt och l\u00e4ttillg\u00e4ngligt<\/li>\n<li> Melaminbelagd sp\u00e5nskiva och metallram p\u00e5 kuddb\u00e4nken ger styrka och stabilitet<\/li>\n<li> Modern tr\u00e4korn p\u00e5 skohyllan passar s\u00f6ml\u00f6st med olika interi\u00f6rer<\/li>\n<li> M\u00e5ngsidig form passar enkelt f\u00f6r entr\u00e9, sovrum eller vardagsrum<\/li>\n<li> Montering kr\u00e4vs<\/li>\n<\/ul>\n<p> Tekniska data:<\/p>\n<ul>\n<li> F\u00e4rg: Gr\u00e5<\/li>\n<li> Material: Sp\u00e5nskiva, linne-liknande tyg (100 % polyester), skum, metall<\/li>\n<li> Totala dimensioner: 86B x 30T x 45,4H cm<\/li>\n<li> Sitsstorlek: 86B x 30T x 45,5H cm<\/li>\n<li> Sitsdynans tjocklek: 5 cm<\/li>\n<li> V\u00e4nster f\u00f6rvaringsfack: 30B x 30T x 37H cm<\/li>\n<li> H\u00f6ger f\u00f6rvaringsfack: 50,5B x 30T x 11,7\/17,7H cm<\/li>\n<li> B\u00e4rkapacitet: 129 kg (totalt), 120 kg (sits), 3 kg (per fack)<\/li>\n<\/ul>\n<p>Leveransinneh\u00e5ll:<\/p>\n<ul>\n<li> 1 x Skof\u00f6rvaringsb\u00e4nk<\/li>\n<li> 1 x Handbok<\/li>\n<\/ul>\n","protected":false},"excerpt":{"rendered":"<p>Lider du av en kaotisk entr\u00e9 och sv\u00e5ra skobyten? TRUUSK skob\u00e4nken med sittdyna erbjuder med sin mjuka 5 cm stoppning&#8230;<\/p>\n","protected":false},"featured_media":85653,"template":"","meta":[],"product_brand":[],"product_cat":[893,871,539],"product_tag":[],"class_list":{"0":"post-85662","1":"product","2":"type-product","3":"status-publish","4":"has-post-thumbnail","6":"product_cat-garderob-hall","7":"product_cat-hus-hem","8":"product_cat-skobankar","10":"first","11":"instock","12":"sale","13":"taxable","14":"shipping-taxable","15":"purchasable","16":"product-type-simple"},"yoast_head":"<!-- This site is optimized with the Yoast SEO plugin v25.4 - https:\/\/yoast.com\/wordpress\/plugins\/seo\/ -->\n<title>TRUUSK Skohylla Med Sittb\u00e4nk - Hallhylla F\u00f6r Skor - Skosk\u00e5p Med 3-stegs Design - Gr\u00e5 - F\u00f6r Hall, Entr\u00e9, Vardagsrum, Sovrum - TRUUSK - Hem, Tr\u00e4dg\u00e5rd &amp; Fritid<\/title>\n<meta name=\"robots\" content=\"index, follow, max-snippet:-1, max-image-preview:large, max-video-preview:-1\" \/>\n<link rel=\"canonical\" href=\"https:\/\/truusk.store\/sv\/produkt\/truusk-skohylla-med-sittbank-hallhylla-for-skor-skoskap-med-3-stegs-design-gra-for-hall-entre-vardagsrum-sovrum\/\" \/>\n<meta property=\"og:locale\" content=\"sv_SE\" \/>\n<meta property=\"og:type\" content=\"article\" \/>\n<meta property=\"og:title\" content=\"TRUUSK Skohylla Med Sittb\u00e4nk - Hallhylla F\u00f6r Skor - Skosk\u00e5p Med 3-stegs Design - Gr\u00e5 - F\u00f6r Hall, Entr\u00e9, Vardagsrum, Sovrum - TRUUSK - Hem, Tr\u00e4dg\u00e5rd &amp; Fritid\" \/>\n<meta property=\"og:description\" content=\"Lider du av en kaotisk entr\u00e9 och sv\u00e5ra skobyten? TRUUSK skob\u00e4nken med sittdyna erbjuder med sin mjuka 5 cm stoppning...\" \/>\n<meta property=\"og:url\" content=\"https:\/\/truusk.store\/sv\/produkt\/truusk-skohylla-med-sittbank-hallhylla-for-skor-skoskap-med-3-stegs-design-gra-for-hall-entre-vardagsrum-sovrum\/\" \/>\n<meta property=\"og:site_name\" content=\"TRUUSK - Hem, Tr\u00e4dg\u00e5rd &amp; Fritid\" \/>\n<meta property=\"article:modified_time\" content=\"2026-03-12T07:46:54+00:00\" \/>\n<meta property=\"og:image\" content=\"https:\/\/i0.wp.com\/truusk.se\/wp-content\/uploads\/2025\/08\/skohylla-med-sittbank-hallhylla-for-skor-skoskap-med-3-stegs-design-for-hall-entre-vardagsrum-sovrum-gra-1.webp?fit=2000%2C2000&ssl=1\" \/>\n\t<meta property=\"og:image:width\" content=\"2000\" \/>\n\t<meta property=\"og:image:height\" content=\"2000\" \/>\n\t<meta property=\"og:image:type\" content=\"image\/webp\" \/>\n<meta name=\"twitter:card\" content=\"summary_large_image\" \/>\n<meta name=\"twitter:label1\" content=\"Ber\u00e4knad l\u00e4stid\" \/>\n\t<meta name=\"twitter:data1\" content=\"1 minut\" \/>\n<!-- \/ Yoast SEO plugin. -->","yoast_head_json":{"title":"TRUUSK Skohylla Med Sittb\u00e4nk - Hallhylla F\u00f6r Skor - Skosk\u00e5p Med 3-stegs Design - Gr\u00e5 - F\u00f6r Hall, Entr\u00e9, Vardagsrum, Sovrum - TRUUSK - Hem, Tr\u00e4dg\u00e5rd &amp; Fritid","robots":{"index":"index","follow":"follow","max-snippet":"max-snippet:-1","max-image-preview":"max-image-preview:large","max-video-preview":"max-video-preview:-1"},"canonical":"https:\/\/truusk.store\/sv\/produkt\/truusk-skohylla-med-sittbank-hallhylla-for-skor-skoskap-med-3-stegs-design-gra-for-hall-entre-vardagsrum-sovrum\/","og_locale":"sv_SE","og_type":"article","og_title":"TRUUSK Skohylla Med Sittb\u00e4nk - Hallhylla F\u00f6r Skor - Skosk\u00e5p Med 3-stegs Design - Gr\u00e5 - F\u00f6r Hall, Entr\u00e9, Vardagsrum, Sovrum - TRUUSK - Hem, Tr\u00e4dg\u00e5rd &amp; Fritid","og_description":"Lider du av en kaotisk entr\u00e9 och sv\u00e5ra skobyten? TRUUSK skob\u00e4nken med sittdyna erbjuder med sin mjuka 5 cm stoppning...","og_url":"https:\/\/truusk.store\/sv\/produkt\/truusk-skohylla-med-sittbank-hallhylla-for-skor-skoskap-med-3-stegs-design-gra-for-hall-entre-vardagsrum-sovrum\/","og_site_name":"TRUUSK - Hem, Tr\u00e4dg\u00e5rd &amp; Fritid","article_modified_time":"2026-03-12T07:46:54+00:00","og_image":[{"width":2000,"height":2000,"url":"https:\/\/i0.wp.com\/truusk.se\/wp-content\/uploads\/2025\/08\/skohylla-med-sittbank-hallhylla-for-skor-skoskap-med-3-stegs-design-for-hall-entre-vardagsrum-sovrum-gra-1.webp?fit=2000%2C2000&ssl=1","type":"image\/webp"}],"twitter_card":"summary_large_image","twitter_misc":{"Ber\u00e4knad l\u00e4stid":"1 minut"},"schema":{"@context":"https:\/\/schema.org","@graph":[{"@type":"WebPage","@id":"https:\/\/truusk.store\/sv\/produkt\/truusk-skohylla-med-sittbank-hallhylla-for-skor-skoskap-med-3-stegs-design-gra-for-hall-entre-vardagsrum-sovrum\/","url":"https:\/\/truusk.store\/sv\/produkt\/truusk-skohylla-med-sittbank-hallhylla-for-skor-skoskap-med-3-stegs-design-gra-for-hall-entre-vardagsrum-sovrum\/","name":"TRUUSK Skohylla Med Sittb\u00e4nk - Hallhylla F\u00f6r Skor - Skosk\u00e5p Med 3-stegs Design - Gr\u00e5 - F\u00f6r Hall, Entr\u00e9, Vardagsrum, Sovrum - TRUUSK - Hem, Tr\u00e4dg\u00e5rd &amp; Fritid","isPartOf":{"@id":"https:\/\/truusk.store\/sv\/#website"},"primaryImageOfPage":{"@id":"https:\/\/truusk.store\/sv\/produkt\/truusk-skohylla-med-sittbank-hallhylla-for-skor-skoskap-med-3-stegs-design-gra-for-hall-entre-vardagsrum-sovrum\/#primaryimage"},"image":{"@id":"https:\/\/truusk.store\/sv\/produkt\/truusk-skohylla-med-sittbank-hallhylla-for-skor-skoskap-med-3-stegs-design-gra-for-hall-entre-vardagsrum-sovrum\/#primaryimage"},"thumbnailUrl":"https:\/\/i0.wp.com\/truusk.store\/wp-content\/uploads\/2025\/08\/skohylla-med-sittbank-hallhylla-for-skor-skoskap-med-3-stegs-design-for-hall-entre-vardagsrum-sovrum-gra-1.webp?fit=2000%2C2000&ssl=1","datePublished":"2025-08-06T12:37:37+00:00","dateModified":"2026-03-12T07:46:54+00:00","breadcrumb":{"@id":"https:\/\/truusk.store\/sv\/produkt\/truusk-skohylla-med-sittbank-hallhylla-for-skor-skoskap-med-3-stegs-design-gra-for-hall-entre-vardagsrum-sovrum\/#breadcrumb"},"inLanguage":"sv-SE","potentialAction":[{"@type":"ReadAction","target":["https:\/\/truusk.store\/sv\/produkt\/truusk-skohylla-med-sittbank-hallhylla-for-skor-skoskap-med-3-stegs-design-gra-for-hall-entre-vardagsrum-sovrum\/"]}]},{"@type":"ImageObject","inLanguage":"sv-SE","@id":"https:\/\/truusk.store\/sv\/produkt\/truusk-skohylla-med-sittbank-hallhylla-for-skor-skoskap-med-3-stegs-design-gra-for-hall-entre-vardagsrum-sovrum\/#primaryimage","url":"https:\/\/i0.wp.com\/truusk.store\/wp-content\/uploads\/2025\/08\/skohylla-med-sittbank-hallhylla-for-skor-skoskap-med-3-stegs-design-for-hall-entre-vardagsrum-sovrum-gra-1.webp?fit=2000%2C2000&ssl=1","contentUrl":"https:\/\/i0.wp.com\/truusk.store\/wp-content\/uploads\/2025\/08\/skohylla-med-sittbank-hallhylla-for-skor-skoskap-med-3-stegs-design-for-hall-entre-vardagsrum-sovrum-gra-1.webp?fit=2000%2C2000&ssl=1","width":2000,"height":2000},{"@type":"BreadcrumbList","@id":"https:\/\/truusk.store\/sv\/produkt\/truusk-skohylla-med-sittbank-hallhylla-for-skor-skoskap-med-3-stegs-design-gra-for-hall-entre-vardagsrum-sovrum\/#breadcrumb","itemListElement":[{"@type":"ListItem","position":1,"name":"Home","item":"https:\/\/truusk.store\/sv\/"},{"@type":"ListItem","position":2,"name":"Shop","item":"https:\/\/truusk.store\/shop\/"},{"@type":"ListItem","position":3,"name":"TRUUSK Skohylla Med Sittb\u00e4nk &#8211; Hallhylla F\u00f6r Skor &#8211; Skosk\u00e5p Med 3-stegs Design &#8211; Gr\u00e5 &#8211; F\u00f6r Hall, Entr\u00e9, Vardagsrum, Sovrum"}]},{"@type":"WebSite","@id":"https:\/\/truusk.store\/sv\/#website","url":"https:\/\/truusk.store\/sv\/","name":"TRUUSK - Hem, Tr\u00e4dg\u00e5rd & Fritid","description":"","publisher":{"@id":"https:\/\/truusk.store\/sv\/#organization"},"potentialAction":[{"@type":"SearchAction","target":{"@type":"EntryPoint","urlTemplate":"https:\/\/truusk.store\/sv\/?s={search_term_string}"},"query-input":{"@type":"PropertyValueSpecification","valueRequired":true,"valueName":"search_term_string"}}],"inLanguage":"sv-SE"},{"@type":"Organization","@id":"https:\/\/truusk.store\/sv\/#organization","name":"TRUUSK - Hem, Tr\u00e4dg\u00e5rd & Fritid","url":"https:\/\/truusk.store\/sv\/","logo":{"@type":"ImageObject","inLanguage":"sv-SE","@id":"https:\/\/truusk.store\/sv\/#\/schema\/logo\/image\/","url":"https:\/\/i0.wp.com\/truusk.store\/wp-content\/uploads\/2026\/03\/cropped-TRUUSK.png?fit=2032%2C917&ssl=1","contentUrl":"https:\/\/i0.wp.com\/truusk.store\/wp-content\/uploads\/2026\/03\/cropped-TRUUSK.png?fit=2032%2C917&ssl=1","width":2032,"height":917,"caption":"TRUUSK - Hem, Tr\u00e4dg\u00e5rd & Fritid"},"image":{"@id":"https:\/\/truusk.store\/sv\/#\/schema\/logo\/image\/"}}]}},"jetpack_sharing_enabled":true,"_links":{"self":[{"href":"https:\/\/truusk.store\/sv\/wp-json\/wp\/v2\/product\/85662","targetHints":{"allow":["GET"]}}],"collection":[{"href":"https:\/\/truusk.store\/sv\/wp-json\/wp\/v2\/product"}],"about":[{"href":"https:\/\/truusk.store\/sv\/wp-json\/wp\/v2\/types\/product"}],"wp:featuredmedia":[{"embeddable":true,"href":"https:\/\/truusk.store\/sv\/wp-json\/wp\/v2\/media\/85653"}],"wp:attachment":[{"href":"https:\/\/truusk.store\/sv\/wp-json\/wp\/v2\/media?parent=85662"}],"wp:term":[{"taxonomy":"product_brand","embeddable":true,"href":"https:\/\/truusk.store\/sv\/wp-json\/wp\/v2\/product_brand?post=85662"},{"taxonomy":"product_cat","embeddable":true,"href":"https:\/\/truusk.store\/sv\/wp-json\/wp\/v2\/product_cat?post=85662"},{"taxonomy":"product_tag","embeddable":true,"href":"https:\/\/truusk.store\/sv\/wp-json\/wp\/v2\/product_tag?post=85662"}],"curies":[{"name":"wp","href":"https:\/\/api.w.org\/{rel}","templated":true}]}}