{"id":85672,"date":"2025-08-06T13:38:31","date_gmt":"2025-08-06T12:38:31","guid":{"rendered":"https:\/\/truusk.store\/product\/vaggmonterad-kladhangare-kladkrokar-5-krokar-ovre-fack-mangsidig-gra\/"},"modified":"2026-03-12T08:46:55","modified_gmt":"2026-03-12T07:46:55","slug":"truusk-vaggmonterad-kladhangare-5-kladkrokar-ovre-fack-mangsidig-gra","status":"publish","type":"product","link":"https:\/\/truusk.store\/sv\/produkt\/truusk-vaggmonterad-kladhangare-5-kladkrokar-ovre-fack-mangsidig-gra\/","title":{"rendered":"TRUUSK V\u00e4ggmonterad Kl\u00e4dh\u00e4ngare &#8211; 5 Kl\u00e4dkrokar &#8211; \u00d6vre Fack &#8211; M\u00e5ngsidig &#8211; Gr\u00e5"},"content":{"rendered":"<p>\u00c4r din hall full av jackor och v\u00e4skor? I sm\u00e5 utrymmen r\u00e5der ofta kaos, vilket f\u00f6rsv\u00e5rar vardagen. Med TRUUSK v\u00e4ggkl\u00e4dh\u00e4ngaren kan du organisera ditt omr\u00e5de. Denna eleganta, industriella design av v\u00e4ggkl\u00e4dh\u00e4ngaren med \u00f6verhylla, kl\u00e4dst\u00e5ng och fem krokar ger maximal effektivitet och en rymlig, harmonisk atmosf\u00e4r.<\/p>\n<p>Beskrivning:<\/p>\n<ul>\n<li> Det \u00f6vre facket p\u00e5 v\u00e4ggst\u00e4llet \u00e4r utm\u00e4rkt f\u00f6r att f\u00f6rvara nycklar, dekorationer eller vardagliga f\u00f6rem\u00e5l<\/li>\n<li> Fem krokar f\u00f6r att h\u00e4nga upp jackor, v\u00e4skor, hattar och mer f\u00f6r att h\u00e5lla hallen snygg<\/li>\n<li> En h\u00e4ngande skena erbjuder extra utrymme f\u00f6r att organisera kl\u00e4der med galgar<\/li>\n<li> V\u00e4ggmonterad design av v\u00e4ggkl\u00e4dh\u00e4ngaren sparar golvyta och omvandlar en tom v\u00e4gg till ett anv\u00e4ndbart utrymme<\/li>\n<li> Industriell stil kombinerar rustika tr\u00e4toner med svart metall f\u00f6r ett sl\u00e5ende utseende<\/li>\n<li> Tillverkad av melaminbelagd sp\u00e5nskiva och metallram f\u00f6r styrka och tillf\u00f6rlitlighet<\/li>\n<li> M\u00e5ngsidigt anv\u00e4ndbar f\u00f6r entr\u00e9, sovrum, vardagsrum, hemmakontor och mer<\/li>\n<li> Enkel montering kr\u00e4vs<\/li>\n<\/ul>\n<p> Tekniska data:<\/p>\n<ul>\n<li> F\u00e4rg: Gr\u00e5<\/li>\n<li> Material: Sp\u00e5nskiva, Metall<\/li>\n<li> Totala dimensioner: 70B x 25T x 35,4H cm<\/li>\n<li> Hyllm\u00e5tt: 70B x 25T cm<\/li>\n<li> Maximal belastning: 3 kg (hylla), 0,5 kg (krok), 5,5 kg (totalt)<\/li>\n<\/ul>\n<p>Leveransinneh\u00e5ll:<\/p>\n<ul>\n<li> 1 x Kl\u00e4dh\u00e4ngare<\/li>\n<li> 1 x Handbok<\/li>\n<\/ul>\n","protected":false},"excerpt":{"rendered":"<p>\u00c4r din hall full av jackor och v\u00e4skor? I sm\u00e5 utrymmen r\u00e5der ofta kaos, vilket f\u00f6rsv\u00e5rar vardagen. Med TRUUSK v\u00e4ggkl\u00e4dh\u00e4ngaren&#8230;<\/p>\n","protected":false},"featured_media":85663,"template":"","meta":[],"product_brand":[],"product_cat":[893,871,560],"product_tag":[],"class_list":{"0":"post-85672","1":"product","2":"type-product","3":"status-publish","4":"has-post-thumbnail","6":"product_cat-garderob-hall","7":"product_cat-hus-hem","8":"product_cat-kladhangare","10":"first","11":"instock","12":"sale","13":"taxable","14":"shipping-taxable","15":"purchasable","16":"product-type-simple"},"yoast_head":"<!-- This site is optimized with the Yoast SEO plugin v25.4 - https:\/\/yoast.com\/wordpress\/plugins\/seo\/ -->\n<title>TRUUSK V\u00e4ggmonterad Kl\u00e4dh\u00e4ngare - 5 Kl\u00e4dkrokar - \u00d6vre Fack - M\u00e5ngsidig - Gr\u00e5 - TRUUSK - Hem, Tr\u00e4dg\u00e5rd &amp; Fritid<\/title>\n<meta name=\"robots\" content=\"index, follow, max-snippet:-1, max-image-preview:large, max-video-preview:-1\" \/>\n<link rel=\"canonical\" href=\"https:\/\/truusk.store\/sv\/produkt\/truusk-vaggmonterad-kladhangare-5-kladkrokar-ovre-fack-mangsidig-gra\/\" \/>\n<meta property=\"og:locale\" content=\"sv_SE\" \/>\n<meta property=\"og:type\" content=\"article\" \/>\n<meta property=\"og:title\" content=\"TRUUSK V\u00e4ggmonterad Kl\u00e4dh\u00e4ngare - 5 Kl\u00e4dkrokar - \u00d6vre Fack - M\u00e5ngsidig - Gr\u00e5 - TRUUSK - Hem, Tr\u00e4dg\u00e5rd &amp; Fritid\" \/>\n<meta property=\"og:description\" content=\"\u00c4r din hall full av jackor och v\u00e4skor? I sm\u00e5 utrymmen r\u00e5der ofta kaos, vilket f\u00f6rsv\u00e5rar vardagen. Med TRUUSK v\u00e4ggkl\u00e4dh\u00e4ngaren...\" \/>\n<meta property=\"og:url\" content=\"https:\/\/truusk.store\/sv\/produkt\/truusk-vaggmonterad-kladhangare-5-kladkrokar-ovre-fack-mangsidig-gra\/\" \/>\n<meta property=\"og:site_name\" content=\"TRUUSK - Hem, Tr\u00e4dg\u00e5rd &amp; Fritid\" \/>\n<meta property=\"article:modified_time\" content=\"2026-03-12T07:46:55+00:00\" \/>\n<meta property=\"og:image\" content=\"https:\/\/i0.wp.com\/truusk.se\/wp-content\/uploads\/2025\/08\/vaggmonterad-kladhangare-kladkrokar-5-krokar-ovre-fack-mangsidig-gra-1.webp?fit=2000%2C2000&ssl=1\" \/>\n\t<meta property=\"og:image:width\" content=\"2000\" \/>\n\t<meta property=\"og:image:height\" content=\"2000\" \/>\n\t<meta property=\"og:image:type\" content=\"image\/webp\" \/>\n<meta name=\"twitter:card\" content=\"summary_large_image\" \/>\n<meta name=\"twitter:label1\" content=\"Ber\u00e4knad l\u00e4stid\" \/>\n\t<meta name=\"twitter:data1\" content=\"1 minut\" \/>\n<!-- \/ Yoast SEO plugin. -->","yoast_head_json":{"title":"TRUUSK V\u00e4ggmonterad Kl\u00e4dh\u00e4ngare - 5 Kl\u00e4dkrokar - \u00d6vre Fack - M\u00e5ngsidig - Gr\u00e5 - TRUUSK - Hem, Tr\u00e4dg\u00e5rd &amp; Fritid","robots":{"index":"index","follow":"follow","max-snippet":"max-snippet:-1","max-image-preview":"max-image-preview:large","max-video-preview":"max-video-preview:-1"},"canonical":"https:\/\/truusk.store\/sv\/produkt\/truusk-vaggmonterad-kladhangare-5-kladkrokar-ovre-fack-mangsidig-gra\/","og_locale":"sv_SE","og_type":"article","og_title":"TRUUSK V\u00e4ggmonterad Kl\u00e4dh\u00e4ngare - 5 Kl\u00e4dkrokar - \u00d6vre Fack - M\u00e5ngsidig - Gr\u00e5 - TRUUSK - Hem, Tr\u00e4dg\u00e5rd &amp; Fritid","og_description":"\u00c4r din hall full av jackor och v\u00e4skor? I sm\u00e5 utrymmen r\u00e5der ofta kaos, vilket f\u00f6rsv\u00e5rar vardagen. Med TRUUSK v\u00e4ggkl\u00e4dh\u00e4ngaren...","og_url":"https:\/\/truusk.store\/sv\/produkt\/truusk-vaggmonterad-kladhangare-5-kladkrokar-ovre-fack-mangsidig-gra\/","og_site_name":"TRUUSK - Hem, Tr\u00e4dg\u00e5rd &amp; Fritid","article_modified_time":"2026-03-12T07:46:55+00:00","og_image":[{"width":2000,"height":2000,"url":"https:\/\/i0.wp.com\/truusk.se\/wp-content\/uploads\/2025\/08\/vaggmonterad-kladhangare-kladkrokar-5-krokar-ovre-fack-mangsidig-gra-1.webp?fit=2000%2C2000&ssl=1","type":"image\/webp"}],"twitter_card":"summary_large_image","twitter_misc":{"Ber\u00e4knad l\u00e4stid":"1 minut"},"schema":{"@context":"https:\/\/schema.org","@graph":[{"@type":"WebPage","@id":"https:\/\/truusk.store\/sv\/produkt\/truusk-vaggmonterad-kladhangare-5-kladkrokar-ovre-fack-mangsidig-gra\/","url":"https:\/\/truusk.store\/sv\/produkt\/truusk-vaggmonterad-kladhangare-5-kladkrokar-ovre-fack-mangsidig-gra\/","name":"TRUUSK V\u00e4ggmonterad Kl\u00e4dh\u00e4ngare - 5 Kl\u00e4dkrokar - \u00d6vre Fack - M\u00e5ngsidig - Gr\u00e5 - TRUUSK - Hem, Tr\u00e4dg\u00e5rd &amp; Fritid","isPartOf":{"@id":"https:\/\/truusk.store\/sv\/#website"},"primaryImageOfPage":{"@id":"https:\/\/truusk.store\/sv\/produkt\/truusk-vaggmonterad-kladhangare-5-kladkrokar-ovre-fack-mangsidig-gra\/#primaryimage"},"image":{"@id":"https:\/\/truusk.store\/sv\/produkt\/truusk-vaggmonterad-kladhangare-5-kladkrokar-ovre-fack-mangsidig-gra\/#primaryimage"},"thumbnailUrl":"https:\/\/i0.wp.com\/truusk.store\/wp-content\/uploads\/2025\/08\/vaggmonterad-kladhangare-kladkrokar-5-krokar-ovre-fack-mangsidig-gra-1.webp?fit=2000%2C2000&ssl=1","datePublished":"2025-08-06T12:38:31+00:00","dateModified":"2026-03-12T07:46:55+00:00","breadcrumb":{"@id":"https:\/\/truusk.store\/sv\/produkt\/truusk-vaggmonterad-kladhangare-5-kladkrokar-ovre-fack-mangsidig-gra\/#breadcrumb"},"inLanguage":"sv-SE","potentialAction":[{"@type":"ReadAction","target":["https:\/\/truusk.store\/sv\/produkt\/truusk-vaggmonterad-kladhangare-5-kladkrokar-ovre-fack-mangsidig-gra\/"]}]},{"@type":"ImageObject","inLanguage":"sv-SE","@id":"https:\/\/truusk.store\/sv\/produkt\/truusk-vaggmonterad-kladhangare-5-kladkrokar-ovre-fack-mangsidig-gra\/#primaryimage","url":"https:\/\/i0.wp.com\/truusk.store\/wp-content\/uploads\/2025\/08\/vaggmonterad-kladhangare-kladkrokar-5-krokar-ovre-fack-mangsidig-gra-1.webp?fit=2000%2C2000&ssl=1","contentUrl":"https:\/\/i0.wp.com\/truusk.store\/wp-content\/uploads\/2025\/08\/vaggmonterad-kladhangare-kladkrokar-5-krokar-ovre-fack-mangsidig-gra-1.webp?fit=2000%2C2000&ssl=1","width":2000,"height":2000},{"@type":"BreadcrumbList","@id":"https:\/\/truusk.store\/sv\/produkt\/truusk-vaggmonterad-kladhangare-5-kladkrokar-ovre-fack-mangsidig-gra\/#breadcrumb","itemListElement":[{"@type":"ListItem","position":1,"name":"Home","item":"https:\/\/truusk.store\/sv\/"},{"@type":"ListItem","position":2,"name":"Shop","item":"https:\/\/truusk.store\/shop\/"},{"@type":"ListItem","position":3,"name":"TRUUSK V\u00e4ggmonterad Kl\u00e4dh\u00e4ngare &#8211; 5 Kl\u00e4dkrokar &#8211; \u00d6vre Fack &#8211; M\u00e5ngsidig &#8211; Gr\u00e5"}]},{"@type":"WebSite","@id":"https:\/\/truusk.store\/sv\/#website","url":"https:\/\/truusk.store\/sv\/","name":"TRUUSK - Hem, Tr\u00e4dg\u00e5rd & Fritid","description":"","publisher":{"@id":"https:\/\/truusk.store\/sv\/#organization"},"potentialAction":[{"@type":"SearchAction","target":{"@type":"EntryPoint","urlTemplate":"https:\/\/truusk.store\/sv\/?s={search_term_string}"},"query-input":{"@type":"PropertyValueSpecification","valueRequired":true,"valueName":"search_term_string"}}],"inLanguage":"sv-SE"},{"@type":"Organization","@id":"https:\/\/truusk.store\/sv\/#organization","name":"TRUUSK - Hem, Tr\u00e4dg\u00e5rd & Fritid","url":"https:\/\/truusk.store\/sv\/","logo":{"@type":"ImageObject","inLanguage":"sv-SE","@id":"https:\/\/truusk.store\/sv\/#\/schema\/logo\/image\/","url":"https:\/\/i0.wp.com\/truusk.store\/wp-content\/uploads\/2026\/03\/cropped-TRUUSK.png?fit=2032%2C917&ssl=1","contentUrl":"https:\/\/i0.wp.com\/truusk.store\/wp-content\/uploads\/2026\/03\/cropped-TRUUSK.png?fit=2032%2C917&ssl=1","width":2032,"height":917,"caption":"TRUUSK - Hem, Tr\u00e4dg\u00e5rd & Fritid"},"image":{"@id":"https:\/\/truusk.store\/sv\/#\/schema\/logo\/image\/"}}]}},"jetpack_sharing_enabled":true,"_links":{"self":[{"href":"https:\/\/truusk.store\/sv\/wp-json\/wp\/v2\/product\/85672","targetHints":{"allow":["GET"]}}],"collection":[{"href":"https:\/\/truusk.store\/sv\/wp-json\/wp\/v2\/product"}],"about":[{"href":"https:\/\/truusk.store\/sv\/wp-json\/wp\/v2\/types\/product"}],"wp:featuredmedia":[{"embeddable":true,"href":"https:\/\/truusk.store\/sv\/wp-json\/wp\/v2\/media\/85663"}],"wp:attachment":[{"href":"https:\/\/truusk.store\/sv\/wp-json\/wp\/v2\/media?parent=85672"}],"wp:term":[{"taxonomy":"product_brand","embeddable":true,"href":"https:\/\/truusk.store\/sv\/wp-json\/wp\/v2\/product_brand?post=85672"},{"taxonomy":"product_cat","embeddable":true,"href":"https:\/\/truusk.store\/sv\/wp-json\/wp\/v2\/product_cat?post=85672"},{"taxonomy":"product_tag","embeddable":true,"href":"https:\/\/truusk.store\/sv\/wp-json\/wp\/v2\/product_tag?post=85672"}],"curies":[{"name":"wp","href":"https:\/\/api.w.org\/{rel}","templated":true}]}}