{"id":85702,"date":"2025-08-06T13:41:39","date_gmt":"2025-08-06T12:41:39","guid":{"rendered":"https:\/\/truusk.store\/product\/hopfallbart-datorbord-med-2-utdragbara-hyllor-mycket-utrymme-for-skarmar-metallben-robust-konstruktion-eksvart\/"},"modified":"2026-03-12T08:46:57","modified_gmt":"2026-03-12T07:46:57","slug":"truusk-hopfallbart-datorbord-2-utdragbara-hyllor-mycket-utrymme-metallben-robust-konstruktion-eksvart","status":"publish","type":"product","link":"https:\/\/truusk.store\/sv\/produkt\/truusk-hopfallbart-datorbord-2-utdragbara-hyllor-mycket-utrymme-metallben-robust-konstruktion-eksvart\/","title":{"rendered":"TRUUSK Hopf\u00e4llbart Datorbord &#8211; 2 Utdragbara Hyllor &#8211; Mycket Utrymme &#8211; Metallben &#8211; Robust Konstruktion &#8211; Ek+svart"},"content":{"rendered":"<p>Tack vare den anpassningsbara f\u00e4llbara designen p\u00e5 denna datorbord kan du enkelt v\u00e4xla mellan ett kompakt och ut\u00f6kat setup. Den rymliga arbetsytan erbjuder plats f\u00f6r tv\u00e5 sk\u00e4rmar och allt v\u00e4sentligt f\u00f6r effektiv multitasking. Kontorsbordet med tr\u00e4look och enkla metallben ger modern charm till dina rum och fr\u00e4mjar din kreativitet.<\/p>\n<p>Beskrivning:<\/p>\n<ul>\n<li> Tv\u00e5 f\u00e4llbara plattor justerar l\u00e4ngden till 170 cm, 135 cm eller 100 cm, f\u00f6r flexibel anv\u00e4ndning i alla rum<\/li>\n<li> Rymlig 170 x 58 cm stor bordsskiva erbjuder plats f\u00f6r tv\u00e5 sk\u00e4rmar och \u00f6kar arbets effektiviteten<\/li>\n<li> Modern tr\u00e4look och svarta ben passar in i alla heminredningar<\/li>\n<li> Robusta metallben med justerbara fotdynor p\u00e5 f\u00e4llbordet garanterar stabilitet p\u00e5 oj\u00e4mna golv<\/li>\n<li> Tipp-s\u00e4kringar \u00f6kar s\u00e4kerheten i daglig anv\u00e4ndning<\/li>\n<li> Melamin ytan p\u00e5 skrivbordet \u00e4r rept\u00e5lig och l\u00e4tt att reng\u00f6ra<\/li>\n<li> Enkel montering med tydliga instruktioner och m\u00e4rkta delar<\/li>\n<\/ul>\n<p> Tekniska data:<\/p>\n<ul>\n<li> F\u00e4rg: Ek+Svart<\/li>\n<li> Material: Sp\u00e5nskiva, Metall<\/li>\n<li> Totala dimensioner: 170B x 58D x 78H cm (fullt utvikt), 135B x 58D x 78H cm (en sida vikt), 100B x 58D x 78H cm (b\u00e5da sidor vikta)<\/li>\n<li> Skrivbordsh\u00f6jd fr\u00e5n golvet: 72 cm<\/li>\n<li> Kn\u00e4utrymmesstorlek: 96B x 72H cm<\/li>\n<li> Maximal belastning: 10 kg<\/li>\n<\/ul>\n<p>Leverans inneh\u00e5ller:<\/p>\n<ul>\n<li> 1 x Datorbord<\/li>\n<li> 1 x Handbok<\/li>\n<\/ul>\n","protected":false},"excerpt":{"rendered":"<p>Tack vare den anpassningsbara f\u00e4llbara designen p\u00e5 denna datorbord kan du enkelt v\u00e4xla mellan ett kompakt och ut\u00f6kat setup. Den&#8230;<\/p>\n","protected":false},"featured_media":85693,"template":"","meta":[],"product_brand":[],"product_cat":[872,871,502],"product_tag":[],"class_list":{"0":"post-85702","1":"product","2":"type-product","3":"status-publish","4":"has-post-thumbnail","6":"product_cat-hemmakontor-arbetsplats","7":"product_cat-hus-hem","8":"product_cat-skrivbord","10":"first","11":"instock","12":"sale","13":"taxable","14":"shipping-taxable","15":"purchasable","16":"product-type-simple"},"yoast_head":"<!-- This site is optimized with the Yoast SEO plugin v25.4 - https:\/\/yoast.com\/wordpress\/plugins\/seo\/ -->\n<title>TRUUSK Hopf\u00e4llbart Datorbord - 2 Utdragbara Hyllor - Mycket Utrymme - Metallben - Robust Konstruktion - Ek+svart - TRUUSK - Hem, Tr\u00e4dg\u00e5rd &amp; Fritid<\/title>\n<meta name=\"robots\" content=\"index, follow, max-snippet:-1, max-image-preview:large, max-video-preview:-1\" \/>\n<link rel=\"canonical\" href=\"https:\/\/truusk.store\/sv\/produkt\/truusk-hopfallbart-datorbord-2-utdragbara-hyllor-mycket-utrymme-metallben-robust-konstruktion-eksvart\/\" \/>\n<meta property=\"og:locale\" content=\"sv_SE\" \/>\n<meta property=\"og:type\" content=\"article\" \/>\n<meta property=\"og:title\" content=\"TRUUSK Hopf\u00e4llbart Datorbord - 2 Utdragbara Hyllor - Mycket Utrymme - Metallben - Robust Konstruktion - Ek+svart - TRUUSK - Hem, Tr\u00e4dg\u00e5rd &amp; Fritid\" \/>\n<meta property=\"og:description\" content=\"Tack vare den anpassningsbara f\u00e4llbara designen p\u00e5 denna datorbord kan du enkelt v\u00e4xla mellan ett kompakt och ut\u00f6kat setup. Den...\" \/>\n<meta property=\"og:url\" content=\"https:\/\/truusk.store\/sv\/produkt\/truusk-hopfallbart-datorbord-2-utdragbara-hyllor-mycket-utrymme-metallben-robust-konstruktion-eksvart\/\" \/>\n<meta property=\"og:site_name\" content=\"TRUUSK - Hem, Tr\u00e4dg\u00e5rd &amp; Fritid\" \/>\n<meta property=\"article:modified_time\" content=\"2026-03-12T07:46:57+00:00\" \/>\n<meta property=\"og:image\" content=\"https:\/\/i0.wp.com\/truusk.se\/wp-content\/uploads\/2025\/08\/hopfallbart-datorbord-med-2-utdragbara-hyllor-mycket-utrymme-for-skarmar-metallben-robust-konstruktion-eksvart-1.webp?fit=2000%2C2000&ssl=1\" \/>\n\t<meta property=\"og:image:width\" content=\"2000\" \/>\n\t<meta property=\"og:image:height\" content=\"2000\" \/>\n\t<meta property=\"og:image:type\" content=\"image\/webp\" \/>\n<meta name=\"twitter:card\" content=\"summary_large_image\" \/>\n<meta name=\"twitter:label1\" content=\"Ber\u00e4knad l\u00e4stid\" \/>\n\t<meta name=\"twitter:data1\" content=\"1 minut\" \/>\n<!-- \/ Yoast SEO plugin. -->","yoast_head_json":{"title":"TRUUSK Hopf\u00e4llbart Datorbord - 2 Utdragbara Hyllor - Mycket Utrymme - Metallben - Robust Konstruktion - Ek+svart - TRUUSK - Hem, Tr\u00e4dg\u00e5rd &amp; Fritid","robots":{"index":"index","follow":"follow","max-snippet":"max-snippet:-1","max-image-preview":"max-image-preview:large","max-video-preview":"max-video-preview:-1"},"canonical":"https:\/\/truusk.store\/sv\/produkt\/truusk-hopfallbart-datorbord-2-utdragbara-hyllor-mycket-utrymme-metallben-robust-konstruktion-eksvart\/","og_locale":"sv_SE","og_type":"article","og_title":"TRUUSK Hopf\u00e4llbart Datorbord - 2 Utdragbara Hyllor - Mycket Utrymme - Metallben - Robust Konstruktion - Ek+svart - TRUUSK - Hem, Tr\u00e4dg\u00e5rd &amp; Fritid","og_description":"Tack vare den anpassningsbara f\u00e4llbara designen p\u00e5 denna datorbord kan du enkelt v\u00e4xla mellan ett kompakt och ut\u00f6kat setup. Den...","og_url":"https:\/\/truusk.store\/sv\/produkt\/truusk-hopfallbart-datorbord-2-utdragbara-hyllor-mycket-utrymme-metallben-robust-konstruktion-eksvart\/","og_site_name":"TRUUSK - Hem, Tr\u00e4dg\u00e5rd &amp; Fritid","article_modified_time":"2026-03-12T07:46:57+00:00","og_image":[{"width":2000,"height":2000,"url":"https:\/\/i0.wp.com\/truusk.se\/wp-content\/uploads\/2025\/08\/hopfallbart-datorbord-med-2-utdragbara-hyllor-mycket-utrymme-for-skarmar-metallben-robust-konstruktion-eksvart-1.webp?fit=2000%2C2000&ssl=1","type":"image\/webp"}],"twitter_card":"summary_large_image","twitter_misc":{"Ber\u00e4knad l\u00e4stid":"1 minut"},"schema":{"@context":"https:\/\/schema.org","@graph":[{"@type":"WebPage","@id":"https:\/\/truusk.store\/sv\/produkt\/truusk-hopfallbart-datorbord-2-utdragbara-hyllor-mycket-utrymme-metallben-robust-konstruktion-eksvart\/","url":"https:\/\/truusk.store\/sv\/produkt\/truusk-hopfallbart-datorbord-2-utdragbara-hyllor-mycket-utrymme-metallben-robust-konstruktion-eksvart\/","name":"TRUUSK Hopf\u00e4llbart Datorbord - 2 Utdragbara Hyllor - Mycket Utrymme - Metallben - Robust Konstruktion - Ek+svart - TRUUSK - Hem, Tr\u00e4dg\u00e5rd &amp; Fritid","isPartOf":{"@id":"https:\/\/truusk.store\/sv\/#website"},"primaryImageOfPage":{"@id":"https:\/\/truusk.store\/sv\/produkt\/truusk-hopfallbart-datorbord-2-utdragbara-hyllor-mycket-utrymme-metallben-robust-konstruktion-eksvart\/#primaryimage"},"image":{"@id":"https:\/\/truusk.store\/sv\/produkt\/truusk-hopfallbart-datorbord-2-utdragbara-hyllor-mycket-utrymme-metallben-robust-konstruktion-eksvart\/#primaryimage"},"thumbnailUrl":"https:\/\/i0.wp.com\/truusk.store\/wp-content\/uploads\/2025\/08\/hopfallbart-datorbord-med-2-utdragbara-hyllor-mycket-utrymme-for-skarmar-metallben-robust-konstruktion-eksvart-1.webp?fit=2000%2C2000&ssl=1","datePublished":"2025-08-06T12:41:39+00:00","dateModified":"2026-03-12T07:46:57+00:00","breadcrumb":{"@id":"https:\/\/truusk.store\/sv\/produkt\/truusk-hopfallbart-datorbord-2-utdragbara-hyllor-mycket-utrymme-metallben-robust-konstruktion-eksvart\/#breadcrumb"},"inLanguage":"sv-SE","potentialAction":[{"@type":"ReadAction","target":["https:\/\/truusk.store\/sv\/produkt\/truusk-hopfallbart-datorbord-2-utdragbara-hyllor-mycket-utrymme-metallben-robust-konstruktion-eksvart\/"]}]},{"@type":"ImageObject","inLanguage":"sv-SE","@id":"https:\/\/truusk.store\/sv\/produkt\/truusk-hopfallbart-datorbord-2-utdragbara-hyllor-mycket-utrymme-metallben-robust-konstruktion-eksvart\/#primaryimage","url":"https:\/\/i0.wp.com\/truusk.store\/wp-content\/uploads\/2025\/08\/hopfallbart-datorbord-med-2-utdragbara-hyllor-mycket-utrymme-for-skarmar-metallben-robust-konstruktion-eksvart-1.webp?fit=2000%2C2000&ssl=1","contentUrl":"https:\/\/i0.wp.com\/truusk.store\/wp-content\/uploads\/2025\/08\/hopfallbart-datorbord-med-2-utdragbara-hyllor-mycket-utrymme-for-skarmar-metallben-robust-konstruktion-eksvart-1.webp?fit=2000%2C2000&ssl=1","width":2000,"height":2000},{"@type":"BreadcrumbList","@id":"https:\/\/truusk.store\/sv\/produkt\/truusk-hopfallbart-datorbord-2-utdragbara-hyllor-mycket-utrymme-metallben-robust-konstruktion-eksvart\/#breadcrumb","itemListElement":[{"@type":"ListItem","position":1,"name":"Home","item":"https:\/\/truusk.store\/sv\/"},{"@type":"ListItem","position":2,"name":"Shop","item":"https:\/\/truusk.store\/shop\/"},{"@type":"ListItem","position":3,"name":"TRUUSK Hopf\u00e4llbart Datorbord &#8211; 2 Utdragbara Hyllor &#8211; Mycket Utrymme &#8211; Metallben &#8211; Robust Konstruktion &#8211; Ek+svart"}]},{"@type":"WebSite","@id":"https:\/\/truusk.store\/sv\/#website","url":"https:\/\/truusk.store\/sv\/","name":"TRUUSK - Hem, Tr\u00e4dg\u00e5rd & Fritid","description":"","publisher":{"@id":"https:\/\/truusk.store\/sv\/#organization"},"potentialAction":[{"@type":"SearchAction","target":{"@type":"EntryPoint","urlTemplate":"https:\/\/truusk.store\/sv\/?s={search_term_string}"},"query-input":{"@type":"PropertyValueSpecification","valueRequired":true,"valueName":"search_term_string"}}],"inLanguage":"sv-SE"},{"@type":"Organization","@id":"https:\/\/truusk.store\/sv\/#organization","name":"TRUUSK - Hem, Tr\u00e4dg\u00e5rd & Fritid","url":"https:\/\/truusk.store\/sv\/","logo":{"@type":"ImageObject","inLanguage":"sv-SE","@id":"https:\/\/truusk.store\/sv\/#\/schema\/logo\/image\/","url":"https:\/\/i0.wp.com\/truusk.store\/wp-content\/uploads\/2026\/03\/cropped-TRUUSK.png?fit=2032%2C917&ssl=1","contentUrl":"https:\/\/i0.wp.com\/truusk.store\/wp-content\/uploads\/2026\/03\/cropped-TRUUSK.png?fit=2032%2C917&ssl=1","width":2032,"height":917,"caption":"TRUUSK - Hem, Tr\u00e4dg\u00e5rd & Fritid"},"image":{"@id":"https:\/\/truusk.store\/sv\/#\/schema\/logo\/image\/"}}]}},"jetpack_sharing_enabled":true,"_links":{"self":[{"href":"https:\/\/truusk.store\/sv\/wp-json\/wp\/v2\/product\/85702","targetHints":{"allow":["GET"]}}],"collection":[{"href":"https:\/\/truusk.store\/sv\/wp-json\/wp\/v2\/product"}],"about":[{"href":"https:\/\/truusk.store\/sv\/wp-json\/wp\/v2\/types\/product"}],"wp:featuredmedia":[{"embeddable":true,"href":"https:\/\/truusk.store\/sv\/wp-json\/wp\/v2\/media\/85693"}],"wp:attachment":[{"href":"https:\/\/truusk.store\/sv\/wp-json\/wp\/v2\/media?parent=85702"}],"wp:term":[{"taxonomy":"product_brand","embeddable":true,"href":"https:\/\/truusk.store\/sv\/wp-json\/wp\/v2\/product_brand?post=85702"},{"taxonomy":"product_cat","embeddable":true,"href":"https:\/\/truusk.store\/sv\/wp-json\/wp\/v2\/product_cat?post=85702"},{"taxonomy":"product_tag","embeddable":true,"href":"https:\/\/truusk.store\/sv\/wp-json\/wp\/v2\/product_tag?post=85702"}],"curies":[{"name":"wp","href":"https:\/\/api.w.org\/{rel}","templated":true}]}}