{"id":85722,"date":"2025-08-06T13:43:37","date_gmt":"2025-08-06T12:43:37","guid":{"rendered":"https:\/\/truusk.store\/product\/3-i-1-garderobsstallning-kladhangare-sittbank-skohylla-metall-spanskiva-svart\/"},"modified":"2026-03-12T08:46:58","modified_gmt":"2026-03-12T07:46:58","slug":"truusk-3-i-1-garderobsstallning-kladhangare-sittbank-skohylla-metall-spanskiva-svart","status":"publish","type":"product","link":"https:\/\/truusk.store\/sv\/produkt\/truusk-3-i-1-garderobsstallning-kladhangare-sittbank-skohylla-metall-spanskiva-svart\/","title":{"rendered":"TRUUSK 3-i-1 Garderobsst\u00e4llning &#8211; Kl\u00e4dh\u00e4ngare &#8211; Sittb\u00e4nk &#8211; Skohylla &#8211; Metall &#8211; Sp\u00e5nskiva &#8211; Svart"},"content":{"rendered":"<p>Med denna 3-i-1 halltr\u00e4d fr\u00e5n TRUUSK blir kl\u00e4dh\u00e4ngaren en barnlek. H\u00e4ng upp din kappa och v\u00e4ska p\u00e5 de stabila dubbelkrokarna efter en l\u00e5ng arbetsdag och s\u00e4tt dig p\u00e5 den bekv\u00e4ma b\u00e4nken f\u00f6r att lugnt ta av dig skorna. Under sittytan ser tv\u00e5 ventilerade gallerhyllor till att dina skor f\u00f6rvaras ordentligt och rent. Denna multifunktionella kl\u00e4dh\u00e4ngare g\u00f6r din entr\u00e9 \u00f6versk\u00e5dlig och inbjudande.<\/p>\n<p>Beskrivning:<\/p>\n<ul>\n<li> Denna 3-i-1 kl\u00e4dh\u00e4ngare h\u00e5ller din entr\u00e9 snygg och organiserad<\/li>\n<li> Sex dubbelkrokar p\u00e5 kl\u00e4dh\u00e4ngaren ger enkel tillg\u00e5ng till rockar, hattar och vardagliga n\u00f6dv\u00e4ndigheter<\/li>\n<li> Sitt bekv\u00e4mt medan du tar p\u00e5 eller av dig skorna. B\u00e4nken b\u00e4r upp till 110 kg<\/li>\n<li> Tv\u00e5 gallerhyllor h\u00e5ller dina skor ventilerade och synliga<\/li>\n<li> Den helt svarta strukturen med enkla linjer skapar en minimalistisk industriell stil<\/li>\n<li> Kippskydd och justerbara kuddar garanterar s\u00e4kerhet<\/li>\n<li> Enkel montering kr\u00e4vs<\/li>\n<\/ul>\n<p> Tekniska data:<\/p>\n<ul>\n<li> F\u00e4rg: Svart<\/li>\n<li> Material: Metall, sp\u00e5nskiva<\/li>\n<li> Totala dimensioner: 91B x 36T x 180H cm<\/li>\n<li> B\u00e4nkstorlek: 91B x 34H cm<\/li>\n<li> Skohyllstorlek: 85,5B x 36T x 17H cm<\/li>\n<li> Maximal belastning: 138 kg (totalt), 110 kg (b\u00e4nk), 5 kg (hylla), 3 kg (krok)<\/li>\n<\/ul>\n<p>Leveransinneh\u00e5ll:<\/p>\n<ul>\n<li> 1 x kl\u00e4dh\u00e4ngare<\/li>\n<li> 1 x handbok<\/li>\n<\/ul>\n","protected":false},"excerpt":{"rendered":"<p>Med denna 3-i-1 halltr\u00e4d fr\u00e5n TRUUSK blir kl\u00e4dh\u00e4ngaren en barnlek. H\u00e4ng upp din kappa och v\u00e4ska p\u00e5 de stabila dubbelkrokarna&#8230;<\/p>\n","protected":false},"featured_media":85713,"template":"","meta":[],"product_brand":[],"product_cat":[893,871,560],"product_tag":[],"class_list":{"0":"post-85722","1":"product","2":"type-product","3":"status-publish","4":"has-post-thumbnail","6":"product_cat-garderob-hall","7":"product_cat-hus-hem","8":"product_cat-kladhangare","10":"first","11":"instock","12":"sale","13":"taxable","14":"shipping-taxable","15":"purchasable","16":"product-type-simple"},"yoast_head":"<!-- This site is optimized with the Yoast SEO plugin v25.4 - https:\/\/yoast.com\/wordpress\/plugins\/seo\/ -->\n<title>TRUUSK 3-i-1 Garderobsst\u00e4llning - Kl\u00e4dh\u00e4ngare - Sittb\u00e4nk - Skohylla - Metall - Sp\u00e5nskiva - Svart - TRUUSK - Hem, Tr\u00e4dg\u00e5rd &amp; Fritid<\/title>\n<meta name=\"robots\" content=\"index, follow, max-snippet:-1, max-image-preview:large, max-video-preview:-1\" \/>\n<link rel=\"canonical\" href=\"https:\/\/truusk.store\/sv\/produkt\/truusk-3-i-1-garderobsstallning-kladhangare-sittbank-skohylla-metall-spanskiva-svart\/\" \/>\n<meta property=\"og:locale\" content=\"sv_SE\" \/>\n<meta property=\"og:type\" content=\"article\" \/>\n<meta property=\"og:title\" content=\"TRUUSK 3-i-1 Garderobsst\u00e4llning - Kl\u00e4dh\u00e4ngare - Sittb\u00e4nk - Skohylla - Metall - Sp\u00e5nskiva - Svart - TRUUSK - Hem, Tr\u00e4dg\u00e5rd &amp; Fritid\" \/>\n<meta property=\"og:description\" content=\"Med denna 3-i-1 halltr\u00e4d fr\u00e5n TRUUSK blir kl\u00e4dh\u00e4ngaren en barnlek. H\u00e4ng upp din kappa och v\u00e4ska p\u00e5 de stabila dubbelkrokarna...\" \/>\n<meta property=\"og:url\" content=\"https:\/\/truusk.store\/sv\/produkt\/truusk-3-i-1-garderobsstallning-kladhangare-sittbank-skohylla-metall-spanskiva-svart\/\" \/>\n<meta property=\"og:site_name\" content=\"TRUUSK - Hem, Tr\u00e4dg\u00e5rd &amp; Fritid\" \/>\n<meta property=\"article:modified_time\" content=\"2026-03-12T07:46:58+00:00\" \/>\n<meta property=\"og:image\" content=\"https:\/\/i0.wp.com\/truusk.se\/wp-content\/uploads\/2025\/08\/3-i-1-garderobsstallning-kladhangare-sittbank-skohylla-metall-spanskiva-svart-1.webp?fit=2000%2C2000&ssl=1\" \/>\n\t<meta property=\"og:image:width\" content=\"2000\" \/>\n\t<meta property=\"og:image:height\" content=\"2000\" \/>\n\t<meta property=\"og:image:type\" content=\"image\/webp\" \/>\n<meta name=\"twitter:card\" content=\"summary_large_image\" \/>\n<meta name=\"twitter:label1\" content=\"Ber\u00e4knad l\u00e4stid\" \/>\n\t<meta name=\"twitter:data1\" content=\"1 minut\" \/>\n<!-- \/ Yoast SEO plugin. -->","yoast_head_json":{"title":"TRUUSK 3-i-1 Garderobsst\u00e4llning - Kl\u00e4dh\u00e4ngare - Sittb\u00e4nk - Skohylla - Metall - Sp\u00e5nskiva - Svart - TRUUSK - Hem, Tr\u00e4dg\u00e5rd &amp; Fritid","robots":{"index":"index","follow":"follow","max-snippet":"max-snippet:-1","max-image-preview":"max-image-preview:large","max-video-preview":"max-video-preview:-1"},"canonical":"https:\/\/truusk.store\/sv\/produkt\/truusk-3-i-1-garderobsstallning-kladhangare-sittbank-skohylla-metall-spanskiva-svart\/","og_locale":"sv_SE","og_type":"article","og_title":"TRUUSK 3-i-1 Garderobsst\u00e4llning - Kl\u00e4dh\u00e4ngare - Sittb\u00e4nk - Skohylla - Metall - Sp\u00e5nskiva - Svart - TRUUSK - Hem, Tr\u00e4dg\u00e5rd &amp; Fritid","og_description":"Med denna 3-i-1 halltr\u00e4d fr\u00e5n TRUUSK blir kl\u00e4dh\u00e4ngaren en barnlek. H\u00e4ng upp din kappa och v\u00e4ska p\u00e5 de stabila dubbelkrokarna...","og_url":"https:\/\/truusk.store\/sv\/produkt\/truusk-3-i-1-garderobsstallning-kladhangare-sittbank-skohylla-metall-spanskiva-svart\/","og_site_name":"TRUUSK - Hem, Tr\u00e4dg\u00e5rd &amp; Fritid","article_modified_time":"2026-03-12T07:46:58+00:00","og_image":[{"width":2000,"height":2000,"url":"https:\/\/i0.wp.com\/truusk.se\/wp-content\/uploads\/2025\/08\/3-i-1-garderobsstallning-kladhangare-sittbank-skohylla-metall-spanskiva-svart-1.webp?fit=2000%2C2000&ssl=1","type":"image\/webp"}],"twitter_card":"summary_large_image","twitter_misc":{"Ber\u00e4knad l\u00e4stid":"1 minut"},"schema":{"@context":"https:\/\/schema.org","@graph":[{"@type":"WebPage","@id":"https:\/\/truusk.store\/sv\/produkt\/truusk-3-i-1-garderobsstallning-kladhangare-sittbank-skohylla-metall-spanskiva-svart\/","url":"https:\/\/truusk.store\/sv\/produkt\/truusk-3-i-1-garderobsstallning-kladhangare-sittbank-skohylla-metall-spanskiva-svart\/","name":"TRUUSK 3-i-1 Garderobsst\u00e4llning - Kl\u00e4dh\u00e4ngare - Sittb\u00e4nk - Skohylla - Metall - Sp\u00e5nskiva - Svart - TRUUSK - Hem, Tr\u00e4dg\u00e5rd &amp; Fritid","isPartOf":{"@id":"https:\/\/truusk.store\/sv\/#website"},"primaryImageOfPage":{"@id":"https:\/\/truusk.store\/sv\/produkt\/truusk-3-i-1-garderobsstallning-kladhangare-sittbank-skohylla-metall-spanskiva-svart\/#primaryimage"},"image":{"@id":"https:\/\/truusk.store\/sv\/produkt\/truusk-3-i-1-garderobsstallning-kladhangare-sittbank-skohylla-metall-spanskiva-svart\/#primaryimage"},"thumbnailUrl":"https:\/\/i0.wp.com\/truusk.store\/wp-content\/uploads\/2025\/08\/3-i-1-garderobsstallning-kladhangare-sittbank-skohylla-metall-spanskiva-svart-1.webp?fit=2000%2C2000&ssl=1","datePublished":"2025-08-06T12:43:37+00:00","dateModified":"2026-03-12T07:46:58+00:00","breadcrumb":{"@id":"https:\/\/truusk.store\/sv\/produkt\/truusk-3-i-1-garderobsstallning-kladhangare-sittbank-skohylla-metall-spanskiva-svart\/#breadcrumb"},"inLanguage":"sv-SE","potentialAction":[{"@type":"ReadAction","target":["https:\/\/truusk.store\/sv\/produkt\/truusk-3-i-1-garderobsstallning-kladhangare-sittbank-skohylla-metall-spanskiva-svart\/"]}]},{"@type":"ImageObject","inLanguage":"sv-SE","@id":"https:\/\/truusk.store\/sv\/produkt\/truusk-3-i-1-garderobsstallning-kladhangare-sittbank-skohylla-metall-spanskiva-svart\/#primaryimage","url":"https:\/\/i0.wp.com\/truusk.store\/wp-content\/uploads\/2025\/08\/3-i-1-garderobsstallning-kladhangare-sittbank-skohylla-metall-spanskiva-svart-1.webp?fit=2000%2C2000&ssl=1","contentUrl":"https:\/\/i0.wp.com\/truusk.store\/wp-content\/uploads\/2025\/08\/3-i-1-garderobsstallning-kladhangare-sittbank-skohylla-metall-spanskiva-svart-1.webp?fit=2000%2C2000&ssl=1","width":2000,"height":2000},{"@type":"BreadcrumbList","@id":"https:\/\/truusk.store\/sv\/produkt\/truusk-3-i-1-garderobsstallning-kladhangare-sittbank-skohylla-metall-spanskiva-svart\/#breadcrumb","itemListElement":[{"@type":"ListItem","position":1,"name":"Home","item":"https:\/\/truusk.store\/sv\/"},{"@type":"ListItem","position":2,"name":"Shop","item":"https:\/\/truusk.store\/shop\/"},{"@type":"ListItem","position":3,"name":"TRUUSK 3-i-1 Garderobsst\u00e4llning &#8211; Kl\u00e4dh\u00e4ngare &#8211; Sittb\u00e4nk &#8211; Skohylla &#8211; Metall &#8211; Sp\u00e5nskiva &#8211; Svart"}]},{"@type":"WebSite","@id":"https:\/\/truusk.store\/sv\/#website","url":"https:\/\/truusk.store\/sv\/","name":"TRUUSK - Hem, Tr\u00e4dg\u00e5rd & Fritid","description":"","publisher":{"@id":"https:\/\/truusk.store\/sv\/#organization"},"potentialAction":[{"@type":"SearchAction","target":{"@type":"EntryPoint","urlTemplate":"https:\/\/truusk.store\/sv\/?s={search_term_string}"},"query-input":{"@type":"PropertyValueSpecification","valueRequired":true,"valueName":"search_term_string"}}],"inLanguage":"sv-SE"},{"@type":"Organization","@id":"https:\/\/truusk.store\/sv\/#organization","name":"TRUUSK - Hem, Tr\u00e4dg\u00e5rd & Fritid","url":"https:\/\/truusk.store\/sv\/","logo":{"@type":"ImageObject","inLanguage":"sv-SE","@id":"https:\/\/truusk.store\/sv\/#\/schema\/logo\/image\/","url":"https:\/\/i0.wp.com\/truusk.store\/wp-content\/uploads\/2026\/03\/cropped-TRUUSK.png?fit=2032%2C917&ssl=1","contentUrl":"https:\/\/i0.wp.com\/truusk.store\/wp-content\/uploads\/2026\/03\/cropped-TRUUSK.png?fit=2032%2C917&ssl=1","width":2032,"height":917,"caption":"TRUUSK - Hem, Tr\u00e4dg\u00e5rd & Fritid"},"image":{"@id":"https:\/\/truusk.store\/sv\/#\/schema\/logo\/image\/"}}]}},"jetpack_sharing_enabled":true,"_links":{"self":[{"href":"https:\/\/truusk.store\/sv\/wp-json\/wp\/v2\/product\/85722","targetHints":{"allow":["GET"]}}],"collection":[{"href":"https:\/\/truusk.store\/sv\/wp-json\/wp\/v2\/product"}],"about":[{"href":"https:\/\/truusk.store\/sv\/wp-json\/wp\/v2\/types\/product"}],"wp:featuredmedia":[{"embeddable":true,"href":"https:\/\/truusk.store\/sv\/wp-json\/wp\/v2\/media\/85713"}],"wp:attachment":[{"href":"https:\/\/truusk.store\/sv\/wp-json\/wp\/v2\/media?parent=85722"}],"wp:term":[{"taxonomy":"product_brand","embeddable":true,"href":"https:\/\/truusk.store\/sv\/wp-json\/wp\/v2\/product_brand?post=85722"},{"taxonomy":"product_cat","embeddable":true,"href":"https:\/\/truusk.store\/sv\/wp-json\/wp\/v2\/product_cat?post=85722"},{"taxonomy":"product_tag","embeddable":true,"href":"https:\/\/truusk.store\/sv\/wp-json\/wp\/v2\/product_tag?post=85722"}],"curies":[{"name":"wp","href":"https:\/\/api.w.org\/{rel}","templated":true}]}}