{"id":85732,"date":"2025-08-06T13:44:28","date_gmt":"2025-08-06T12:44:28","guid":{"rendered":"https:\/\/truusk.store\/product\/4-niva-skohylla-hallhylla-for-upp-till-9-par-skor-spanskiva-metall-gra\/"},"modified":"2026-03-12T08:46:59","modified_gmt":"2026-03-12T07:46:59","slug":"truusk-4-niva-skohylla-for-9-par-skor-spanskiva-metall-gra","status":"publish","type":"product","link":"https:\/\/truusk.store\/sv\/produkt\/truusk-4-niva-skohylla-for-9-par-skor-spanskiva-metall-gra\/","title":{"rendered":"TRUUSK 4-niv\u00e5 Skohylla &#8211; F\u00f6r 9 Par Skor &#8211; Sp\u00e5nskiva &#8211; Metall &#8211; Gr\u00e5"},"content":{"rendered":"<p>Blir du vanligtvis v\u00e4lkomnad av en kaotisk entr\u00e9 med skor utspridda \u00f6verallt och saknade nycklar? TRUUSK skohylla skapar ordning och rymmer upp till nio par skor p\u00e5 tre niv\u00e5er. En praktisk l\u00e5da i skost\u00e4llet f\u00f6rvarar viktiga sm\u00e5saker som nycklar eller skov\u00e5rdsprodukter s\u00e4kert. F\u00f6rvandla din entr\u00e9 till en plats f\u00f6r effektiv ordning.<\/p>\n<p>Beskrivning:<\/p>\n<ul>\n<li> Det trestegs \u00f6ppna hyllan rymmer upp till nio par skor och skapar ordning i entr\u00e9n<\/li>\n<li> Den praktiska l\u00e5dan i skost\u00e4llet h\u00e5ller skotillbeh\u00f6r och sm\u00e5 f\u00f6rem\u00e5l snyggt organiserade och l\u00e4ttillg\u00e4ngliga<\/li>\n<li> Robust sp\u00e5nskiva och metallram garanterar l\u00e5ngvarig stabilitet och h\u00e5llbarhet<\/li>\n<li> Anti-tip set f\u00f6r extra s\u00e4kerhet<\/li>\n<li> Justerbara fotdynor p\u00e5 skohyllan ger stabilitet och skyddar dina golv fr\u00e5n repor<\/li>\n<li> Den industriella stilen kompletterar olika inredningsstilar utan anstr\u00e4ngning<\/li>\n<li> Montering kr\u00e4vs<\/li>\n<\/ul>\n<p> Tekniska data:<\/p>\n<ul>\n<li> F\u00e4rg: Gr\u00e5<\/li>\n<li> Material: Sp\u00e5nskiva, Metall<\/li>\n<li> Totala dimensioner: 70B x 30T x 87,6H cm<\/li>\n<li> Hyllstorlek: 66B x 30T x 17\/19,5\/19,5H cm<\/li>\n<li> Max skostorlek: EU 43<\/li>\n<li> Inre m\u00e5tt p\u00e5 l\u00e5dan: 58,8B x 23,6T x 6H cm<\/li>\n<li> Avst\u00e5nd till golvet: 10 cm<\/li>\n<li> Maximal belastning: 17 kg (totalt), 5 kg (\u00f6vre), 3 kg (l\u00e5da\/hylla)<\/li>\n<\/ul>\n<p>Leveransinneh\u00e5ll:<\/p>\n<ul>\n<li> 1 x Skohylla<\/li>\n<li> 1 x Bruksanvisning<\/li>\n<\/ul>\n","protected":false},"excerpt":{"rendered":"<p>Blir du vanligtvis v\u00e4lkomnad av en kaotisk entr\u00e9 med skor utspridda \u00f6verallt och saknade nycklar? TRUUSK skohylla skapar ordning och&#8230;<\/p>\n","protected":false},"featured_media":85723,"template":"","meta":[],"product_brand":[],"product_cat":[893,871,940],"product_tag":[],"class_list":{"0":"post-85732","1":"product","2":"type-product","3":"status-publish","4":"has-post-thumbnail","6":"product_cat-garderob-hall","7":"product_cat-hus-hem","8":"product_cat-skohyllor","10":"first","11":"instock","12":"sale","13":"taxable","14":"shipping-taxable","15":"purchasable","16":"product-type-simple"},"yoast_head":"<!-- This site is optimized with the Yoast SEO plugin v25.4 - https:\/\/yoast.com\/wordpress\/plugins\/seo\/ -->\n<title>TRUUSK 4-niv\u00e5 Skohylla - F\u00f6r 9 Par Skor - Sp\u00e5nskiva - Metall - Gr\u00e5 - TRUUSK - Hem, Tr\u00e4dg\u00e5rd &amp; Fritid<\/title>\n<meta name=\"robots\" content=\"index, follow, max-snippet:-1, max-image-preview:large, max-video-preview:-1\" \/>\n<link rel=\"canonical\" href=\"https:\/\/truusk.store\/sv\/produkt\/truusk-4-niva-skohylla-for-9-par-skor-spanskiva-metall-gra\/\" \/>\n<meta property=\"og:locale\" content=\"sv_SE\" \/>\n<meta property=\"og:type\" content=\"article\" \/>\n<meta property=\"og:title\" content=\"TRUUSK 4-niv\u00e5 Skohylla - F\u00f6r 9 Par Skor - Sp\u00e5nskiva - Metall - Gr\u00e5 - TRUUSK - Hem, Tr\u00e4dg\u00e5rd &amp; Fritid\" \/>\n<meta property=\"og:description\" content=\"Blir du vanligtvis v\u00e4lkomnad av en kaotisk entr\u00e9 med skor utspridda \u00f6verallt och saknade nycklar? TRUUSK skohylla skapar ordning och...\" \/>\n<meta property=\"og:url\" content=\"https:\/\/truusk.store\/sv\/produkt\/truusk-4-niva-skohylla-for-9-par-skor-spanskiva-metall-gra\/\" \/>\n<meta property=\"og:site_name\" content=\"TRUUSK - Hem, Tr\u00e4dg\u00e5rd &amp; Fritid\" \/>\n<meta property=\"article:modified_time\" content=\"2026-03-12T07:46:59+00:00\" \/>\n<meta property=\"og:image\" content=\"https:\/\/i0.wp.com\/truusk.se\/wp-content\/uploads\/2025\/08\/4-niva-skohylla-hallhylla-for-upp-till-9-par-skor-spanskiva-metall-gra-1.webp?fit=2000%2C2000&ssl=1\" \/>\n\t<meta property=\"og:image:width\" content=\"2000\" \/>\n\t<meta property=\"og:image:height\" content=\"2000\" \/>\n\t<meta property=\"og:image:type\" content=\"image\/webp\" \/>\n<meta name=\"twitter:card\" content=\"summary_large_image\" \/>\n<meta name=\"twitter:label1\" content=\"Ber\u00e4knad l\u00e4stid\" \/>\n\t<meta name=\"twitter:data1\" content=\"1 minut\" \/>\n<!-- \/ Yoast SEO plugin. -->","yoast_head_json":{"title":"TRUUSK 4-niv\u00e5 Skohylla - F\u00f6r 9 Par Skor - Sp\u00e5nskiva - Metall - Gr\u00e5 - TRUUSK - Hem, Tr\u00e4dg\u00e5rd &amp; Fritid","robots":{"index":"index","follow":"follow","max-snippet":"max-snippet:-1","max-image-preview":"max-image-preview:large","max-video-preview":"max-video-preview:-1"},"canonical":"https:\/\/truusk.store\/sv\/produkt\/truusk-4-niva-skohylla-for-9-par-skor-spanskiva-metall-gra\/","og_locale":"sv_SE","og_type":"article","og_title":"TRUUSK 4-niv\u00e5 Skohylla - F\u00f6r 9 Par Skor - Sp\u00e5nskiva - Metall - Gr\u00e5 - TRUUSK - Hem, Tr\u00e4dg\u00e5rd &amp; Fritid","og_description":"Blir du vanligtvis v\u00e4lkomnad av en kaotisk entr\u00e9 med skor utspridda \u00f6verallt och saknade nycklar? TRUUSK skohylla skapar ordning och...","og_url":"https:\/\/truusk.store\/sv\/produkt\/truusk-4-niva-skohylla-for-9-par-skor-spanskiva-metall-gra\/","og_site_name":"TRUUSK - Hem, Tr\u00e4dg\u00e5rd &amp; Fritid","article_modified_time":"2026-03-12T07:46:59+00:00","og_image":[{"width":2000,"height":2000,"url":"https:\/\/i0.wp.com\/truusk.se\/wp-content\/uploads\/2025\/08\/4-niva-skohylla-hallhylla-for-upp-till-9-par-skor-spanskiva-metall-gra-1.webp?fit=2000%2C2000&ssl=1","type":"image\/webp"}],"twitter_card":"summary_large_image","twitter_misc":{"Ber\u00e4knad l\u00e4stid":"1 minut"},"schema":{"@context":"https:\/\/schema.org","@graph":[{"@type":"WebPage","@id":"https:\/\/truusk.store\/sv\/produkt\/truusk-4-niva-skohylla-for-9-par-skor-spanskiva-metall-gra\/","url":"https:\/\/truusk.store\/sv\/produkt\/truusk-4-niva-skohylla-for-9-par-skor-spanskiva-metall-gra\/","name":"TRUUSK 4-niv\u00e5 Skohylla - F\u00f6r 9 Par Skor - Sp\u00e5nskiva - Metall - Gr\u00e5 - TRUUSK - Hem, Tr\u00e4dg\u00e5rd &amp; Fritid","isPartOf":{"@id":"https:\/\/truusk.store\/sv\/#website"},"primaryImageOfPage":{"@id":"https:\/\/truusk.store\/sv\/produkt\/truusk-4-niva-skohylla-for-9-par-skor-spanskiva-metall-gra\/#primaryimage"},"image":{"@id":"https:\/\/truusk.store\/sv\/produkt\/truusk-4-niva-skohylla-for-9-par-skor-spanskiva-metall-gra\/#primaryimage"},"thumbnailUrl":"https:\/\/i0.wp.com\/truusk.store\/wp-content\/uploads\/2025\/08\/4-niva-skohylla-hallhylla-for-upp-till-9-par-skor-spanskiva-metall-gra-1.webp?fit=2000%2C2000&ssl=1","datePublished":"2025-08-06T12:44:28+00:00","dateModified":"2026-03-12T07:46:59+00:00","breadcrumb":{"@id":"https:\/\/truusk.store\/sv\/produkt\/truusk-4-niva-skohylla-for-9-par-skor-spanskiva-metall-gra\/#breadcrumb"},"inLanguage":"sv-SE","potentialAction":[{"@type":"ReadAction","target":["https:\/\/truusk.store\/sv\/produkt\/truusk-4-niva-skohylla-for-9-par-skor-spanskiva-metall-gra\/"]}]},{"@type":"ImageObject","inLanguage":"sv-SE","@id":"https:\/\/truusk.store\/sv\/produkt\/truusk-4-niva-skohylla-for-9-par-skor-spanskiva-metall-gra\/#primaryimage","url":"https:\/\/i0.wp.com\/truusk.store\/wp-content\/uploads\/2025\/08\/4-niva-skohylla-hallhylla-for-upp-till-9-par-skor-spanskiva-metall-gra-1.webp?fit=2000%2C2000&ssl=1","contentUrl":"https:\/\/i0.wp.com\/truusk.store\/wp-content\/uploads\/2025\/08\/4-niva-skohylla-hallhylla-for-upp-till-9-par-skor-spanskiva-metall-gra-1.webp?fit=2000%2C2000&ssl=1","width":2000,"height":2000},{"@type":"BreadcrumbList","@id":"https:\/\/truusk.store\/sv\/produkt\/truusk-4-niva-skohylla-for-9-par-skor-spanskiva-metall-gra\/#breadcrumb","itemListElement":[{"@type":"ListItem","position":1,"name":"Home","item":"https:\/\/truusk.store\/sv\/"},{"@type":"ListItem","position":2,"name":"Shop","item":"https:\/\/truusk.store\/shop\/"},{"@type":"ListItem","position":3,"name":"TRUUSK 4-niv\u00e5 Skohylla &#8211; F\u00f6r 9 Par Skor &#8211; Sp\u00e5nskiva &#8211; Metall &#8211; Gr\u00e5"}]},{"@type":"WebSite","@id":"https:\/\/truusk.store\/sv\/#website","url":"https:\/\/truusk.store\/sv\/","name":"TRUUSK - Hem, Tr\u00e4dg\u00e5rd & Fritid","description":"","publisher":{"@id":"https:\/\/truusk.store\/sv\/#organization"},"potentialAction":[{"@type":"SearchAction","target":{"@type":"EntryPoint","urlTemplate":"https:\/\/truusk.store\/sv\/?s={search_term_string}"},"query-input":{"@type":"PropertyValueSpecification","valueRequired":true,"valueName":"search_term_string"}}],"inLanguage":"sv-SE"},{"@type":"Organization","@id":"https:\/\/truusk.store\/sv\/#organization","name":"TRUUSK - Hem, Tr\u00e4dg\u00e5rd & Fritid","url":"https:\/\/truusk.store\/sv\/","logo":{"@type":"ImageObject","inLanguage":"sv-SE","@id":"https:\/\/truusk.store\/sv\/#\/schema\/logo\/image\/","url":"https:\/\/i0.wp.com\/truusk.store\/wp-content\/uploads\/2026\/03\/cropped-TRUUSK.png?fit=2032%2C917&ssl=1","contentUrl":"https:\/\/i0.wp.com\/truusk.store\/wp-content\/uploads\/2026\/03\/cropped-TRUUSK.png?fit=2032%2C917&ssl=1","width":2032,"height":917,"caption":"TRUUSK - Hem, Tr\u00e4dg\u00e5rd & Fritid"},"image":{"@id":"https:\/\/truusk.store\/sv\/#\/schema\/logo\/image\/"}}]}},"jetpack_sharing_enabled":true,"_links":{"self":[{"href":"https:\/\/truusk.store\/sv\/wp-json\/wp\/v2\/product\/85732","targetHints":{"allow":["GET"]}}],"collection":[{"href":"https:\/\/truusk.store\/sv\/wp-json\/wp\/v2\/product"}],"about":[{"href":"https:\/\/truusk.store\/sv\/wp-json\/wp\/v2\/types\/product"}],"wp:featuredmedia":[{"embeddable":true,"href":"https:\/\/truusk.store\/sv\/wp-json\/wp\/v2\/media\/85723"}],"wp:attachment":[{"href":"https:\/\/truusk.store\/sv\/wp-json\/wp\/v2\/media?parent=85732"}],"wp:term":[{"taxonomy":"product_brand","embeddable":true,"href":"https:\/\/truusk.store\/sv\/wp-json\/wp\/v2\/product_brand?post=85732"},{"taxonomy":"product_cat","embeddable":true,"href":"https:\/\/truusk.store\/sv\/wp-json\/wp\/v2\/product_cat?post=85732"},{"taxonomy":"product_tag","embeddable":true,"href":"https:\/\/truusk.store\/sv\/wp-json\/wp\/v2\/product_tag?post=85732"}],"curies":[{"name":"wp","href":"https:\/\/api.w.org\/{rel}","templated":true}]}}