{"id":85742,"date":"2025-08-06T13:45:39","date_gmt":"2025-08-06T12:45:39","guid":{"rendered":"https:\/\/truusk.store\/product\/rullbar-talarstallning-talarstol-med-fallbara-sidovingar-laptopbord-med-lada-och-hyllor-ekutseende\/"},"modified":"2026-03-12T08:46:59","modified_gmt":"2026-03-12T07:46:59","slug":"truusk-rullbar-talarstallning-med-fallbara-sidovingar-laptopbord-med-lada-och-hyllor-ekutseende","status":"publish","type":"product","link":"https:\/\/truusk.store\/sv\/produkt\/truusk-rullbar-talarstallning-med-fallbara-sidovingar-laptopbord-med-lada-och-hyllor-ekutseende\/","title":{"rendered":"TRUUSK Rullbar Talarst\u00e4llning &#8211; Med F\u00e4llbara Sidovingar &#8211; Laptopbord Med L\u00e5da och Hyllor &#8211; Ekutseende"},"content":{"rendered":"<p>G\u00f6r din arbetsdag mer effektiv med TRUUSK-talarstolen. Idealisk f\u00f6r l\u00e4sning, ritning eller presentation, h\u00e5ller den 7-faldigt justerbara ytan din b\u00e4rbara dator optimalt p\u00e5 plats. Vid behov kan du ut\u00f6ka sidoytorna f\u00f6r mer utrymme och enkelt f\u00e4lla ihop dem efter anv\u00e4ndning. Inbyggda f\u00f6rvaringsm\u00f6jligheter i talarstolen f\u00f6r anteckningar, pennor och verktyg h\u00e5ller allt viktigt inom r\u00e4ckh\u00e5ll.<\/p>\n<p>Beskrivning:<\/p>\n<ul>\n<li> Justerbar l\u00e4ngd p\u00e5 talarstolen med tv\u00e5 f\u00e4llbara vingar &#8211; ut\u00f6ka eller minska ditt arbetsomr\u00e5de p\u00e5 sekunder<\/li>\n<li> Hitta din perfekta vinkel med en 7-stegs lutande yta och s\u00e4ker stopplist<\/li>\n<li> Praktiskt f\u00f6rvaringsutrymme med en l\u00e4ttglidande l\u00e5da och tv\u00e5 \u00f6ppna hyllor f\u00f6r snabb \u00e5tkomst<\/li>\n<li> L\u00e4tt att flytta med tv\u00e5 universella hjul, stabil med fasta ben och halkfria kuddar<\/li>\n<li> Tillf\u00f6rlitlig sp\u00e5nskiva och metallram p\u00e5 talarstolen, designad f\u00f6r daglig anv\u00e4ndning<\/li>\n<li> Montering kr\u00e4vs<\/li>\n<\/ul>\n<p> Tekniska data:<\/p>\n<ul>\n<li> F\u00e4rg: Ek<\/li>\n<li> Material: Sp\u00e5nskiva, Metall<\/li>\n<li> Totala dimensioner: 126B x 37D x 109,5\/136H cm (fullt utvikt), 85,8B x 37D x 109,5\/136H cm (en sida inf\u00e4lld), 45,5B x 37D x 109,5\/136H cm (b\u00e5da sidor inf\u00e4llda)<\/li>\n<li> Lutande yta storlek: 60B x 40D cm<\/li>\n<li> Inre l\u00e5dm\u00e5tt: 32B x 28,5D x 6,5H cm<\/li>\n<li> \u00d6ppen fackstorlek: 37L x 33B x 36H cm<\/li>\n<li> Maximal belastning: 22 kg (totalt), 6 kg (f\u00e4llbara ytor), 5 kg (fack), 3 kg (lutande yta\/l\u00e5da)<\/li>\n<\/ul>\n<p>Leveransinneh\u00e5ll:<\/p>\n<ul>\n<li> 1 x Podiumst\u00e4ll<\/li>\n<li> 1 x Handbok<\/li>\n<\/ul>\n","protected":false},"excerpt":{"rendered":"<p>G\u00f6r din arbetsdag mer effektiv med TRUUSK-talarstolen. Idealisk f\u00f6r l\u00e4sning, ritning eller presentation, h\u00e5ller den 7-faldigt justerbara ytan din b\u00e4rbara&#8230;<\/p>\n","protected":false},"featured_media":85733,"template":"","meta":[],"product_brand":[],"product_cat":[936,872,502],"product_tag":[],"class_list":{"0":"post-85742","1":"product","2":"type-product","3":"status-publish","4":"has-post-thumbnail","6":"product_cat-hem-boende","7":"product_cat-hemmakontor-arbetsplats","8":"product_cat-skrivbord","10":"first","11":"instock","12":"sale","13":"taxable","14":"shipping-taxable","15":"purchasable","16":"product-type-simple"},"yoast_head":"<!-- This site is optimized with the Yoast SEO plugin v25.4 - https:\/\/yoast.com\/wordpress\/plugins\/seo\/ -->\n<title>TRUUSK Rullbar Talarst\u00e4llning - Med F\u00e4llbara Sidovingar - Laptopbord Med L\u00e5da och Hyllor - Ekutseende - TRUUSK - Hem, Tr\u00e4dg\u00e5rd &amp; Fritid<\/title>\n<meta name=\"robots\" content=\"index, follow, max-snippet:-1, max-image-preview:large, max-video-preview:-1\" \/>\n<link rel=\"canonical\" href=\"https:\/\/truusk.store\/sv\/produkt\/truusk-rullbar-talarstallning-med-fallbara-sidovingar-laptopbord-med-lada-och-hyllor-ekutseende\/\" \/>\n<meta property=\"og:locale\" content=\"sv_SE\" \/>\n<meta property=\"og:type\" content=\"article\" \/>\n<meta property=\"og:title\" content=\"TRUUSK Rullbar Talarst\u00e4llning - Med F\u00e4llbara Sidovingar - Laptopbord Med L\u00e5da och Hyllor - Ekutseende - TRUUSK - Hem, Tr\u00e4dg\u00e5rd &amp; Fritid\" \/>\n<meta property=\"og:description\" content=\"G\u00f6r din arbetsdag mer effektiv med TRUUSK-talarstolen. Idealisk f\u00f6r l\u00e4sning, ritning eller presentation, h\u00e5ller den 7-faldigt justerbara ytan din b\u00e4rbara...\" \/>\n<meta property=\"og:url\" content=\"https:\/\/truusk.store\/sv\/produkt\/truusk-rullbar-talarstallning-med-fallbara-sidovingar-laptopbord-med-lada-och-hyllor-ekutseende\/\" \/>\n<meta property=\"og:site_name\" content=\"TRUUSK - Hem, Tr\u00e4dg\u00e5rd &amp; Fritid\" \/>\n<meta property=\"article:modified_time\" content=\"2026-03-12T07:46:59+00:00\" \/>\n<meta property=\"og:image\" content=\"https:\/\/i0.wp.com\/truusk.se\/wp-content\/uploads\/2025\/08\/rullbar-talarstallning-talarstol-med-fallbara-sidovingar-laptopbord-med-lada-och-hyllor-ekutseende-1.webp?fit=2000%2C2000&ssl=1\" \/>\n\t<meta property=\"og:image:width\" content=\"2000\" \/>\n\t<meta property=\"og:image:height\" content=\"2000\" \/>\n\t<meta property=\"og:image:type\" content=\"image\/webp\" \/>\n<meta name=\"twitter:card\" content=\"summary_large_image\" \/>\n<meta name=\"twitter:label1\" content=\"Ber\u00e4knad l\u00e4stid\" \/>\n\t<meta name=\"twitter:data1\" content=\"1 minut\" \/>\n<!-- \/ Yoast SEO plugin. -->","yoast_head_json":{"title":"TRUUSK Rullbar Talarst\u00e4llning - Med F\u00e4llbara Sidovingar - Laptopbord Med L\u00e5da och Hyllor - Ekutseende - TRUUSK - Hem, Tr\u00e4dg\u00e5rd &amp; Fritid","robots":{"index":"index","follow":"follow","max-snippet":"max-snippet:-1","max-image-preview":"max-image-preview:large","max-video-preview":"max-video-preview:-1"},"canonical":"https:\/\/truusk.store\/sv\/produkt\/truusk-rullbar-talarstallning-med-fallbara-sidovingar-laptopbord-med-lada-och-hyllor-ekutseende\/","og_locale":"sv_SE","og_type":"article","og_title":"TRUUSK Rullbar Talarst\u00e4llning - Med F\u00e4llbara Sidovingar - Laptopbord Med L\u00e5da och Hyllor - Ekutseende - TRUUSK - Hem, Tr\u00e4dg\u00e5rd &amp; Fritid","og_description":"G\u00f6r din arbetsdag mer effektiv med TRUUSK-talarstolen. Idealisk f\u00f6r l\u00e4sning, ritning eller presentation, h\u00e5ller den 7-faldigt justerbara ytan din b\u00e4rbara...","og_url":"https:\/\/truusk.store\/sv\/produkt\/truusk-rullbar-talarstallning-med-fallbara-sidovingar-laptopbord-med-lada-och-hyllor-ekutseende\/","og_site_name":"TRUUSK - Hem, Tr\u00e4dg\u00e5rd &amp; Fritid","article_modified_time":"2026-03-12T07:46:59+00:00","og_image":[{"width":2000,"height":2000,"url":"https:\/\/i0.wp.com\/truusk.se\/wp-content\/uploads\/2025\/08\/rullbar-talarstallning-talarstol-med-fallbara-sidovingar-laptopbord-med-lada-och-hyllor-ekutseende-1.webp?fit=2000%2C2000&ssl=1","type":"image\/webp"}],"twitter_card":"summary_large_image","twitter_misc":{"Ber\u00e4knad l\u00e4stid":"1 minut"},"schema":{"@context":"https:\/\/schema.org","@graph":[{"@type":"WebPage","@id":"https:\/\/truusk.store\/sv\/produkt\/truusk-rullbar-talarstallning-med-fallbara-sidovingar-laptopbord-med-lada-och-hyllor-ekutseende\/","url":"https:\/\/truusk.store\/sv\/produkt\/truusk-rullbar-talarstallning-med-fallbara-sidovingar-laptopbord-med-lada-och-hyllor-ekutseende\/","name":"TRUUSK Rullbar Talarst\u00e4llning - Med F\u00e4llbara Sidovingar - Laptopbord Med L\u00e5da och Hyllor - Ekutseende - TRUUSK - Hem, Tr\u00e4dg\u00e5rd &amp; Fritid","isPartOf":{"@id":"https:\/\/truusk.store\/sv\/#website"},"primaryImageOfPage":{"@id":"https:\/\/truusk.store\/sv\/produkt\/truusk-rullbar-talarstallning-med-fallbara-sidovingar-laptopbord-med-lada-och-hyllor-ekutseende\/#primaryimage"},"image":{"@id":"https:\/\/truusk.store\/sv\/produkt\/truusk-rullbar-talarstallning-med-fallbara-sidovingar-laptopbord-med-lada-och-hyllor-ekutseende\/#primaryimage"},"thumbnailUrl":"https:\/\/i0.wp.com\/truusk.store\/wp-content\/uploads\/2025\/08\/rullbar-talarstallning-talarstol-med-fallbara-sidovingar-laptopbord-med-lada-och-hyllor-ekutseende-1.webp?fit=2000%2C2000&ssl=1","datePublished":"2025-08-06T12:45:39+00:00","dateModified":"2026-03-12T07:46:59+00:00","breadcrumb":{"@id":"https:\/\/truusk.store\/sv\/produkt\/truusk-rullbar-talarstallning-med-fallbara-sidovingar-laptopbord-med-lada-och-hyllor-ekutseende\/#breadcrumb"},"inLanguage":"sv-SE","potentialAction":[{"@type":"ReadAction","target":["https:\/\/truusk.store\/sv\/produkt\/truusk-rullbar-talarstallning-med-fallbara-sidovingar-laptopbord-med-lada-och-hyllor-ekutseende\/"]}]},{"@type":"ImageObject","inLanguage":"sv-SE","@id":"https:\/\/truusk.store\/sv\/produkt\/truusk-rullbar-talarstallning-med-fallbara-sidovingar-laptopbord-med-lada-och-hyllor-ekutseende\/#primaryimage","url":"https:\/\/i0.wp.com\/truusk.store\/wp-content\/uploads\/2025\/08\/rullbar-talarstallning-talarstol-med-fallbara-sidovingar-laptopbord-med-lada-och-hyllor-ekutseende-1.webp?fit=2000%2C2000&ssl=1","contentUrl":"https:\/\/i0.wp.com\/truusk.store\/wp-content\/uploads\/2025\/08\/rullbar-talarstallning-talarstol-med-fallbara-sidovingar-laptopbord-med-lada-och-hyllor-ekutseende-1.webp?fit=2000%2C2000&ssl=1","width":2000,"height":2000},{"@type":"BreadcrumbList","@id":"https:\/\/truusk.store\/sv\/produkt\/truusk-rullbar-talarstallning-med-fallbara-sidovingar-laptopbord-med-lada-och-hyllor-ekutseende\/#breadcrumb","itemListElement":[{"@type":"ListItem","position":1,"name":"Home","item":"https:\/\/truusk.store\/sv\/"},{"@type":"ListItem","position":2,"name":"Shop","item":"https:\/\/truusk.store\/shop\/"},{"@type":"ListItem","position":3,"name":"TRUUSK Rullbar Talarst\u00e4llning &#8211; Med F\u00e4llbara Sidovingar &#8211; Laptopbord Med L\u00e5da och Hyllor &#8211; Ekutseende"}]},{"@type":"WebSite","@id":"https:\/\/truusk.store\/sv\/#website","url":"https:\/\/truusk.store\/sv\/","name":"TRUUSK - Hem, Tr\u00e4dg\u00e5rd & Fritid","description":"","publisher":{"@id":"https:\/\/truusk.store\/sv\/#organization"},"potentialAction":[{"@type":"SearchAction","target":{"@type":"EntryPoint","urlTemplate":"https:\/\/truusk.store\/sv\/?s={search_term_string}"},"query-input":{"@type":"PropertyValueSpecification","valueRequired":true,"valueName":"search_term_string"}}],"inLanguage":"sv-SE"},{"@type":"Organization","@id":"https:\/\/truusk.store\/sv\/#organization","name":"TRUUSK - Hem, Tr\u00e4dg\u00e5rd & Fritid","url":"https:\/\/truusk.store\/sv\/","logo":{"@type":"ImageObject","inLanguage":"sv-SE","@id":"https:\/\/truusk.store\/sv\/#\/schema\/logo\/image\/","url":"https:\/\/i0.wp.com\/truusk.store\/wp-content\/uploads\/2026\/03\/cropped-TRUUSK.png?fit=2032%2C917&ssl=1","contentUrl":"https:\/\/i0.wp.com\/truusk.store\/wp-content\/uploads\/2026\/03\/cropped-TRUUSK.png?fit=2032%2C917&ssl=1","width":2032,"height":917,"caption":"TRUUSK - Hem, Tr\u00e4dg\u00e5rd & Fritid"},"image":{"@id":"https:\/\/truusk.store\/sv\/#\/schema\/logo\/image\/"}}]}},"jetpack_sharing_enabled":true,"_links":{"self":[{"href":"https:\/\/truusk.store\/sv\/wp-json\/wp\/v2\/product\/85742","targetHints":{"allow":["GET"]}}],"collection":[{"href":"https:\/\/truusk.store\/sv\/wp-json\/wp\/v2\/product"}],"about":[{"href":"https:\/\/truusk.store\/sv\/wp-json\/wp\/v2\/types\/product"}],"wp:featuredmedia":[{"embeddable":true,"href":"https:\/\/truusk.store\/sv\/wp-json\/wp\/v2\/media\/85733"}],"wp:attachment":[{"href":"https:\/\/truusk.store\/sv\/wp-json\/wp\/v2\/media?parent=85742"}],"wp:term":[{"taxonomy":"product_brand","embeddable":true,"href":"https:\/\/truusk.store\/sv\/wp-json\/wp\/v2\/product_brand?post=85742"},{"taxonomy":"product_cat","embeddable":true,"href":"https:\/\/truusk.store\/sv\/wp-json\/wp\/v2\/product_cat?post=85742"},{"taxonomy":"product_tag","embeddable":true,"href":"https:\/\/truusk.store\/sv\/wp-json\/wp\/v2\/product_tag?post=85742"}],"curies":[{"name":"wp","href":"https:\/\/api.w.org\/{rel}","templated":true}]}}