{"id":85752,"date":"2025-08-06T13:46:33","date_gmt":"2025-08-06T12:46:33","guid":{"rendered":"https:\/\/truusk.store\/product\/kokshylla-hojdjusterbar-staende-hylla-med-2-korgar-kaffebaren-40-x-30-x-335-42-cm\/"},"modified":"2026-03-12T08:47:00","modified_gmt":"2026-03-12T07:47:00","slug":"truusk-kokshylla-justerbar-hojd-2-korgar-kaffebaren-40-x-30-x-335-42-cm","status":"publish","type":"product","link":"https:\/\/truusk.store\/sv\/produkt\/truusk-kokshylla-justerbar-hojd-2-korgar-kaffebaren-40-x-30-x-335-42-cm\/","title":{"rendered":"TRUUSK K\u00f6kshylla &#8211; Justerbar h\u00f6jd &#8211; 2 korgar &#8211; Kaffebaren &#8211; 40 x 30 x 33,5-42 cm"},"content":{"rendered":"<p>Har du problem med \u00f6verfulla arbetsytor och begr\u00e4nsat utrymme? K\u00f6kshyllan fr\u00e5n TRUUSK erbjuder en smart, utrymmesbesparande l\u00f6sning. Tack vare dess justerbara h\u00f6jd anpassar den sig till olika inredningsalternativ, medan tv\u00e5 utdragbara korgar h\u00e5ller ordning p\u00e5 kryddor, k\u00f6ksredskap och reng\u00f6ringsmedel. Med sin robusta metallram h\u00e5ller den upp till 6 kg vikt utan att b\u00f6ja sig, vilket ger l\u00e5ngvarig stabilitet och ett mer organiserat, effektivt k\u00f6k.<\/p>\n<p>Beskrivning:<\/p>\n<ul>\n<li> Tre-stegs justerbar h\u00f6jd fr\u00e5n 33,5-42 cm f\u00f6r olika behov<\/li>\n<li> Tv\u00e5 utdragbara korgar i hyllan h\u00e5ller ordning, minskar r\u00f6ra och f\u00f6rvirring<\/li>\n<li> Robust metallram med pulverlack \u00e4r rostbest\u00e4ndig och h\u00e5llbar<\/li>\n<li> Sugkoppar p\u00e5 hyllan f\u00f6rb\u00e4ttrar greppet och stabiliteten vid daglig anv\u00e4ndning<\/li>\n<li> Denna bagerihylla passar f\u00f6r k\u00f6k, badrum, arbetsrum eller balkonger<\/li>\n<li> Montering kr\u00e4vs<\/li>\n<\/ul>\n<p> Tekniska data:<\/p>\n<ul>\n<li> F\u00e4rg: Svart<\/li>\n<li> Material: Metall, plast<\/li>\n<li> Totala dimensioner: 40L x 30B x 33,5-42H cm<\/li>\n<li> Storlek p\u00e5 \u00f6vre korgen: 39L x 16B x 4,5H cm<\/li>\n<li> Storlek p\u00e5 nedre korgen: 40L x 28B x 6H cm<\/li>\n<li> Skikth\u00f6jd: 27-35 cm<\/li>\n<li> Maximal belastning: 3 kg (per skikt), 6 kg (totalt)<\/li>\n<\/ul>\n<p>Leveransinneh\u00e5ll:<\/p>\n<ul>\n<li> 1 x K\u00f6kshylla<\/li>\n<li> 1 x Bruksanvisning<\/li>\n<\/ul>\n","protected":false},"excerpt":{"rendered":"<p>Har du problem med \u00f6verfulla arbetsytor och begr\u00e4nsat utrymme? K\u00f6kshyllan fr\u00e5n TRUUSK erbjuder en smart, utrymmesbesparande l\u00f6sning. Tack vare dess&#8230;<\/p>\n","protected":false},"featured_media":85743,"template":"","meta":[],"product_brand":[],"product_cat":[871,889,534],"product_tag":[],"class_list":{"0":"post-85752","1":"product","2":"type-product","3":"status-publish","4":"has-post-thumbnail","6":"product_cat-hus-hem","7":"product_cat-kok-matsal","8":"product_cat-koksskap","10":"first","11":"instock","12":"sale","13":"taxable","14":"shipping-taxable","15":"purchasable","16":"product-type-simple"},"yoast_head":"<!-- This site is optimized with the Yoast SEO plugin v25.4 - https:\/\/yoast.com\/wordpress\/plugins\/seo\/ -->\n<title>TRUUSK K\u00f6kshylla - Justerbar h\u00f6jd - 2 korgar - Kaffebaren - 40 x 30 x 33,5-42 cm - TRUUSK - Hem, Tr\u00e4dg\u00e5rd &amp; Fritid<\/title>\n<meta name=\"robots\" content=\"index, follow, max-snippet:-1, max-image-preview:large, max-video-preview:-1\" \/>\n<link rel=\"canonical\" href=\"https:\/\/truusk.store\/sv\/produkt\/truusk-kokshylla-justerbar-hojd-2-korgar-kaffebaren-40-x-30-x-335-42-cm\/\" \/>\n<meta property=\"og:locale\" content=\"sv_SE\" \/>\n<meta property=\"og:type\" content=\"article\" \/>\n<meta property=\"og:title\" content=\"TRUUSK K\u00f6kshylla - Justerbar h\u00f6jd - 2 korgar - Kaffebaren - 40 x 30 x 33,5-42 cm - TRUUSK - Hem, Tr\u00e4dg\u00e5rd &amp; Fritid\" \/>\n<meta property=\"og:description\" content=\"Har du problem med \u00f6verfulla arbetsytor och begr\u00e4nsat utrymme? K\u00f6kshyllan fr\u00e5n TRUUSK erbjuder en smart, utrymmesbesparande l\u00f6sning. Tack vare dess...\" \/>\n<meta property=\"og:url\" content=\"https:\/\/truusk.store\/sv\/produkt\/truusk-kokshylla-justerbar-hojd-2-korgar-kaffebaren-40-x-30-x-335-42-cm\/\" \/>\n<meta property=\"og:site_name\" content=\"TRUUSK - Hem, Tr\u00e4dg\u00e5rd &amp; Fritid\" \/>\n<meta property=\"article:modified_time\" content=\"2026-03-12T07:47:00+00:00\" \/>\n<meta property=\"og:image\" content=\"https:\/\/i0.wp.com\/truusk.se\/wp-content\/uploads\/2025\/08\/kokshylla-hojdjusterbar-staende-hylla-med-2-korgar-kaffebaren-40-x-30-x-335-42-cm-1.webp?fit=2000%2C2000&ssl=1\" \/>\n\t<meta property=\"og:image:width\" content=\"2000\" \/>\n\t<meta property=\"og:image:height\" content=\"2000\" \/>\n\t<meta property=\"og:image:type\" content=\"image\/webp\" \/>\n<meta name=\"twitter:card\" content=\"summary_large_image\" \/>\n<meta name=\"twitter:label1\" content=\"Ber\u00e4knad l\u00e4stid\" \/>\n\t<meta name=\"twitter:data1\" content=\"1 minut\" \/>\n<!-- \/ Yoast SEO plugin. -->","yoast_head_json":{"title":"TRUUSK K\u00f6kshylla - Justerbar h\u00f6jd - 2 korgar - Kaffebaren - 40 x 30 x 33,5-42 cm - TRUUSK - Hem, Tr\u00e4dg\u00e5rd &amp; Fritid","robots":{"index":"index","follow":"follow","max-snippet":"max-snippet:-1","max-image-preview":"max-image-preview:large","max-video-preview":"max-video-preview:-1"},"canonical":"https:\/\/truusk.store\/sv\/produkt\/truusk-kokshylla-justerbar-hojd-2-korgar-kaffebaren-40-x-30-x-335-42-cm\/","og_locale":"sv_SE","og_type":"article","og_title":"TRUUSK K\u00f6kshylla - Justerbar h\u00f6jd - 2 korgar - Kaffebaren - 40 x 30 x 33,5-42 cm - TRUUSK - Hem, Tr\u00e4dg\u00e5rd &amp; Fritid","og_description":"Har du problem med \u00f6verfulla arbetsytor och begr\u00e4nsat utrymme? K\u00f6kshyllan fr\u00e5n TRUUSK erbjuder en smart, utrymmesbesparande l\u00f6sning. Tack vare dess...","og_url":"https:\/\/truusk.store\/sv\/produkt\/truusk-kokshylla-justerbar-hojd-2-korgar-kaffebaren-40-x-30-x-335-42-cm\/","og_site_name":"TRUUSK - Hem, Tr\u00e4dg\u00e5rd &amp; Fritid","article_modified_time":"2026-03-12T07:47:00+00:00","og_image":[{"width":2000,"height":2000,"url":"https:\/\/i0.wp.com\/truusk.se\/wp-content\/uploads\/2025\/08\/kokshylla-hojdjusterbar-staende-hylla-med-2-korgar-kaffebaren-40-x-30-x-335-42-cm-1.webp?fit=2000%2C2000&ssl=1","type":"image\/webp"}],"twitter_card":"summary_large_image","twitter_misc":{"Ber\u00e4knad l\u00e4stid":"1 minut"},"schema":{"@context":"https:\/\/schema.org","@graph":[{"@type":"WebPage","@id":"https:\/\/truusk.store\/sv\/produkt\/truusk-kokshylla-justerbar-hojd-2-korgar-kaffebaren-40-x-30-x-335-42-cm\/","url":"https:\/\/truusk.store\/sv\/produkt\/truusk-kokshylla-justerbar-hojd-2-korgar-kaffebaren-40-x-30-x-335-42-cm\/","name":"TRUUSK K\u00f6kshylla - Justerbar h\u00f6jd - 2 korgar - Kaffebaren - 40 x 30 x 33,5-42 cm - TRUUSK - Hem, Tr\u00e4dg\u00e5rd &amp; Fritid","isPartOf":{"@id":"https:\/\/truusk.store\/sv\/#website"},"primaryImageOfPage":{"@id":"https:\/\/truusk.store\/sv\/produkt\/truusk-kokshylla-justerbar-hojd-2-korgar-kaffebaren-40-x-30-x-335-42-cm\/#primaryimage"},"image":{"@id":"https:\/\/truusk.store\/sv\/produkt\/truusk-kokshylla-justerbar-hojd-2-korgar-kaffebaren-40-x-30-x-335-42-cm\/#primaryimage"},"thumbnailUrl":"https:\/\/i0.wp.com\/truusk.store\/wp-content\/uploads\/2025\/08\/kokshylla-hojdjusterbar-staende-hylla-med-2-korgar-kaffebaren-40-x-30-x-335-42-cm-1.webp?fit=2000%2C2000&ssl=1","datePublished":"2025-08-06T12:46:33+00:00","dateModified":"2026-03-12T07:47:00+00:00","breadcrumb":{"@id":"https:\/\/truusk.store\/sv\/produkt\/truusk-kokshylla-justerbar-hojd-2-korgar-kaffebaren-40-x-30-x-335-42-cm\/#breadcrumb"},"inLanguage":"sv-SE","potentialAction":[{"@type":"ReadAction","target":["https:\/\/truusk.store\/sv\/produkt\/truusk-kokshylla-justerbar-hojd-2-korgar-kaffebaren-40-x-30-x-335-42-cm\/"]}]},{"@type":"ImageObject","inLanguage":"sv-SE","@id":"https:\/\/truusk.store\/sv\/produkt\/truusk-kokshylla-justerbar-hojd-2-korgar-kaffebaren-40-x-30-x-335-42-cm\/#primaryimage","url":"https:\/\/i0.wp.com\/truusk.store\/wp-content\/uploads\/2025\/08\/kokshylla-hojdjusterbar-staende-hylla-med-2-korgar-kaffebaren-40-x-30-x-335-42-cm-1.webp?fit=2000%2C2000&ssl=1","contentUrl":"https:\/\/i0.wp.com\/truusk.store\/wp-content\/uploads\/2025\/08\/kokshylla-hojdjusterbar-staende-hylla-med-2-korgar-kaffebaren-40-x-30-x-335-42-cm-1.webp?fit=2000%2C2000&ssl=1","width":2000,"height":2000},{"@type":"BreadcrumbList","@id":"https:\/\/truusk.store\/sv\/produkt\/truusk-kokshylla-justerbar-hojd-2-korgar-kaffebaren-40-x-30-x-335-42-cm\/#breadcrumb","itemListElement":[{"@type":"ListItem","position":1,"name":"Home","item":"https:\/\/truusk.store\/sv\/"},{"@type":"ListItem","position":2,"name":"Shop","item":"https:\/\/truusk.store\/shop\/"},{"@type":"ListItem","position":3,"name":"TRUUSK K\u00f6kshylla &#8211; Justerbar h\u00f6jd &#8211; 2 korgar &#8211; Kaffebaren &#8211; 40 x 30 x 33,5-42 cm"}]},{"@type":"WebSite","@id":"https:\/\/truusk.store\/sv\/#website","url":"https:\/\/truusk.store\/sv\/","name":"TRUUSK - Hem, Tr\u00e4dg\u00e5rd & Fritid","description":"","publisher":{"@id":"https:\/\/truusk.store\/sv\/#organization"},"potentialAction":[{"@type":"SearchAction","target":{"@type":"EntryPoint","urlTemplate":"https:\/\/truusk.store\/sv\/?s={search_term_string}"},"query-input":{"@type":"PropertyValueSpecification","valueRequired":true,"valueName":"search_term_string"}}],"inLanguage":"sv-SE"},{"@type":"Organization","@id":"https:\/\/truusk.store\/sv\/#organization","name":"TRUUSK - Hem, Tr\u00e4dg\u00e5rd & Fritid","url":"https:\/\/truusk.store\/sv\/","logo":{"@type":"ImageObject","inLanguage":"sv-SE","@id":"https:\/\/truusk.store\/sv\/#\/schema\/logo\/image\/","url":"https:\/\/i0.wp.com\/truusk.store\/wp-content\/uploads\/2026\/03\/cropped-TRUUSK.png?fit=2032%2C917&ssl=1","contentUrl":"https:\/\/i0.wp.com\/truusk.store\/wp-content\/uploads\/2026\/03\/cropped-TRUUSK.png?fit=2032%2C917&ssl=1","width":2032,"height":917,"caption":"TRUUSK - Hem, Tr\u00e4dg\u00e5rd & Fritid"},"image":{"@id":"https:\/\/truusk.store\/sv\/#\/schema\/logo\/image\/"}}]}},"jetpack_sharing_enabled":true,"_links":{"self":[{"href":"https:\/\/truusk.store\/sv\/wp-json\/wp\/v2\/product\/85752","targetHints":{"allow":["GET"]}}],"collection":[{"href":"https:\/\/truusk.store\/sv\/wp-json\/wp\/v2\/product"}],"about":[{"href":"https:\/\/truusk.store\/sv\/wp-json\/wp\/v2\/types\/product"}],"wp:featuredmedia":[{"embeddable":true,"href":"https:\/\/truusk.store\/sv\/wp-json\/wp\/v2\/media\/85743"}],"wp:attachment":[{"href":"https:\/\/truusk.store\/sv\/wp-json\/wp\/v2\/media?parent=85752"}],"wp:term":[{"taxonomy":"product_brand","embeddable":true,"href":"https:\/\/truusk.store\/sv\/wp-json\/wp\/v2\/product_brand?post=85752"},{"taxonomy":"product_cat","embeddable":true,"href":"https:\/\/truusk.store\/sv\/wp-json\/wp\/v2\/product_cat?post=85752"},{"taxonomy":"product_tag","embeddable":true,"href":"https:\/\/truusk.store\/sv\/wp-json\/wp\/v2\/product_tag?post=85752"}],"curies":[{"name":"wp","href":"https:\/\/api.w.org\/{rel}","templated":true}]}}