{"id":85772,"date":"2025-08-06T13:48:35","date_gmt":"2025-08-06T12:48:35","guid":{"rendered":"https:\/\/truusk.store\/product\/garderobsstallning-med-4-nivaer-fristaende-kladstallning-8-krokar-4-hyllor-industriell-stil-metall-spanskiva-brun\/"},"modified":"2026-03-12T08:47:04","modified_gmt":"2026-03-12T07:47:04","slug":"truusk-kladhangare-med-4-nivaer-fristaende-design-8-krokar-4-hyllor-industriell-stil-metall-och-spanskiva-brun","status":"publish","type":"product","link":"https:\/\/truusk.store\/sv\/produkt\/truusk-kladhangare-med-4-nivaer-fristaende-design-8-krokar-4-hyllor-industriell-stil-metall-och-spanskiva-brun\/","title":{"rendered":"TRUUSK Kl\u00e4dh\u00e4ngare med 4 Niv\u00e5er &#8211; Frist\u00e5ende Design &#8211; 8 Krokar &#8211; 4 Hyllor &#8211; Industriell Stil &#8211; Metall och Sp\u00e5nskiva &#8211; Brun"},"content":{"rendered":"<p>TRUUSK-garderobst\u00e4llet ger stilfull ordning i din entr\u00e9. Dess tornliknande design passar perfekt i h\u00f6rn eller smala g\u00e5ngar och \u00e5tta treflikiga krokar samt fyra hyllor h\u00e5ller olika kl\u00e4desplagg eller v\u00e4skor \u00f6versk\u00e5dligt f\u00f6rvarade. Med sin mattsvarta metall och hyllor i tr\u00e4look erbjuder garderoben industriell charm som s\u00f6ml\u00f6st och modernt passar in i alla inredningar.<\/p>\n<p>Beskrivning:<\/p>\n<ul>\n<li> 8 upph\u00e4ngningspunkter ger gott om utrymme f\u00f6r rockar, v\u00e4skor och mer<\/li>\n<li> Fyrstegsf\u00f6rvaring med en \u00f6vre hylla och tre nedre hyllor f\u00f6r organisering av skor, korgar eller dekorationer<\/li>\n<li> Slimmat tornformad design maximerar utrymmet, idealiskt f\u00f6r sm\u00e5 hallar och h\u00f6rn<\/li>\n<li> Industriell stil kombinerar matt svart med tr\u00e4effekt, f\u00f6r en distinkt karakt\u00e4r i din entr\u00e9<\/li>\n<li> Robust metallram och tillf\u00f6rlitlig sp\u00e5nskiva av jackst\u00e4llet ger st\u00f6d f\u00f6r daglig anv\u00e4ndning<\/li>\n<li> Justerbara fotdynor av v\u00e4skst\u00e4llet h\u00e5ller konstruktionen balanserad \u00e4ven p\u00e5 oj\u00e4mna golv och ger en stabil stabilitet utan att vackla<\/li>\n<li> Anti-tip-rem ger extra s\u00e4kerhet<\/li>\n<li> Enkel montering kr\u00e4vs<\/li>\n<\/ul>\n<p> Tekniska data:<\/p>\n<ul>\n<li> F\u00e4rg: Brun<\/li>\n<li> Material: Sp\u00e5nskiva, Metall<\/li>\n<li> Totala dimensioner: 34,8B x 34,8T x 179H cm<\/li>\n<li> Hyllstorlek (fr\u00e5n topp till botten): 19,2B x 19,2T cm, 25,8B x 25,8T cm, 28,2B x 28,2T cm, 30,8B x 30,8T cm<\/li>\n<li> B\u00e4rkapacitet: 16 kg (totalt), 3 kg (per hylla), 0,5 kg (per krok)<\/li>\n<\/ul>\n<p>Leveransinneh\u00e5ll:<\/p>\n<ul>\n<li> 1 x Garderobst\u00e4ll<\/li>\n<li> 1 x Bruksanvisning<\/li>\n<\/ul>\n","protected":false},"excerpt":{"rendered":"<p>TRUUSK-garderobst\u00e4llet ger stilfull ordning i din entr\u00e9. Dess tornliknande design passar perfekt i h\u00f6rn eller smala g\u00e5ngar och \u00e5tta treflikiga&#8230;<\/p>\n","protected":false},"featured_media":85763,"template":"","meta":[],"product_brand":[],"product_cat":[893,871,975],"product_tag":[],"class_list":{"0":"post-85772","1":"product","2":"type-product","3":"status-publish","4":"has-post-thumbnail","6":"product_cat-garderob-hall","7":"product_cat-hus-hem","8":"product_cat-kladstallningar","10":"first","11":"instock","12":"sale","13":"taxable","14":"shipping-taxable","15":"purchasable","16":"product-type-simple"},"yoast_head":"<!-- This site is optimized with the Yoast SEO plugin v25.4 - https:\/\/yoast.com\/wordpress\/plugins\/seo\/ -->\n<title>TRUUSK Kl\u00e4dh\u00e4ngare med 4 Niv\u00e5er - Frist\u00e5ende Design - 8 Krokar - 4 Hyllor - Industriell Stil - Metall och Sp\u00e5nskiva - Brun - TRUUSK - Hem, Tr\u00e4dg\u00e5rd &amp; Fritid<\/title>\n<meta name=\"robots\" content=\"index, follow, max-snippet:-1, max-image-preview:large, max-video-preview:-1\" \/>\n<link rel=\"canonical\" href=\"https:\/\/truusk.store\/sv\/produkt\/truusk-kladhangare-med-4-nivaer-fristaende-design-8-krokar-4-hyllor-industriell-stil-metall-och-spanskiva-brun\/\" \/>\n<meta property=\"og:locale\" content=\"sv_SE\" \/>\n<meta property=\"og:type\" content=\"article\" \/>\n<meta property=\"og:title\" content=\"TRUUSK Kl\u00e4dh\u00e4ngare med 4 Niv\u00e5er - Frist\u00e5ende Design - 8 Krokar - 4 Hyllor - Industriell Stil - Metall och Sp\u00e5nskiva - Brun - TRUUSK - Hem, Tr\u00e4dg\u00e5rd &amp; Fritid\" \/>\n<meta property=\"og:description\" content=\"TRUUSK-garderobst\u00e4llet ger stilfull ordning i din entr\u00e9. Dess tornliknande design passar perfekt i h\u00f6rn eller smala g\u00e5ngar och \u00e5tta treflikiga...\" \/>\n<meta property=\"og:url\" content=\"https:\/\/truusk.store\/sv\/produkt\/truusk-kladhangare-med-4-nivaer-fristaende-design-8-krokar-4-hyllor-industriell-stil-metall-och-spanskiva-brun\/\" \/>\n<meta property=\"og:site_name\" content=\"TRUUSK - Hem, Tr\u00e4dg\u00e5rd &amp; Fritid\" \/>\n<meta property=\"article:modified_time\" content=\"2026-03-12T07:47:04+00:00\" \/>\n<meta property=\"og:image\" content=\"https:\/\/i0.wp.com\/truusk.se\/wp-content\/uploads\/2025\/08\/garderobsstallning-med-4-nivaer-fristaende-kladstallning-8-krokar-4-hyllor-industriell-stil-metall-spanskiva-brun-1.webp?fit=2000%2C2000&ssl=1\" \/>\n\t<meta property=\"og:image:width\" content=\"2000\" \/>\n\t<meta property=\"og:image:height\" content=\"2000\" \/>\n\t<meta property=\"og:image:type\" content=\"image\/webp\" \/>\n<meta name=\"twitter:card\" content=\"summary_large_image\" \/>\n<meta name=\"twitter:label1\" content=\"Ber\u00e4knad l\u00e4stid\" \/>\n\t<meta name=\"twitter:data1\" content=\"1 minut\" \/>\n<!-- \/ Yoast SEO plugin. -->","yoast_head_json":{"title":"TRUUSK Kl\u00e4dh\u00e4ngare med 4 Niv\u00e5er - Frist\u00e5ende Design - 8 Krokar - 4 Hyllor - Industriell Stil - Metall och Sp\u00e5nskiva - Brun - TRUUSK - Hem, Tr\u00e4dg\u00e5rd &amp; Fritid","robots":{"index":"index","follow":"follow","max-snippet":"max-snippet:-1","max-image-preview":"max-image-preview:large","max-video-preview":"max-video-preview:-1"},"canonical":"https:\/\/truusk.store\/sv\/produkt\/truusk-kladhangare-med-4-nivaer-fristaende-design-8-krokar-4-hyllor-industriell-stil-metall-och-spanskiva-brun\/","og_locale":"sv_SE","og_type":"article","og_title":"TRUUSK Kl\u00e4dh\u00e4ngare med 4 Niv\u00e5er - Frist\u00e5ende Design - 8 Krokar - 4 Hyllor - Industriell Stil - Metall och Sp\u00e5nskiva - Brun - TRUUSK - Hem, Tr\u00e4dg\u00e5rd &amp; Fritid","og_description":"TRUUSK-garderobst\u00e4llet ger stilfull ordning i din entr\u00e9. Dess tornliknande design passar perfekt i h\u00f6rn eller smala g\u00e5ngar och \u00e5tta treflikiga...","og_url":"https:\/\/truusk.store\/sv\/produkt\/truusk-kladhangare-med-4-nivaer-fristaende-design-8-krokar-4-hyllor-industriell-stil-metall-och-spanskiva-brun\/","og_site_name":"TRUUSK - Hem, Tr\u00e4dg\u00e5rd &amp; Fritid","article_modified_time":"2026-03-12T07:47:04+00:00","og_image":[{"width":2000,"height":2000,"url":"https:\/\/i0.wp.com\/truusk.se\/wp-content\/uploads\/2025\/08\/garderobsstallning-med-4-nivaer-fristaende-kladstallning-8-krokar-4-hyllor-industriell-stil-metall-spanskiva-brun-1.webp?fit=2000%2C2000&ssl=1","type":"image\/webp"}],"twitter_card":"summary_large_image","twitter_misc":{"Ber\u00e4knad l\u00e4stid":"1 minut"},"schema":{"@context":"https:\/\/schema.org","@graph":[{"@type":"WebPage","@id":"https:\/\/truusk.store\/sv\/produkt\/truusk-kladhangare-med-4-nivaer-fristaende-design-8-krokar-4-hyllor-industriell-stil-metall-och-spanskiva-brun\/","url":"https:\/\/truusk.store\/sv\/produkt\/truusk-kladhangare-med-4-nivaer-fristaende-design-8-krokar-4-hyllor-industriell-stil-metall-och-spanskiva-brun\/","name":"TRUUSK Kl\u00e4dh\u00e4ngare med 4 Niv\u00e5er - Frist\u00e5ende Design - 8 Krokar - 4 Hyllor - Industriell Stil - Metall och Sp\u00e5nskiva - Brun - TRUUSK - Hem, Tr\u00e4dg\u00e5rd &amp; Fritid","isPartOf":{"@id":"https:\/\/truusk.store\/sv\/#website"},"primaryImageOfPage":{"@id":"https:\/\/truusk.store\/sv\/produkt\/truusk-kladhangare-med-4-nivaer-fristaende-design-8-krokar-4-hyllor-industriell-stil-metall-och-spanskiva-brun\/#primaryimage"},"image":{"@id":"https:\/\/truusk.store\/sv\/produkt\/truusk-kladhangare-med-4-nivaer-fristaende-design-8-krokar-4-hyllor-industriell-stil-metall-och-spanskiva-brun\/#primaryimage"},"thumbnailUrl":"https:\/\/i0.wp.com\/truusk.store\/wp-content\/uploads\/2025\/08\/garderobsstallning-med-4-nivaer-fristaende-kladstallning-8-krokar-4-hyllor-industriell-stil-metall-spanskiva-brun-1.webp?fit=2000%2C2000&ssl=1","datePublished":"2025-08-06T12:48:35+00:00","dateModified":"2026-03-12T07:47:04+00:00","breadcrumb":{"@id":"https:\/\/truusk.store\/sv\/produkt\/truusk-kladhangare-med-4-nivaer-fristaende-design-8-krokar-4-hyllor-industriell-stil-metall-och-spanskiva-brun\/#breadcrumb"},"inLanguage":"sv-SE","potentialAction":[{"@type":"ReadAction","target":["https:\/\/truusk.store\/sv\/produkt\/truusk-kladhangare-med-4-nivaer-fristaende-design-8-krokar-4-hyllor-industriell-stil-metall-och-spanskiva-brun\/"]}]},{"@type":"ImageObject","inLanguage":"sv-SE","@id":"https:\/\/truusk.store\/sv\/produkt\/truusk-kladhangare-med-4-nivaer-fristaende-design-8-krokar-4-hyllor-industriell-stil-metall-och-spanskiva-brun\/#primaryimage","url":"https:\/\/i0.wp.com\/truusk.store\/wp-content\/uploads\/2025\/08\/garderobsstallning-med-4-nivaer-fristaende-kladstallning-8-krokar-4-hyllor-industriell-stil-metall-spanskiva-brun-1.webp?fit=2000%2C2000&ssl=1","contentUrl":"https:\/\/i0.wp.com\/truusk.store\/wp-content\/uploads\/2025\/08\/garderobsstallning-med-4-nivaer-fristaende-kladstallning-8-krokar-4-hyllor-industriell-stil-metall-spanskiva-brun-1.webp?fit=2000%2C2000&ssl=1","width":2000,"height":2000},{"@type":"BreadcrumbList","@id":"https:\/\/truusk.store\/sv\/produkt\/truusk-kladhangare-med-4-nivaer-fristaende-design-8-krokar-4-hyllor-industriell-stil-metall-och-spanskiva-brun\/#breadcrumb","itemListElement":[{"@type":"ListItem","position":1,"name":"Home","item":"https:\/\/truusk.store\/sv\/"},{"@type":"ListItem","position":2,"name":"Shop","item":"https:\/\/truusk.store\/shop\/"},{"@type":"ListItem","position":3,"name":"TRUUSK Kl\u00e4dh\u00e4ngare med 4 Niv\u00e5er &#8211; Frist\u00e5ende Design &#8211; 8 Krokar &#8211; 4 Hyllor &#8211; Industriell Stil &#8211; Metall och Sp\u00e5nskiva &#8211; Brun"}]},{"@type":"WebSite","@id":"https:\/\/truusk.store\/sv\/#website","url":"https:\/\/truusk.store\/sv\/","name":"TRUUSK - Hem, Tr\u00e4dg\u00e5rd & Fritid","description":"","publisher":{"@id":"https:\/\/truusk.store\/sv\/#organization"},"potentialAction":[{"@type":"SearchAction","target":{"@type":"EntryPoint","urlTemplate":"https:\/\/truusk.store\/sv\/?s={search_term_string}"},"query-input":{"@type":"PropertyValueSpecification","valueRequired":true,"valueName":"search_term_string"}}],"inLanguage":"sv-SE"},{"@type":"Organization","@id":"https:\/\/truusk.store\/sv\/#organization","name":"TRUUSK - Hem, Tr\u00e4dg\u00e5rd & Fritid","url":"https:\/\/truusk.store\/sv\/","logo":{"@type":"ImageObject","inLanguage":"sv-SE","@id":"https:\/\/truusk.store\/sv\/#\/schema\/logo\/image\/","url":"https:\/\/i0.wp.com\/truusk.store\/wp-content\/uploads\/2026\/03\/cropped-TRUUSK.png?fit=2032%2C917&ssl=1","contentUrl":"https:\/\/i0.wp.com\/truusk.store\/wp-content\/uploads\/2026\/03\/cropped-TRUUSK.png?fit=2032%2C917&ssl=1","width":2032,"height":917,"caption":"TRUUSK - Hem, Tr\u00e4dg\u00e5rd & Fritid"},"image":{"@id":"https:\/\/truusk.store\/sv\/#\/schema\/logo\/image\/"}}]}},"jetpack_sharing_enabled":true,"_links":{"self":[{"href":"https:\/\/truusk.store\/sv\/wp-json\/wp\/v2\/product\/85772","targetHints":{"allow":["GET"]}}],"collection":[{"href":"https:\/\/truusk.store\/sv\/wp-json\/wp\/v2\/product"}],"about":[{"href":"https:\/\/truusk.store\/sv\/wp-json\/wp\/v2\/types\/product"}],"wp:featuredmedia":[{"embeddable":true,"href":"https:\/\/truusk.store\/sv\/wp-json\/wp\/v2\/media\/85763"}],"wp:attachment":[{"href":"https:\/\/truusk.store\/sv\/wp-json\/wp\/v2\/media?parent=85772"}],"wp:term":[{"taxonomy":"product_brand","embeddable":true,"href":"https:\/\/truusk.store\/sv\/wp-json\/wp\/v2\/product_brand?post=85772"},{"taxonomy":"product_cat","embeddable":true,"href":"https:\/\/truusk.store\/sv\/wp-json\/wp\/v2\/product_cat?post=85772"},{"taxonomy":"product_tag","embeddable":true,"href":"https:\/\/truusk.store\/sv\/wp-json\/wp\/v2\/product_tag?post=85772"}],"curies":[{"name":"wp","href":"https:\/\/api.w.org\/{rel}","templated":true}]}}