{"id":85782,"date":"2025-08-06T13:49:38","date_gmt":"2025-08-06T12:49:38","guid":{"rendered":"https:\/\/truusk.store\/product\/sovrumskommod-med-8-tyglador-stalstanger-trayta-4-forvaringsfickor-2-krokar-beige\/"},"modified":"2026-03-12T08:47:05","modified_gmt":"2026-03-12T07:47:05","slug":"truusk-sovrumsbyra-med-8-tyglador-stalstanger-trayta-4-forvaringsfickor-2-krokar-beige","status":"publish","type":"product","link":"https:\/\/truusk.store\/sv\/produkt\/truusk-sovrumsbyra-med-8-tyglador-stalstanger-trayta-4-forvaringsfickor-2-krokar-beige\/","title":{"rendered":"TRUUSK Sovrumsbyr\u00e5 med 8 tygl\u00e5dor &#8211; St\u00e5lst\u00e4nger &#8211; Tr\u00e4yta &#8211; 4 f\u00f6rvaringsfickor &#8211; 2 krokar &#8211; Beige"},"content":{"rendered":"<p>Optimera ditt sovrum med TRUUSK byr\u00e5n. \u00c5tta lika stora l\u00e5dor underl\u00e4ttar sortering av kl\u00e4der. Extra funktioner som fyra sidofickor f\u00f6r fj\u00e4rrkontroller eller laddare och tv\u00e5 krokar f\u00f6r v\u00e4skor eller handdukar ger ytterligare komfort. Byr\u00e5ns solida st\u00e5lram med X-st\u00f6d och de hopf\u00e4llbara tygl\u00e5dorna med handtag underl\u00e4ttar organisationen.<\/p>\n<p>Beskrivning:<\/p>\n<ul>\n<li> Har \u00e5tta lika stora l\u00e5dor f\u00f6r enkel sortering av kl\u00e4der<\/li>\n<li> Sidofickor och krokar p\u00e5 byr\u00e5n ger snabb tillg\u00e5ng till dagliga n\u00f6dv\u00e4ndigheter<\/li>\n<li> Ytan \u00e4r l\u00e4mplig f\u00f6r att visa foton, v\u00e4xter eller aromaterapi<\/li>\n<li> F\u00f6rst\u00e4rkt st\u00e5lram med X-formade st\u00f6d f\u00f6r extra styrka<\/li>\n<li> Justerbara f\u00f6tter och tippskyddssatser ger extra balans och s\u00e4kerhet<\/li>\n<li> Hopf\u00e4llbara tygl\u00e5dor p\u00e5 hallbyr\u00e5n kan plattas ut f\u00f6r kompakt f\u00f6rvaring n\u00e4r de inte anv\u00e4nds<\/li>\n<li> L\u00e4tt att greppa handtag g\u00f6r att \u00f6ppna l\u00e5dorna enkelt och smidigt<\/li>\n<li> Montering kr\u00e4vs<\/li>\n<\/ul>\n<p> Tekniska data:<\/p>\n<ul>\n<li> F\u00e4rg: Beige+Vit+Naturtr\u00e4<\/li>\n<li> Material: Non-woven tyg, st\u00e5l, sp\u00e5nskiva<\/li>\n<li> Totala dimensioner: 86B x 30D x 94,5H cm<\/li>\n<li> Inre storlek p\u00e5 l\u00e5dan: 39B x 28D x 20,5H cm<\/li>\n<li> Storlek p\u00e5 varje f\u00f6rvaringsfack: 29B x 86H cm<\/li>\n<li> Markfrig\u00e5ng: 8,5 cm<\/li>\n<li> Maximal belastning: 15 kg (Ovanp\u00e5), 3 kg (per l\u00e5da), 30 kg (totalt)<\/li>\n<\/ul>\n<p>Leveransinneh\u00e5ll:<\/p>\n<ul>\n<li> 1 x Byr\u00e5<\/li>\n<li> 4 x F\u00f6rvaringsp\u00e5se<\/li>\n<li> 2 x Krok<\/li>\n<li> 1 x Handbok<\/li>\n<\/ul>\n","protected":false},"excerpt":{"rendered":"<p>Optimera ditt sovrum med TRUUSK byr\u00e5n. \u00c5tta lika stora l\u00e5dor underl\u00e4ttar sortering av kl\u00e4der. Extra funktioner som fyra sidofickor f\u00f6r&#8230;<\/p>\n","protected":false},"featured_media":85773,"template":"","meta":[],"product_brand":[],"product_cat":[956,871,910],"product_tag":[],"class_list":{"0":"post-85782","1":"product","2":"type-product","3":"status-publish","4":"has-post-thumbnail","6":"product_cat-byraer-sideboards","7":"product_cat-hus-hem","8":"product_cat-vardagsrum","10":"first","11":"instock","12":"sale","13":"taxable","14":"shipping-taxable","15":"purchasable","16":"product-type-simple"},"yoast_head":"<!-- This site is optimized with the Yoast SEO plugin v25.4 - https:\/\/yoast.com\/wordpress\/plugins\/seo\/ -->\n<title>TRUUSK Sovrumsbyr\u00e5 med 8 tygl\u00e5dor - St\u00e5lst\u00e4nger - Tr\u00e4yta - 4 f\u00f6rvaringsfickor - 2 krokar - Beige - TRUUSK - Hem, Tr\u00e4dg\u00e5rd &amp; Fritid<\/title>\n<meta name=\"robots\" content=\"index, follow, max-snippet:-1, max-image-preview:large, max-video-preview:-1\" \/>\n<link rel=\"canonical\" href=\"https:\/\/truusk.store\/sv\/produkt\/truusk-sovrumsbyra-med-8-tyglador-stalstanger-trayta-4-forvaringsfickor-2-krokar-beige\/\" \/>\n<meta property=\"og:locale\" content=\"sv_SE\" \/>\n<meta property=\"og:type\" content=\"article\" \/>\n<meta property=\"og:title\" content=\"TRUUSK Sovrumsbyr\u00e5 med 8 tygl\u00e5dor - St\u00e5lst\u00e4nger - Tr\u00e4yta - 4 f\u00f6rvaringsfickor - 2 krokar - Beige - TRUUSK - Hem, Tr\u00e4dg\u00e5rd &amp; Fritid\" \/>\n<meta property=\"og:description\" content=\"Optimera ditt sovrum med TRUUSK byr\u00e5n. \u00c5tta lika stora l\u00e5dor underl\u00e4ttar sortering av kl\u00e4der. Extra funktioner som fyra sidofickor f\u00f6r...\" \/>\n<meta property=\"og:url\" content=\"https:\/\/truusk.store\/sv\/produkt\/truusk-sovrumsbyra-med-8-tyglador-stalstanger-trayta-4-forvaringsfickor-2-krokar-beige\/\" \/>\n<meta property=\"og:site_name\" content=\"TRUUSK - Hem, Tr\u00e4dg\u00e5rd &amp; Fritid\" \/>\n<meta property=\"article:modified_time\" content=\"2026-03-12T07:47:05+00:00\" \/>\n<meta property=\"og:image\" content=\"https:\/\/i0.wp.com\/truusk.se\/wp-content\/uploads\/2025\/08\/sovrumskommod-med-8-tyglador-stalstanger-trayta-4-forvaringsfickor-2-krokar-beige-1.webp?fit=2000%2C2000&ssl=1\" \/>\n\t<meta property=\"og:image:width\" content=\"2000\" \/>\n\t<meta property=\"og:image:height\" content=\"2000\" \/>\n\t<meta property=\"og:image:type\" content=\"image\/webp\" \/>\n<meta name=\"twitter:card\" content=\"summary_large_image\" \/>\n<meta name=\"twitter:label1\" content=\"Ber\u00e4knad l\u00e4stid\" \/>\n\t<meta name=\"twitter:data1\" content=\"1 minut\" \/>\n<!-- \/ Yoast SEO plugin. -->","yoast_head_json":{"title":"TRUUSK Sovrumsbyr\u00e5 med 8 tygl\u00e5dor - St\u00e5lst\u00e4nger - Tr\u00e4yta - 4 f\u00f6rvaringsfickor - 2 krokar - Beige - TRUUSK - Hem, Tr\u00e4dg\u00e5rd &amp; Fritid","robots":{"index":"index","follow":"follow","max-snippet":"max-snippet:-1","max-image-preview":"max-image-preview:large","max-video-preview":"max-video-preview:-1"},"canonical":"https:\/\/truusk.store\/sv\/produkt\/truusk-sovrumsbyra-med-8-tyglador-stalstanger-trayta-4-forvaringsfickor-2-krokar-beige\/","og_locale":"sv_SE","og_type":"article","og_title":"TRUUSK Sovrumsbyr\u00e5 med 8 tygl\u00e5dor - St\u00e5lst\u00e4nger - Tr\u00e4yta - 4 f\u00f6rvaringsfickor - 2 krokar - Beige - TRUUSK - Hem, Tr\u00e4dg\u00e5rd &amp; Fritid","og_description":"Optimera ditt sovrum med TRUUSK byr\u00e5n. \u00c5tta lika stora l\u00e5dor underl\u00e4ttar sortering av kl\u00e4der. Extra funktioner som fyra sidofickor f\u00f6r...","og_url":"https:\/\/truusk.store\/sv\/produkt\/truusk-sovrumsbyra-med-8-tyglador-stalstanger-trayta-4-forvaringsfickor-2-krokar-beige\/","og_site_name":"TRUUSK - Hem, Tr\u00e4dg\u00e5rd &amp; Fritid","article_modified_time":"2026-03-12T07:47:05+00:00","og_image":[{"width":2000,"height":2000,"url":"https:\/\/i0.wp.com\/truusk.se\/wp-content\/uploads\/2025\/08\/sovrumskommod-med-8-tyglador-stalstanger-trayta-4-forvaringsfickor-2-krokar-beige-1.webp?fit=2000%2C2000&ssl=1","type":"image\/webp"}],"twitter_card":"summary_large_image","twitter_misc":{"Ber\u00e4knad l\u00e4stid":"1 minut"},"schema":{"@context":"https:\/\/schema.org","@graph":[{"@type":"WebPage","@id":"https:\/\/truusk.store\/sv\/produkt\/truusk-sovrumsbyra-med-8-tyglador-stalstanger-trayta-4-forvaringsfickor-2-krokar-beige\/","url":"https:\/\/truusk.store\/sv\/produkt\/truusk-sovrumsbyra-med-8-tyglador-stalstanger-trayta-4-forvaringsfickor-2-krokar-beige\/","name":"TRUUSK Sovrumsbyr\u00e5 med 8 tygl\u00e5dor - St\u00e5lst\u00e4nger - Tr\u00e4yta - 4 f\u00f6rvaringsfickor - 2 krokar - Beige - TRUUSK - Hem, Tr\u00e4dg\u00e5rd &amp; Fritid","isPartOf":{"@id":"https:\/\/truusk.store\/sv\/#website"},"primaryImageOfPage":{"@id":"https:\/\/truusk.store\/sv\/produkt\/truusk-sovrumsbyra-med-8-tyglador-stalstanger-trayta-4-forvaringsfickor-2-krokar-beige\/#primaryimage"},"image":{"@id":"https:\/\/truusk.store\/sv\/produkt\/truusk-sovrumsbyra-med-8-tyglador-stalstanger-trayta-4-forvaringsfickor-2-krokar-beige\/#primaryimage"},"thumbnailUrl":"https:\/\/i0.wp.com\/truusk.store\/wp-content\/uploads\/2025\/08\/sovrumskommod-med-8-tyglador-stalstanger-trayta-4-forvaringsfickor-2-krokar-beige-1.webp?fit=2000%2C2000&ssl=1","datePublished":"2025-08-06T12:49:38+00:00","dateModified":"2026-03-12T07:47:05+00:00","breadcrumb":{"@id":"https:\/\/truusk.store\/sv\/produkt\/truusk-sovrumsbyra-med-8-tyglador-stalstanger-trayta-4-forvaringsfickor-2-krokar-beige\/#breadcrumb"},"inLanguage":"sv-SE","potentialAction":[{"@type":"ReadAction","target":["https:\/\/truusk.store\/sv\/produkt\/truusk-sovrumsbyra-med-8-tyglador-stalstanger-trayta-4-forvaringsfickor-2-krokar-beige\/"]}]},{"@type":"ImageObject","inLanguage":"sv-SE","@id":"https:\/\/truusk.store\/sv\/produkt\/truusk-sovrumsbyra-med-8-tyglador-stalstanger-trayta-4-forvaringsfickor-2-krokar-beige\/#primaryimage","url":"https:\/\/i0.wp.com\/truusk.store\/wp-content\/uploads\/2025\/08\/sovrumskommod-med-8-tyglador-stalstanger-trayta-4-forvaringsfickor-2-krokar-beige-1.webp?fit=2000%2C2000&ssl=1","contentUrl":"https:\/\/i0.wp.com\/truusk.store\/wp-content\/uploads\/2025\/08\/sovrumskommod-med-8-tyglador-stalstanger-trayta-4-forvaringsfickor-2-krokar-beige-1.webp?fit=2000%2C2000&ssl=1","width":2000,"height":2000},{"@type":"BreadcrumbList","@id":"https:\/\/truusk.store\/sv\/produkt\/truusk-sovrumsbyra-med-8-tyglador-stalstanger-trayta-4-forvaringsfickor-2-krokar-beige\/#breadcrumb","itemListElement":[{"@type":"ListItem","position":1,"name":"Home","item":"https:\/\/truusk.store\/sv\/"},{"@type":"ListItem","position":2,"name":"Shop","item":"https:\/\/truusk.store\/shop\/"},{"@type":"ListItem","position":3,"name":"TRUUSK Sovrumsbyr\u00e5 med 8 tygl\u00e5dor &#8211; St\u00e5lst\u00e4nger &#8211; Tr\u00e4yta &#8211; 4 f\u00f6rvaringsfickor &#8211; 2 krokar &#8211; Beige"}]},{"@type":"WebSite","@id":"https:\/\/truusk.store\/sv\/#website","url":"https:\/\/truusk.store\/sv\/","name":"TRUUSK - Hem, Tr\u00e4dg\u00e5rd & Fritid","description":"","publisher":{"@id":"https:\/\/truusk.store\/sv\/#organization"},"potentialAction":[{"@type":"SearchAction","target":{"@type":"EntryPoint","urlTemplate":"https:\/\/truusk.store\/sv\/?s={search_term_string}"},"query-input":{"@type":"PropertyValueSpecification","valueRequired":true,"valueName":"search_term_string"}}],"inLanguage":"sv-SE"},{"@type":"Organization","@id":"https:\/\/truusk.store\/sv\/#organization","name":"TRUUSK - Hem, Tr\u00e4dg\u00e5rd & Fritid","url":"https:\/\/truusk.store\/sv\/","logo":{"@type":"ImageObject","inLanguage":"sv-SE","@id":"https:\/\/truusk.store\/sv\/#\/schema\/logo\/image\/","url":"https:\/\/i0.wp.com\/truusk.store\/wp-content\/uploads\/2026\/03\/cropped-TRUUSK.png?fit=2032%2C917&ssl=1","contentUrl":"https:\/\/i0.wp.com\/truusk.store\/wp-content\/uploads\/2026\/03\/cropped-TRUUSK.png?fit=2032%2C917&ssl=1","width":2032,"height":917,"caption":"TRUUSK - Hem, Tr\u00e4dg\u00e5rd & Fritid"},"image":{"@id":"https:\/\/truusk.store\/sv\/#\/schema\/logo\/image\/"}}]}},"jetpack_sharing_enabled":true,"_links":{"self":[{"href":"https:\/\/truusk.store\/sv\/wp-json\/wp\/v2\/product\/85782","targetHints":{"allow":["GET"]}}],"collection":[{"href":"https:\/\/truusk.store\/sv\/wp-json\/wp\/v2\/product"}],"about":[{"href":"https:\/\/truusk.store\/sv\/wp-json\/wp\/v2\/types\/product"}],"wp:featuredmedia":[{"embeddable":true,"href":"https:\/\/truusk.store\/sv\/wp-json\/wp\/v2\/media\/85773"}],"wp:attachment":[{"href":"https:\/\/truusk.store\/sv\/wp-json\/wp\/v2\/media?parent=85782"}],"wp:term":[{"taxonomy":"product_brand","embeddable":true,"href":"https:\/\/truusk.store\/sv\/wp-json\/wp\/v2\/product_brand?post=85782"},{"taxonomy":"product_cat","embeddable":true,"href":"https:\/\/truusk.store\/sv\/wp-json\/wp\/v2\/product_cat?post=85782"},{"taxonomy":"product_tag","embeddable":true,"href":"https:\/\/truusk.store\/sv\/wp-json\/wp\/v2\/product_tag?post=85782"}],"curies":[{"name":"wp","href":"https:\/\/api.w.org\/{rel}","templated":true}]}}