{"id":85792,"date":"2025-08-06T13:50:44","date_gmt":"2025-08-06T12:50:44","guid":{"rendered":"https:\/\/truusk.store\/product\/kokshylla-med-arbetsyta-metallgallerpaneler-5-krokar-koksskap-for-kryddor-grytor-stekpannor-brun\/"},"modified":"2026-03-12T08:47:09","modified_gmt":"2026-03-12T07:47:09","slug":"truusk-kokshylla-med-metallgallerpaneler-arbetsyta-5-krokar-for-kryddor-grytor-stekpannor-brun","status":"publish","type":"product","link":"https:\/\/truusk.store\/sv\/produkt\/truusk-kokshylla-med-metallgallerpaneler-arbetsyta-5-krokar-for-kryddor-grytor-stekpannor-brun\/","title":{"rendered":"TRUUSK K\u00f6kshylla Med Metallgallerpaneler &#8211; Arbetsyta &#8211; 5 Krokar &#8211; F\u00f6r Kryddor, Grytor, Stekpannor &#8211; Brun"},"content":{"rendered":"<p>Ut\u00f6ka ditt f\u00f6rvaringsutrymme med TRUUSK k\u00f6kshylla, som inte tar mycket plats. Organisera dina k\u00f6ksredskap och ditt porslin p\u00e5 fem niv\u00e5er utan anstr\u00e4ngning. Metallgaller med krokar h\u00e5ller dina redskap redo och underl\u00e4ttar matlagningen. Njut av stilfulla mysiga kv\u00e4llar tack vare den inbyggda vinst\u00e4llet. Oavsett om det \u00e4r en kaffebryggare eller en mikrov\u00e5gsugn, passar tr\u00e4utseendet och den svarta ramen p\u00e5 bagerihyllan perfekt med alla inredningsstilar.<\/p>\n<p>Beskrivning:<\/p>\n<ul>\n<li> Det rymliga arbetsomr\u00e5det p\u00e5 k\u00f6kshyllan rymmer l\u00e4tt en mikrov\u00e5gsugn, kaffebryggare eller dagliga f\u00f6rberedelser<\/li>\n<li> Inbyggd vinlagring f\u00f6r 14 flaskor h\u00e5ller din samling stilfullt organiserad<\/li>\n<li> Tv\u00e5 extra \u00f6ppna hyllor nedtill ger snabb tillg\u00e5ng till kastruller och stekpannor<\/li>\n<li> Metallgallerpaneler p\u00e5 bagerihyllan med 5 avtagbara krokar f\u00f6r att h\u00e4nga k\u00f6ksredskap eller muggar<\/li>\n<li> Fungerar ocks\u00e5 som en kaffebryggare, snackstation eller mikrov\u00e5gsugn<\/li>\n<li> Elegant svart ram kombinerad med rustika bruna paneler f\u00f6r en industriell touch<\/li>\n<li> Anti-tip remmar och justerbara f\u00f6tter garanterar daglig stabilitet och s\u00e4kerhet<\/li>\n<li> Montering kr\u00e4vs<\/li>\n<\/ul>\n<p> Tekniska data:<\/p>\n<ul>\n<li> F\u00e4rg: Rustik Brun+svart<\/li>\n<li> Material: Sp\u00e5nskiva, metall<\/li>\n<li> Totala dimensioner: 96,5B x 38T x 165H cm<\/li>\n<li> Arbetsplatsstorlek: 96,5B x 36,2T cm<\/li>\n<li> Avst\u00e5nd till golvet: 9 cm<\/li>\n<li> Maximal belastning: 10 kg (per hylla), 40 kg (totalt)<\/li>\n<\/ul>\n<p>Leveransinneh\u00e5ll:<\/p>\n<ul>\n<li> 1 x K\u00f6kshylla<\/li>\n<li> 5 x S-formade krokar<\/li>\n<li> 1 x Handbok<\/li>\n<\/ul>\n","protected":false},"excerpt":{"rendered":"<p>Ut\u00f6ka ditt f\u00f6rvaringsutrymme med TRUUSK k\u00f6kshylla, som inte tar mycket plats. Organisera dina k\u00f6ksredskap och ditt porslin p\u00e5 fem niv\u00e5er&#8230;<\/p>\n","protected":false},"featured_media":85783,"template":"","meta":[],"product_brand":[],"product_cat":[871,889,534],"product_tag":[],"class_list":{"0":"post-85792","1":"product","2":"type-product","3":"status-publish","4":"has-post-thumbnail","6":"product_cat-hus-hem","7":"product_cat-kok-matsal","8":"product_cat-koksskap","10":"first","11":"instock","12":"sale","13":"taxable","14":"shipping-taxable","15":"purchasable","16":"product-type-simple"},"yoast_head":"<!-- This site is optimized with the Yoast SEO plugin v25.4 - https:\/\/yoast.com\/wordpress\/plugins\/seo\/ -->\n<title>TRUUSK K\u00f6kshylla Med Metallgallerpaneler - Arbetsyta - 5 Krokar - F\u00f6r Kryddor, Grytor, Stekpannor - Brun - TRUUSK - Hem, Tr\u00e4dg\u00e5rd &amp; Fritid<\/title>\n<meta name=\"robots\" content=\"index, follow, max-snippet:-1, max-image-preview:large, max-video-preview:-1\" \/>\n<link rel=\"canonical\" href=\"https:\/\/truusk.store\/sv\/produkt\/truusk-kokshylla-med-metallgallerpaneler-arbetsyta-5-krokar-for-kryddor-grytor-stekpannor-brun\/\" \/>\n<meta property=\"og:locale\" content=\"sv_SE\" \/>\n<meta property=\"og:type\" content=\"article\" \/>\n<meta property=\"og:title\" content=\"TRUUSK K\u00f6kshylla Med Metallgallerpaneler - Arbetsyta - 5 Krokar - F\u00f6r Kryddor, Grytor, Stekpannor - Brun - TRUUSK - Hem, Tr\u00e4dg\u00e5rd &amp; Fritid\" \/>\n<meta property=\"og:description\" content=\"Ut\u00f6ka ditt f\u00f6rvaringsutrymme med TRUUSK k\u00f6kshylla, som inte tar mycket plats. Organisera dina k\u00f6ksredskap och ditt porslin p\u00e5 fem niv\u00e5er...\" \/>\n<meta property=\"og:url\" content=\"https:\/\/truusk.store\/sv\/produkt\/truusk-kokshylla-med-metallgallerpaneler-arbetsyta-5-krokar-for-kryddor-grytor-stekpannor-brun\/\" \/>\n<meta property=\"og:site_name\" content=\"TRUUSK - Hem, Tr\u00e4dg\u00e5rd &amp; Fritid\" \/>\n<meta property=\"article:modified_time\" content=\"2026-03-12T07:47:09+00:00\" \/>\n<meta property=\"og:image\" content=\"https:\/\/i0.wp.com\/truusk.se\/wp-content\/uploads\/2025\/08\/kokshylla-med-arbetsyta-metallgallerpaneler-5-krokar-koksskap-for-kryddor-grytor-stekpannor-brun-1.webp?fit=2000%2C2000&ssl=1\" \/>\n\t<meta property=\"og:image:width\" content=\"2000\" \/>\n\t<meta property=\"og:image:height\" content=\"2000\" \/>\n\t<meta property=\"og:image:type\" content=\"image\/webp\" \/>\n<meta name=\"twitter:card\" content=\"summary_large_image\" \/>\n<meta name=\"twitter:label1\" content=\"Ber\u00e4knad l\u00e4stid\" \/>\n\t<meta name=\"twitter:data1\" content=\"1 minut\" \/>\n<!-- \/ Yoast SEO plugin. -->","yoast_head_json":{"title":"TRUUSK K\u00f6kshylla Med Metallgallerpaneler - Arbetsyta - 5 Krokar - F\u00f6r Kryddor, Grytor, Stekpannor - Brun - TRUUSK - Hem, Tr\u00e4dg\u00e5rd &amp; Fritid","robots":{"index":"index","follow":"follow","max-snippet":"max-snippet:-1","max-image-preview":"max-image-preview:large","max-video-preview":"max-video-preview:-1"},"canonical":"https:\/\/truusk.store\/sv\/produkt\/truusk-kokshylla-med-metallgallerpaneler-arbetsyta-5-krokar-for-kryddor-grytor-stekpannor-brun\/","og_locale":"sv_SE","og_type":"article","og_title":"TRUUSK K\u00f6kshylla Med Metallgallerpaneler - Arbetsyta - 5 Krokar - F\u00f6r Kryddor, Grytor, Stekpannor - Brun - TRUUSK - Hem, Tr\u00e4dg\u00e5rd &amp; Fritid","og_description":"Ut\u00f6ka ditt f\u00f6rvaringsutrymme med TRUUSK k\u00f6kshylla, som inte tar mycket plats. Organisera dina k\u00f6ksredskap och ditt porslin p\u00e5 fem niv\u00e5er...","og_url":"https:\/\/truusk.store\/sv\/produkt\/truusk-kokshylla-med-metallgallerpaneler-arbetsyta-5-krokar-for-kryddor-grytor-stekpannor-brun\/","og_site_name":"TRUUSK - Hem, Tr\u00e4dg\u00e5rd &amp; Fritid","article_modified_time":"2026-03-12T07:47:09+00:00","og_image":[{"width":2000,"height":2000,"url":"https:\/\/i0.wp.com\/truusk.se\/wp-content\/uploads\/2025\/08\/kokshylla-med-arbetsyta-metallgallerpaneler-5-krokar-koksskap-for-kryddor-grytor-stekpannor-brun-1.webp?fit=2000%2C2000&ssl=1","type":"image\/webp"}],"twitter_card":"summary_large_image","twitter_misc":{"Ber\u00e4knad l\u00e4stid":"1 minut"},"schema":{"@context":"https:\/\/schema.org","@graph":[{"@type":"WebPage","@id":"https:\/\/truusk.store\/sv\/produkt\/truusk-kokshylla-med-metallgallerpaneler-arbetsyta-5-krokar-for-kryddor-grytor-stekpannor-brun\/","url":"https:\/\/truusk.store\/sv\/produkt\/truusk-kokshylla-med-metallgallerpaneler-arbetsyta-5-krokar-for-kryddor-grytor-stekpannor-brun\/","name":"TRUUSK K\u00f6kshylla Med Metallgallerpaneler - Arbetsyta - 5 Krokar - F\u00f6r Kryddor, Grytor, Stekpannor - Brun - TRUUSK - Hem, Tr\u00e4dg\u00e5rd &amp; Fritid","isPartOf":{"@id":"https:\/\/truusk.store\/sv\/#website"},"primaryImageOfPage":{"@id":"https:\/\/truusk.store\/sv\/produkt\/truusk-kokshylla-med-metallgallerpaneler-arbetsyta-5-krokar-for-kryddor-grytor-stekpannor-brun\/#primaryimage"},"image":{"@id":"https:\/\/truusk.store\/sv\/produkt\/truusk-kokshylla-med-metallgallerpaneler-arbetsyta-5-krokar-for-kryddor-grytor-stekpannor-brun\/#primaryimage"},"thumbnailUrl":"https:\/\/i0.wp.com\/truusk.store\/wp-content\/uploads\/2025\/08\/kokshylla-med-arbetsyta-metallgallerpaneler-5-krokar-koksskap-for-kryddor-grytor-stekpannor-brun-1.webp?fit=2000%2C2000&ssl=1","datePublished":"2025-08-06T12:50:44+00:00","dateModified":"2026-03-12T07:47:09+00:00","breadcrumb":{"@id":"https:\/\/truusk.store\/sv\/produkt\/truusk-kokshylla-med-metallgallerpaneler-arbetsyta-5-krokar-for-kryddor-grytor-stekpannor-brun\/#breadcrumb"},"inLanguage":"sv-SE","potentialAction":[{"@type":"ReadAction","target":["https:\/\/truusk.store\/sv\/produkt\/truusk-kokshylla-med-metallgallerpaneler-arbetsyta-5-krokar-for-kryddor-grytor-stekpannor-brun\/"]}]},{"@type":"ImageObject","inLanguage":"sv-SE","@id":"https:\/\/truusk.store\/sv\/produkt\/truusk-kokshylla-med-metallgallerpaneler-arbetsyta-5-krokar-for-kryddor-grytor-stekpannor-brun\/#primaryimage","url":"https:\/\/i0.wp.com\/truusk.store\/wp-content\/uploads\/2025\/08\/kokshylla-med-arbetsyta-metallgallerpaneler-5-krokar-koksskap-for-kryddor-grytor-stekpannor-brun-1.webp?fit=2000%2C2000&ssl=1","contentUrl":"https:\/\/i0.wp.com\/truusk.store\/wp-content\/uploads\/2025\/08\/kokshylla-med-arbetsyta-metallgallerpaneler-5-krokar-koksskap-for-kryddor-grytor-stekpannor-brun-1.webp?fit=2000%2C2000&ssl=1","width":2000,"height":2000},{"@type":"BreadcrumbList","@id":"https:\/\/truusk.store\/sv\/produkt\/truusk-kokshylla-med-metallgallerpaneler-arbetsyta-5-krokar-for-kryddor-grytor-stekpannor-brun\/#breadcrumb","itemListElement":[{"@type":"ListItem","position":1,"name":"Home","item":"https:\/\/truusk.store\/sv\/"},{"@type":"ListItem","position":2,"name":"Shop","item":"https:\/\/truusk.store\/shop\/"},{"@type":"ListItem","position":3,"name":"TRUUSK K\u00f6kshylla Med Metallgallerpaneler &#8211; Arbetsyta &#8211; 5 Krokar &#8211; F\u00f6r Kryddor, Grytor, Stekpannor &#8211; Brun"}]},{"@type":"WebSite","@id":"https:\/\/truusk.store\/sv\/#website","url":"https:\/\/truusk.store\/sv\/","name":"TRUUSK - Hem, Tr\u00e4dg\u00e5rd & Fritid","description":"","publisher":{"@id":"https:\/\/truusk.store\/sv\/#organization"},"potentialAction":[{"@type":"SearchAction","target":{"@type":"EntryPoint","urlTemplate":"https:\/\/truusk.store\/sv\/?s={search_term_string}"},"query-input":{"@type":"PropertyValueSpecification","valueRequired":true,"valueName":"search_term_string"}}],"inLanguage":"sv-SE"},{"@type":"Organization","@id":"https:\/\/truusk.store\/sv\/#organization","name":"TRUUSK - Hem, Tr\u00e4dg\u00e5rd & Fritid","url":"https:\/\/truusk.store\/sv\/","logo":{"@type":"ImageObject","inLanguage":"sv-SE","@id":"https:\/\/truusk.store\/sv\/#\/schema\/logo\/image\/","url":"https:\/\/i0.wp.com\/truusk.store\/wp-content\/uploads\/2026\/03\/cropped-TRUUSK.png?fit=2032%2C917&ssl=1","contentUrl":"https:\/\/i0.wp.com\/truusk.store\/wp-content\/uploads\/2026\/03\/cropped-TRUUSK.png?fit=2032%2C917&ssl=1","width":2032,"height":917,"caption":"TRUUSK - Hem, Tr\u00e4dg\u00e5rd & Fritid"},"image":{"@id":"https:\/\/truusk.store\/sv\/#\/schema\/logo\/image\/"}}]}},"jetpack_sharing_enabled":true,"_links":{"self":[{"href":"https:\/\/truusk.store\/sv\/wp-json\/wp\/v2\/product\/85792","targetHints":{"allow":["GET"]}}],"collection":[{"href":"https:\/\/truusk.store\/sv\/wp-json\/wp\/v2\/product"}],"about":[{"href":"https:\/\/truusk.store\/sv\/wp-json\/wp\/v2\/types\/product"}],"wp:featuredmedia":[{"embeddable":true,"href":"https:\/\/truusk.store\/sv\/wp-json\/wp\/v2\/media\/85783"}],"wp:attachment":[{"href":"https:\/\/truusk.store\/sv\/wp-json\/wp\/v2\/media?parent=85792"}],"wp:term":[{"taxonomy":"product_brand","embeddable":true,"href":"https:\/\/truusk.store\/sv\/wp-json\/wp\/v2\/product_brand?post=85792"},{"taxonomy":"product_cat","embeddable":true,"href":"https:\/\/truusk.store\/sv\/wp-json\/wp\/v2\/product_cat?post=85792"},{"taxonomy":"product_tag","embeddable":true,"href":"https:\/\/truusk.store\/sv\/wp-json\/wp\/v2\/product_tag?post=85792"}],"curies":[{"name":"wp","href":"https:\/\/api.w.org\/{rel}","templated":true}]}}