{"id":85845,"date":"2025-08-07T20:11:40","date_gmt":"2025-08-07T19:11:40","guid":{"rendered":"https:\/\/truusk.store\/product\/verktygsvagn-tvadelad-lasbar-14-lador-perforerad-vagg-stal-rod\/"},"modified":"2026-03-12T09:40:13","modified_gmt":"2026-03-12T08:40:13","slug":"truusk-verktygsvagn-tvadelad-med-lasbar-perforerad-vagg-14-lador-stal-rod","status":"publish","type":"product","link":"https:\/\/truusk.store\/sv\/produkt\/truusk-verktygsvagn-tvadelad-med-lasbar-perforerad-vagg-14-lador-stal-rod\/","title":{"rendered":"TRUUSK Verktygsvagn &#8211; Tv\u00e5delad med l\u00e5sbar perforerad v\u00e4gg &#8211; 14 l\u00e5dor &#8211; St\u00e5l &#8211; R\u00f6d"},"content":{"rendered":"<p>Uppt\u00e4ck den praktiska TRUUSK verktygsvagnen &#8211; din ideala partner f\u00f6r ordning och s\u00e4kerhet. Den tv\u00e5delade verkstadsbilen best\u00e5r av en \u00f6verdel som kan b\u00e4ras och underdel med l\u00e5dor, som alltid h\u00e5ller dina verktyg till hands. Tack vare de inre EVA-mattorna \u00e4r dina redskap optimalt skyddade, medan det robusta pulverlackerade st\u00e5let garanterar l\u00e5ng livsl\u00e4ngd. B\u00e5da delarna kan l\u00e5sas, inklusive nycklar, f\u00f6r maximal s\u00e4kerhet.<\/p>\n<p>Beskrivning:<\/p>\n<ul>\n<li> Den \u00f6vre l\u00e5dan med sidohandtag och det undre sk\u00e5pet kan anv\u00e4ndas separat<\/li>\n<li> \u00d6vre och undre delen av denna verktygsl\u00e5da f\u00f6r mekaniker kan l\u00e5sas f\u00f6r \u00f6kad s\u00e4kerhet. Nycklar ing\u00e5r<\/li>\n<li> Har 14 utdragbara l\u00e5dor, ett \u00f6versta f\u00f6rvaringsomr\u00e5de, fem undre l\u00e5dor, en sidov\u00e4gg med h\u00e5l och en sidohylla<\/li>\n<li> Inre EVA-mattor absorberar olja och h\u00e5ller verktygen p\u00e5 plats<\/li>\n<li> Fyra hjul f\u00f6r enkel f\u00f6rflyttning. Tv\u00e5 av dem med bromsar f\u00f6r \u00f6kad s\u00e4kerhet<\/li>\n<li> Enkel montering<\/li>\n<\/ul>\n<p> Tekniska data:<\/p>\n<ul>\n<li> F\u00e4rg: R\u00f6d<\/li>\n<li> Material: St\u00e5l<\/li>\n<li> \u00d6vre br\u00f6ststorlek: 60L x 26B x 34H cm<\/li>\n<li> Undre sk\u00e5pm\u00e5tt: 76L x 33B x 75H cm<\/li>\n<li> \u00d6versta lagringsstorlek: (\u00f6vre br\u00f6st) 59,5B x 23,5T x 6H cm<\/li>\n<li> L\u00e5dstorlek: (\u00f6vre br\u00f6st) 15B x 22T x 3H cm, 50,5B x 22T x 3H cm, 50,5B x 22T x 7,5H cm<\/li>\n<li> L\u00e5dstorlek: (undre sk\u00e5p) 51B x 27,3T x 10,4H cm<\/li>\n<li> Sidramstorlek: 31,5B x 7T x 6,5H cm<\/li>\n<li> B\u00e4rkapacitet: 50 kg (\u00f6vre br\u00f6st), 130 kg (undre sk\u00e5p), 5 kg (liten l\u00e5da), 15 kg (annan l\u00e5da)<\/li>\n<\/ul>\n<p>Leveransinneh\u00e5ll:<\/p>\n<ul>\n<li> 1 x \u00d6vre verktygsl\u00e5da<\/li>\n<li> 1 x Rullsk\u00e5p<\/li>\n<li> 4 x Nycklar<\/li>\n<li> 1 x Handbok<\/li>\n<\/ul>\n","protected":false},"excerpt":{"rendered":"<p>Uppt\u00e4ck den praktiska TRUUSK verktygsvagnen &#8211; din ideala partner f\u00f6r ordning och s\u00e4kerhet. Den tv\u00e5delade verkstadsbilen best\u00e5r av en \u00f6verdel&#8230;<\/p>\n","protected":false},"featured_media":85836,"template":"","meta":[],"product_brand":[],"product_cat":[867,898,899],"product_tag":[],"class_list":{"0":"post-85845","1":"product","2":"type-product","3":"status-publish","4":"has-post-thumbnail","6":"product_cat-byggmarknad","7":"product_cat-gor-det-sjalv","8":"product_cat-organiseringssystemer","10":"first","11":"instock","12":"sale","13":"taxable","14":"shipping-taxable","15":"purchasable","16":"product-type-simple"},"yoast_head":"<!-- This site is optimized with the Yoast SEO plugin v25.4 - https:\/\/yoast.com\/wordpress\/plugins\/seo\/ -->\n<title>TRUUSK Verktygsvagn - Tv\u00e5delad med l\u00e5sbar perforerad v\u00e4gg - 14 l\u00e5dor - St\u00e5l - R\u00f6d - TRUUSK - Hem, Tr\u00e4dg\u00e5rd &amp; Fritid<\/title>\n<meta name=\"robots\" content=\"index, follow, max-snippet:-1, max-image-preview:large, max-video-preview:-1\" \/>\n<link rel=\"canonical\" href=\"https:\/\/truusk.store\/sv\/produkt\/truusk-verktygsvagn-tvadelad-med-lasbar-perforerad-vagg-14-lador-stal-rod\/\" \/>\n<meta property=\"og:locale\" content=\"sv_SE\" \/>\n<meta property=\"og:type\" content=\"article\" \/>\n<meta property=\"og:title\" content=\"TRUUSK Verktygsvagn - Tv\u00e5delad med l\u00e5sbar perforerad v\u00e4gg - 14 l\u00e5dor - St\u00e5l - R\u00f6d - TRUUSK - Hem, Tr\u00e4dg\u00e5rd &amp; Fritid\" \/>\n<meta property=\"og:description\" content=\"Uppt\u00e4ck den praktiska TRUUSK verktygsvagnen &#8211; din ideala partner f\u00f6r ordning och s\u00e4kerhet. Den tv\u00e5delade verkstadsbilen best\u00e5r av en \u00f6verdel...\" \/>\n<meta property=\"og:url\" content=\"https:\/\/truusk.store\/sv\/produkt\/truusk-verktygsvagn-tvadelad-med-lasbar-perforerad-vagg-14-lador-stal-rod\/\" \/>\n<meta property=\"og:site_name\" content=\"TRUUSK - Hem, Tr\u00e4dg\u00e5rd &amp; Fritid\" \/>\n<meta property=\"article:modified_time\" content=\"2026-03-12T08:40:13+00:00\" \/>\n<meta property=\"og:image\" content=\"https:\/\/i0.wp.com\/truusk.se\/wp-content\/uploads\/2025\/08\/verktygsvagn-tvadelad-lasbar-14-lador-perforerad-vagg-stal-rod-1.webp?fit=2000%2C2000&ssl=1\" \/>\n\t<meta property=\"og:image:width\" content=\"2000\" \/>\n\t<meta property=\"og:image:height\" content=\"2000\" \/>\n\t<meta property=\"og:image:type\" content=\"image\/webp\" \/>\n<meta name=\"twitter:card\" content=\"summary_large_image\" \/>\n<meta name=\"twitter:label1\" content=\"Ber\u00e4knad l\u00e4stid\" \/>\n\t<meta name=\"twitter:data1\" content=\"1 minut\" \/>\n<!-- \/ Yoast SEO plugin. -->","yoast_head_json":{"title":"TRUUSK Verktygsvagn - Tv\u00e5delad med l\u00e5sbar perforerad v\u00e4gg - 14 l\u00e5dor - St\u00e5l - R\u00f6d - TRUUSK - Hem, Tr\u00e4dg\u00e5rd &amp; Fritid","robots":{"index":"index","follow":"follow","max-snippet":"max-snippet:-1","max-image-preview":"max-image-preview:large","max-video-preview":"max-video-preview:-1"},"canonical":"https:\/\/truusk.store\/sv\/produkt\/truusk-verktygsvagn-tvadelad-med-lasbar-perforerad-vagg-14-lador-stal-rod\/","og_locale":"sv_SE","og_type":"article","og_title":"TRUUSK Verktygsvagn - Tv\u00e5delad med l\u00e5sbar perforerad v\u00e4gg - 14 l\u00e5dor - St\u00e5l - R\u00f6d - TRUUSK - Hem, Tr\u00e4dg\u00e5rd &amp; Fritid","og_description":"Uppt\u00e4ck den praktiska TRUUSK verktygsvagnen &#8211; din ideala partner f\u00f6r ordning och s\u00e4kerhet. Den tv\u00e5delade verkstadsbilen best\u00e5r av en \u00f6verdel...","og_url":"https:\/\/truusk.store\/sv\/produkt\/truusk-verktygsvagn-tvadelad-med-lasbar-perforerad-vagg-14-lador-stal-rod\/","og_site_name":"TRUUSK - Hem, Tr\u00e4dg\u00e5rd &amp; Fritid","article_modified_time":"2026-03-12T08:40:13+00:00","og_image":[{"width":2000,"height":2000,"url":"https:\/\/i0.wp.com\/truusk.se\/wp-content\/uploads\/2025\/08\/verktygsvagn-tvadelad-lasbar-14-lador-perforerad-vagg-stal-rod-1.webp?fit=2000%2C2000&ssl=1","type":"image\/webp"}],"twitter_card":"summary_large_image","twitter_misc":{"Ber\u00e4knad l\u00e4stid":"1 minut"},"schema":{"@context":"https:\/\/schema.org","@graph":[{"@type":"WebPage","@id":"https:\/\/truusk.store\/sv\/produkt\/truusk-verktygsvagn-tvadelad-med-lasbar-perforerad-vagg-14-lador-stal-rod\/","url":"https:\/\/truusk.store\/sv\/produkt\/truusk-verktygsvagn-tvadelad-med-lasbar-perforerad-vagg-14-lador-stal-rod\/","name":"TRUUSK Verktygsvagn - Tv\u00e5delad med l\u00e5sbar perforerad v\u00e4gg - 14 l\u00e5dor - St\u00e5l - R\u00f6d - TRUUSK - Hem, Tr\u00e4dg\u00e5rd &amp; Fritid","isPartOf":{"@id":"https:\/\/truusk.store\/sv\/#website"},"primaryImageOfPage":{"@id":"https:\/\/truusk.store\/sv\/produkt\/truusk-verktygsvagn-tvadelad-med-lasbar-perforerad-vagg-14-lador-stal-rod\/#primaryimage"},"image":{"@id":"https:\/\/truusk.store\/sv\/produkt\/truusk-verktygsvagn-tvadelad-med-lasbar-perforerad-vagg-14-lador-stal-rod\/#primaryimage"},"thumbnailUrl":"https:\/\/i0.wp.com\/truusk.store\/wp-content\/uploads\/2025\/08\/verktygsvagn-tvadelad-lasbar-14-lador-perforerad-vagg-stal-rod-1.webp?fit=2000%2C2000&ssl=1","datePublished":"2025-08-07T19:11:40+00:00","dateModified":"2026-03-12T08:40:13+00:00","breadcrumb":{"@id":"https:\/\/truusk.store\/sv\/produkt\/truusk-verktygsvagn-tvadelad-med-lasbar-perforerad-vagg-14-lador-stal-rod\/#breadcrumb"},"inLanguage":"sv-SE","potentialAction":[{"@type":"ReadAction","target":["https:\/\/truusk.store\/sv\/produkt\/truusk-verktygsvagn-tvadelad-med-lasbar-perforerad-vagg-14-lador-stal-rod\/"]}]},{"@type":"ImageObject","inLanguage":"sv-SE","@id":"https:\/\/truusk.store\/sv\/produkt\/truusk-verktygsvagn-tvadelad-med-lasbar-perforerad-vagg-14-lador-stal-rod\/#primaryimage","url":"https:\/\/i0.wp.com\/truusk.store\/wp-content\/uploads\/2025\/08\/verktygsvagn-tvadelad-lasbar-14-lador-perforerad-vagg-stal-rod-1.webp?fit=2000%2C2000&ssl=1","contentUrl":"https:\/\/i0.wp.com\/truusk.store\/wp-content\/uploads\/2025\/08\/verktygsvagn-tvadelad-lasbar-14-lador-perforerad-vagg-stal-rod-1.webp?fit=2000%2C2000&ssl=1","width":2000,"height":2000},{"@type":"BreadcrumbList","@id":"https:\/\/truusk.store\/sv\/produkt\/truusk-verktygsvagn-tvadelad-med-lasbar-perforerad-vagg-14-lador-stal-rod\/#breadcrumb","itemListElement":[{"@type":"ListItem","position":1,"name":"Home","item":"https:\/\/truusk.store\/sv\/"},{"@type":"ListItem","position":2,"name":"Shop","item":"https:\/\/truusk.store\/shop\/"},{"@type":"ListItem","position":3,"name":"TRUUSK Verktygsvagn &#8211; Tv\u00e5delad med l\u00e5sbar perforerad v\u00e4gg &#8211; 14 l\u00e5dor &#8211; St\u00e5l &#8211; R\u00f6d"}]},{"@type":"WebSite","@id":"https:\/\/truusk.store\/sv\/#website","url":"https:\/\/truusk.store\/sv\/","name":"TRUUSK - Hem, Tr\u00e4dg\u00e5rd & Fritid","description":"","publisher":{"@id":"https:\/\/truusk.store\/sv\/#organization"},"potentialAction":[{"@type":"SearchAction","target":{"@type":"EntryPoint","urlTemplate":"https:\/\/truusk.store\/sv\/?s={search_term_string}"},"query-input":{"@type":"PropertyValueSpecification","valueRequired":true,"valueName":"search_term_string"}}],"inLanguage":"sv-SE"},{"@type":"Organization","@id":"https:\/\/truusk.store\/sv\/#organization","name":"TRUUSK - Hem, Tr\u00e4dg\u00e5rd & Fritid","url":"https:\/\/truusk.store\/sv\/","logo":{"@type":"ImageObject","inLanguage":"sv-SE","@id":"https:\/\/truusk.store\/sv\/#\/schema\/logo\/image\/","url":"https:\/\/i0.wp.com\/truusk.store\/wp-content\/uploads\/2026\/03\/cropped-TRUUSK.png?fit=2032%2C917&ssl=1","contentUrl":"https:\/\/i0.wp.com\/truusk.store\/wp-content\/uploads\/2026\/03\/cropped-TRUUSK.png?fit=2032%2C917&ssl=1","width":2032,"height":917,"caption":"TRUUSK - Hem, Tr\u00e4dg\u00e5rd & Fritid"},"image":{"@id":"https:\/\/truusk.store\/sv\/#\/schema\/logo\/image\/"}}]}},"jetpack_sharing_enabled":true,"_links":{"self":[{"href":"https:\/\/truusk.store\/sv\/wp-json\/wp\/v2\/product\/85845","targetHints":{"allow":["GET"]}}],"collection":[{"href":"https:\/\/truusk.store\/sv\/wp-json\/wp\/v2\/product"}],"about":[{"href":"https:\/\/truusk.store\/sv\/wp-json\/wp\/v2\/types\/product"}],"wp:featuredmedia":[{"embeddable":true,"href":"https:\/\/truusk.store\/sv\/wp-json\/wp\/v2\/media\/85836"}],"wp:attachment":[{"href":"https:\/\/truusk.store\/sv\/wp-json\/wp\/v2\/media?parent=85845"}],"wp:term":[{"taxonomy":"product_brand","embeddable":true,"href":"https:\/\/truusk.store\/sv\/wp-json\/wp\/v2\/product_brand?post=85845"},{"taxonomy":"product_cat","embeddable":true,"href":"https:\/\/truusk.store\/sv\/wp-json\/wp\/v2\/product_cat?post=85845"},{"taxonomy":"product_tag","embeddable":true,"href":"https:\/\/truusk.store\/sv\/wp-json\/wp\/v2\/product_tag?post=85845"}],"curies":[{"name":"wp","href":"https:\/\/api.w.org\/{rel}","templated":true}]}}