{"id":85875,"date":"2025-08-08T20:09:57","date_gmt":"2025-08-08T19:09:57","guid":{"rendered":"https:\/\/truusk.store\/product\/aiyaplay-krokodil-lektunnel-flexibel-form-robust-for-barn-3-6-ar-194-x-88-x-92-cm-gron\/"},"modified":"2026-03-12T09:45:26","modified_gmt":"2026-03-12T08:45:26","slug":"truusk-kattvaska-och-hundvagn-2-i-1-hopfallbar-med-regnskydd-natoppningar-kudde-for-hundar-och-katter-upp-till-10-kg","status":"publish","type":"product","link":"https:\/\/truusk.store\/sv\/produkt\/truusk-kattvaska-och-hundvagn-2-i-1-hopfallbar-med-regnskydd-natoppningar-kudde-for-hundar-och-katter-upp-till-10-kg\/","title":{"rendered":"TRUUSK Kattv\u00e4ska och Hundvagn 2-i-1 &#8211; Hopf\u00e4llbar med Regnskydd &#8211; N\u00e4t\u00f6ppningar &#8211; Kudde &#8211; F\u00f6r Hundar och Katter upp till 10 kg &#8211;"},"content":{"rendered":"<p>Djurisk lekgl\u00e4dje med AIYAPLAY Krokodil lektunnel! Flexibelt designad, kan lektunneln st\u00e4llas upp som en l\u00e5ng tunnel, b\u00e5ge eller i S-form. Idealisk f\u00f6r krypning eller g\u00f6mst\u00e4ll, fr\u00e4mjar denna kryptunnel kreativitet. Det robusta, barns\u00e4kra plasth\u00f6ljet och fem par f\u00f6tter garanterar stabilitet inomhus och utomhus och \u00e4r perfekt f\u00f6r alla lekfulla barn.<\/p>\n<p>Beskrivning:<\/p>\n<ul>\n<li> S\u00f6t krokodildesign av kryptunneln uppmuntrar barn till fantasifull lek<\/li>\n<li> Konfigurerbar i l\u00e5ng bana, b\u00e5ge, S-form f\u00f6r varierande roligt<\/li>\n<li> M\u00f6jligg\u00f6r olika spelmetoder som krypning, kr\u00e4lande, g\u00f6mma, s\u00f6ka<\/li>\n<li> Konstruerad av robust HDPE och plast f\u00f6r l\u00e5ngvarig anv\u00e4ndning<\/li>\n<li> Inneh\u00e5ller fem par f\u00f6tter, lektunneln erbjuder extra stabilitet<\/li>\n<li> L\u00e4mplig f\u00f6r anv\u00e4ndning b\u00e5de inomhus och utomhus, m\u00e5ngsidigt placerbar<\/li>\n<li> Motst\u00e5ndskraftig mot vind och sol, beh\u00e5ller f\u00e4rgen p\u00e5 kryptunneln utan att blekna<\/li>\n<li> Montering kr\u00e4vs<\/li>\n<\/ul>\n<p>Tekniska data:<\/p>\n<ul>\n<li> F\u00e4rg: Gr\u00f6n<\/li>\n<li> Material: HDPE, Plast<\/li>\n<li> Totala dimensioner: 194L x 88B x 92H cm<\/li>\n<li> Tunneling\u00e5ng: 57B x 51H cm<\/li>\n<li> Tunnel inre storlek: 195L x 60B x 52H cm<\/li>\n<li> Tunnel\u00f6ppning: 12,5B x 8,5H cm<\/li>\n<li> F\u00f6nsterh\u00e5lsh\u00f6jd: 10\/22\/26H cm (fr\u00e5n golvet)<\/li>\n<li> Fot h\u00f6jd: 11 cm<\/li>\n<li> Rekommenderad \u00e5lder: 3-6 \u00e5r<\/li>\n<li> Certifierad \u00e5lder: 3+ \u00e5r<\/li>\n<\/ul>\n<p>Leverans inneh\u00e5ller:<\/p>\n<ul>\n<li> 1 x Barnlektunnel<\/li>\n<li> 1 x Bruksanvisning<\/li>\n<\/ul>\n","protected":false},"excerpt":{"rendered":"<p>Djurisk lekgl\u00e4dje med AIYAPLAY Krokodil lektunnel! Flexibelt designad, kan lektunneln st\u00e4llas upp som en l\u00e5ng tunnel, b\u00e5ge eller i S-form&#8230;.<\/p>\n","protected":false},"featured_media":85866,"template":"","meta":[],"product_brand":[],"product_cat":[880,939,616],"product_tag":[],"class_list":{"0":"post-85875","1":"product","2":"type-product","3":"status-publish","4":"has-post-thumbnail","6":"product_cat-baby-barn-2","7":"product_cat-barnsport","8":"product_cat-utomhusleksaker","10":"first","11":"instock","12":"sale","13":"taxable","14":"shipping-taxable","15":"purchasable","16":"product-type-simple"},"yoast_head":"<!-- This site is optimized with the Yoast SEO plugin v25.4 - https:\/\/yoast.com\/wordpress\/plugins\/seo\/ -->\n<title>TRUUSK Kattv\u00e4ska och Hundvagn 2-i-1 - Hopf\u00e4llbar med Regnskydd - N\u00e4t\u00f6ppningar - Kudde - F\u00f6r Hundar och Katter upp till 10 kg - TRUUSK - Hem, Tr\u00e4dg\u00e5rd &amp; Fritid<\/title>\n<meta name=\"robots\" content=\"index, follow, max-snippet:-1, max-image-preview:large, max-video-preview:-1\" \/>\n<link rel=\"canonical\" href=\"https:\/\/truusk.store\/sv\/produkt\/truusk-kattvaska-och-hundvagn-2-i-1-hopfallbar-med-regnskydd-natoppningar-kudde-for-hundar-och-katter-upp-till-10-kg\/\" \/>\n<meta property=\"og:locale\" content=\"sv_SE\" \/>\n<meta property=\"og:type\" content=\"article\" \/>\n<meta property=\"og:title\" content=\"TRUUSK Kattv\u00e4ska och Hundvagn 2-i-1 - Hopf\u00e4llbar med Regnskydd - N\u00e4t\u00f6ppningar - Kudde - F\u00f6r Hundar och Katter upp till 10 kg - TRUUSK - Hem, Tr\u00e4dg\u00e5rd &amp; Fritid\" \/>\n<meta property=\"og:description\" content=\"Djurisk lekgl\u00e4dje med AIYAPLAY Krokodil lektunnel! Flexibelt designad, kan lektunneln st\u00e4llas upp som en l\u00e5ng tunnel, b\u00e5ge eller i S-form....\" \/>\n<meta property=\"og:url\" content=\"https:\/\/truusk.store\/sv\/produkt\/truusk-kattvaska-och-hundvagn-2-i-1-hopfallbar-med-regnskydd-natoppningar-kudde-for-hundar-och-katter-upp-till-10-kg\/\" \/>\n<meta property=\"og:site_name\" content=\"TRUUSK - Hem, Tr\u00e4dg\u00e5rd &amp; Fritid\" \/>\n<meta property=\"article:modified_time\" content=\"2026-03-12T08:45:26+00:00\" \/>\n<meta property=\"og:image\" content=\"https:\/\/i0.wp.com\/truusk.se\/wp-content\/uploads\/2025\/08\/aiyaplay-krokodil-lektunnel-flexibel-form-robust-for-barn-3-6-ar-194-x-88-x-92-cm-gron-1.webp?fit=2000%2C2000&ssl=1\" \/>\n\t<meta property=\"og:image:width\" content=\"2000\" \/>\n\t<meta property=\"og:image:height\" content=\"2000\" \/>\n\t<meta property=\"og:image:type\" content=\"image\/webp\" \/>\n<meta name=\"twitter:card\" content=\"summary_large_image\" \/>\n<meta name=\"twitter:label1\" content=\"Ber\u00e4knad l\u00e4stid\" \/>\n\t<meta name=\"twitter:data1\" content=\"1 minut\" \/>\n<!-- \/ Yoast SEO plugin. -->","yoast_head_json":{"title":"TRUUSK Kattv\u00e4ska och Hundvagn 2-i-1 - Hopf\u00e4llbar med Regnskydd - N\u00e4t\u00f6ppningar - Kudde - F\u00f6r Hundar och Katter upp till 10 kg - TRUUSK - Hem, Tr\u00e4dg\u00e5rd &amp; Fritid","robots":{"index":"index","follow":"follow","max-snippet":"max-snippet:-1","max-image-preview":"max-image-preview:large","max-video-preview":"max-video-preview:-1"},"canonical":"https:\/\/truusk.store\/sv\/produkt\/truusk-kattvaska-och-hundvagn-2-i-1-hopfallbar-med-regnskydd-natoppningar-kudde-for-hundar-och-katter-upp-till-10-kg\/","og_locale":"sv_SE","og_type":"article","og_title":"TRUUSK Kattv\u00e4ska och Hundvagn 2-i-1 - Hopf\u00e4llbar med Regnskydd - N\u00e4t\u00f6ppningar - Kudde - F\u00f6r Hundar och Katter upp till 10 kg - TRUUSK - Hem, Tr\u00e4dg\u00e5rd &amp; Fritid","og_description":"Djurisk lekgl\u00e4dje med AIYAPLAY Krokodil lektunnel! Flexibelt designad, kan lektunneln st\u00e4llas upp som en l\u00e5ng tunnel, b\u00e5ge eller i S-form....","og_url":"https:\/\/truusk.store\/sv\/produkt\/truusk-kattvaska-och-hundvagn-2-i-1-hopfallbar-med-regnskydd-natoppningar-kudde-for-hundar-och-katter-upp-till-10-kg\/","og_site_name":"TRUUSK - Hem, Tr\u00e4dg\u00e5rd &amp; Fritid","article_modified_time":"2026-03-12T08:45:26+00:00","og_image":[{"width":2000,"height":2000,"url":"https:\/\/i0.wp.com\/truusk.se\/wp-content\/uploads\/2025\/08\/aiyaplay-krokodil-lektunnel-flexibel-form-robust-for-barn-3-6-ar-194-x-88-x-92-cm-gron-1.webp?fit=2000%2C2000&ssl=1","type":"image\/webp"}],"twitter_card":"summary_large_image","twitter_misc":{"Ber\u00e4knad l\u00e4stid":"1 minut"},"schema":{"@context":"https:\/\/schema.org","@graph":[{"@type":"WebPage","@id":"https:\/\/truusk.store\/sv\/produkt\/truusk-kattvaska-och-hundvagn-2-i-1-hopfallbar-med-regnskydd-natoppningar-kudde-for-hundar-och-katter-upp-till-10-kg\/","url":"https:\/\/truusk.store\/sv\/produkt\/truusk-kattvaska-och-hundvagn-2-i-1-hopfallbar-med-regnskydd-natoppningar-kudde-for-hundar-och-katter-upp-till-10-kg\/","name":"TRUUSK Kattv\u00e4ska och Hundvagn 2-i-1 - Hopf\u00e4llbar med Regnskydd - N\u00e4t\u00f6ppningar - Kudde - F\u00f6r Hundar och Katter upp till 10 kg - TRUUSK - Hem, Tr\u00e4dg\u00e5rd &amp; Fritid","isPartOf":{"@id":"https:\/\/truusk.store\/sv\/#website"},"primaryImageOfPage":{"@id":"https:\/\/truusk.store\/sv\/produkt\/truusk-kattvaska-och-hundvagn-2-i-1-hopfallbar-med-regnskydd-natoppningar-kudde-for-hundar-och-katter-upp-till-10-kg\/#primaryimage"},"image":{"@id":"https:\/\/truusk.store\/sv\/produkt\/truusk-kattvaska-och-hundvagn-2-i-1-hopfallbar-med-regnskydd-natoppningar-kudde-for-hundar-och-katter-upp-till-10-kg\/#primaryimage"},"thumbnailUrl":"https:\/\/i0.wp.com\/truusk.store\/wp-content\/uploads\/2025\/08\/aiyaplay-krokodil-lektunnel-flexibel-form-robust-for-barn-3-6-ar-194-x-88-x-92-cm-gron-1.webp?fit=2000%2C2000&ssl=1","datePublished":"2025-08-08T19:09:57+00:00","dateModified":"2026-03-12T08:45:26+00:00","breadcrumb":{"@id":"https:\/\/truusk.store\/sv\/produkt\/truusk-kattvaska-och-hundvagn-2-i-1-hopfallbar-med-regnskydd-natoppningar-kudde-for-hundar-och-katter-upp-till-10-kg\/#breadcrumb"},"inLanguage":"sv-SE","potentialAction":[{"@type":"ReadAction","target":["https:\/\/truusk.store\/sv\/produkt\/truusk-kattvaska-och-hundvagn-2-i-1-hopfallbar-med-regnskydd-natoppningar-kudde-for-hundar-och-katter-upp-till-10-kg\/"]}]},{"@type":"ImageObject","inLanguage":"sv-SE","@id":"https:\/\/truusk.store\/sv\/produkt\/truusk-kattvaska-och-hundvagn-2-i-1-hopfallbar-med-regnskydd-natoppningar-kudde-for-hundar-och-katter-upp-till-10-kg\/#primaryimage","url":"https:\/\/i0.wp.com\/truusk.store\/wp-content\/uploads\/2025\/08\/aiyaplay-krokodil-lektunnel-flexibel-form-robust-for-barn-3-6-ar-194-x-88-x-92-cm-gron-1.webp?fit=2000%2C2000&ssl=1","contentUrl":"https:\/\/i0.wp.com\/truusk.store\/wp-content\/uploads\/2025\/08\/aiyaplay-krokodil-lektunnel-flexibel-form-robust-for-barn-3-6-ar-194-x-88-x-92-cm-gron-1.webp?fit=2000%2C2000&ssl=1","width":2000,"height":2000},{"@type":"BreadcrumbList","@id":"https:\/\/truusk.store\/sv\/produkt\/truusk-kattvaska-och-hundvagn-2-i-1-hopfallbar-med-regnskydd-natoppningar-kudde-for-hundar-och-katter-upp-till-10-kg\/#breadcrumb","itemListElement":[{"@type":"ListItem","position":1,"name":"Home","item":"https:\/\/truusk.store\/sv\/"},{"@type":"ListItem","position":2,"name":"Shop","item":"https:\/\/truusk.store\/shop\/"},{"@type":"ListItem","position":3,"name":"TRUUSK Kattv\u00e4ska och Hundvagn 2-i-1 &#8211; Hopf\u00e4llbar med Regnskydd &#8211; N\u00e4t\u00f6ppningar &#8211; Kudde &#8211; F\u00f6r Hundar och Katter upp till 10 kg &#8211;"}]},{"@type":"WebSite","@id":"https:\/\/truusk.store\/sv\/#website","url":"https:\/\/truusk.store\/sv\/","name":"TRUUSK - Hem, Tr\u00e4dg\u00e5rd & Fritid","description":"","publisher":{"@id":"https:\/\/truusk.store\/sv\/#organization"},"potentialAction":[{"@type":"SearchAction","target":{"@type":"EntryPoint","urlTemplate":"https:\/\/truusk.store\/sv\/?s={search_term_string}"},"query-input":{"@type":"PropertyValueSpecification","valueRequired":true,"valueName":"search_term_string"}}],"inLanguage":"sv-SE"},{"@type":"Organization","@id":"https:\/\/truusk.store\/sv\/#organization","name":"TRUUSK - Hem, Tr\u00e4dg\u00e5rd & Fritid","url":"https:\/\/truusk.store\/sv\/","logo":{"@type":"ImageObject","inLanguage":"sv-SE","@id":"https:\/\/truusk.store\/sv\/#\/schema\/logo\/image\/","url":"https:\/\/i0.wp.com\/truusk.store\/wp-content\/uploads\/2026\/03\/cropped-TRUUSK.png?fit=2032%2C917&ssl=1","contentUrl":"https:\/\/i0.wp.com\/truusk.store\/wp-content\/uploads\/2026\/03\/cropped-TRUUSK.png?fit=2032%2C917&ssl=1","width":2032,"height":917,"caption":"TRUUSK - Hem, Tr\u00e4dg\u00e5rd & Fritid"},"image":{"@id":"https:\/\/truusk.store\/sv\/#\/schema\/logo\/image\/"}}]}},"jetpack_sharing_enabled":true,"_links":{"self":[{"href":"https:\/\/truusk.store\/sv\/wp-json\/wp\/v2\/product\/85875","targetHints":{"allow":["GET"]}}],"collection":[{"href":"https:\/\/truusk.store\/sv\/wp-json\/wp\/v2\/product"}],"about":[{"href":"https:\/\/truusk.store\/sv\/wp-json\/wp\/v2\/types\/product"}],"wp:featuredmedia":[{"embeddable":true,"href":"https:\/\/truusk.store\/sv\/wp-json\/wp\/v2\/media\/85866"}],"wp:attachment":[{"href":"https:\/\/truusk.store\/sv\/wp-json\/wp\/v2\/media?parent=85875"}],"wp:term":[{"taxonomy":"product_brand","embeddable":true,"href":"https:\/\/truusk.store\/sv\/wp-json\/wp\/v2\/product_brand?post=85875"},{"taxonomy":"product_cat","embeddable":true,"href":"https:\/\/truusk.store\/sv\/wp-json\/wp\/v2\/product_cat?post=85875"},{"taxonomy":"product_tag","embeddable":true,"href":"https:\/\/truusk.store\/sv\/wp-json\/wp\/v2\/product_tag?post=85875"}],"curies":[{"name":"wp","href":"https:\/\/api.w.org\/{rel}","templated":true}]}}