{"id":85886,"date":"2025-08-11T12:24:32","date_gmt":"2025-08-11T11:24:32","guid":{"rendered":"https:\/\/truusk.store\/product\/avslappningsstol-med-liggfunktion-fotstod-upp-till-160-kg-89x98x101cm-ljusgra\/"},"modified":"2026-03-12T09:32:19","modified_gmt":"2026-03-12T08:32:19","slug":"truusk-avslappningsstol-med-liggfunktion-fotstod-upp-till-160-kg-89x98x101cm-ljusgra","status":"publish","type":"product","link":"https:\/\/truusk.store\/sv\/produkt\/truusk-avslappningsstol-med-liggfunktion-fotstod-upp-till-160-kg-89x98x101cm-ljusgra\/","title":{"rendered":"TRUUSK Avslappningsstol med Liggfunktion &#8211; Fotst\u00f6d &#8211; Upp till 160 kg &#8211; 89x98x101cm &#8211; Ljusgr\u00e5"},"content":{"rendered":"<p>Om du \u00e4r sugen p\u00e5 en filmkv\u00e4ll \u00e4r TRUUSK TV-stolen precis r\u00e4tt f\u00f6r dig. Du v\u00e4ljer din favoritliggposition och lutar dig tillbaka avslappnat. Njut av hemmabio-upplevelsen med h\u00f6gsta sittkomfort i liggstolen, tack vare den justerbara ryggst\u00f6det och tjocka stoppningen. Sjunk bara ner och l\u00e5t vardagen mjukt klinga ut!<\/p>\n<p>Beskrivning:<\/p>\n<ul>\n<li> Justera TV-stolen fr\u00e5n en uppr\u00e4tt till en 150-graders liggposition med utskjutbar fotst\u00f6d, enkelt genom att dra i sidospaken<\/li>\n<li> Tyg\u00f6verdraget i linne-look ger en behaglig och andningsbar sittk\u00e4nsla<\/li>\n<li> Fickfj\u00e4dersystemet erbjuder en elastisk och himmelskt mjuk sittupplevelse<\/li>\n<li> Idealisk f\u00f6r vardagsrum, sovrum eller hemmakontoret<\/li>\n<li> Relaxstolen \u00e4r monterad p\u00e5 bara 10 minuter<\/li>\n<\/ul>\n<p> Tekniska data:<\/p>\n<ul>\n<li> F\u00e4rg: Ljusgr\u00e5<\/li>\n<li> Material: Linneimitation (polyester), skum, flerskiktsplatta<\/li>\n<li> Totala dimensioner (uppr\u00e4tt): 89B x 98T x 101H cm<\/li>\n<li> Totala dimensioner (lutad): 89B x 169T x 82H cm<\/li>\n<li> Sittm\u00e5tt: 45B x 54T x 48H cm<\/li>\n<li> Ryggm\u00e5tt: 65B x 72T cm<\/li>\n<li> Armst\u00f6dsh\u00f6jd (till sittplats): 14 cm<\/li>\n<li> Ryggst\u00f6dstjocklek: 24 cm<\/li>\n<li> L\u00e4mplig f\u00f6r kroppsl\u00e4ngd: 150-190 cm<\/li>\n<li> B\u00e4rkapacitet: 160 kg<\/li>\n<li> Rekommenderad monteringstid: 10 min<\/li>\n<\/ul>\n<p>Leveransinneh\u00e5ll:<\/p>\n<ul>\n<li> 1 x Relaxstol<\/li>\n<li> 1 x Handbok<\/li>\n<\/ul>\n","protected":false},"excerpt":{"rendered":"<p>Om du \u00e4r sugen p\u00e5 en filmkv\u00e4ll \u00e4r TRUUSK TV-stolen precis r\u00e4tt f\u00f6r dig. Du v\u00e4ljer din favoritliggposition och lutar&#8230;<\/p>\n","protected":false},"featured_media":85877,"template":"","meta":[],"product_brand":[],"product_cat":[521,946,871,910],"product_tag":[],"class_list":{"0":"post-85886","1":"product","2":"type-product","3":"status-publish","4":"has-post-thumbnail","6":"product_cat-fatolj","7":"product_cat-fernsehsessel","8":"product_cat-hus-hem","9":"product_cat-vardagsrum","11":"first","12":"instock","13":"sale","14":"taxable","15":"shipping-taxable","16":"purchasable","17":"product-type-simple"},"yoast_head":"<!-- This site is optimized with the Yoast SEO plugin v25.4 - https:\/\/yoast.com\/wordpress\/plugins\/seo\/ -->\n<title>TRUUSK Avslappningsstol med Liggfunktion - Fotst\u00f6d - Upp till 160 kg - 89x98x101cm - Ljusgr\u00e5 - TRUUSK - Hem, Tr\u00e4dg\u00e5rd &amp; Fritid<\/title>\n<meta name=\"robots\" content=\"index, follow, max-snippet:-1, max-image-preview:large, max-video-preview:-1\" \/>\n<link rel=\"canonical\" href=\"https:\/\/truusk.store\/sv\/produkt\/truusk-avslappningsstol-med-liggfunktion-fotstod-upp-till-160-kg-89x98x101cm-ljusgra\/\" \/>\n<meta property=\"og:locale\" content=\"sv_SE\" \/>\n<meta property=\"og:type\" content=\"article\" \/>\n<meta property=\"og:title\" content=\"TRUUSK Avslappningsstol med Liggfunktion - Fotst\u00f6d - Upp till 160 kg - 89x98x101cm - Ljusgr\u00e5 - TRUUSK - Hem, Tr\u00e4dg\u00e5rd &amp; Fritid\" \/>\n<meta property=\"og:description\" content=\"Om du \u00e4r sugen p\u00e5 en filmkv\u00e4ll \u00e4r TRUUSK TV-stolen precis r\u00e4tt f\u00f6r dig. Du v\u00e4ljer din favoritliggposition och lutar...\" \/>\n<meta property=\"og:url\" content=\"https:\/\/truusk.store\/sv\/produkt\/truusk-avslappningsstol-med-liggfunktion-fotstod-upp-till-160-kg-89x98x101cm-ljusgra\/\" \/>\n<meta property=\"og:site_name\" content=\"TRUUSK - Hem, Tr\u00e4dg\u00e5rd &amp; Fritid\" \/>\n<meta property=\"article:modified_time\" content=\"2026-03-12T08:32:19+00:00\" \/>\n<meta property=\"og:image\" content=\"https:\/\/i0.wp.com\/truusk.se\/wp-content\/uploads\/2025\/08\/avslappningsstol-med-liggfunktion-fotstod-upp-till-160-kg-89x98x101cm-ljusgra-1.webp?fit=2000%2C2000&ssl=1\" \/>\n\t<meta property=\"og:image:width\" content=\"2000\" \/>\n\t<meta property=\"og:image:height\" content=\"2000\" \/>\n\t<meta property=\"og:image:type\" content=\"image\/webp\" \/>\n<meta name=\"twitter:card\" content=\"summary_large_image\" \/>\n<meta name=\"twitter:label1\" content=\"Ber\u00e4knad l\u00e4stid\" \/>\n\t<meta name=\"twitter:data1\" content=\"1 minut\" \/>\n<!-- \/ Yoast SEO plugin. -->","yoast_head_json":{"title":"TRUUSK Avslappningsstol med Liggfunktion - Fotst\u00f6d - Upp till 160 kg - 89x98x101cm - Ljusgr\u00e5 - TRUUSK - Hem, Tr\u00e4dg\u00e5rd &amp; Fritid","robots":{"index":"index","follow":"follow","max-snippet":"max-snippet:-1","max-image-preview":"max-image-preview:large","max-video-preview":"max-video-preview:-1"},"canonical":"https:\/\/truusk.store\/sv\/produkt\/truusk-avslappningsstol-med-liggfunktion-fotstod-upp-till-160-kg-89x98x101cm-ljusgra\/","og_locale":"sv_SE","og_type":"article","og_title":"TRUUSK Avslappningsstol med Liggfunktion - Fotst\u00f6d - Upp till 160 kg - 89x98x101cm - Ljusgr\u00e5 - TRUUSK - Hem, Tr\u00e4dg\u00e5rd &amp; Fritid","og_description":"Om du \u00e4r sugen p\u00e5 en filmkv\u00e4ll \u00e4r TRUUSK TV-stolen precis r\u00e4tt f\u00f6r dig. Du v\u00e4ljer din favoritliggposition och lutar...","og_url":"https:\/\/truusk.store\/sv\/produkt\/truusk-avslappningsstol-med-liggfunktion-fotstod-upp-till-160-kg-89x98x101cm-ljusgra\/","og_site_name":"TRUUSK - Hem, Tr\u00e4dg\u00e5rd &amp; Fritid","article_modified_time":"2026-03-12T08:32:19+00:00","og_image":[{"width":2000,"height":2000,"url":"https:\/\/i0.wp.com\/truusk.se\/wp-content\/uploads\/2025\/08\/avslappningsstol-med-liggfunktion-fotstod-upp-till-160-kg-89x98x101cm-ljusgra-1.webp?fit=2000%2C2000&ssl=1","type":"image\/webp"}],"twitter_card":"summary_large_image","twitter_misc":{"Ber\u00e4knad l\u00e4stid":"1 minut"},"schema":{"@context":"https:\/\/schema.org","@graph":[{"@type":"WebPage","@id":"https:\/\/truusk.store\/sv\/produkt\/truusk-avslappningsstol-med-liggfunktion-fotstod-upp-till-160-kg-89x98x101cm-ljusgra\/","url":"https:\/\/truusk.store\/sv\/produkt\/truusk-avslappningsstol-med-liggfunktion-fotstod-upp-till-160-kg-89x98x101cm-ljusgra\/","name":"TRUUSK Avslappningsstol med Liggfunktion - Fotst\u00f6d - Upp till 160 kg - 89x98x101cm - Ljusgr\u00e5 - TRUUSK - Hem, Tr\u00e4dg\u00e5rd &amp; Fritid","isPartOf":{"@id":"https:\/\/truusk.store\/sv\/#website"},"primaryImageOfPage":{"@id":"https:\/\/truusk.store\/sv\/produkt\/truusk-avslappningsstol-med-liggfunktion-fotstod-upp-till-160-kg-89x98x101cm-ljusgra\/#primaryimage"},"image":{"@id":"https:\/\/truusk.store\/sv\/produkt\/truusk-avslappningsstol-med-liggfunktion-fotstod-upp-till-160-kg-89x98x101cm-ljusgra\/#primaryimage"},"thumbnailUrl":"https:\/\/i0.wp.com\/truusk.store\/wp-content\/uploads\/2025\/08\/avslappningsstol-med-liggfunktion-fotstod-upp-till-160-kg-89x98x101cm-ljusgra-1.webp?fit=2000%2C2000&ssl=1","datePublished":"2025-08-11T11:24:32+00:00","dateModified":"2026-03-12T08:32:19+00:00","breadcrumb":{"@id":"https:\/\/truusk.store\/sv\/produkt\/truusk-avslappningsstol-med-liggfunktion-fotstod-upp-till-160-kg-89x98x101cm-ljusgra\/#breadcrumb"},"inLanguage":"sv-SE","potentialAction":[{"@type":"ReadAction","target":["https:\/\/truusk.store\/sv\/produkt\/truusk-avslappningsstol-med-liggfunktion-fotstod-upp-till-160-kg-89x98x101cm-ljusgra\/"]}]},{"@type":"ImageObject","inLanguage":"sv-SE","@id":"https:\/\/truusk.store\/sv\/produkt\/truusk-avslappningsstol-med-liggfunktion-fotstod-upp-till-160-kg-89x98x101cm-ljusgra\/#primaryimage","url":"https:\/\/i0.wp.com\/truusk.store\/wp-content\/uploads\/2025\/08\/avslappningsstol-med-liggfunktion-fotstod-upp-till-160-kg-89x98x101cm-ljusgra-1.webp?fit=2000%2C2000&ssl=1","contentUrl":"https:\/\/i0.wp.com\/truusk.store\/wp-content\/uploads\/2025\/08\/avslappningsstol-med-liggfunktion-fotstod-upp-till-160-kg-89x98x101cm-ljusgra-1.webp?fit=2000%2C2000&ssl=1","width":2000,"height":2000},{"@type":"BreadcrumbList","@id":"https:\/\/truusk.store\/sv\/produkt\/truusk-avslappningsstol-med-liggfunktion-fotstod-upp-till-160-kg-89x98x101cm-ljusgra\/#breadcrumb","itemListElement":[{"@type":"ListItem","position":1,"name":"Home","item":"https:\/\/truusk.store\/sv\/"},{"@type":"ListItem","position":2,"name":"Shop","item":"https:\/\/truusk.store\/shop\/"},{"@type":"ListItem","position":3,"name":"TRUUSK Avslappningsstol med Liggfunktion &#8211; Fotst\u00f6d &#8211; Upp till 160 kg &#8211; 89x98x101cm &#8211; Ljusgr\u00e5"}]},{"@type":"WebSite","@id":"https:\/\/truusk.store\/sv\/#website","url":"https:\/\/truusk.store\/sv\/","name":"TRUUSK - Hem, Tr\u00e4dg\u00e5rd & Fritid","description":"","publisher":{"@id":"https:\/\/truusk.store\/sv\/#organization"},"potentialAction":[{"@type":"SearchAction","target":{"@type":"EntryPoint","urlTemplate":"https:\/\/truusk.store\/sv\/?s={search_term_string}"},"query-input":{"@type":"PropertyValueSpecification","valueRequired":true,"valueName":"search_term_string"}}],"inLanguage":"sv-SE"},{"@type":"Organization","@id":"https:\/\/truusk.store\/sv\/#organization","name":"TRUUSK - Hem, Tr\u00e4dg\u00e5rd & Fritid","url":"https:\/\/truusk.store\/sv\/","logo":{"@type":"ImageObject","inLanguage":"sv-SE","@id":"https:\/\/truusk.store\/sv\/#\/schema\/logo\/image\/","url":"https:\/\/i0.wp.com\/truusk.store\/wp-content\/uploads\/2026\/03\/cropped-TRUUSK.png?fit=2032%2C917&ssl=1","contentUrl":"https:\/\/i0.wp.com\/truusk.store\/wp-content\/uploads\/2026\/03\/cropped-TRUUSK.png?fit=2032%2C917&ssl=1","width":2032,"height":917,"caption":"TRUUSK - Hem, Tr\u00e4dg\u00e5rd & Fritid"},"image":{"@id":"https:\/\/truusk.store\/sv\/#\/schema\/logo\/image\/"}}]}},"jetpack_sharing_enabled":true,"_links":{"self":[{"href":"https:\/\/truusk.store\/sv\/wp-json\/wp\/v2\/product\/85886","targetHints":{"allow":["GET"]}}],"collection":[{"href":"https:\/\/truusk.store\/sv\/wp-json\/wp\/v2\/product"}],"about":[{"href":"https:\/\/truusk.store\/sv\/wp-json\/wp\/v2\/types\/product"}],"wp:featuredmedia":[{"embeddable":true,"href":"https:\/\/truusk.store\/sv\/wp-json\/wp\/v2\/media\/85877"}],"wp:attachment":[{"href":"https:\/\/truusk.store\/sv\/wp-json\/wp\/v2\/media?parent=85886"}],"wp:term":[{"taxonomy":"product_brand","embeddable":true,"href":"https:\/\/truusk.store\/sv\/wp-json\/wp\/v2\/product_brand?post=85886"},{"taxonomy":"product_cat","embeddable":true,"href":"https:\/\/truusk.store\/sv\/wp-json\/wp\/v2\/product_cat?post=85886"},{"taxonomy":"product_tag","embeddable":true,"href":"https:\/\/truusk.store\/sv\/wp-json\/wp\/v2\/product_tag?post=85886"}],"curies":[{"name":"wp","href":"https:\/\/api.w.org\/{rel}","templated":true}]}}