{"id":85897,"date":"2025-08-11T20:23:18","date_gmt":"2025-08-11T19:23:18","guid":{"rendered":"https:\/\/truusk.store\/product\/klostrad-139-cm-kattrad-med-grotta-lekbollar-sisal-klospelare-och-plattformar-for-tva-katter-gron\/"},"modified":"2026-03-12T09:44:17","modified_gmt":"2026-03-12T08:44:17","slug":"truusk-klostrad-139-cm-med-grotta-och-lekbollar-sisal-klospelare-plattformar-for-tva-katter-gron","status":"publish","type":"product","link":"https:\/\/truusk.store\/sv\/produkt\/truusk-klostrad-139-cm-med-grotta-och-lekbollar-sisal-klospelare-plattformar-for-tva-katter-gron\/","title":{"rendered":"TRUUSK Kl\u00f6str\u00e4d, 139 cm &#8211; Med Grotta och Lekbollar &#8211; Sisal-kl\u00f6spelare &#8211; Plattformar &#8211; F\u00f6r Tv\u00e5 Katter &#8211; Gr\u00f6n"},"content":{"rendered":"<p>G\u00f6r ditt hem till ett katt paradis med TRUUSK kattr\u00e4det! Utrustad med konstgjorda blad, passar kl\u00f6str\u00e4det perfekt in i din inredning och blir till ett charmigt lekcenter f\u00f6r dina sammets tassar. Kl\u00f6spelare, hoppplattformar och tv\u00e5 h\u00e4ngande lekbollar p\u00e5 kl\u00f6str\u00e4det ger roligt, medan dina m\u00f6bler f\u00f6rblir fria fr\u00e5n kl\u00f6sm\u00e4rken. Mjuk plysch och jute skapar en trivseloas f\u00f6r dina katter.<\/p>\n<p>Beskrivning:<\/p>\n<ul>\n<li> Konstgjorda blad p\u00e5 kl\u00f6str\u00e4det harmoniserar med rummets dekor<\/li>\n<li> Kattr\u00e4det har kl\u00f6spelare, plattformar och leksaker<\/li>\n<li> Mjuk plyschbel\u00e4ggning p\u00e5 kl\u00f6str\u00e4det \u00f6kar komforten<\/li>\n<li> Tillverkad av robusta sp\u00e5nskivor och jute<\/li>\n<li> L\u00e4mplig f\u00f6r 1-2 katter, vardera upp till 5 kg<\/li>\n<li> Montering kr\u00e4vs<\/li>\n<\/ul>\n<p> Tekniska data:<\/p>\n<ul>\n<li> F\u00e4rg: Gr\u00f6n+Brun<\/li>\n<li> Material: Sp\u00e5nskiva, Polyester, Jute, Sisal<\/li>\n<li> Totala dimensioner: 48L x 44B x 139H cm<\/li>\n<li> Kattgrotta: \u00d830 x 27,5H cm<\/li>\n<li> Ing\u00e5ngs\u00f6ppning: 19B x 22H cm<\/li>\n<li> Plattform: 24B x 44T cm, 48B x 30T cm<\/li>\n<li> Pelare: \u00d87 cm<\/li>\n<li> Blad: 30L x 14B cm, 24L x 12B cm<\/li>\n<li> Stege: 40L x 15B cm<\/li>\n<li> Kl\u00f6smatta: \u00d830 cm<\/li>\n<li> Bas: 48B x 44T cm<\/li>\n<li> Maximal belastning: 10 kg<\/li>\n<\/ul>\n<p> Leverans inneh\u00e5ller:<\/p>\n<ul>\n<li> 1 x Kattr\u00e4d<\/li>\n<li> 1 x Bruksanvisning<\/li>\n<\/ul>\n","protected":false},"excerpt":{"rendered":"<p>G\u00f6r ditt hem till ett katt paradis med TRUUSK kattr\u00e4det! Utrustad med konstgjorda blad, passar kl\u00f6str\u00e4det perfekt in i din&#8230;<\/p>\n","protected":false},"featured_media":85888,"template":"","meta":[],"product_brand":[],"product_cat":[878,588,879],"product_tag":[],"class_list":{"0":"post-85897","1":"product","2":"type-product","3":"status-publish","4":"has-post-thumbnail","6":"product_cat-djurbehov","7":"product_cat-katttillbehor","8":"product_cat-klostrad","10":"first","11":"instock","12":"sale","13":"taxable","14":"shipping-taxable","15":"purchasable","16":"product-type-simple"},"yoast_head":"<!-- This site is optimized with the Yoast SEO plugin v25.4 - https:\/\/yoast.com\/wordpress\/plugins\/seo\/ -->\n<title>TRUUSK Kl\u00f6str\u00e4d, 139 cm - Med Grotta och Lekbollar - Sisal-kl\u00f6spelare - Plattformar - F\u00f6r Tv\u00e5 Katter - Gr\u00f6n - TRUUSK - Hem, Tr\u00e4dg\u00e5rd &amp; Fritid<\/title>\n<meta name=\"robots\" content=\"index, follow, max-snippet:-1, max-image-preview:large, max-video-preview:-1\" \/>\n<link rel=\"canonical\" href=\"https:\/\/truusk.store\/sv\/produkt\/truusk-klostrad-139-cm-med-grotta-och-lekbollar-sisal-klospelare-plattformar-for-tva-katter-gron\/\" \/>\n<meta property=\"og:locale\" content=\"sv_SE\" \/>\n<meta property=\"og:type\" content=\"article\" \/>\n<meta property=\"og:title\" content=\"TRUUSK Kl\u00f6str\u00e4d, 139 cm - Med Grotta och Lekbollar - Sisal-kl\u00f6spelare - Plattformar - F\u00f6r Tv\u00e5 Katter - Gr\u00f6n - TRUUSK - Hem, Tr\u00e4dg\u00e5rd &amp; Fritid\" \/>\n<meta property=\"og:description\" content=\"G\u00f6r ditt hem till ett katt paradis med TRUUSK kattr\u00e4det! Utrustad med konstgjorda blad, passar kl\u00f6str\u00e4det perfekt in i din...\" \/>\n<meta property=\"og:url\" content=\"https:\/\/truusk.store\/sv\/produkt\/truusk-klostrad-139-cm-med-grotta-och-lekbollar-sisal-klospelare-plattformar-for-tva-katter-gron\/\" \/>\n<meta property=\"og:site_name\" content=\"TRUUSK - Hem, Tr\u00e4dg\u00e5rd &amp; Fritid\" \/>\n<meta property=\"article:modified_time\" content=\"2026-03-12T08:44:17+00:00\" \/>\n<meta property=\"og:image\" content=\"https:\/\/i0.wp.com\/truusk.se\/wp-content\/uploads\/2025\/08\/klostrad-139-cm-kattrad-med-grotta-lekbollar-sisal-klospelare-och-plattformar-for-tva-katter-gron-1.webp?fit=2000%2C2000&ssl=1\" \/>\n\t<meta property=\"og:image:width\" content=\"2000\" \/>\n\t<meta property=\"og:image:height\" content=\"2000\" \/>\n\t<meta property=\"og:image:type\" content=\"image\/webp\" \/>\n<meta name=\"twitter:card\" content=\"summary_large_image\" \/>\n<meta name=\"twitter:label1\" content=\"Ber\u00e4knad l\u00e4stid\" \/>\n\t<meta name=\"twitter:data1\" content=\"1 minut\" \/>\n<!-- \/ Yoast SEO plugin. -->","yoast_head_json":{"title":"TRUUSK Kl\u00f6str\u00e4d, 139 cm - Med Grotta och Lekbollar - Sisal-kl\u00f6spelare - Plattformar - F\u00f6r Tv\u00e5 Katter - Gr\u00f6n - TRUUSK - Hem, Tr\u00e4dg\u00e5rd &amp; Fritid","robots":{"index":"index","follow":"follow","max-snippet":"max-snippet:-1","max-image-preview":"max-image-preview:large","max-video-preview":"max-video-preview:-1"},"canonical":"https:\/\/truusk.store\/sv\/produkt\/truusk-klostrad-139-cm-med-grotta-och-lekbollar-sisal-klospelare-plattformar-for-tva-katter-gron\/","og_locale":"sv_SE","og_type":"article","og_title":"TRUUSK Kl\u00f6str\u00e4d, 139 cm - Med Grotta och Lekbollar - Sisal-kl\u00f6spelare - Plattformar - F\u00f6r Tv\u00e5 Katter - Gr\u00f6n - TRUUSK - Hem, Tr\u00e4dg\u00e5rd &amp; Fritid","og_description":"G\u00f6r ditt hem till ett katt paradis med TRUUSK kattr\u00e4det! Utrustad med konstgjorda blad, passar kl\u00f6str\u00e4det perfekt in i din...","og_url":"https:\/\/truusk.store\/sv\/produkt\/truusk-klostrad-139-cm-med-grotta-och-lekbollar-sisal-klospelare-plattformar-for-tva-katter-gron\/","og_site_name":"TRUUSK - Hem, Tr\u00e4dg\u00e5rd &amp; Fritid","article_modified_time":"2026-03-12T08:44:17+00:00","og_image":[{"width":2000,"height":2000,"url":"https:\/\/i0.wp.com\/truusk.se\/wp-content\/uploads\/2025\/08\/klostrad-139-cm-kattrad-med-grotta-lekbollar-sisal-klospelare-och-plattformar-for-tva-katter-gron-1.webp?fit=2000%2C2000&ssl=1","type":"image\/webp"}],"twitter_card":"summary_large_image","twitter_misc":{"Ber\u00e4knad l\u00e4stid":"1 minut"},"schema":{"@context":"https:\/\/schema.org","@graph":[{"@type":"WebPage","@id":"https:\/\/truusk.store\/sv\/produkt\/truusk-klostrad-139-cm-med-grotta-och-lekbollar-sisal-klospelare-plattformar-for-tva-katter-gron\/","url":"https:\/\/truusk.store\/sv\/produkt\/truusk-klostrad-139-cm-med-grotta-och-lekbollar-sisal-klospelare-plattformar-for-tva-katter-gron\/","name":"TRUUSK Kl\u00f6str\u00e4d, 139 cm - Med Grotta och Lekbollar - Sisal-kl\u00f6spelare - Plattformar - F\u00f6r Tv\u00e5 Katter - Gr\u00f6n - TRUUSK - Hem, Tr\u00e4dg\u00e5rd &amp; Fritid","isPartOf":{"@id":"https:\/\/truusk.store\/sv\/#website"},"primaryImageOfPage":{"@id":"https:\/\/truusk.store\/sv\/produkt\/truusk-klostrad-139-cm-med-grotta-och-lekbollar-sisal-klospelare-plattformar-for-tva-katter-gron\/#primaryimage"},"image":{"@id":"https:\/\/truusk.store\/sv\/produkt\/truusk-klostrad-139-cm-med-grotta-och-lekbollar-sisal-klospelare-plattformar-for-tva-katter-gron\/#primaryimage"},"thumbnailUrl":"https:\/\/i0.wp.com\/truusk.store\/wp-content\/uploads\/2025\/08\/klostrad-139-cm-kattrad-med-grotta-lekbollar-sisal-klospelare-och-plattformar-for-tva-katter-gron-1.webp?fit=2000%2C2000&ssl=1","datePublished":"2025-08-11T19:23:18+00:00","dateModified":"2026-03-12T08:44:17+00:00","breadcrumb":{"@id":"https:\/\/truusk.store\/sv\/produkt\/truusk-klostrad-139-cm-med-grotta-och-lekbollar-sisal-klospelare-plattformar-for-tva-katter-gron\/#breadcrumb"},"inLanguage":"sv-SE","potentialAction":[{"@type":"ReadAction","target":["https:\/\/truusk.store\/sv\/produkt\/truusk-klostrad-139-cm-med-grotta-och-lekbollar-sisal-klospelare-plattformar-for-tva-katter-gron\/"]}]},{"@type":"ImageObject","inLanguage":"sv-SE","@id":"https:\/\/truusk.store\/sv\/produkt\/truusk-klostrad-139-cm-med-grotta-och-lekbollar-sisal-klospelare-plattformar-for-tva-katter-gron\/#primaryimage","url":"https:\/\/i0.wp.com\/truusk.store\/wp-content\/uploads\/2025\/08\/klostrad-139-cm-kattrad-med-grotta-lekbollar-sisal-klospelare-och-plattformar-for-tva-katter-gron-1.webp?fit=2000%2C2000&ssl=1","contentUrl":"https:\/\/i0.wp.com\/truusk.store\/wp-content\/uploads\/2025\/08\/klostrad-139-cm-kattrad-med-grotta-lekbollar-sisal-klospelare-och-plattformar-for-tva-katter-gron-1.webp?fit=2000%2C2000&ssl=1","width":2000,"height":2000},{"@type":"BreadcrumbList","@id":"https:\/\/truusk.store\/sv\/produkt\/truusk-klostrad-139-cm-med-grotta-och-lekbollar-sisal-klospelare-plattformar-for-tva-katter-gron\/#breadcrumb","itemListElement":[{"@type":"ListItem","position":1,"name":"Home","item":"https:\/\/truusk.store\/sv\/"},{"@type":"ListItem","position":2,"name":"Shop","item":"https:\/\/truusk.store\/shop\/"},{"@type":"ListItem","position":3,"name":"TRUUSK Kl\u00f6str\u00e4d, 139 cm &#8211; Med Grotta och Lekbollar &#8211; Sisal-kl\u00f6spelare &#8211; Plattformar &#8211; F\u00f6r Tv\u00e5 Katter &#8211; Gr\u00f6n"}]},{"@type":"WebSite","@id":"https:\/\/truusk.store\/sv\/#website","url":"https:\/\/truusk.store\/sv\/","name":"TRUUSK - Hem, Tr\u00e4dg\u00e5rd & Fritid","description":"","publisher":{"@id":"https:\/\/truusk.store\/sv\/#organization"},"potentialAction":[{"@type":"SearchAction","target":{"@type":"EntryPoint","urlTemplate":"https:\/\/truusk.store\/sv\/?s={search_term_string}"},"query-input":{"@type":"PropertyValueSpecification","valueRequired":true,"valueName":"search_term_string"}}],"inLanguage":"sv-SE"},{"@type":"Organization","@id":"https:\/\/truusk.store\/sv\/#organization","name":"TRUUSK - Hem, Tr\u00e4dg\u00e5rd & Fritid","url":"https:\/\/truusk.store\/sv\/","logo":{"@type":"ImageObject","inLanguage":"sv-SE","@id":"https:\/\/truusk.store\/sv\/#\/schema\/logo\/image\/","url":"https:\/\/i0.wp.com\/truusk.store\/wp-content\/uploads\/2026\/03\/cropped-TRUUSK.png?fit=2032%2C917&ssl=1","contentUrl":"https:\/\/i0.wp.com\/truusk.store\/wp-content\/uploads\/2026\/03\/cropped-TRUUSK.png?fit=2032%2C917&ssl=1","width":2032,"height":917,"caption":"TRUUSK - Hem, Tr\u00e4dg\u00e5rd & Fritid"},"image":{"@id":"https:\/\/truusk.store\/sv\/#\/schema\/logo\/image\/"}}]}},"jetpack_sharing_enabled":true,"_links":{"self":[{"href":"https:\/\/truusk.store\/sv\/wp-json\/wp\/v2\/product\/85897","targetHints":{"allow":["GET"]}}],"collection":[{"href":"https:\/\/truusk.store\/sv\/wp-json\/wp\/v2\/product"}],"about":[{"href":"https:\/\/truusk.store\/sv\/wp-json\/wp\/v2\/types\/product"}],"wp:featuredmedia":[{"embeddable":true,"href":"https:\/\/truusk.store\/sv\/wp-json\/wp\/v2\/media\/85888"}],"wp:attachment":[{"href":"https:\/\/truusk.store\/sv\/wp-json\/wp\/v2\/media?parent=85897"}],"wp:term":[{"taxonomy":"product_brand","embeddable":true,"href":"https:\/\/truusk.store\/sv\/wp-json\/wp\/v2\/product_brand?post=85897"},{"taxonomy":"product_cat","embeddable":true,"href":"https:\/\/truusk.store\/sv\/wp-json\/wp\/v2\/product_cat?post=85897"},{"taxonomy":"product_tag","embeddable":true,"href":"https:\/\/truusk.store\/sv\/wp-json\/wp\/v2\/product_tag?post=85897"}],"curies":[{"name":"wp","href":"https:\/\/api.w.org\/{rel}","templated":true}]}}