{"id":85914,"date":"2025-08-12T20:24:37","date_gmt":"2025-08-12T19:24:37","guid":{"rendered":"https:\/\/truusk.store\/product\/sportnow-hantelset-med-forvaringsstall-set-med-6-hantlar-for-fitness-traning-2-x-1kg-2-x-3kg-2-x-5kg\/"},"modified":"2026-03-12T09:44:34","modified_gmt":"2026-03-12T08:44:34","slug":"truusk-hantelset-med-forvaringsstall-set-med-6-hantlar-for-fitness-traning-hantlar-1kg-3kg-5kg-perfekt-for-hemmatraning","status":"publish","type":"product","link":"https:\/\/truusk.store\/sv\/produkt\/truusk-hantelset-med-forvaringsstall-set-med-6-hantlar-for-fitness-traning-hantlar-1kg-3kg-5kg-perfekt-for-hemmatraning\/","title":{"rendered":"TRUUSK Hantelset Med F\u00f6rvaringsst\u00e4ll &#8211; Set Med 6 Hantlar F\u00f6r Fitness-tr\u00e4ning &#8211; Hantlar 1kg, 3kg, 5kg &#8211; Perfekt F\u00f6r Hemmatr\u00e4ning &#8211;"},"content":{"rendered":"<p>Uppt\u00e4ck m\u00e5ngsidiga tr\u00e4ningsm\u00f6jligheter med SPORTNOW Hexagon Kort hantel-set! Idealisk f\u00f6r nyb\u00f6rjare och proffs, erbjuder hantelsetet med 3 par p\u00e5 1 kg, 3 kg och 5 kg m\u00e5ngsidiga alternativ. F\u00f6rvara enkelt p\u00e5 det kompakta st\u00e4llet och tr\u00e4na s\u00e4kert tack vare hexagonaldesignen, utan att vikterna kan rulla iv\u00e4g.<\/p>\n<p>Beskrivning:<\/p>\n<ul>\n<li> Komplett hantelset: 2 x 1 kg, 2 x 3 kg, 2 x 5 kg<\/li>\n<li> Inklusive st\u00e4ll, sparar plats i ditt tr\u00e4ningsomr\u00e5de<\/li>\n<li> Plast\u00f6verdrag skyddar golvet och metallk\u00e4rnan garanterar h\u00e5llbarhet och balans<\/li>\n<li> Sexkantig form av hantelsetet f\u00f6rhindrar rullning, \u00f6kar \u00f6vningsm\u00e5ngfalden<\/li>\n<li> Ingen montering kr\u00e4vs<\/li>\n<\/ul>\n<p>Tekniska data:<\/p>\n<ul>\n<li> F\u00e4rg: Gr\u00e5+Gr\u00f6n+Turkos<\/li>\n<li> Material: St\u00e5l, Metall, Plast<\/li>\n<li> Hanteldimensioner: (1kg) 13L x 6B x 6H cm, (3kg) 18L x 8B x 8H cm, (5kg) 20L x 9B x 9H cm<\/li>\n<li> St\u00e4lldimensioner: 34B x 10T x 34H cm<\/li>\n<li> Handtagsstorlek: (1kg) \u00d83 x 9L cm, (3kg, 5kg) \u00d83,5 x 12L cm<\/li>\n<li> Vikt: 2 x 1kg, 2 x 3kg, 2 x 5kg<\/li>\n<\/ul>\n<p>Leveransinneh\u00e5ll:<\/p>\n<ul>\n<li> 2 x 1 kg hantel<\/li>\n<li> 2 x 3 kg hantel<\/li>\n<li> 2 x 5 kg hantel<\/li>\n<li> 1 x f\u00f6rvaringsst\u00e4ll<\/li>\n<\/ul>\n","protected":false},"excerpt":{"rendered":"<p>Uppt\u00e4ck m\u00e5ngsidiga tr\u00e4ningsm\u00f6jligheter med SPORTNOW Hexagon Kort hantel-set! Idealisk f\u00f6r nyb\u00f6rjare och proffs, erbjuder hantelsetet med 3 par p\u00e5 1&#8230;<\/p>\n","protected":false},"featured_media":85905,"template":"","meta":[],"product_brand":[],"product_cat":[873,668,647],"product_tag":[],"class_list":{"0":"post-85914","1":"product","2":"type-product","3":"status-publish","4":"has-post-thumbnail","6":"product_cat-fitness-styrketraning","7":"product_cat-hantlar","8":"product_cat-sport-fritid","10":"first","11":"instock","12":"sale","13":"taxable","14":"shipping-taxable","15":"purchasable","16":"product-type-simple"},"yoast_head":"<!-- This site is optimized with the Yoast SEO plugin v25.4 - https:\/\/yoast.com\/wordpress\/plugins\/seo\/ -->\n<title>TRUUSK Hantelset Med F\u00f6rvaringsst\u00e4ll - Set Med 6 Hantlar F\u00f6r Fitness-tr\u00e4ning - Hantlar 1kg, 3kg, 5kg - Perfekt F\u00f6r Hemmatr\u00e4ning - TRUUSK - Hem, Tr\u00e4dg\u00e5rd &amp; Fritid<\/title>\n<meta name=\"robots\" content=\"index, follow, max-snippet:-1, max-image-preview:large, max-video-preview:-1\" \/>\n<link rel=\"canonical\" href=\"https:\/\/truusk.store\/sv\/produkt\/truusk-hantelset-med-forvaringsstall-set-med-6-hantlar-for-fitness-traning-hantlar-1kg-3kg-5kg-perfekt-for-hemmatraning\/\" \/>\n<meta property=\"og:locale\" content=\"sv_SE\" \/>\n<meta property=\"og:type\" content=\"article\" \/>\n<meta property=\"og:title\" content=\"TRUUSK Hantelset Med F\u00f6rvaringsst\u00e4ll - Set Med 6 Hantlar F\u00f6r Fitness-tr\u00e4ning - Hantlar 1kg, 3kg, 5kg - Perfekt F\u00f6r Hemmatr\u00e4ning - TRUUSK - Hem, Tr\u00e4dg\u00e5rd &amp; Fritid\" \/>\n<meta property=\"og:description\" content=\"Uppt\u00e4ck m\u00e5ngsidiga tr\u00e4ningsm\u00f6jligheter med SPORTNOW Hexagon Kort hantel-set! Idealisk f\u00f6r nyb\u00f6rjare och proffs, erbjuder hantelsetet med 3 par p\u00e5 1...\" \/>\n<meta property=\"og:url\" content=\"https:\/\/truusk.store\/sv\/produkt\/truusk-hantelset-med-forvaringsstall-set-med-6-hantlar-for-fitness-traning-hantlar-1kg-3kg-5kg-perfekt-for-hemmatraning\/\" \/>\n<meta property=\"og:site_name\" content=\"TRUUSK - Hem, Tr\u00e4dg\u00e5rd &amp; Fritid\" \/>\n<meta property=\"article:modified_time\" content=\"2026-03-12T08:44:34+00:00\" \/>\n<meta property=\"og:image\" content=\"https:\/\/i0.wp.com\/truusk.se\/wp-content\/uploads\/2025\/08\/sportnow-hantelset-med-forvaringsstall-set-med-6-hantlar-for-fitness-traning-2-x-1kg-2-x-3kg-2-x-5kg-1.webp?fit=2000%2C2000&ssl=1\" \/>\n\t<meta property=\"og:image:width\" content=\"2000\" \/>\n\t<meta property=\"og:image:height\" content=\"2000\" \/>\n\t<meta property=\"og:image:type\" content=\"image\/webp\" \/>\n<meta name=\"twitter:card\" content=\"summary_large_image\" \/>\n<meta name=\"twitter:label1\" content=\"Ber\u00e4knad l\u00e4stid\" \/>\n\t<meta name=\"twitter:data1\" content=\"1 minut\" \/>\n<!-- \/ Yoast SEO plugin. -->","yoast_head_json":{"title":"TRUUSK Hantelset Med F\u00f6rvaringsst\u00e4ll - Set Med 6 Hantlar F\u00f6r Fitness-tr\u00e4ning - Hantlar 1kg, 3kg, 5kg - Perfekt F\u00f6r Hemmatr\u00e4ning - TRUUSK - Hem, Tr\u00e4dg\u00e5rd &amp; Fritid","robots":{"index":"index","follow":"follow","max-snippet":"max-snippet:-1","max-image-preview":"max-image-preview:large","max-video-preview":"max-video-preview:-1"},"canonical":"https:\/\/truusk.store\/sv\/produkt\/truusk-hantelset-med-forvaringsstall-set-med-6-hantlar-for-fitness-traning-hantlar-1kg-3kg-5kg-perfekt-for-hemmatraning\/","og_locale":"sv_SE","og_type":"article","og_title":"TRUUSK Hantelset Med F\u00f6rvaringsst\u00e4ll - Set Med 6 Hantlar F\u00f6r Fitness-tr\u00e4ning - Hantlar 1kg, 3kg, 5kg - Perfekt F\u00f6r Hemmatr\u00e4ning - TRUUSK - Hem, Tr\u00e4dg\u00e5rd &amp; Fritid","og_description":"Uppt\u00e4ck m\u00e5ngsidiga tr\u00e4ningsm\u00f6jligheter med SPORTNOW Hexagon Kort hantel-set! Idealisk f\u00f6r nyb\u00f6rjare och proffs, erbjuder hantelsetet med 3 par p\u00e5 1...","og_url":"https:\/\/truusk.store\/sv\/produkt\/truusk-hantelset-med-forvaringsstall-set-med-6-hantlar-for-fitness-traning-hantlar-1kg-3kg-5kg-perfekt-for-hemmatraning\/","og_site_name":"TRUUSK - Hem, Tr\u00e4dg\u00e5rd &amp; Fritid","article_modified_time":"2026-03-12T08:44:34+00:00","og_image":[{"width":2000,"height":2000,"url":"https:\/\/i0.wp.com\/truusk.se\/wp-content\/uploads\/2025\/08\/sportnow-hantelset-med-forvaringsstall-set-med-6-hantlar-for-fitness-traning-2-x-1kg-2-x-3kg-2-x-5kg-1.webp?fit=2000%2C2000&ssl=1","type":"image\/webp"}],"twitter_card":"summary_large_image","twitter_misc":{"Ber\u00e4knad l\u00e4stid":"1 minut"},"schema":{"@context":"https:\/\/schema.org","@graph":[{"@type":"WebPage","@id":"https:\/\/truusk.store\/sv\/produkt\/truusk-hantelset-med-forvaringsstall-set-med-6-hantlar-for-fitness-traning-hantlar-1kg-3kg-5kg-perfekt-for-hemmatraning\/","url":"https:\/\/truusk.store\/sv\/produkt\/truusk-hantelset-med-forvaringsstall-set-med-6-hantlar-for-fitness-traning-hantlar-1kg-3kg-5kg-perfekt-for-hemmatraning\/","name":"TRUUSK Hantelset Med F\u00f6rvaringsst\u00e4ll - Set Med 6 Hantlar F\u00f6r Fitness-tr\u00e4ning - Hantlar 1kg, 3kg, 5kg - Perfekt F\u00f6r Hemmatr\u00e4ning - TRUUSK - Hem, Tr\u00e4dg\u00e5rd &amp; Fritid","isPartOf":{"@id":"https:\/\/truusk.store\/sv\/#website"},"primaryImageOfPage":{"@id":"https:\/\/truusk.store\/sv\/produkt\/truusk-hantelset-med-forvaringsstall-set-med-6-hantlar-for-fitness-traning-hantlar-1kg-3kg-5kg-perfekt-for-hemmatraning\/#primaryimage"},"image":{"@id":"https:\/\/truusk.store\/sv\/produkt\/truusk-hantelset-med-forvaringsstall-set-med-6-hantlar-for-fitness-traning-hantlar-1kg-3kg-5kg-perfekt-for-hemmatraning\/#primaryimage"},"thumbnailUrl":"https:\/\/i0.wp.com\/truusk.store\/wp-content\/uploads\/2025\/08\/sportnow-hantelset-med-forvaringsstall-set-med-6-hantlar-for-fitness-traning-2-x-1kg-2-x-3kg-2-x-5kg-1.webp?fit=2000%2C2000&ssl=1","datePublished":"2025-08-12T19:24:37+00:00","dateModified":"2026-03-12T08:44:34+00:00","breadcrumb":{"@id":"https:\/\/truusk.store\/sv\/produkt\/truusk-hantelset-med-forvaringsstall-set-med-6-hantlar-for-fitness-traning-hantlar-1kg-3kg-5kg-perfekt-for-hemmatraning\/#breadcrumb"},"inLanguage":"sv-SE","potentialAction":[{"@type":"ReadAction","target":["https:\/\/truusk.store\/sv\/produkt\/truusk-hantelset-med-forvaringsstall-set-med-6-hantlar-for-fitness-traning-hantlar-1kg-3kg-5kg-perfekt-for-hemmatraning\/"]}]},{"@type":"ImageObject","inLanguage":"sv-SE","@id":"https:\/\/truusk.store\/sv\/produkt\/truusk-hantelset-med-forvaringsstall-set-med-6-hantlar-for-fitness-traning-hantlar-1kg-3kg-5kg-perfekt-for-hemmatraning\/#primaryimage","url":"https:\/\/i0.wp.com\/truusk.store\/wp-content\/uploads\/2025\/08\/sportnow-hantelset-med-forvaringsstall-set-med-6-hantlar-for-fitness-traning-2-x-1kg-2-x-3kg-2-x-5kg-1.webp?fit=2000%2C2000&ssl=1","contentUrl":"https:\/\/i0.wp.com\/truusk.store\/wp-content\/uploads\/2025\/08\/sportnow-hantelset-med-forvaringsstall-set-med-6-hantlar-for-fitness-traning-2-x-1kg-2-x-3kg-2-x-5kg-1.webp?fit=2000%2C2000&ssl=1","width":2000,"height":2000},{"@type":"BreadcrumbList","@id":"https:\/\/truusk.store\/sv\/produkt\/truusk-hantelset-med-forvaringsstall-set-med-6-hantlar-for-fitness-traning-hantlar-1kg-3kg-5kg-perfekt-for-hemmatraning\/#breadcrumb","itemListElement":[{"@type":"ListItem","position":1,"name":"Home","item":"https:\/\/truusk.store\/sv\/"},{"@type":"ListItem","position":2,"name":"Shop","item":"https:\/\/truusk.store\/shop\/"},{"@type":"ListItem","position":3,"name":"TRUUSK Hantelset Med F\u00f6rvaringsst\u00e4ll &#8211; Set Med 6 Hantlar F\u00f6r Fitness-tr\u00e4ning &#8211; Hantlar 1kg, 3kg, 5kg &#8211; Perfekt F\u00f6r Hemmatr\u00e4ning &#8211;"}]},{"@type":"WebSite","@id":"https:\/\/truusk.store\/sv\/#website","url":"https:\/\/truusk.store\/sv\/","name":"TRUUSK - Hem, Tr\u00e4dg\u00e5rd & Fritid","description":"","publisher":{"@id":"https:\/\/truusk.store\/sv\/#organization"},"potentialAction":[{"@type":"SearchAction","target":{"@type":"EntryPoint","urlTemplate":"https:\/\/truusk.store\/sv\/?s={search_term_string}"},"query-input":{"@type":"PropertyValueSpecification","valueRequired":true,"valueName":"search_term_string"}}],"inLanguage":"sv-SE"},{"@type":"Organization","@id":"https:\/\/truusk.store\/sv\/#organization","name":"TRUUSK - Hem, Tr\u00e4dg\u00e5rd & Fritid","url":"https:\/\/truusk.store\/sv\/","logo":{"@type":"ImageObject","inLanguage":"sv-SE","@id":"https:\/\/truusk.store\/sv\/#\/schema\/logo\/image\/","url":"https:\/\/i0.wp.com\/truusk.store\/wp-content\/uploads\/2026\/03\/cropped-TRUUSK.png?fit=2032%2C917&ssl=1","contentUrl":"https:\/\/i0.wp.com\/truusk.store\/wp-content\/uploads\/2026\/03\/cropped-TRUUSK.png?fit=2032%2C917&ssl=1","width":2032,"height":917,"caption":"TRUUSK - Hem, Tr\u00e4dg\u00e5rd & Fritid"},"image":{"@id":"https:\/\/truusk.store\/sv\/#\/schema\/logo\/image\/"}}]}},"jetpack_sharing_enabled":true,"_links":{"self":[{"href":"https:\/\/truusk.store\/sv\/wp-json\/wp\/v2\/product\/85914","targetHints":{"allow":["GET"]}}],"collection":[{"href":"https:\/\/truusk.store\/sv\/wp-json\/wp\/v2\/product"}],"about":[{"href":"https:\/\/truusk.store\/sv\/wp-json\/wp\/v2\/types\/product"}],"wp:featuredmedia":[{"embeddable":true,"href":"https:\/\/truusk.store\/sv\/wp-json\/wp\/v2\/media\/85905"}],"wp:attachment":[{"href":"https:\/\/truusk.store\/sv\/wp-json\/wp\/v2\/media?parent=85914"}],"wp:term":[{"taxonomy":"product_brand","embeddable":true,"href":"https:\/\/truusk.store\/sv\/wp-json\/wp\/v2\/product_brand?post=85914"},{"taxonomy":"product_cat","embeddable":true,"href":"https:\/\/truusk.store\/sv\/wp-json\/wp\/v2\/product_cat?post=85914"},{"taxonomy":"product_tag","embeddable":true,"href":"https:\/\/truusk.store\/sv\/wp-json\/wp\/v2\/product_tag?post=85914"}],"curies":[{"name":"wp","href":"https:\/\/api.w.org\/{rel}","templated":true}]}}