{"id":85947,"date":"2025-08-13T20:00:00","date_gmt":"2025-08-13T19:00:00","guid":{"rendered":"https:\/\/truusk.store\/product\/konstgjord-julgran-realistiskt-utseende-flamsakert-stabil-metallfot-183-cm-gron\/"},"modified":"2026-03-12T09:41:34","modified_gmt":"2026-03-12T08:41:34","slug":"truusk-konstgjord-julgran-realistiskt-utseende-flamsakert-stabil-metallfot-183-cm-gron","status":"publish","type":"product","link":"https:\/\/truusk.store\/sv\/produkt\/truusk-konstgjord-julgran-realistiskt-utseende-flamsakert-stabil-metallfot-183-cm-gron\/","title":{"rendered":"TRUUSK Konstgjord Julgran &#8211; Realistiskt Utseende &#8211; Flams\u00e4kert &#8211; Stabil Metallfot &#8211; 183 cm &#8211; Gr\u00f6n"},"content":{"rendered":"<p>F\u00f6rvandla ditt hem till ett festligt vinterunderland med TRUUSK julgran. De anpassningsbara grenarna p\u00e5 julgranen ger ett naturligt utseende och ett frodigt, fullt utseende som \u00e5terupplivar julens magi. Julgranens flams\u00e4kra grenar garanterar mer s\u00e4kerhet, medan den stabila metallfoten s\u00e4kerst\u00e4ller en s\u00e4ker st\u00e5nd. Ta in julens magi i ditt vardagsrum!<\/p>\n<p>Beskrivning:<\/p>\n<ul>\n<li> Realistiskt barr som efterliknar utseendet p\u00e5 ett riktigt tr\u00e4d<\/li>\n<li> Bred, buskig form p\u00e5 julgranen f\u00f6r ett fullt, frodigt utseende<\/li>\n<li> G\u00e5ngj\u00e4rnskonstruktion, sektionsdesign, grenar \u00f6ppnas automatiskt, l\u00e4tt att forma grenar f\u00f6r snabb uppbyggnad<\/li>\n<li> Flams\u00e4kra grenar p\u00e5 julgranen f\u00f6r \u00f6kad s\u00e4kerhet under h\u00f6gtiderna<\/li>\n<li> Stabil metallfot p\u00e5 julgranen s\u00e4kerst\u00e4ller tr\u00e4dets s\u00e4kra st\u00e5nd<\/li>\n<\/ul>\n<p> Tekniska data:<\/p>\n<ul>\n<li> F\u00e4rg: Gr\u00f6n<\/li>\n<li> Material: Plast, Metall<\/li>\n<li> Totala dimensioner: \u00d8122 x 183H cm<\/li>\n<li> Tr\u00e4dh\u00f6jd: 183 cm<\/li>\n<li> Antal toppar: 1700 (antal grenar av PE 970, antal grenar av PVC 730)<\/li>\n<li> Obs: 1, Endast f\u00f6r inomhusbruk, inte f\u00f6r utomhusbruk<\/li>\n<li>2, F\u00f6r att f\u00e5 ett fullt utseende, sprid ut alla grenar individuellt f\u00f6r att uppn\u00e5 b\u00e4sta m\u00f6jliga utseende p\u00e5 tr\u00e4det. Det rekommenderas att planera 15 minuter f\u00f6r att forma tr\u00e4det<\/li>\n<\/ul>\n<p>Leveransinneh\u00e5ll:<\/p>\n<ul>\n<li> 1 x Julgran<\/li>\n<li> 1 x Instruktioner<\/li>\n<\/ul>\n","protected":false},"excerpt":{"rendered":"<p>F\u00f6rvandla ditt hem till ett festligt vinterunderland med TRUUSK julgran. De anpassningsbara grenarna p\u00e5 julgranen ger ett naturligt utseende och&#8230;<\/p>\n","protected":false},"featured_media":85936,"template":"","meta":[],"product_brand":[],"product_cat":[706,709,894],"product_tag":[],"class_list":{"0":"post-85947","1":"product","2":"type-product","3":"status-publish","4":"has-post-thumbnail","6":"product_cat-julgranar","7":"product_cat-julgranar-over-180cm","8":"product_cat-julvarld","10":"first","11":"instock","12":"sale","13":"taxable","14":"shipping-taxable","15":"purchasable","16":"product-type-simple"},"yoast_head":"<!-- This site is optimized with the Yoast SEO plugin v25.4 - https:\/\/yoast.com\/wordpress\/plugins\/seo\/ -->\n<title>TRUUSK Konstgjord Julgran - Realistiskt Utseende - Flams\u00e4kert - Stabil Metallfot - 183 cm - Gr\u00f6n - TRUUSK - Hem, Tr\u00e4dg\u00e5rd &amp; Fritid<\/title>\n<meta name=\"robots\" content=\"index, follow, max-snippet:-1, max-image-preview:large, max-video-preview:-1\" \/>\n<link rel=\"canonical\" href=\"https:\/\/truusk.store\/sv\/produkt\/truusk-konstgjord-julgran-realistiskt-utseende-flamsakert-stabil-metallfot-183-cm-gron\/\" \/>\n<meta property=\"og:locale\" content=\"sv_SE\" \/>\n<meta property=\"og:type\" content=\"article\" \/>\n<meta property=\"og:title\" content=\"TRUUSK Konstgjord Julgran - Realistiskt Utseende - Flams\u00e4kert - Stabil Metallfot - 183 cm - Gr\u00f6n - TRUUSK - Hem, Tr\u00e4dg\u00e5rd &amp; Fritid\" \/>\n<meta property=\"og:description\" content=\"F\u00f6rvandla ditt hem till ett festligt vinterunderland med TRUUSK julgran. De anpassningsbara grenarna p\u00e5 julgranen ger ett naturligt utseende och...\" \/>\n<meta property=\"og:url\" content=\"https:\/\/truusk.store\/sv\/produkt\/truusk-konstgjord-julgran-realistiskt-utseende-flamsakert-stabil-metallfot-183-cm-gron\/\" \/>\n<meta property=\"og:site_name\" content=\"TRUUSK - Hem, Tr\u00e4dg\u00e5rd &amp; Fritid\" \/>\n<meta property=\"article:modified_time\" content=\"2026-03-12T08:41:34+00:00\" \/>\n<meta property=\"og:image\" content=\"https:\/\/i0.wp.com\/truusk.se\/wp-content\/uploads\/2025\/08\/konstgjord-julgran-realistiskt-utseende-flamsakert-stabil-metallfot-183-cm-gron-1.webp?fit=2000%2C2000&ssl=1\" \/>\n\t<meta property=\"og:image:width\" content=\"2000\" \/>\n\t<meta property=\"og:image:height\" content=\"2000\" \/>\n\t<meta property=\"og:image:type\" content=\"image\/webp\" \/>\n<meta name=\"twitter:card\" content=\"summary_large_image\" \/>\n<meta name=\"twitter:label1\" content=\"Ber\u00e4knad l\u00e4stid\" \/>\n\t<meta name=\"twitter:data1\" content=\"1 minut\" \/>\n<!-- \/ Yoast SEO plugin. -->","yoast_head_json":{"title":"TRUUSK Konstgjord Julgran - Realistiskt Utseende - Flams\u00e4kert - Stabil Metallfot - 183 cm - Gr\u00f6n - TRUUSK - Hem, Tr\u00e4dg\u00e5rd &amp; Fritid","robots":{"index":"index","follow":"follow","max-snippet":"max-snippet:-1","max-image-preview":"max-image-preview:large","max-video-preview":"max-video-preview:-1"},"canonical":"https:\/\/truusk.store\/sv\/produkt\/truusk-konstgjord-julgran-realistiskt-utseende-flamsakert-stabil-metallfot-183-cm-gron\/","og_locale":"sv_SE","og_type":"article","og_title":"TRUUSK Konstgjord Julgran - Realistiskt Utseende - Flams\u00e4kert - Stabil Metallfot - 183 cm - Gr\u00f6n - TRUUSK - Hem, Tr\u00e4dg\u00e5rd &amp; Fritid","og_description":"F\u00f6rvandla ditt hem till ett festligt vinterunderland med TRUUSK julgran. De anpassningsbara grenarna p\u00e5 julgranen ger ett naturligt utseende och...","og_url":"https:\/\/truusk.store\/sv\/produkt\/truusk-konstgjord-julgran-realistiskt-utseende-flamsakert-stabil-metallfot-183-cm-gron\/","og_site_name":"TRUUSK - Hem, Tr\u00e4dg\u00e5rd &amp; Fritid","article_modified_time":"2026-03-12T08:41:34+00:00","og_image":[{"width":2000,"height":2000,"url":"https:\/\/i0.wp.com\/truusk.se\/wp-content\/uploads\/2025\/08\/konstgjord-julgran-realistiskt-utseende-flamsakert-stabil-metallfot-183-cm-gron-1.webp?fit=2000%2C2000&ssl=1","type":"image\/webp"}],"twitter_card":"summary_large_image","twitter_misc":{"Ber\u00e4knad l\u00e4stid":"1 minut"},"schema":{"@context":"https:\/\/schema.org","@graph":[{"@type":"WebPage","@id":"https:\/\/truusk.store\/sv\/produkt\/truusk-konstgjord-julgran-realistiskt-utseende-flamsakert-stabil-metallfot-183-cm-gron\/","url":"https:\/\/truusk.store\/sv\/produkt\/truusk-konstgjord-julgran-realistiskt-utseende-flamsakert-stabil-metallfot-183-cm-gron\/","name":"TRUUSK Konstgjord Julgran - Realistiskt Utseende - Flams\u00e4kert - Stabil Metallfot - 183 cm - Gr\u00f6n - TRUUSK - Hem, Tr\u00e4dg\u00e5rd &amp; Fritid","isPartOf":{"@id":"https:\/\/truusk.store\/sv\/#website"},"primaryImageOfPage":{"@id":"https:\/\/truusk.store\/sv\/produkt\/truusk-konstgjord-julgran-realistiskt-utseende-flamsakert-stabil-metallfot-183-cm-gron\/#primaryimage"},"image":{"@id":"https:\/\/truusk.store\/sv\/produkt\/truusk-konstgjord-julgran-realistiskt-utseende-flamsakert-stabil-metallfot-183-cm-gron\/#primaryimage"},"thumbnailUrl":"https:\/\/i0.wp.com\/truusk.store\/wp-content\/uploads\/2025\/08\/konstgjord-julgran-realistiskt-utseende-flamsakert-stabil-metallfot-183-cm-gron-1.webp?fit=2000%2C2000&ssl=1","datePublished":"2025-08-13T19:00:00+00:00","dateModified":"2026-03-12T08:41:34+00:00","breadcrumb":{"@id":"https:\/\/truusk.store\/sv\/produkt\/truusk-konstgjord-julgran-realistiskt-utseende-flamsakert-stabil-metallfot-183-cm-gron\/#breadcrumb"},"inLanguage":"sv-SE","potentialAction":[{"@type":"ReadAction","target":["https:\/\/truusk.store\/sv\/produkt\/truusk-konstgjord-julgran-realistiskt-utseende-flamsakert-stabil-metallfot-183-cm-gron\/"]}]},{"@type":"ImageObject","inLanguage":"sv-SE","@id":"https:\/\/truusk.store\/sv\/produkt\/truusk-konstgjord-julgran-realistiskt-utseende-flamsakert-stabil-metallfot-183-cm-gron\/#primaryimage","url":"https:\/\/i0.wp.com\/truusk.store\/wp-content\/uploads\/2025\/08\/konstgjord-julgran-realistiskt-utseende-flamsakert-stabil-metallfot-183-cm-gron-1.webp?fit=2000%2C2000&ssl=1","contentUrl":"https:\/\/i0.wp.com\/truusk.store\/wp-content\/uploads\/2025\/08\/konstgjord-julgran-realistiskt-utseende-flamsakert-stabil-metallfot-183-cm-gron-1.webp?fit=2000%2C2000&ssl=1","width":2000,"height":2000},{"@type":"BreadcrumbList","@id":"https:\/\/truusk.store\/sv\/produkt\/truusk-konstgjord-julgran-realistiskt-utseende-flamsakert-stabil-metallfot-183-cm-gron\/#breadcrumb","itemListElement":[{"@type":"ListItem","position":1,"name":"Home","item":"https:\/\/truusk.store\/sv\/"},{"@type":"ListItem","position":2,"name":"Shop","item":"https:\/\/truusk.store\/shop\/"},{"@type":"ListItem","position":3,"name":"TRUUSK Konstgjord Julgran &#8211; Realistiskt Utseende &#8211; Flams\u00e4kert &#8211; Stabil Metallfot &#8211; 183 cm &#8211; Gr\u00f6n"}]},{"@type":"WebSite","@id":"https:\/\/truusk.store\/sv\/#website","url":"https:\/\/truusk.store\/sv\/","name":"TRUUSK - Hem, Tr\u00e4dg\u00e5rd & Fritid","description":"","publisher":{"@id":"https:\/\/truusk.store\/sv\/#organization"},"potentialAction":[{"@type":"SearchAction","target":{"@type":"EntryPoint","urlTemplate":"https:\/\/truusk.store\/sv\/?s={search_term_string}"},"query-input":{"@type":"PropertyValueSpecification","valueRequired":true,"valueName":"search_term_string"}}],"inLanguage":"sv-SE"},{"@type":"Organization","@id":"https:\/\/truusk.store\/sv\/#organization","name":"TRUUSK - Hem, Tr\u00e4dg\u00e5rd & Fritid","url":"https:\/\/truusk.store\/sv\/","logo":{"@type":"ImageObject","inLanguage":"sv-SE","@id":"https:\/\/truusk.store\/sv\/#\/schema\/logo\/image\/","url":"https:\/\/i0.wp.com\/truusk.store\/wp-content\/uploads\/2026\/03\/cropped-TRUUSK.png?fit=2032%2C917&ssl=1","contentUrl":"https:\/\/i0.wp.com\/truusk.store\/wp-content\/uploads\/2026\/03\/cropped-TRUUSK.png?fit=2032%2C917&ssl=1","width":2032,"height":917,"caption":"TRUUSK - Hem, Tr\u00e4dg\u00e5rd & Fritid"},"image":{"@id":"https:\/\/truusk.store\/sv\/#\/schema\/logo\/image\/"}}]}},"jetpack_sharing_enabled":true,"_links":{"self":[{"href":"https:\/\/truusk.store\/sv\/wp-json\/wp\/v2\/product\/85947","targetHints":{"allow":["GET"]}}],"collection":[{"href":"https:\/\/truusk.store\/sv\/wp-json\/wp\/v2\/product"}],"about":[{"href":"https:\/\/truusk.store\/sv\/wp-json\/wp\/v2\/types\/product"}],"wp:featuredmedia":[{"embeddable":true,"href":"https:\/\/truusk.store\/sv\/wp-json\/wp\/v2\/media\/85936"}],"wp:attachment":[{"href":"https:\/\/truusk.store\/sv\/wp-json\/wp\/v2\/media?parent=85947"}],"wp:term":[{"taxonomy":"product_brand","embeddable":true,"href":"https:\/\/truusk.store\/sv\/wp-json\/wp\/v2\/product_brand?post=85947"},{"taxonomy":"product_cat","embeddable":true,"href":"https:\/\/truusk.store\/sv\/wp-json\/wp\/v2\/product_cat?post=85947"},{"taxonomy":"product_tag","embeddable":true,"href":"https:\/\/truusk.store\/sv\/wp-json\/wp\/v2\/product_tag?post=85947"}],"curies":[{"name":"wp","href":"https:\/\/api.w.org\/{rel}","templated":true}]}}