{"id":85966,"date":"2025-08-14T11:55:10","date_gmt":"2025-08-14T10:55:10","guid":{"rendered":"https:\/\/truusk.store\/product\/bordlampa-i-maritim-stil-usb-laddningsport-varm-repdekoration-30x30x55-cm\/"},"modified":"2026-03-12T09:39:32","modified_gmt":"2026-03-12T08:39:32","slug":"truusk-bordlampa-i-maritim-stil-usb-laddningsport-varmt-ljus-repdekoration-30x30x55-cm","status":"publish","type":"product","link":"https:\/\/truusk.store\/sv\/produkt\/truusk-bordlampa-i-maritim-stil-usb-laddningsport-varmt-ljus-repdekoration-30x30x55-cm\/","title":{"rendered":"TRUUSK Bordlampa i Maritim Stil &#8211; USB-laddningsport &#8211; Varmt Ljus &#8211; Repdekoration &#8211; 30x30x55 cm"},"content":{"rendered":"<p>God belysning \u00e4r avg\u00f6rande f\u00f6r belysningen i ditt hem. TRUUSK skrivbordslampa ger en ny och sp\u00e4nnande st\u00e4mning. Den ger ett behagligt ljus f\u00f6r hobbyer, skapar en trevlig atmosf\u00e4r och ger ett inbjudande ljus. Den stabila ramen ger ett balanserat och stabilt ljus. Ta hem denna vardagsrumslampa och njut av en lugn och vacker kv\u00e4ll.<\/p>\n<p>Beskrivning:<\/p>\n<ul>\n<li> USB-bordslampa i nautisk stil: ett intressant tillskott till ditt hem och kontor<\/li>\n<li> Inbyggt 2700K varmt LED-ljus. 350 lumen. Livsl\u00e4ngd p\u00e5 25 000 timmar<\/li>\n<li> Bordslampans bas av hamparep \u00e4r rustik och naturlig<\/li>\n<li> USB-anslutning: Bordslampa m\u00f6jligg\u00f6r enkel laddning av telefon\/sm\u00e5 elektriska apparater<\/li>\n<li> L\u00e4mplig f\u00f6r LED- och halogenlampor<\/li>\n<li> L\u00e5ng str\u00f6mkabel: praktiskt!<\/li>\n<li> Enkel montering<\/li>\n<\/ul>\n<p> Tekniska data:<\/p>\n<ul>\n<li> F\u00e4rg: Brun+Cremevit<\/li>\n<li> Material: MDF, Metall, Hamparep, Linne<\/li>\n<li> Totala dimensioner: 30L x 30B x 55H cm<\/li>\n<li> Storlek p\u00e5 lampsk\u00e4rm: \u00d830 x 20H cm<\/li>\n<li> Storlek p\u00e5 bottenbas: \u00d816 x 3H cm<\/li>\n<li> L\u00e4ngd p\u00e5 str\u00f6mkabel: 1,55 m<\/li>\n<li> Sockel: E27-sockel (en LED-lampa ing\u00e5r)<\/li>\n<li> Lampans effekt: max. 40W<\/li>\n<li> F\u00e4rgtemperatur: 2700K (Varm)<\/li>\n<li> Lumen: 350 LM<\/li>\n<li> Livsl\u00e4ngd: 25.000 timmar<\/li>\n<li> Sp\u00e4nning: 220-240V\/50HZ<\/li>\n<\/ul>\n<p>Leveransinneh\u00e5ll:<\/p>\n<ul>\n<li> 1 x Bordslampa<\/li>\n<li> 1 x Bruksanvisning<\/li>\n<\/ul>\n","protected":false},"excerpt":{"rendered":"<p>God belysning \u00e4r avg\u00f6rande f\u00f6r belysningen i ditt hem. TRUUSK skrivbordslampa ger en ny och sp\u00e4nnande st\u00e4mning. Den ger ett&#8230;<\/p>\n","protected":false},"featured_media":85957,"template":"","meta":[],"product_brand":[],"product_cat":[486,960,871],"product_tag":[],"class_list":{"0":"post-85966","1":"product","2":"type-product","3":"status-publish","4":"has-post-thumbnail","6":"product_cat-belysning","7":"product_cat-bordlampor","8":"product_cat-hus-hem","10":"first","11":"instock","12":"sale","13":"taxable","14":"shipping-taxable","15":"purchasable","16":"product-type-simple"},"yoast_head":"<!-- This site is optimized with the Yoast SEO plugin v25.4 - https:\/\/yoast.com\/wordpress\/plugins\/seo\/ -->\n<title>TRUUSK Bordlampa i Maritim Stil - USB-laddningsport - Varmt Ljus - Repdekoration - 30x30x55 cm - TRUUSK - Hem, Tr\u00e4dg\u00e5rd &amp; Fritid<\/title>\n<meta name=\"robots\" content=\"index, follow, max-snippet:-1, max-image-preview:large, max-video-preview:-1\" \/>\n<link rel=\"canonical\" href=\"https:\/\/truusk.store\/sv\/produkt\/truusk-bordlampa-i-maritim-stil-usb-laddningsport-varmt-ljus-repdekoration-30x30x55-cm\/\" \/>\n<meta property=\"og:locale\" content=\"sv_SE\" \/>\n<meta property=\"og:type\" content=\"article\" \/>\n<meta property=\"og:title\" content=\"TRUUSK Bordlampa i Maritim Stil - USB-laddningsport - Varmt Ljus - Repdekoration - 30x30x55 cm - TRUUSK - Hem, Tr\u00e4dg\u00e5rd &amp; Fritid\" \/>\n<meta property=\"og:description\" content=\"God belysning \u00e4r avg\u00f6rande f\u00f6r belysningen i ditt hem. TRUUSK skrivbordslampa ger en ny och sp\u00e4nnande st\u00e4mning. Den ger ett...\" \/>\n<meta property=\"og:url\" content=\"https:\/\/truusk.store\/sv\/produkt\/truusk-bordlampa-i-maritim-stil-usb-laddningsport-varmt-ljus-repdekoration-30x30x55-cm\/\" \/>\n<meta property=\"og:site_name\" content=\"TRUUSK - Hem, Tr\u00e4dg\u00e5rd &amp; Fritid\" \/>\n<meta property=\"article:modified_time\" content=\"2026-03-12T08:39:32+00:00\" \/>\n<meta property=\"og:image\" content=\"https:\/\/i0.wp.com\/truusk.se\/wp-content\/uploads\/2025\/08\/bordlampa-i-maritim-stil-usb-laddningsport-varm-repdekoration-30x30x55-cm-1.webp?fit=2000%2C2000&ssl=1\" \/>\n\t<meta property=\"og:image:width\" content=\"2000\" \/>\n\t<meta property=\"og:image:height\" content=\"2000\" \/>\n\t<meta property=\"og:image:type\" content=\"image\/webp\" \/>\n<meta name=\"twitter:card\" content=\"summary_large_image\" \/>\n<meta name=\"twitter:label1\" content=\"Ber\u00e4knad l\u00e4stid\" \/>\n\t<meta name=\"twitter:data1\" content=\"1 minut\" \/>\n<!-- \/ Yoast SEO plugin. -->","yoast_head_json":{"title":"TRUUSK Bordlampa i Maritim Stil - USB-laddningsport - Varmt Ljus - Repdekoration - 30x30x55 cm - TRUUSK - Hem, Tr\u00e4dg\u00e5rd &amp; Fritid","robots":{"index":"index","follow":"follow","max-snippet":"max-snippet:-1","max-image-preview":"max-image-preview:large","max-video-preview":"max-video-preview:-1"},"canonical":"https:\/\/truusk.store\/sv\/produkt\/truusk-bordlampa-i-maritim-stil-usb-laddningsport-varmt-ljus-repdekoration-30x30x55-cm\/","og_locale":"sv_SE","og_type":"article","og_title":"TRUUSK Bordlampa i Maritim Stil - USB-laddningsport - Varmt Ljus - Repdekoration - 30x30x55 cm - TRUUSK - Hem, Tr\u00e4dg\u00e5rd &amp; Fritid","og_description":"God belysning \u00e4r avg\u00f6rande f\u00f6r belysningen i ditt hem. TRUUSK skrivbordslampa ger en ny och sp\u00e4nnande st\u00e4mning. Den ger ett...","og_url":"https:\/\/truusk.store\/sv\/produkt\/truusk-bordlampa-i-maritim-stil-usb-laddningsport-varmt-ljus-repdekoration-30x30x55-cm\/","og_site_name":"TRUUSK - Hem, Tr\u00e4dg\u00e5rd &amp; Fritid","article_modified_time":"2026-03-12T08:39:32+00:00","og_image":[{"width":2000,"height":2000,"url":"https:\/\/i0.wp.com\/truusk.se\/wp-content\/uploads\/2025\/08\/bordlampa-i-maritim-stil-usb-laddningsport-varm-repdekoration-30x30x55-cm-1.webp?fit=2000%2C2000&ssl=1","type":"image\/webp"}],"twitter_card":"summary_large_image","twitter_misc":{"Ber\u00e4knad l\u00e4stid":"1 minut"},"schema":{"@context":"https:\/\/schema.org","@graph":[{"@type":"WebPage","@id":"https:\/\/truusk.store\/sv\/produkt\/truusk-bordlampa-i-maritim-stil-usb-laddningsport-varmt-ljus-repdekoration-30x30x55-cm\/","url":"https:\/\/truusk.store\/sv\/produkt\/truusk-bordlampa-i-maritim-stil-usb-laddningsport-varmt-ljus-repdekoration-30x30x55-cm\/","name":"TRUUSK Bordlampa i Maritim Stil - USB-laddningsport - Varmt Ljus - Repdekoration - 30x30x55 cm - TRUUSK - Hem, Tr\u00e4dg\u00e5rd &amp; Fritid","isPartOf":{"@id":"https:\/\/truusk.store\/sv\/#website"},"primaryImageOfPage":{"@id":"https:\/\/truusk.store\/sv\/produkt\/truusk-bordlampa-i-maritim-stil-usb-laddningsport-varmt-ljus-repdekoration-30x30x55-cm\/#primaryimage"},"image":{"@id":"https:\/\/truusk.store\/sv\/produkt\/truusk-bordlampa-i-maritim-stil-usb-laddningsport-varmt-ljus-repdekoration-30x30x55-cm\/#primaryimage"},"thumbnailUrl":"https:\/\/i0.wp.com\/truusk.store\/wp-content\/uploads\/2025\/08\/bordlampa-i-maritim-stil-usb-laddningsport-varm-repdekoration-30x30x55-cm-1.webp?fit=2000%2C2000&ssl=1","datePublished":"2025-08-14T10:55:10+00:00","dateModified":"2026-03-12T08:39:32+00:00","breadcrumb":{"@id":"https:\/\/truusk.store\/sv\/produkt\/truusk-bordlampa-i-maritim-stil-usb-laddningsport-varmt-ljus-repdekoration-30x30x55-cm\/#breadcrumb"},"inLanguage":"sv-SE","potentialAction":[{"@type":"ReadAction","target":["https:\/\/truusk.store\/sv\/produkt\/truusk-bordlampa-i-maritim-stil-usb-laddningsport-varmt-ljus-repdekoration-30x30x55-cm\/"]}]},{"@type":"ImageObject","inLanguage":"sv-SE","@id":"https:\/\/truusk.store\/sv\/produkt\/truusk-bordlampa-i-maritim-stil-usb-laddningsport-varmt-ljus-repdekoration-30x30x55-cm\/#primaryimage","url":"https:\/\/i0.wp.com\/truusk.store\/wp-content\/uploads\/2025\/08\/bordlampa-i-maritim-stil-usb-laddningsport-varm-repdekoration-30x30x55-cm-1.webp?fit=2000%2C2000&ssl=1","contentUrl":"https:\/\/i0.wp.com\/truusk.store\/wp-content\/uploads\/2025\/08\/bordlampa-i-maritim-stil-usb-laddningsport-varm-repdekoration-30x30x55-cm-1.webp?fit=2000%2C2000&ssl=1","width":2000,"height":2000},{"@type":"BreadcrumbList","@id":"https:\/\/truusk.store\/sv\/produkt\/truusk-bordlampa-i-maritim-stil-usb-laddningsport-varmt-ljus-repdekoration-30x30x55-cm\/#breadcrumb","itemListElement":[{"@type":"ListItem","position":1,"name":"Home","item":"https:\/\/truusk.store\/sv\/"},{"@type":"ListItem","position":2,"name":"Shop","item":"https:\/\/truusk.store\/shop\/"},{"@type":"ListItem","position":3,"name":"TRUUSK Bordlampa i Maritim Stil &#8211; USB-laddningsport &#8211; Varmt Ljus &#8211; Repdekoration &#8211; 30x30x55 cm"}]},{"@type":"WebSite","@id":"https:\/\/truusk.store\/sv\/#website","url":"https:\/\/truusk.store\/sv\/","name":"TRUUSK - Hem, Tr\u00e4dg\u00e5rd & Fritid","description":"","publisher":{"@id":"https:\/\/truusk.store\/sv\/#organization"},"potentialAction":[{"@type":"SearchAction","target":{"@type":"EntryPoint","urlTemplate":"https:\/\/truusk.store\/sv\/?s={search_term_string}"},"query-input":{"@type":"PropertyValueSpecification","valueRequired":true,"valueName":"search_term_string"}}],"inLanguage":"sv-SE"},{"@type":"Organization","@id":"https:\/\/truusk.store\/sv\/#organization","name":"TRUUSK - Hem, Tr\u00e4dg\u00e5rd & Fritid","url":"https:\/\/truusk.store\/sv\/","logo":{"@type":"ImageObject","inLanguage":"sv-SE","@id":"https:\/\/truusk.store\/sv\/#\/schema\/logo\/image\/","url":"https:\/\/i0.wp.com\/truusk.store\/wp-content\/uploads\/2026\/03\/cropped-TRUUSK.png?fit=2032%2C917&ssl=1","contentUrl":"https:\/\/i0.wp.com\/truusk.store\/wp-content\/uploads\/2026\/03\/cropped-TRUUSK.png?fit=2032%2C917&ssl=1","width":2032,"height":917,"caption":"TRUUSK - Hem, Tr\u00e4dg\u00e5rd & Fritid"},"image":{"@id":"https:\/\/truusk.store\/sv\/#\/schema\/logo\/image\/"}}]}},"jetpack_sharing_enabled":true,"_links":{"self":[{"href":"https:\/\/truusk.store\/sv\/wp-json\/wp\/v2\/product\/85966","targetHints":{"allow":["GET"]}}],"collection":[{"href":"https:\/\/truusk.store\/sv\/wp-json\/wp\/v2\/product"}],"about":[{"href":"https:\/\/truusk.store\/sv\/wp-json\/wp\/v2\/types\/product"}],"wp:featuredmedia":[{"embeddable":true,"href":"https:\/\/truusk.store\/sv\/wp-json\/wp\/v2\/media\/85957"}],"wp:attachment":[{"href":"https:\/\/truusk.store\/sv\/wp-json\/wp\/v2\/media?parent=85966"}],"wp:term":[{"taxonomy":"product_brand","embeddable":true,"href":"https:\/\/truusk.store\/sv\/wp-json\/wp\/v2\/product_brand?post=85966"},{"taxonomy":"product_cat","embeddable":true,"href":"https:\/\/truusk.store\/sv\/wp-json\/wp\/v2\/product_cat?post=85966"},{"taxonomy":"product_tag","embeddable":true,"href":"https:\/\/truusk.store\/sv\/wp-json\/wp\/v2\/product_tag?post=85966"}],"curies":[{"name":"wp","href":"https:\/\/api.w.org\/{rel}","templated":true}]}}