{"id":85996,"date":"2025-08-15T20:29:38","date_gmt":"2025-08-15T19:29:38","guid":{"rendered":"https:\/\/truusk.store\/product\/aiyaplay-barns-elektriska-bil-med-vingdorrar-fjarrstyrbar-med-mjuk-drift-och-led-ljus-vit\/"},"modified":"2026-03-12T09:43:24","modified_gmt":"2026-03-12T08:43:24","slug":"truusk-hundvagn-och-kattvagn-2-i-1-design-fallbar-med-regnskydd-natventiler-kudde-for-husdjur-upp-till-10-kg-khaki","status":"publish","type":"product","link":"https:\/\/truusk.store\/sv\/produkt\/truusk-hundvagn-och-kattvagn-2-i-1-design-fallbar-med-regnskydd-natventiler-kudde-for-husdjur-upp-till-10-kg-khaki\/","title":{"rendered":"TRUUSK Hundvagn och Kattvagn &#8211; 2-i-1 Design &#8211; F\u00e4llbar med Regnskydd &#8211; N\u00e4tventiler &#8211; Kudde &#8211; F\u00f6r Husdjur upp till 10 kg &#8211; Khaki"},"content":{"rendered":"<p>Med AIYAPLAY McLaren 765LT barns elektriska bil upplever ditt barn ren k\u00f6rnjutning! Den har eleganta vingd\u00f6rrar och en mjuk startteknik f\u00f6r extra s\u00e4kerhet. Med LED-ljus, horn och musik erbjuder den elektriska bilen upp till en timmes k\u00f6rning per laddning, antingen via fj\u00e4rrkontroll eller manuellt.<\/p>\n<p>Beskrivning:<\/p>\n<ul>\n<li> Vingd\u00f6rrarna p\u00e5 barnbilen m\u00f6jligg\u00f6r en stilfull in- och utg\u00e5ng<\/li>\n<li> Mjuk start f\u00f6rhindrar ryckig start, \u00f6kar s\u00e4kerheten<\/li>\n<li> Tv\u00e5 transportrullar p\u00e5 barnbilen ger stabilitet i oanv\u00e4nt tillst\u00e5nd<\/li>\n<li> LED-ljus, horn och musik p\u00e5 barnets elektriska bil \u00f6kar underh\u00e5llningsv\u00e4rdet<\/li>\n<li> F\u00f6r upp till en timmes k\u00f6rning per laddning<\/li>\n<li> Fj\u00e4rrstyrning eller manuella k\u00f6ralternativ, hastigheter fr\u00e5n 3-5 km\/h<\/li>\n<li> S\u00e4kerhetsb\u00e4lte inkluderat f\u00f6r s\u00e4kerhet, praktisk visning av energiniv\u00e5n<\/li>\n<li> Montering kr\u00e4vs<\/li>\n<\/ul>\n<p> Tekniska data:<\/p>\n<ul>\n<li> F\u00e4rg: Vit<\/li>\n<li> Material: Plast, metall<\/li>\n<li> Totala dimensioner: 113L x 68B x 44H cm<\/li>\n<li> Sitsstorlek: 37B x 20T cm<\/li>\n<li> Sitth\u00f6jd: 22 cm (till golvet)<\/li>\n<li> Hjuldiameter: \u00d821 cm<\/li>\n<li> R\u00e4ckvidd f\u00f6r fj\u00e4rrkontroll: 15 m<\/li>\n<li> Batteri: 12V 4,5AH<\/li>\n<li> Motor: 2 x 12V<\/li>\n<li> Laddningstid: 8-12 timmar<\/li>\n<li> Drifttid: 60 min<\/li>\n<li> Hastighet: 3-5 km\/h<\/li>\n<li> Belastningskapacitet: 25 kg<\/li>\n<li> L\u00e4mplig \u00e5lder: 3-6 \u00e5r<\/li>\n<li> Kvalificerad \u00e5lder: 3-6 \u00e5r<\/li>\n<li> Sittkapacitet: 1 f\u00f6rare<\/li>\n<li> Registreringsskyltsdimension: 14,4L x 3B cm<\/li>\n<li> Not 1: \u00d6vervaka alltid dina barn n\u00e4r de k\u00f6r<\/li>\n<li> Not 2: 2 x 1,5V AAA batterier f\u00f6r fj\u00e4rrkontrollen (ing\u00e5r ej)<\/li>\n<\/ul>\n<p>Leveransinneh\u00e5ll:<\/p>\n<ul>\n<li> 1 x Barns elektriska bil<\/li>\n<li> 1 x Fj\u00e4rrkontroll<\/li>\n<li> 1 x Bruksanvisning<\/li>\n<\/ul>\n","protected":false},"excerpt":{"rendered":"<p>Med AIYAPLAY McLaren 765LT barns elektriska bil upplever ditt barn ren k\u00f6rnjutning! Den har eleganta vingd\u00f6rrar och en mjuk startteknik&#8230;<\/p>\n","protected":false},"featured_media":85979,"template":"","meta":[],"product_brand":[],"product_cat":[880,610,1066],"product_tag":[],"class_list":{"0":"post-85996","1":"product","2":"type-product","3":"status-publish","4":"has-post-thumbnail","6":"product_cat-baby-barn-2","7":"product_cat-barnfordon","8":"product_cat-barns-elbilar","10":"first","11":"instock","12":"sale","13":"taxable","14":"shipping-taxable","15":"purchasable","16":"product-type-simple"},"yoast_head":"<!-- This site is optimized with the Yoast SEO plugin v25.4 - https:\/\/yoast.com\/wordpress\/plugins\/seo\/ -->\n<title>TRUUSK Hundvagn och Kattvagn - 2-i-1 Design - F\u00e4llbar med Regnskydd - N\u00e4tventiler - Kudde - F\u00f6r Husdjur upp till 10 kg - Khaki - TRUUSK - Hem, Tr\u00e4dg\u00e5rd &amp; Fritid<\/title>\n<meta name=\"robots\" content=\"index, follow, max-snippet:-1, max-image-preview:large, max-video-preview:-1\" \/>\n<link rel=\"canonical\" href=\"https:\/\/truusk.store\/sv\/produkt\/truusk-hundvagn-och-kattvagn-2-i-1-design-fallbar-med-regnskydd-natventiler-kudde-for-husdjur-upp-till-10-kg-khaki\/\" \/>\n<meta property=\"og:locale\" content=\"sv_SE\" \/>\n<meta property=\"og:type\" content=\"article\" \/>\n<meta property=\"og:title\" content=\"TRUUSK Hundvagn och Kattvagn - 2-i-1 Design - F\u00e4llbar med Regnskydd - N\u00e4tventiler - Kudde - F\u00f6r Husdjur upp till 10 kg - Khaki - TRUUSK - Hem, Tr\u00e4dg\u00e5rd &amp; Fritid\" \/>\n<meta property=\"og:description\" content=\"Med AIYAPLAY McLaren 765LT barns elektriska bil upplever ditt barn ren k\u00f6rnjutning! Den har eleganta vingd\u00f6rrar och en mjuk startteknik...\" \/>\n<meta property=\"og:url\" content=\"https:\/\/truusk.store\/sv\/produkt\/truusk-hundvagn-och-kattvagn-2-i-1-design-fallbar-med-regnskydd-natventiler-kudde-for-husdjur-upp-till-10-kg-khaki\/\" \/>\n<meta property=\"og:site_name\" content=\"TRUUSK - Hem, Tr\u00e4dg\u00e5rd &amp; Fritid\" \/>\n<meta property=\"article:modified_time\" content=\"2026-03-12T08:43:24+00:00\" \/>\n<meta property=\"og:image\" content=\"https:\/\/i0.wp.com\/truusk.se\/wp-content\/uploads\/2025\/08\/aiyaplay-barns-elektriska-bil-med-vingdorrar-fjarrstyrbar-med-mjuk-drift-och-led-ljus-vit-1.webp?fit=2000%2C2000&ssl=1\" \/>\n\t<meta property=\"og:image:width\" content=\"2000\" \/>\n\t<meta property=\"og:image:height\" content=\"2000\" \/>\n\t<meta property=\"og:image:type\" content=\"image\/webp\" \/>\n<meta name=\"twitter:card\" content=\"summary_large_image\" \/>\n<meta name=\"twitter:label1\" content=\"Ber\u00e4knad l\u00e4stid\" \/>\n\t<meta name=\"twitter:data1\" content=\"1 minut\" \/>\n<!-- \/ Yoast SEO plugin. -->","yoast_head_json":{"title":"TRUUSK Hundvagn och Kattvagn - 2-i-1 Design - F\u00e4llbar med Regnskydd - N\u00e4tventiler - Kudde - F\u00f6r Husdjur upp till 10 kg - Khaki - TRUUSK - Hem, Tr\u00e4dg\u00e5rd &amp; Fritid","robots":{"index":"index","follow":"follow","max-snippet":"max-snippet:-1","max-image-preview":"max-image-preview:large","max-video-preview":"max-video-preview:-1"},"canonical":"https:\/\/truusk.store\/sv\/produkt\/truusk-hundvagn-och-kattvagn-2-i-1-design-fallbar-med-regnskydd-natventiler-kudde-for-husdjur-upp-till-10-kg-khaki\/","og_locale":"sv_SE","og_type":"article","og_title":"TRUUSK Hundvagn och Kattvagn - 2-i-1 Design - F\u00e4llbar med Regnskydd - N\u00e4tventiler - Kudde - F\u00f6r Husdjur upp till 10 kg - Khaki - TRUUSK - Hem, Tr\u00e4dg\u00e5rd &amp; Fritid","og_description":"Med AIYAPLAY McLaren 765LT barns elektriska bil upplever ditt barn ren k\u00f6rnjutning! Den har eleganta vingd\u00f6rrar och en mjuk startteknik...","og_url":"https:\/\/truusk.store\/sv\/produkt\/truusk-hundvagn-och-kattvagn-2-i-1-design-fallbar-med-regnskydd-natventiler-kudde-for-husdjur-upp-till-10-kg-khaki\/","og_site_name":"TRUUSK - Hem, Tr\u00e4dg\u00e5rd &amp; Fritid","article_modified_time":"2026-03-12T08:43:24+00:00","og_image":[{"width":2000,"height":2000,"url":"https:\/\/i0.wp.com\/truusk.se\/wp-content\/uploads\/2025\/08\/aiyaplay-barns-elektriska-bil-med-vingdorrar-fjarrstyrbar-med-mjuk-drift-och-led-ljus-vit-1.webp?fit=2000%2C2000&ssl=1","type":"image\/webp"}],"twitter_card":"summary_large_image","twitter_misc":{"Ber\u00e4knad l\u00e4stid":"1 minut"},"schema":{"@context":"https:\/\/schema.org","@graph":[{"@type":"WebPage","@id":"https:\/\/truusk.store\/sv\/produkt\/truusk-hundvagn-och-kattvagn-2-i-1-design-fallbar-med-regnskydd-natventiler-kudde-for-husdjur-upp-till-10-kg-khaki\/","url":"https:\/\/truusk.store\/sv\/produkt\/truusk-hundvagn-och-kattvagn-2-i-1-design-fallbar-med-regnskydd-natventiler-kudde-for-husdjur-upp-till-10-kg-khaki\/","name":"TRUUSK Hundvagn och Kattvagn - 2-i-1 Design - F\u00e4llbar med Regnskydd - N\u00e4tventiler - Kudde - F\u00f6r Husdjur upp till 10 kg - Khaki - TRUUSK - Hem, Tr\u00e4dg\u00e5rd &amp; Fritid","isPartOf":{"@id":"https:\/\/truusk.store\/sv\/#website"},"primaryImageOfPage":{"@id":"https:\/\/truusk.store\/sv\/produkt\/truusk-hundvagn-och-kattvagn-2-i-1-design-fallbar-med-regnskydd-natventiler-kudde-for-husdjur-upp-till-10-kg-khaki\/#primaryimage"},"image":{"@id":"https:\/\/truusk.store\/sv\/produkt\/truusk-hundvagn-och-kattvagn-2-i-1-design-fallbar-med-regnskydd-natventiler-kudde-for-husdjur-upp-till-10-kg-khaki\/#primaryimage"},"thumbnailUrl":"https:\/\/i0.wp.com\/truusk.store\/wp-content\/uploads\/2025\/08\/aiyaplay-barns-elektriska-bil-med-vingdorrar-fjarrstyrbar-med-mjuk-drift-och-led-ljus-vit-1.webp?fit=2000%2C2000&ssl=1","datePublished":"2025-08-15T19:29:38+00:00","dateModified":"2026-03-12T08:43:24+00:00","breadcrumb":{"@id":"https:\/\/truusk.store\/sv\/produkt\/truusk-hundvagn-och-kattvagn-2-i-1-design-fallbar-med-regnskydd-natventiler-kudde-for-husdjur-upp-till-10-kg-khaki\/#breadcrumb"},"inLanguage":"sv-SE","potentialAction":[{"@type":"ReadAction","target":["https:\/\/truusk.store\/sv\/produkt\/truusk-hundvagn-och-kattvagn-2-i-1-design-fallbar-med-regnskydd-natventiler-kudde-for-husdjur-upp-till-10-kg-khaki\/"]}]},{"@type":"ImageObject","inLanguage":"sv-SE","@id":"https:\/\/truusk.store\/sv\/produkt\/truusk-hundvagn-och-kattvagn-2-i-1-design-fallbar-med-regnskydd-natventiler-kudde-for-husdjur-upp-till-10-kg-khaki\/#primaryimage","url":"https:\/\/i0.wp.com\/truusk.store\/wp-content\/uploads\/2025\/08\/aiyaplay-barns-elektriska-bil-med-vingdorrar-fjarrstyrbar-med-mjuk-drift-och-led-ljus-vit-1.webp?fit=2000%2C2000&ssl=1","contentUrl":"https:\/\/i0.wp.com\/truusk.store\/wp-content\/uploads\/2025\/08\/aiyaplay-barns-elektriska-bil-med-vingdorrar-fjarrstyrbar-med-mjuk-drift-och-led-ljus-vit-1.webp?fit=2000%2C2000&ssl=1","width":2000,"height":2000},{"@type":"BreadcrumbList","@id":"https:\/\/truusk.store\/sv\/produkt\/truusk-hundvagn-och-kattvagn-2-i-1-design-fallbar-med-regnskydd-natventiler-kudde-for-husdjur-upp-till-10-kg-khaki\/#breadcrumb","itemListElement":[{"@type":"ListItem","position":1,"name":"Home","item":"https:\/\/truusk.store\/sv\/"},{"@type":"ListItem","position":2,"name":"Shop","item":"https:\/\/truusk.store\/shop\/"},{"@type":"ListItem","position":3,"name":"TRUUSK Hundvagn och Kattvagn &#8211; 2-i-1 Design &#8211; F\u00e4llbar med Regnskydd &#8211; N\u00e4tventiler &#8211; Kudde &#8211; F\u00f6r Husdjur upp till 10 kg &#8211; Khaki"}]},{"@type":"WebSite","@id":"https:\/\/truusk.store\/sv\/#website","url":"https:\/\/truusk.store\/sv\/","name":"TRUUSK - Hem, Tr\u00e4dg\u00e5rd & Fritid","description":"","publisher":{"@id":"https:\/\/truusk.store\/sv\/#organization"},"potentialAction":[{"@type":"SearchAction","target":{"@type":"EntryPoint","urlTemplate":"https:\/\/truusk.store\/sv\/?s={search_term_string}"},"query-input":{"@type":"PropertyValueSpecification","valueRequired":true,"valueName":"search_term_string"}}],"inLanguage":"sv-SE"},{"@type":"Organization","@id":"https:\/\/truusk.store\/sv\/#organization","name":"TRUUSK - Hem, Tr\u00e4dg\u00e5rd & Fritid","url":"https:\/\/truusk.store\/sv\/","logo":{"@type":"ImageObject","inLanguage":"sv-SE","@id":"https:\/\/truusk.store\/sv\/#\/schema\/logo\/image\/","url":"https:\/\/i0.wp.com\/truusk.store\/wp-content\/uploads\/2026\/03\/cropped-TRUUSK.png?fit=2032%2C917&ssl=1","contentUrl":"https:\/\/i0.wp.com\/truusk.store\/wp-content\/uploads\/2026\/03\/cropped-TRUUSK.png?fit=2032%2C917&ssl=1","width":2032,"height":917,"caption":"TRUUSK - Hem, Tr\u00e4dg\u00e5rd & Fritid"},"image":{"@id":"https:\/\/truusk.store\/sv\/#\/schema\/logo\/image\/"}}]}},"jetpack_sharing_enabled":true,"_links":{"self":[{"href":"https:\/\/truusk.store\/sv\/wp-json\/wp\/v2\/product\/85996","targetHints":{"allow":["GET"]}}],"collection":[{"href":"https:\/\/truusk.store\/sv\/wp-json\/wp\/v2\/product"}],"about":[{"href":"https:\/\/truusk.store\/sv\/wp-json\/wp\/v2\/types\/product"}],"wp:featuredmedia":[{"embeddable":true,"href":"https:\/\/truusk.store\/sv\/wp-json\/wp\/v2\/media\/85979"}],"wp:attachment":[{"href":"https:\/\/truusk.store\/sv\/wp-json\/wp\/v2\/media?parent=85996"}],"wp:term":[{"taxonomy":"product_brand","embeddable":true,"href":"https:\/\/truusk.store\/sv\/wp-json\/wp\/v2\/product_brand?post=85996"},{"taxonomy":"product_cat","embeddable":true,"href":"https:\/\/truusk.store\/sv\/wp-json\/wp\/v2\/product_cat?post=85996"},{"taxonomy":"product_tag","embeddable":true,"href":"https:\/\/truusk.store\/sv\/wp-json\/wp\/v2\/product_tag?post=85996"}],"curies":[{"name":"wp","href":"https:\/\/api.w.org\/{rel}","templated":true}]}}